{"id":6655,"date":"2020-01-20T07:48:03","date_gmt":"2020-01-20T07:48:03","guid":{"rendered":"https:\/\/biodynamizer.spleen-creation.be\/nos-solutions\/le-biodynamizer\/lenergetisation\/"},"modified":"2022-09-23T12:33:32","modified_gmt":"2022-09-23T12:33:32","slug":"energizacion","status":"publish","type":"page","link":"https:\/\/biodynamizer.com\/es\/nuestras-soluciones\/el-biodynamizer\/energizacion\/","title":{"rendered":"Energetizaci\u00f3n"},"content":{"rendered":"<section class=\"l-section wpb_row us_custom_916fdabd height_small\"><div class=\"l-section-h i-cf\"><div class=\"g-cols vc_row via_flex valign_top type_default stacking_default\"><div class=\"vc_col-sm-12 wpb_column vc_column_container\"><div class=\"vc_column-inner\"><div class=\"wpb_wrapper\"><nav class=\"g-breadcrumbs separator_custom align_none\" itemscope itemtype=\"http:\/\/schema.org\/BreadcrumbList\"><div class=\"g-breadcrumbs-item\" itemscope itemprop=\"itemListElement\" itemtype=\"http:\/\/schema.org\/ListItem\"><a itemprop=\"item\" href=\"https:\/\/biodynamizer.com\/es\/\"><span itemprop=\"name\">Inicio<\/span><\/a><meta itemprop=\"position\" content=\"1\"\/><\/div><div class=\"g-breadcrumbs-separator\">\/<\/div><div class=\"g-breadcrumbs-item\">P\u00e1ginas<\/div><\/nav><\/div><\/div><\/div><\/div><\/div><\/section><section class=\"l-section wpb_row fullheader height_huge with_img\"><div class=\"l-section-img\" role=\"img\" aria-label=\"structure de l&#039;eau\" data-img-width=\"989\" data-img-height=\"556\" style=\"background-image: url(https:\/\/biodynamizer.com\/wp-content\/uploads\/2020\/01\/energisation.png);background-repeat: no-repeat;\"><\/div><div class=\"l-section-h i-cf\"><div class=\"g-cols vc_row via_flex valign_top type_default stacking_default\"><div class=\"vc_col-sm-12 wpb_column vc_column_container has_text_color\"><div class=\"vc_column-inner us_custom_6df4bc3a\"><div class=\"wpb_wrapper\"><div class=\"wpb_text_column\"><div class=\"wpb_wrapper\"><h3>Energetizaci\u00f3n &#8211; Informaci\u00f3n sobre el agua<\/h3>\n<h3 data-ccp-props=\"{&quot;335551550&quot;:1,&quot;335551620&quot;:1,&quot;335559683&quot;:0,&quot;335559685&quot;:0,&quot;335559731&quot;:0,&quot;335559737&quot;:0,&quot;335562764&quot;:2,&quot;335562765&quot;:1,&quot;335562766&quot;:4,&quot;335562767&quot;:0,&quot;335562768&quot;:4,&quot;335562769&quot;:0}\"><\/h3>\n<\/div><\/div><\/div><\/div><\/div><\/div><\/div><\/section><section class=\"l-section wpb_row nomobile height_small\"><div class=\"l-section-h i-cf\"><div class=\"g-cols vc_row via_flex valign_top type_default stacking_default\"><div class=\"vc_col-sm-12 wpb_column vc_column_container\"><div class=\"vc_column-inner\"><div class=\"wpb_wrapper\"><\/div><\/div><\/div><\/div><\/div><\/section><section class=\"l-section wpb_row height_auto width_full\"><div class=\"l-section-h i-cf\"><div class=\"g-cols vc_row via_flex valign_bottom type_default stacking_default\"><div class=\"vc_col-sm-4 wpb_column vc_column_container imagesideblock has_text_color has_bg_color\"><div class=\"vc_column-inner us_custom_2e6d6971\"><div class=\"wpb_wrapper\"><\/div><\/div><\/div><div class=\"vc_col-sm-8 wpb_column vc_column_container tekstsideblock\"><div class=\"vc_column-inner\"><div class=\"wpb_wrapper\"><div class=\"wpb_text_column\"><div class=\"wpb_wrapper\"><h3><b>El agua dinamizada est\u00e1 llena de energ\u00eda<\/b><\/h3>\n<h2><\/h2>\n<\/div><\/div><div class=\"wpb_text_column\"><div class=\"wpb_wrapper\"><ul>\n<li>El agua dinamizada es un agua llena de energ\u00eda (en t\u00e9rminos fot\u00f3nicos, v\u00e9ase a este respecto el <a href=\"https:\/\/biodynamizer.com\/es\/analisis-cientificos\/la-camara-electrofotonica-coramp-soluciones\/\"><span style=\"text-decoration: underline;\"><strong>an\u00e1lisis electrofot\u00f3nico<\/strong><\/span><\/a>) como el agua de las monta\u00f1as o de las cascadas. Esta energ\u00eda proviene del movimiento de <u><b><a href=\"https:\/\/biodynamizer.com\/es\/nuestras-soluciones\/el-biodynamizer\/los-movimientos\/\">v\u00f3rtice<\/a><\/b><\/u> que sigue en el biodynamizer\u00ae as\u00ed como de los <u><b><a href=\"https:\/\/biodynamizer.com\/es\/nuestras-soluciones\/el-biodynamizer\/el-magnetismo\/\">campos magn\u00e9ticos emitidos<\/a><\/b><\/u> por los imanes permanentes que contiene. Esta energ\u00eda influir\u00e1 en la estructura molecular del agua e ionizar\u00e1 los minerales que lleva. \u00a1Toda esta energ\u00eda ser\u00e1 utilizada para la <b><a href=\"https:\/\/biodynamizer.com\/es\/analisis-cientificos\/el-espectrometro-bioscopio\/\">comunicaci\u00f3n celular <\/a><\/b>y el funcionamiento metab\u00f3lico! <b><a href=\"https:\/\/biodynamizer.com\/information-additionelle\/la-camera-electrophotonique-de-coramp-solutions\/\">(<\/a><\/b><u><b><a href=\"https:\/\/biodynamizer.com\/es\/analisis-cientificos\/la-camara-electrofotonica-coramp-soluciones\/\">ver estudio sobre biofotones<\/a><\/b><\/u><b><a href=\"https:\/\/biodynamizer.com\/information-additionelle\/la-camera-electrophotonique-de-coramp-solutions\/\">)<\/a><\/b><\/li>\n<li>La energ\u00eda del agua dinamizada tiene una <u><b><a href=\"https:\/\/biodynamizer.com\/es\/analisis-cientificos\/experiencia-complementaria-foto-electrofotonica-analisis\/\">mayor fotodiversidad<\/a><\/b><\/u> (en t\u00e9rminos de calidad y estabilidad). Creemos que esto hace que el agua dinamizada sea m\u00e1s compatible con la energ\u00eda de la vida.<\/li>\n<li>Esta energ\u00eda adicional refuerza el campo energ\u00e9tico humano, ayudando a combatir <u><b><a href=\"https:\/\/biodynamizer.com\/es\/analisis-cientificos\/la-prueba-microtoxo-microbiologia-observo-una-biocompatibilidad-microbiotica-mayor-que-el-agua-dinamizada\/\">las bacterias<\/a><\/b><\/u> y virus que degradan los ambientes de baja energ\u00eda. <i>\u00abEl microbio no es nada, es el suelo que lo es todo<\/i>\u00bb Claude Bernard.<\/li>\n<li>Hay que se\u00f1alar, sin embargo, que las cualidades de la dinamizaci\u00f3n del agua (estructura y energ\u00eda) se conservan hasta una temperatura m\u00e1xima de 80\u00b0C y que desaparecen en cuanto el agua se evapora cuando hierve (a 100\u00b0C).<\/li>\n<\/ul>\n<\/div><\/div><div class=\"wpb_text_column\"><div class=\"wpb_wrapper\"><h2>Lea m\u00e1s :<\/h2>\n<p><u><b><\/b><\/u><span style=\"text-decoration: underline;\"><a href=\"https:\/\/biodynamizer.com\/es\/agua\/energia\/luz-electromagnetica-luz-solar-iluminacion-agua-sonido-energia\/\">Energ\u00eda electromagn\u00e9tica en el Biodynamizer\u00ae.<\/a><\/span><br \/>\n<a href=\"https:\/\/biodynamizer.com\/es\/nuestras-soluciones\/el-biodynamizer\/el-magnetismo\/\"><span style=\"text-decoration: underline;\">Energ\u00eda magn\u00e9tica en el Biodynamizer\u00ae.<\/span><\/a><br \/>\n<a href=\"https:\/\/biodynamizer.com\/es\/nuestras-soluciones\/el-biodynamizer\/las-frecuencias\/\"><span style=\"text-decoration: underline;\">Frecuencias naturales en el Biodynamizer\u00ae.<\/span><\/a><br \/>\n<a href=\"https:\/\/biodynamizer.com\/es\/nuestras-soluciones\/el-biodynamizer\/las-frecuencias\/\"><span style=\"text-decoration: underline;\">Frecuencias de dinamizaci\u00f3n de cobre, oro y plata en el Biodynamizer\u00ae.<\/span><\/a><br \/>\n<a href=\"https:\/\/biodynamizer.com\/es\/informacion-adicional\/el-numero-de-oro-en-el-biodynamizer\/\"><span style=\"text-decoration: underline;\">A secci\u00f3n dorada del Biodynamizer\u00ae.<\/span><\/a><br \/>\n<a href=\"https:\/\/biodynamizer.com\/es\/agua\/energia\/ondas-escalares-una-energia-que-es-del-mundo\/\"><span style=\"text-decoration: underline;\">Onda<\/span><span style=\"text-decoration: underline;\">s escalares, una energ\u00eda que proviene del universo<\/span><\/a><span style=\"text-decoration: underline;\"><br \/>\n<a href=\"https:\/\/biodynamizer.com\/es\/agua\/energia\/vibracion-de-la-conciencia-humana\/\">\u00a1<\/a><\/span><span style=\"text-decoration: underline;\"><a href=\"https:\/\/biodynamizer.com\/es\/agua\/energia\/vibracion-de-la-conciencia-humana\/\">El humano es sobre todo una vibraci\u00f3n consciente<\/a><\/span><a href=\"https:\/\/biodynamizer.com\/information-additionnelle\/lhumain-est-avant-tout-une-vibration-consciente\/\">!<\/a><\/p>\n<h2 data-ccp-props=\"{&quot;335551550&quot;:1,&quot;335551620&quot;:1,&quot;335559683&quot;:0,&quot;335559685&quot;:0,&quot;335559731&quot;:0,&quot;335559737&quot;:0,&quot;335562764&quot;:2,&quot;335562765&quot;:1,&quot;335562766&quot;:4,&quot;335562767&quot;:0,&quot;335562768&quot;:4,&quot;335562769&quot;:0}\"><\/h2>\n<\/div><\/div><\/div><\/div><\/div><\/div><\/div><\/section><section class=\"l-section wpb_row height_auto width_full\"><div class=\"l-section-h i-cf\"><div class=\"g-cols vc_row via_flex valign_middle type_default reversed stacking_default\"><div class=\"vc_col-sm-8 wpb_column vc_column_container tekstsideblock\"><div class=\"vc_column-inner\"><div class=\"wpb_wrapper\"><div class=\"wpb_text_column\"><div class=\"wpb_wrapper\"><h2><b>Conclusiones sobre la energizaci\u00f3n del agua<\/b><\/h2>\n<h2><\/h2>\n<\/div><\/div><div class=\"wpb_text_column\"><div class=\"wpb_wrapper\"><p>Por lo tanto, hemos visto que el agua posee una energ\u00eda vital que proviene de los movimientos de su din\u00e1mica natural y la energ\u00eda natural del medio ambiente que la rodea para ser la interfaz con los sistemas biol\u00f3gicos vivos que beben o se ba\u00f1an en ella! El agua de la naturaleza captura, almacena y transmite.<\/p>\n<ol>\n<li>\u00a0Energ\u00eda electromagn\u00e9tica de origen solar (electrones-fotones-protones).<\/li>\n<li>Energ\u00eda magn\u00e9tica de origen terrestre (campos magn\u00e9ticos) y gravitacional.<\/li>\n<li>Energ\u00eda de vac\u00edo de las ondas escalares o campos de torsi\u00f3n que llevan informaci\u00f3n energ\u00e9tica. Parece que cualquier masa o fluido en movimiento rotatorio = giro = v\u00f3rtice (\u00a1agua dinamizada!) genera campos de torsi\u00f3n activos. Adem\u00e1s, cualquier objeto cuyas formas geom\u00e9tricas cumplan las proporciones de la secci\u00f3n \u00e1urea Phi (1.618) ser\u00eda tambi\u00e9n un generador de campos de torsi\u00f3n pero pasivo (ondas de forma). Los campos de torsi\u00f3n se almacenan en <b><a href=\"https:\/\/biodynamizer.com\/es\/nuestras-soluciones\/el-biodynamizer\/la-restructuracion\/\">agua estructurada<\/a><\/b>, especialmente en agua que contiene sales ionizadas (<b><a href=\"https:\/\/biodynamizer.com\/es\/nuestras-soluciones\/el-biodynamizer\/el-hito\/\">minerales<\/a><\/b>).<\/li>\n<\/ol>\n<p>Esta energ\u00eda se transformar\u00e1 en energ\u00eda el\u00e9ctrica que desencadenar\u00e1 reacciones bioqu\u00edmicas en el cuerpo humano. Por lo tanto, esta energ\u00eda contribuir\u00e1 al funcionamiento de nuestro metabolismo celular (activando las comunicaciones celulares). El agua es una interfaz (receptor-transmisor) entre la radiaci\u00f3n energ\u00e9tica procedente de la naturaleza y la materia que activa el funcionamiento de los procesos biol\u00f3gicos. \u00a1El agua es vida!<\/p>\n<p>El biodynamizer\u00ae reproduce estas condiciones para impartir al agua dinamizada caracter\u00edsticas energ\u00e9ticas comparables a las del agua que brota o fluye en su entorno natural, es decir, que tiene una estructura molecular hexagonal y energ\u00eda fot\u00f3nica. Esta energ\u00eda se transmitir\u00e1 al cuerpo energ\u00e9tico (aura). Vea los <b><a href=\"https:\/\/biodynamizer.com\/es\/analisis-cientificos\/experiencia-complementaria-foto-electrofotonica-analisis\/\">an\u00e1lisis electrofot\u00f3nicos sobre<\/a><\/b> este tema. De hecho, cualquier l\u00edquido conductor (agua con minerales = agua de ciudad) en movimiento (v\u00f3rtice) en un tubo de metal (cobre) que est\u00e1 expuesto a campos magn\u00e9ticos (imanes permanentes) dar\u00e1 lugar a corrientes el\u00e9ctricas con una carga negativa de electrones que ionizar\u00e1n el agua (transferencias de electrones que modificar\u00e1n su carga el\u00e9ctrica) y esto en proporci\u00f3n a la velocidad del flujo de agua (amplitud) y la potencia de los campos magn\u00e9ticos emitidos. Esta energ\u00eda alimentar\u00e1 lo que se llama el voltaje de la membrana <a href=\"https:\/\/biodynamizer.com\/es\/agua\/\"><u>de<\/u> las c\u00e9lulas<\/a> (carga negativa de electrones entre &#8211; 50 mV y &#8211; 90 mV) que se utiliza para abrir y cerrar sus canales i\u00f3nicos que dependen del voltaje y que permiten que los nutrientes entren y que los desechos t\u00f3xicos salgan del cuerpo (= activaci\u00f3n del intercambio celular -&gt; funcionamiento del metabolismo).<\/p>\n<\/div><\/div><\/div><\/div><\/div><div class=\"vc_col-sm-4 wpb_column vc_column_container imagesideblock has_text_color\"><div class=\"vc_column-inner us_custom_522c9e9f\"><div class=\"wpb_wrapper\"><div class=\"w-image align_center\"><div class=\"w-image-h\"><img decoding=\"async\" width=\"339\" height=\"509\" src=\"https:\/\/biodynamizer.com\/wp-content\/uploads\/2020\/04\/biodynamizer_information-de-l-eau.jpg\" class=\"attachment-full size-full\" alt=\"\" loading=\"lazy\" srcset=\"https:\/\/biodynamizer.com\/wp-content\/uploads\/2020\/04\/biodynamizer_information-de-l-eau.jpg 339w, https:\/\/biodynamizer.com\/wp-content\/uploads\/2020\/04\/biodynamizer_information-de-l-eau-200x300.jpg 200w\" sizes=\"auto, (max-width: 339px) 100vw, 339px\" \/><\/div><\/div><\/div><\/div><\/div><\/div><\/div><\/section>\n","protected":false},"excerpt":{"rendered":"Inicio\/P\u00e1ginasEnergetizaci\u00f3n &#8211; Informaci\u00f3n sobre el agua El agua dinamizada est\u00e1 llena de energ\u00eda El agua dinamizada es un agua llena de energ\u00eda (en t\u00e9rminos fot\u00f3nicos, v\u00e9ase a este respecto el an\u00e1lisis electrofot\u00f3nico) como el agua de las monta\u00f1as o de las cascadas. Esta energ\u00eda proviene del movimiento de v\u00f3rtice que sigue en el biodynamizer\u00ae as\u00ed...","protected":false},"author":3,"featured_media":0,"parent":5979,"menu_order":7,"comment_status":"closed","ping_status":"closed","template":"","meta":{"_monsterinsights_skip_tracking":false,"_monsterinsights_sitenote_active":false,"_monsterinsights_sitenote_note":"","_monsterinsights_sitenote_category":0,"footnotes":""},"class_list":["post-6655","page","type-page","status-publish","hentry"],"yoast_head":"<!-- This site is optimized with the Yoast SEO plugin v27.4 - https:\/\/yoast.com\/product\/yoast-seo-wordpress\/ -->\n<title>Energetizaci\u00f3n - Biodynamizer<\/title>\n<meta name=\"description\" content=\"Informer l\u2019eau c\u2019est lui transmettre une \u00e9nergie vibrante sous forme de fr\u00e9quences. Cette fr\u00e9quence est un code ou une information.\" \/>\n<meta name=\"robots\" content=\"index, follow, max-snippet:-1, max-image-preview:large, max-video-preview:-1\" \/>\n<link rel=\"canonical\" href=\"https:\/\/biodynamizer.com\/es\/nuestras-soluciones\/el-biodynamizer\/energizacion\/\" \/>\n<meta property=\"og:locale\" content=\"es_ES\" \/>\n<meta property=\"og:type\" content=\"article\" \/>\n<meta property=\"og:title\" content=\"Energetizaci\u00f3n - Biodynamizer\" \/>\n<meta property=\"og:description\" content=\"Informer l\u2019eau c\u2019est lui transmettre une \u00e9nergie vibrante sous forme de fr\u00e9quences. Cette fr\u00e9quence est un code ou une information.\" \/>\n<meta property=\"og:url\" content=\"https:\/\/biodynamizer.com\/es\/nuestras-soluciones\/el-biodynamizer\/energizacion\/\" \/>\n<meta property=\"og:site_name\" content=\"Biodynamizer\" \/>\n<meta property=\"article:modified_time\" content=\"2022-09-23T12:33:32+00:00\" \/>\n<meta property=\"og:image\" content=\"https:\/\/biodynamizer.com\/wp-content\/uploads\/2019\/11\/Depositphotos_15742931_xl-2015.jpg\" \/>\n\t<meta property=\"og:image:width\" content=\"2000\" \/>\n\t<meta property=\"og:image:height\" content=\"1333\" \/>\n\t<meta property=\"og:image:type\" content=\"image\/jpeg\" \/>\n<meta name=\"twitter:card\" content=\"summary_large_image\" \/>\n<meta name=\"twitter:label1\" content=\"Tiempo de lectura\" \/>\n\t<meta name=\"twitter:data1\" content=\"4 minutos\" \/>\n<script type=\"application\/ld+json\" class=\"yoast-schema-graph\">{\"@context\":\"https:\\\/\\\/schema.org\",\"@graph\":[{\"@type\":\"WebPage\",\"@id\":\"https:\\\/\\\/biodynamizer.com\\\/es\\\/nuestras-soluciones\\\/el-biodynamizer\\\/energizacion\\\/\",\"url\":\"https:\\\/\\\/biodynamizer.com\\\/es\\\/nuestras-soluciones\\\/el-biodynamizer\\\/energizacion\\\/\",\"name\":\"Energetizaci\u00f3n - Biodynamizer\",\"isPartOf\":{\"@id\":\"https:\\\/\\\/biodynamizer.com\\\/es\\\/#website\"},\"datePublished\":\"2020-01-20T07:48:03+00:00\",\"dateModified\":\"2022-09-23T12:33:32+00:00\",\"description\":\"Informer l\u2019eau c\u2019est lui transmettre une \u00e9nergie vibrante sous forme de fr\u00e9quences. Cette fr\u00e9quence est un code ou une information.\",\"breadcrumb\":{\"@id\":\"https:\\\/\\\/biodynamizer.com\\\/es\\\/nuestras-soluciones\\\/el-biodynamizer\\\/energizacion\\\/#breadcrumb\"},\"inLanguage\":\"es\",\"potentialAction\":[{\"@type\":\"ReadAction\",\"target\":[\"https:\\\/\\\/biodynamizer.com\\\/es\\\/nuestras-soluciones\\\/el-biodynamizer\\\/energizacion\\\/\"]}]},{\"@type\":\"BreadcrumbList\",\"@id\":\"https:\\\/\\\/biodynamizer.com\\\/es\\\/nuestras-soluciones\\\/el-biodynamizer\\\/energizacion\\\/#breadcrumb\",\"itemListElement\":[{\"@type\":\"ListItem\",\"position\":1,\"name\":\"Home\",\"item\":\"https:\\\/\\\/biodynamizer.com\\\/es\\\/\"},{\"@type\":\"ListItem\",\"position\":2,\"name\":\"Nuestras soluciones\",\"item\":\"https:\\\/\\\/biodynamizer.com\\\/es\\\/nuestras-soluciones\\\/\"},{\"@type\":\"ListItem\",\"position\":3,\"name\":\"El Biodynamizer\",\"item\":\"https:\\\/\\\/biodynamizer.com\\\/es\\\/nuestras-soluciones\\\/el-biodynamizer\\\/\"},{\"@type\":\"ListItem\",\"position\":4,\"name\":\"Energetizaci\u00f3n\"}]},{\"@type\":\"WebSite\",\"@id\":\"https:\\\/\\\/biodynamizer.com\\\/es\\\/#website\",\"url\":\"https:\\\/\\\/biodynamizer.com\\\/es\\\/\",\"name\":\"Biodynamizer\",\"description\":\"Filtrez et dynamisez votre eau\",\"potentialAction\":[{\"@type\":\"SearchAction\",\"target\":{\"@type\":\"EntryPoint\",\"urlTemplate\":\"https:\\\/\\\/biodynamizer.com\\\/es\\\/?s={search_term_string}\"},\"query-input\":{\"@type\":\"PropertyValueSpecification\",\"valueRequired\":true,\"valueName\":\"search_term_string\"}}],\"inLanguage\":\"es\"}]}<\/script>\n<!-- \/ Yoast SEO plugin. -->","yoast_head_json":{"title":"Energetizaci\u00f3n - Biodynamizer","description":"Informer l\u2019eau c\u2019est lui transmettre une \u00e9nergie vibrante sous forme de fr\u00e9quences. Cette fr\u00e9quence est un code ou une information.","robots":{"index":"index","follow":"follow","max-snippet":"max-snippet:-1","max-image-preview":"max-image-preview:large","max-video-preview":"max-video-preview:-1"},"canonical":"https:\/\/biodynamizer.com\/es\/nuestras-soluciones\/el-biodynamizer\/energizacion\/","og_locale":"es_ES","og_type":"article","og_title":"Energetizaci\u00f3n - Biodynamizer","og_description":"Informer l\u2019eau c\u2019est lui transmettre une \u00e9nergie vibrante sous forme de fr\u00e9quences. Cette fr\u00e9quence est un code ou une information.","og_url":"https:\/\/biodynamizer.com\/es\/nuestras-soluciones\/el-biodynamizer\/energizacion\/","og_site_name":"Biodynamizer","article_modified_time":"2022-09-23T12:33:32+00:00","og_image":[{"width":2000,"height":1333,"url":"https:\/\/biodynamizer.com\/wp-content\/uploads\/2019\/11\/Depositphotos_15742931_xl-2015.jpg","type":"image\/jpeg"}],"twitter_card":"summary_large_image","twitter_misc":{"Tiempo de lectura":"4 minutos"},"schema":{"@context":"https:\/\/schema.org","@graph":[{"@type":"WebPage","@id":"https:\/\/biodynamizer.com\/es\/nuestras-soluciones\/el-biodynamizer\/energizacion\/","url":"https:\/\/biodynamizer.com\/es\/nuestras-soluciones\/el-biodynamizer\/energizacion\/","name":"Energetizaci\u00f3n - Biodynamizer","isPartOf":{"@id":"https:\/\/biodynamizer.com\/es\/#website"},"datePublished":"2020-01-20T07:48:03+00:00","dateModified":"2022-09-23T12:33:32+00:00","description":"Informer l\u2019eau c\u2019est lui transmettre une \u00e9nergie vibrante sous forme de fr\u00e9quences. Cette fr\u00e9quence est un code ou une information.","breadcrumb":{"@id":"https:\/\/biodynamizer.com\/es\/nuestras-soluciones\/el-biodynamizer\/energizacion\/#breadcrumb"},"inLanguage":"es","potentialAction":[{"@type":"ReadAction","target":["https:\/\/biodynamizer.com\/es\/nuestras-soluciones\/el-biodynamizer\/energizacion\/"]}]},{"@type":"BreadcrumbList","@id":"https:\/\/biodynamizer.com\/es\/nuestras-soluciones\/el-biodynamizer\/energizacion\/#breadcrumb","itemListElement":[{"@type":"ListItem","position":1,"name":"Home","item":"https:\/\/biodynamizer.com\/es\/"},{"@type":"ListItem","position":2,"name":"Nuestras soluciones","item":"https:\/\/biodynamizer.com\/es\/nuestras-soluciones\/"},{"@type":"ListItem","position":3,"name":"El Biodynamizer","item":"https:\/\/biodynamizer.com\/es\/nuestras-soluciones\/el-biodynamizer\/"},{"@type":"ListItem","position":4,"name":"Energetizaci\u00f3n"}]},{"@type":"WebSite","@id":"https:\/\/biodynamizer.com\/es\/#website","url":"https:\/\/biodynamizer.com\/es\/","name":"Biodynamizer","description":"Filtrez et dynamisez votre eau","potentialAction":[{"@type":"SearchAction","target":{"@type":"EntryPoint","urlTemplate":"https:\/\/biodynamizer.com\/es\/?s={search_term_string}"},"query-input":{"@type":"PropertyValueSpecification","valueRequired":true,"valueName":"search_term_string"}}],"inLanguage":"es"}]}},"_links":{"self":[{"href":"https:\/\/biodynamizer.com\/es\/wp-json\/wp\/v2\/pages\/6655","targetHints":{"allow":["GET"]}}],"collection":[{"href":"https:\/\/biodynamizer.com\/es\/wp-json\/wp\/v2\/pages"}],"about":[{"href":"https:\/\/biodynamizer.com\/es\/wp-json\/wp\/v2\/types\/page"}],"author":[{"embeddable":true,"href":"https:\/\/biodynamizer.com\/es\/wp-json\/wp\/v2\/users\/3"}],"replies":[{"embeddable":true,"href":"https:\/\/biodynamizer.com\/es\/wp-json\/wp\/v2\/comments?post=6655"}],"version-history":[{"count":12,"href":"https:\/\/biodynamizer.com\/es\/wp-json\/wp\/v2\/pages\/6655\/revisions"}],"predecessor-version":[{"id":16145,"href":"https:\/\/biodynamizer.com\/es\/wp-json\/wp\/v2\/pages\/6655\/revisions\/16145"}],"up":[{"embeddable":true,"href":"https:\/\/biodynamizer.com\/es\/wp-json\/wp\/v2\/pages\/5979"}],"wp:attachment":[{"href":"https:\/\/biodynamizer.com\/es\/wp-json\/wp\/v2\/media?parent=6655"}],"curies":[{"name":"wp","href":"https:\/\/api.w.org\/{rel}","templated":true}]}}