{"id":6659,"date":"2020-01-16T14:50:49","date_gmt":"2020-01-16T14:50:49","guid":{"rendered":"https:\/\/biodynamizer.spleen-creation.be\/nos-solutions\/le-biodynamizer\/la-restructuration\/"},"modified":"2025-12-01T10:24:58","modified_gmt":"2025-12-01T10:24:58","slug":"la-restructuracion","status":"publish","type":"page","link":"https:\/\/biodynamizer.com\/es\/nuestras-soluciones\/el-biodynamizer\/la-restructuracion\/","title":{"rendered":"La restructuraci\u00f3n"},"content":{"rendered":"<section class=\"l-section wpb_row us_custom_916fdabd height_small\"><div class=\"l-section-h i-cf\"><div class=\"g-cols vc_row via_flex valign_top type_default stacking_default\"><div class=\"vc_col-sm-12 wpb_column vc_column_container\"><div class=\"vc_column-inner\"><div class=\"wpb_wrapper\"><nav class=\"g-breadcrumbs separator_custom align_none\" itemscope itemtype=\"http:\/\/schema.org\/BreadcrumbList\"><div class=\"g-breadcrumbs-item\" itemscope itemprop=\"itemListElement\" itemtype=\"http:\/\/schema.org\/ListItem\"><a itemprop=\"item\" href=\"https:\/\/biodynamizer.com\/es\/\"><span itemprop=\"name\">Inicio<\/span><\/a><meta itemprop=\"position\" content=\"1\"\/><\/div><div class=\"g-breadcrumbs-separator\">\/<\/div><div class=\"g-breadcrumbs-item\">P\u00e1ginas<\/div><\/nav><\/div><\/div><\/div><\/div><\/div><\/section><section class=\"l-section wpb_row fullheader height_huge with_img\"><div class=\"l-section-img\" role=\"img\" aria-label=\"Imagen\" data-img-width=\"2000\" data-img-height=\"1124\" style=\"background-image: url(https:\/\/biodynamizer.com\/wp-content\/uploads\/2020\/01\/Depositphotos_150563222_xl-2015-1.jpg);background-repeat: no-repeat;\"><\/div><div class=\"l-section-h i-cf\"><div class=\"g-cols vc_row via_flex valign_top type_default stacking_default\"><div class=\"vc_col-sm-12 wpb_column vc_column_container has_text_color\"><div class=\"vc_column-inner us_custom_6df4bc3a\"><div class=\"wpb_wrapper\"><div class=\"wpb_text_column\"><div class=\"wpb_wrapper\"><h3>La reestructuraci\u00f3n del agua<\/h3>\n<\/div><\/div><\/div><\/div><\/div><\/div><\/div><\/section><section class=\"l-section wpb_row us_custom_7704f25f height_large\"><div class=\"l-section-h i-cf\"><div class=\"g-cols vc_row via_flex valign_top type_default stacking_default\"><div class=\"vc_col-sm-12 wpb_column vc_column_container\"><div class=\"vc_column-inner\"><div class=\"wpb_wrapper\"><div class=\"w-image align_none\"><div class=\"w-image-h\"><img decoding=\"async\" width=\"2560\" height=\"1438\" src=\"https:\/\/biodynamizer.com\/wp-content\/uploads\/2020\/09\/Depositphotos_150563222_xl-2015-scaled.jpg\" class=\"attachment-full size-full\" alt=\"\" loading=\"lazy\" srcset=\"https:\/\/biodynamizer.com\/wp-content\/uploads\/2020\/09\/Depositphotos_150563222_xl-2015-scaled.jpg 2560w, https:\/\/biodynamizer.com\/wp-content\/uploads\/2020\/09\/Depositphotos_150563222_xl-2015-300x169.jpg 300w, https:\/\/biodynamizer.com\/wp-content\/uploads\/2020\/09\/Depositphotos_150563222_xl-2015-1024x575.jpg 1024w, https:\/\/biodynamizer.com\/wp-content\/uploads\/2020\/09\/Depositphotos_150563222_xl-2015-1536x863.jpg 1536w, https:\/\/biodynamizer.com\/wp-content\/uploads\/2020\/09\/Depositphotos_150563222_xl-2015-2048x1151.jpg 2048w\" sizes=\"auto, (max-width: 2560px) 100vw, 2560px\" \/><\/div><\/div><div class=\"wpb_text_column\"><div class=\"wpb_wrapper\"><p style=\"text-align: center;\">Ilustraci\u00f3n de la estructura del agua hecha por los puentes de hidr\u00f3geno<\/p>\n<\/div><\/div><div class=\"wpb_text_column blauwtekst\"><div class=\"wpb_wrapper\"><h2>La estructura del agua<\/h2>\n<\/div><\/div><div class=\"wpb_text_column\"><div class=\"wpb_wrapper\"><ul>\n<li>\u00a1El agua l\u00edquida se estructura a trav\u00e9s de puentes de hidr\u00f3geno en una red tridimensional de <i>micro grupos de agua compuestos de<\/i> 2 a 15 mol\u00e9culas de agua que se reorganizan cada picosegundo! \u00a1La estructura del agua se compone as\u00ed de diferentes formas de asociaciones ef\u00edmeras, pero estad\u00edsticamente duraderas! \u00a1Estos microclusters de agua producen formas poligonales din\u00e1micas dependiendo de la energ\u00eda que pasa a trav\u00e9s de ellos y de su composici\u00f3n mineral (= sales ionizadas, principalmente calcio); la forma m\u00e1s natural, saludable y estable del agua es la forma hexagonal (6 mol\u00e9culas de H2O) seg\u00fan el Dr. Mu Shik Jhon!<\/li>\n<li>Estos <i>microc\u00famulos de<\/i> agua l\u00edquida producir\u00e1n macroestructuras de +\/- 1.400 mol\u00e9culas de agua a trav\u00e9s de puentes de hidr\u00f3geno <i>(= macro c\u00famulos)<\/i>. Es a esta escala que encontrar\u00edamos los dominios de coherencia de <i>fase<\/i> que estar\u00edan compuestos de 10 a 30 millones de mol\u00e9culas de agua (seg\u00fan el Prof. M. Henry) que oscilar\u00edan en la misma frecuencia (en sincronicidad) y cuya \u00ab<i>informaci\u00f3n\u00bb transmitir\u00edan a<\/i> nuestro ADN y a las prote\u00ednas que permitir\u00edan la comunicaci\u00f3n celular e incluso transmitir\u00edan esta informaci\u00f3n universal a nuestra conciencia! El agua es una interfaz entre la energ\u00eda y la materia. <i>\u00abLa energ\u00eda codifica, el agua decodifica, los humanos codifican<\/i>\u00ab! \u200b<\/li>\n<li>En el estado s\u00f3lido (nieve, cristales), los c\u00famulos naturales de agua pueden contar hasta unos pocos cientos de mol\u00e9culas de agua (-&gt; +\/- 600 mol\u00e9culas de H2O) organizadas alrededor de un n\u00facleo hexagonal rodeado por 6 \u00e1rboles estructurados en m\u00faltiples fractales (superestructuras sim\u00e9tricas y redundantes), regulares y armoniosas (ver estudio de <strong><a href=\"https:\/\/biodynamizer.com\/es\/analisis-cientificos\/cristales-de-agua\/\"><span style=\"text-decoration: underline;\">cristales de agua<\/span><\/a><\/strong>).<\/li>\n<li>Tu agua biol\u00f3gica (que representa el 65 % de tu peso y el 96 % de las mol\u00e9culas de tu cuerpo) est\u00e1 estructurada (enlaces de hidr\u00f3geno con una geometr\u00eda ordenada). Si bebes agua no estructurada (agua embotellada, agua del grifo, agua de \u00f3smosis inversa), deber\u00e1 reestructurarse para que sea compatible con tu agua biol\u00f3gica. Esto se logra utilizando la energ\u00eda metab\u00f3lica de tu cuerpo (ATP producido por las mitocondrias). <strong>El agua biodin\u00e1mizadaa, al estar estructurada y energizada, cumple esta funci\u00f3n porque es totalmente compatible con tu agua biol\u00f3gica !<\/strong><\/li>\n<\/ul>\n<\/div><\/div><div class=\"w-separator size_medium\"><\/div><div class=\"wpb_text_column\"><div class=\"wpb_wrapper\"><h2>Lea m\u00e1s:<\/h2>\n<\/div><\/div><div class=\"wpb_text_column\"><div class=\"wpb_wrapper\"><p data-ccp-props=\"{&quot;335551550&quot;:1,&quot;335551620&quot;:1,&quot;335559683&quot;:0,&quot;335559685&quot;:0,&quot;335559731&quot;:0,&quot;335559737&quot;:0,&quot;335562764&quot;:2,&quot;335562765&quot;:1,&quot;335562766&quot;:4,&quot;335562767&quot;:0,&quot;335562768&quot;:4,&quot;335562769&quot;:0}\"><a href=\"https:\/\/biodynamizer.com\/es\/agua\/composicion-molecular-agua-estructura-quimica\/\"><strong>Composici\u00f3n molecular del agua H2O = estructura qu\u00edmica<\/strong><\/a><br \/>\n<a href=\"https:\/\/biodynamizer.com\/es\/agua\/composicion-molecular-agua-estructura-quimica\/\"><strong>La estructura de la materia es m\u00e1s importante que su composici\u00f3n qu\u00edmica.\u00a0<\/strong><\/a><\/p>\n<\/div><\/div><\/div><\/div><\/div><\/div><\/div><\/section><section class=\"l-section wpb_row height_medium\"><div class=\"l-section-h i-cf\"><div class=\"g-cols vc_row via_flex valign_middle type_default stacking_default\"><div class=\"vc_col-sm-6 wpb_column vc_column_container\"><div class=\"vc_column-inner\"><div class=\"wpb_wrapper\"><div class=\"wpb_text_column\"><div class=\"wpb_wrapper\"><h2>La estructura del agua dinamizada<\/h2>\n<\/div><\/div><div class=\"wpb_text_column\"><div class=\"wpb_wrapper\"><p>El agua natural es agua con estructura molecular. Esta <strong>reestructuraci\u00f3n del agua<\/strong> es posible gracias a la combinaci\u00f3n de la ionizaci\u00f3n del agua generada por el <strong>magnetismo<\/strong> de los imanes permanentes del Biodynamizer (sabiendo que la mol\u00e9cula de agua es un dipolo) combinada con los <strong>movimientos v\u00f3rtices<\/strong> del agua inducidos por sus formas. Estos enlaces moleculares se forman no s\u00f3lo entre mol\u00e9culas de agua (enlaces de hidr\u00f3geno) sino tambi\u00e9n entre estas mol\u00e9culas de agua y otras mol\u00e9culas (enlaces intermoleculares, poder disolvente del agua). Estos enlaces representan la estructura del agua que forma grupos (agregados) de mol\u00e9culas estructuradas en formas poligonales din\u00e1micas que difieren seg\u00fan la energ\u00eda que pasa a trav\u00e9s de ellas. \u00a1Estas cadenas de mol\u00e9culas de agua se reorganizan cada picosegundo! Por lo tanto, la estructura del agua se compone de diferentes formas de asociaciones ef\u00edmeras, pero estad\u00edsticamente duraderas!<\/p>\n<p>Por lo tanto, la estructuraci\u00f3n del agua parece estar influenciada por la energ\u00eda a la que est\u00e1 expuesta. Esto se encuentra por un lado en las sales ionizadas presentes en el agua (es decir, sus minerales) y por otro lado en la naturaleza (es decir, la energ\u00eda electromagn\u00e9tica, magn\u00e9tica, gravitacional, etc&#8230;) que la rodea.<\/p>\n<p>Tambi\u00e9n parece que el agua dinamizada es un agua que con mayor frecuencia tiene una estructura hexagonal (cuando se observa en forma de cristal) comparable a la del agua natural que brota espont\u00e1neamente de su fuente.<\/p>\n<p>De hecho, las mol\u00e9culas de agua adoptan una estructura helicoidal quiral (espejo) debido a su interacci\u00f3n con la estructura espiral del ADN; Un cambio en la estructura molecular del agua (a trav\u00e9s de sus enlaces de hidr\u00f3geno m\u00e1s fuertes o m\u00e1s d\u00e9biles) presente alrededor de la mol\u00e9cula de ADN, \u00a1puede conducir a cambios en la estructura y funci\u00f3n del ADN! Fuente: Steven A. Corcelli &#8211; Departamento de Qu\u00edmica y Bioqu\u00edmica, Universidad de Notre Dame, Notre Dame, Indiana, Estados Unidos 2017<\/p>\n<p>\u00ab<em>Nada se pierde, nada se crea, todo se transforma<\/em>\u00bb Antoine Lavoisier<\/p>\n<\/div><\/div><\/div><\/div><\/div><div class=\"vc_col-sm-6 wpb_column vc_column_container\"><div class=\"vc_column-inner\"><div class=\"wpb_wrapper\"><div class=\"w-image align_none\"><div class=\"w-image-h\"><img decoding=\"async\" width=\"1024\" height=\"575\" src=\"https:\/\/biodynamizer.com\/wp-content\/uploads\/2021\/08\/Depositphotos_150692002_xl-2015-1024x575.jpg\" class=\"attachment-large size-large\" alt=\"Illustration 3d d&#039;une mol\u00e9cule d&#039;eau\" loading=\"lazy\" srcset=\"https:\/\/biodynamizer.com\/wp-content\/uploads\/2021\/08\/Depositphotos_150692002_xl-2015-1024x575.jpg 1024w, https:\/\/biodynamizer.com\/wp-content\/uploads\/2021\/08\/Depositphotos_150692002_xl-2015-300x169.jpg 300w\" sizes=\"auto, (max-width: 1024px) 100vw, 1024px\" \/><\/div><\/div><div class=\"w-separator size_medium\"><\/div><div class=\"w-image align_none\"><div class=\"w-image-h\"><img decoding=\"async\" width=\"300\" height=\"269\" src=\"https:\/\/biodynamizer.com\/wp-content\/uploads\/2021\/08\/22-UTTIGEN-Biodynamized-rognee-300x269.jpg\" class=\"attachment-medium size-medium\" alt=\"crystal d&#039;eau biodynamis\u00e9e\" loading=\"lazy\" srcset=\"https:\/\/biodynamizer.com\/wp-content\/uploads\/2021\/08\/22-UTTIGEN-Biodynamized-rognee-300x269.jpg 300w, https:\/\/biodynamizer.com\/wp-content\/uploads\/2021\/08\/22-UTTIGEN-Biodynamized-rognee-1024x917.jpg 1024w, https:\/\/biodynamizer.com\/wp-content\/uploads\/2021\/08\/22-UTTIGEN-Biodynamized-rognee.jpg 1548w\" sizes=\"auto, (max-width: 300px) 100vw, 300px\" \/><\/div><\/div><div class=\"w-separator size_medium\"><\/div><div class=\"w-image align_none\"><div class=\"w-image-h\"><img decoding=\"async\" width=\"199\" height=\"300\" src=\"https:\/\/biodynamizer.com\/wp-content\/uploads\/2021\/08\/ADN-molecules-eau-199x300.jpg\" class=\"attachment-medium size-medium\" alt=\"ADN mol\u00e9cules eau\" loading=\"lazy\" srcset=\"https:\/\/biodynamizer.com\/wp-content\/uploads\/2021\/08\/ADN-molecules-eau-199x300.jpg 199w, https:\/\/biodynamizer.com\/wp-content\/uploads\/2021\/08\/ADN-molecules-eau-678x1024.jpg 678w, https:\/\/biodynamizer.com\/wp-content\/uploads\/2021\/08\/ADN-molecules-eau-scaled.jpg 1694w\" sizes=\"auto, (max-width: 199px) 100vw, 199px\" \/><\/div><\/div><\/div><\/div><\/div><\/div><\/div><\/section><section class=\"l-section wpb_row height_medium\"><div class=\"l-section-h i-cf\"><div class=\"g-cols vc_row via_flex valign_top type_default stacking_default\"><div class=\"vc_col-sm-12 wpb_column vc_column_container\"><div class=\"vc_column-inner\"><div class=\"wpb_wrapper\"><div class=\"wpb_text_column\"><div class=\"wpb_wrapper\"><h2>La restructuraci\u00f3n del agua implica <a href=\"https:\/\/biodynamizer.com\/es\/nuestras-soluciones\/el-biodynamizer\/los-movimientos\/\">movientos<\/a> y <a href=\"https:\/\/biodynamizer.com\/es\/nuestras-soluciones\/el-biodynamizer\/el-magnetismo\/\">magnetismo<\/a><\/h2>\n<\/div><\/div><div class=\"wpb_text_column\"><div class=\"wpb_wrapper\"><p>El agua dinamizada es agua que tiene una estructura hexagonal comparable a la del agua natural que brota espont\u00e1neamente de su fuente (esta reestructuraci\u00f3n proviene del <u><b><a href=\"https:\/\/biodynamizer.com\/es\/nuestras-soluciones\/el-biodynamizer\/los-movimientos\/\">movimiento<\/a><\/b><\/u> y el magnetismo presentes en el biodynamizer\u00ae).<\/p>\n<p>Esta estructura molecular del agua es una interfaz, un \u00ablector de informaci\u00f3n\u00bb y un \u00ab<a href=\"https:\/\/biodynamizer.com\/es\/agua\/energia\/vibracion-de-la-conciencia-humana\/\">transmisor\u00bb de la energ\u00eda natural<\/a> que nos rodea.<\/p>\n<p>Existe una fuerte interacci\u00f3n energ\u00e9tica (= transferencia mutua y amplificada de energ\u00eda), entre la energ\u00eda cin\u00e9tica de un flujo de v\u00f3rtice (= v\u00f3rtice) y el campo magn\u00e9tico emitido por los imanes permanentes; las l\u00edneas de los v\u00f3rtices son l\u00edneas de fuerza hidrodin\u00e1micas. El potencial de la fuerza electromagn\u00e9tica ser\u00e1 proporcional al potencial de las velocidades de los v\u00f3rtices y a la potencia de los imanes permanentes! La combinaci\u00f3n de estas dos fuerzas reestructurar\u00e1 el agua.<\/p>\n<\/div><\/div><div class=\"g-cols wpb_row via_flex valign_top type_default stacking_default\"><div class=\"vc_col-sm-2 wpb_column vc_column_container\"><div class=\"vc_column-inner\"><div class=\"wpb_wrapper\"><\/div><\/div><\/div><div class=\"vc_col-sm-8 wpb_column vc_column_container\"><div class=\"vc_column-inner\"><div class=\"wpb_wrapper\"><div class=\"w-image align_center\"><div class=\"w-image-h\"><img decoding=\"async\" width=\"685\" height=\"1024\" src=\"https:\/\/biodynamizer.com\/wp-content\/uploads\/2022\/10\/Magnetisme-magnetism-Biodynamizer-685x1024.png\" class=\"attachment-large size-large\" alt=\"Magn\u00e9tisme - magnetism - Biodynamizer\" loading=\"lazy\" srcset=\"https:\/\/biodynamizer.com\/wp-content\/uploads\/2022\/10\/Magnetisme-magnetism-Biodynamizer-685x1024.png 685w, https:\/\/biodynamizer.com\/wp-content\/uploads\/2022\/10\/Magnetisme-magnetism-Biodynamizer-201x300.png 201w, https:\/\/biodynamizer.com\/wp-content\/uploads\/2022\/10\/Magnetisme-magnetism-Biodynamizer.png 1210w\" sizes=\"auto, (max-width: 685px) 100vw, 685px\" \/><\/div><\/div><\/div><\/div><\/div><div class=\"vc_col-sm-2 wpb_column vc_column_container\"><div class=\"vc_column-inner\"><div class=\"wpb_wrapper\"><\/div><\/div><\/div><\/div><\/div><\/div><\/div><\/div><\/div><\/section>\n","protected":false},"excerpt":{"rendered":"Inicio\/P\u00e1ginasLa reestructuraci\u00f3n del agua Ilustraci\u00f3n de la estructura del agua hecha por los puentes de hidr\u00f3geno La estructura del agua \u00a1El agua l\u00edquida se estructura a trav\u00e9s de puentes de hidr\u00f3geno en una red tridimensional de micro grupos de agua compuestos de 2 a 15 mol\u00e9culas de agua que se reorganizan cada picosegundo! \u00a1La estructura...","protected":false},"author":3,"featured_media":0,"parent":5979,"menu_order":6,"comment_status":"closed","ping_status":"closed","template":"","meta":{"_monsterinsights_skip_tracking":false,"_monsterinsights_sitenote_active":false,"_monsterinsights_sitenote_note":"","_monsterinsights_sitenote_category":0,"footnotes":""},"class_list":["post-6659","page","type-page","status-publish","hentry"],"yoast_head":"<!-- This site is optimized with the Yoast SEO plugin v27.3 - https:\/\/yoast.com\/product\/yoast-seo-wordpress\/ -->\n<title>La restructuraci\u00f3n - Biodynamizer<\/title>\n<meta name=\"description\" content=\"La restructuration mol\u00e9culaire de l\u2019eau implique le mouvement (g\u00e9n\u00e8re de l\u2019\u00e9nergie cin\u00e9tique) et le magn\u00e9tisme (g\u00e9n\u00e8re de l\u2019\u00e9nergie \u00e9lectro-magn\u00e9tique)\" \/>\n<meta name=\"robots\" content=\"index, follow, max-snippet:-1, max-image-preview:large, max-video-preview:-1\" \/>\n<link rel=\"canonical\" href=\"https:\/\/biodynamizer.com\/es\/nuestras-soluciones\/el-biodynamizer\/la-restructuracion\/\" \/>\n<meta property=\"og:locale\" content=\"es_ES\" \/>\n<meta property=\"og:type\" content=\"article\" \/>\n<meta property=\"og:title\" content=\"La restructuraci\u00f3n - Biodynamizer\" \/>\n<meta property=\"og:description\" content=\"La restructuration mol\u00e9culaire de l\u2019eau implique le mouvement (g\u00e9n\u00e8re de l\u2019\u00e9nergie cin\u00e9tique) et le magn\u00e9tisme (g\u00e9n\u00e8re de l\u2019\u00e9nergie \u00e9lectro-magn\u00e9tique)\" \/>\n<meta property=\"og:url\" content=\"https:\/\/biodynamizer.com\/es\/nuestras-soluciones\/el-biodynamizer\/la-restructuracion\/\" \/>\n<meta property=\"og:site_name\" content=\"Biodynamizer\" \/>\n<meta property=\"article:modified_time\" content=\"2025-12-01T10:24:58+00:00\" \/>\n<meta property=\"og:image\" content=\"https:\/\/biodynamizer.com\/wp-content\/uploads\/2019\/11\/Depositphotos_15742931_xl-2015.jpg\" \/>\n\t<meta property=\"og:image:width\" content=\"2000\" \/>\n\t<meta property=\"og:image:height\" content=\"1333\" \/>\n\t<meta property=\"og:image:type\" content=\"image\/jpeg\" \/>\n<meta name=\"twitter:card\" content=\"summary_large_image\" \/>\n<meta name=\"twitter:label1\" content=\"Tiempo de lectura\" \/>\n\t<meta name=\"twitter:data1\" content=\"5 minutos\" \/>\n<script type=\"application\/ld+json\" class=\"yoast-schema-graph\">{\"@context\":\"https:\\\/\\\/schema.org\",\"@graph\":[{\"@type\":\"WebPage\",\"@id\":\"https:\\\/\\\/biodynamizer.com\\\/es\\\/nuestras-soluciones\\\/el-biodynamizer\\\/la-restructuracion\\\/\",\"url\":\"https:\\\/\\\/biodynamizer.com\\\/es\\\/nuestras-soluciones\\\/el-biodynamizer\\\/la-restructuracion\\\/\",\"name\":\"La restructuraci\u00f3n - Biodynamizer\",\"isPartOf\":{\"@id\":\"https:\\\/\\\/biodynamizer.com\\\/es\\\/#website\"},\"datePublished\":\"2020-01-16T14:50:49+00:00\",\"dateModified\":\"2025-12-01T10:24:58+00:00\",\"description\":\"La restructuration mol\u00e9culaire de l\u2019eau implique le mouvement (g\u00e9n\u00e8re de l\u2019\u00e9nergie cin\u00e9tique) et le magn\u00e9tisme (g\u00e9n\u00e8re de l\u2019\u00e9nergie \u00e9lectro-magn\u00e9tique)\",\"breadcrumb\":{\"@id\":\"https:\\\/\\\/biodynamizer.com\\\/es\\\/nuestras-soluciones\\\/el-biodynamizer\\\/la-restructuracion\\\/#breadcrumb\"},\"inLanguage\":\"es\",\"potentialAction\":[{\"@type\":\"ReadAction\",\"target\":[\"https:\\\/\\\/biodynamizer.com\\\/es\\\/nuestras-soluciones\\\/el-biodynamizer\\\/la-restructuracion\\\/\"]}]},{\"@type\":\"BreadcrumbList\",\"@id\":\"https:\\\/\\\/biodynamizer.com\\\/es\\\/nuestras-soluciones\\\/el-biodynamizer\\\/la-restructuracion\\\/#breadcrumb\",\"itemListElement\":[{\"@type\":\"ListItem\",\"position\":1,\"name\":\"Home\",\"item\":\"https:\\\/\\\/biodynamizer.com\\\/es\\\/\"},{\"@type\":\"ListItem\",\"position\":2,\"name\":\"Nuestras soluciones\",\"item\":\"https:\\\/\\\/biodynamizer.com\\\/es\\\/nuestras-soluciones\\\/\"},{\"@type\":\"ListItem\",\"position\":3,\"name\":\"El Biodynamizer\",\"item\":\"https:\\\/\\\/biodynamizer.com\\\/es\\\/nuestras-soluciones\\\/el-biodynamizer\\\/\"},{\"@type\":\"ListItem\",\"position\":4,\"name\":\"La restructuraci\u00f3n\"}]},{\"@type\":\"WebSite\",\"@id\":\"https:\\\/\\\/biodynamizer.com\\\/es\\\/#website\",\"url\":\"https:\\\/\\\/biodynamizer.com\\\/es\\\/\",\"name\":\"Biodynamizer\",\"description\":\"Filtrez et dynamisez votre eau\",\"potentialAction\":[{\"@type\":\"SearchAction\",\"target\":{\"@type\":\"EntryPoint\",\"urlTemplate\":\"https:\\\/\\\/biodynamizer.com\\\/es\\\/?s={search_term_string}\"},\"query-input\":{\"@type\":\"PropertyValueSpecification\",\"valueRequired\":true,\"valueName\":\"search_term_string\"}}],\"inLanguage\":\"es\"}]}<\/script>\n<!-- \/ Yoast SEO plugin. -->","yoast_head_json":{"title":"La restructuraci\u00f3n - Biodynamizer","description":"La restructuration mol\u00e9culaire de l\u2019eau implique le mouvement (g\u00e9n\u00e8re de l\u2019\u00e9nergie cin\u00e9tique) et le magn\u00e9tisme (g\u00e9n\u00e8re de l\u2019\u00e9nergie \u00e9lectro-magn\u00e9tique)","robots":{"index":"index","follow":"follow","max-snippet":"max-snippet:-1","max-image-preview":"max-image-preview:large","max-video-preview":"max-video-preview:-1"},"canonical":"https:\/\/biodynamizer.com\/es\/nuestras-soluciones\/el-biodynamizer\/la-restructuracion\/","og_locale":"es_ES","og_type":"article","og_title":"La restructuraci\u00f3n - Biodynamizer","og_description":"La restructuration mol\u00e9culaire de l\u2019eau implique le mouvement (g\u00e9n\u00e8re de l\u2019\u00e9nergie cin\u00e9tique) et le magn\u00e9tisme (g\u00e9n\u00e8re de l\u2019\u00e9nergie \u00e9lectro-magn\u00e9tique)","og_url":"https:\/\/biodynamizer.com\/es\/nuestras-soluciones\/el-biodynamizer\/la-restructuracion\/","og_site_name":"Biodynamizer","article_modified_time":"2025-12-01T10:24:58+00:00","og_image":[{"width":2000,"height":1333,"url":"https:\/\/biodynamizer.com\/wp-content\/uploads\/2019\/11\/Depositphotos_15742931_xl-2015.jpg","type":"image\/jpeg"}],"twitter_card":"summary_large_image","twitter_misc":{"Tiempo de lectura":"5 minutos"},"schema":{"@context":"https:\/\/schema.org","@graph":[{"@type":"WebPage","@id":"https:\/\/biodynamizer.com\/es\/nuestras-soluciones\/el-biodynamizer\/la-restructuracion\/","url":"https:\/\/biodynamizer.com\/es\/nuestras-soluciones\/el-biodynamizer\/la-restructuracion\/","name":"La restructuraci\u00f3n - Biodynamizer","isPartOf":{"@id":"https:\/\/biodynamizer.com\/es\/#website"},"datePublished":"2020-01-16T14:50:49+00:00","dateModified":"2025-12-01T10:24:58+00:00","description":"La restructuration mol\u00e9culaire de l\u2019eau implique le mouvement (g\u00e9n\u00e8re de l\u2019\u00e9nergie cin\u00e9tique) et le magn\u00e9tisme (g\u00e9n\u00e8re de l\u2019\u00e9nergie \u00e9lectro-magn\u00e9tique)","breadcrumb":{"@id":"https:\/\/biodynamizer.com\/es\/nuestras-soluciones\/el-biodynamizer\/la-restructuracion\/#breadcrumb"},"inLanguage":"es","potentialAction":[{"@type":"ReadAction","target":["https:\/\/biodynamizer.com\/es\/nuestras-soluciones\/el-biodynamizer\/la-restructuracion\/"]}]},{"@type":"BreadcrumbList","@id":"https:\/\/biodynamizer.com\/es\/nuestras-soluciones\/el-biodynamizer\/la-restructuracion\/#breadcrumb","itemListElement":[{"@type":"ListItem","position":1,"name":"Home","item":"https:\/\/biodynamizer.com\/es\/"},{"@type":"ListItem","position":2,"name":"Nuestras soluciones","item":"https:\/\/biodynamizer.com\/es\/nuestras-soluciones\/"},{"@type":"ListItem","position":3,"name":"El Biodynamizer","item":"https:\/\/biodynamizer.com\/es\/nuestras-soluciones\/el-biodynamizer\/"},{"@type":"ListItem","position":4,"name":"La restructuraci\u00f3n"}]},{"@type":"WebSite","@id":"https:\/\/biodynamizer.com\/es\/#website","url":"https:\/\/biodynamizer.com\/es\/","name":"Biodynamizer","description":"Filtrez et dynamisez votre eau","potentialAction":[{"@type":"SearchAction","target":{"@type":"EntryPoint","urlTemplate":"https:\/\/biodynamizer.com\/es\/?s={search_term_string}"},"query-input":{"@type":"PropertyValueSpecification","valueRequired":true,"valueName":"search_term_string"}}],"inLanguage":"es"}]}},"_links":{"self":[{"href":"https:\/\/biodynamizer.com\/es\/wp-json\/wp\/v2\/pages\/6659","targetHints":{"allow":["GET"]}}],"collection":[{"href":"https:\/\/biodynamizer.com\/es\/wp-json\/wp\/v2\/pages"}],"about":[{"href":"https:\/\/biodynamizer.com\/es\/wp-json\/wp\/v2\/types\/page"}],"author":[{"embeddable":true,"href":"https:\/\/biodynamizer.com\/es\/wp-json\/wp\/v2\/users\/3"}],"replies":[{"embeddable":true,"href":"https:\/\/biodynamizer.com\/es\/wp-json\/wp\/v2\/comments?post=6659"}],"version-history":[{"count":29,"href":"https:\/\/biodynamizer.com\/es\/wp-json\/wp\/v2\/pages\/6659\/revisions"}],"predecessor-version":[{"id":30235,"href":"https:\/\/biodynamizer.com\/es\/wp-json\/wp\/v2\/pages\/6659\/revisions\/30235"}],"up":[{"embeddable":true,"href":"https:\/\/biodynamizer.com\/es\/wp-json\/wp\/v2\/pages\/5979"}],"wp:attachment":[{"href":"https:\/\/biodynamizer.com\/es\/wp-json\/wp\/v2\/media?parent=6659"}],"curies":[{"name":"wp","href":"https:\/\/api.w.org\/{rel}","templated":true}]}}