{"id":6663,"date":"2020-01-16T09:42:11","date_gmt":"2020-01-16T09:42:11","guid":{"rendered":"https:\/\/biodynamizer.spleen-creation.be\/nos-solutions\/le-biodynamizer\/fiche-technique\/"},"modified":"2026-02-16T14:06:07","modified_gmt":"2026-02-16T14:06:07","slug":"ficha-tecnica","status":"publish","type":"page","link":"https:\/\/biodynamizer.com\/es\/nuestras-soluciones\/el-biodynamizer\/ficha-tecnica\/","title":{"rendered":"Ficha t\u00e9cnica"},"content":{"rendered":"<section class=\"l-section wpb_row us_custom_916fdabd height_small\"><div class=\"l-section-h i-cf\"><div class=\"g-cols vc_row via_flex valign_top type_default stacking_default\"><div class=\"vc_col-sm-12 wpb_column vc_column_container\"><div class=\"vc_column-inner\"><div class=\"wpb_wrapper\"><nav class=\"g-breadcrumbs separator_custom align_none\" itemscope itemtype=\"http:\/\/schema.org\/BreadcrumbList\"><div class=\"g-breadcrumbs-item\" itemscope itemprop=\"itemListElement\" itemtype=\"http:\/\/schema.org\/ListItem\"><a itemprop=\"item\" href=\"https:\/\/biodynamizer.com\/es\/\"><span itemprop=\"name\">Inicio<\/span><\/a><meta itemprop=\"position\" content=\"1\"\/><\/div><div class=\"g-breadcrumbs-separator\">\/<\/div><div class=\"g-breadcrumbs-item\">P\u00e1ginas<\/div><\/nav><\/div><\/div><\/div><\/div><\/div><\/section><section class=\"l-section wpb_row fullheader height_huge with_img\"><div class=\"l-section-img\" role=\"img\" aria-label=\"Petite fille qui boit un verre d&#039;eau dans un champs de bl\u00e9\" data-img-width=\"2000\" data-img-height=\"1350\" style=\"background-image: url(https:\/\/biodynamizer.com\/wp-content\/uploads\/2019\/11\/kindwater.jpg);background-repeat: no-repeat;\"><\/div><div class=\"l-section-h i-cf\"><div class=\"g-cols vc_row via_flex valign_top type_default stacking_default\"><div class=\"vc_col-sm-12 wpb_column vc_column_container has_text_color\"><div class=\"vc_column-inner us_custom_6df4bc3a\"><div class=\"wpb_wrapper\"><div class=\"wpb_text_column\"><div class=\"wpb_wrapper\"><h3>La hoja de datos del biodynamizer<\/h3>\n<\/div><\/div><\/div><\/div><\/div><\/div><\/div><\/section><section class=\"l-section wpb_row height_medium\"><div class=\"l-section-h i-cf\"><div class=\"g-cols vc_row via_flex valign_top type_default reversed stacking_default\"><div class=\"vc_col-sm-6 wpb_column vc_column_container\"><div class=\"vc_column-inner\"><div class=\"wpb_wrapper\"><div class=\"w-image align_center\"><div class=\"w-image-h\"><img decoding=\"async\" width=\"556\" height=\"1095\" src=\"https:\/\/biodynamizer.com\/wp-content\/uploads\/2025\/08\/Sleeve-Biodynamizer-3.0.png\" class=\"attachment-full size-full\" alt=\"\" loading=\"lazy\" srcset=\"https:\/\/biodynamizer.com\/wp-content\/uploads\/2025\/08\/Sleeve-Biodynamizer-3.0.png 556w, https:\/\/biodynamizer.com\/wp-content\/uploads\/2025\/08\/Sleeve-Biodynamizer-3.0-152x300.png 152w, https:\/\/biodynamizer.com\/wp-content\/uploads\/2025\/08\/Sleeve-Biodynamizer-3.0-520x1024.png 520w, https:\/\/biodynamizer.com\/wp-content\/uploads\/2025\/08\/Sleeve-Biodynamizer-3.0-203x400.png 203w\" sizes=\"auto, (max-width: 556px) 100vw, 556px\" \/><\/div><\/div><\/div><\/div><\/div><div class=\"vc_col-sm-6 wpb_column vc_column_container\"><div class=\"vc_column-inner\"><div class=\"wpb_wrapper\"><div class=\"wpb_text_column\"><div class=\"wpb_wrapper\"><ul>\n<li>Mecanismo: Se aplican <span style=\"text-decoration: underline;\"><strong><a ref=\"magnificPopup\" href=\"https:\/\/biodynamizer.com\/wp-content\/uploads\/2024\/05\/21-Principios-Biodynamizer-ES.jpg\">21 principios de dinamizaci\u00f3n<\/a><\/strong><\/span>, incluyendo v\u00f3rtices mec\u00e1nicos y campos magn\u00e9ticos + transmisi\u00f3n de frecuencia natural.<\/li>\n<li><strong>Sin mantenimiento, sin consumibles\u00a0\u200b<\/strong><\/li>\n<li data-charcodes=\"8226\" data-font=\"Arial,Sans-Serif\" data-buautonum=\"8\" data-margin=\"450\" data-aria-posinset=\"3\" data-aria-level=\"1\">Caudal: 3,6 m3\/hora a 3 bares (paso en 1 seg.), una p\u00e9rdida insignificante de presi\u00f3n (caudal) en la instalaci\u00f3n (-4%), es decir, un caudal suficiente para una vivienda privada habitada por hasta 8 personas (<strong>60 l \/ min a 3 bares<\/strong>)<\/li>\n<li data-charcodes=\"8226\" data-font=\"Arial,Sans-Serif\" data-buautonum=\"8\" data-margin=\"450\" data-aria-posinset=\"3\" data-aria-level=\"1\"><strong>Certificado de Conformidad para metales en contacto con el agua emitido por Eurofins <\/strong>: Todos los materiales en contacto con el agua (cobre, lat\u00f3n y plata) tienen compatibilidad sanitaria de acuerdo con el decreto franc\u00e9s del 25.06.2020 relativo a los materiales y productos met\u00e1licos destinados a las instalaciones de producci\u00f3n, distribuci\u00f3n y envasado que entran en contacto con el agua destinada al consumo humano.<\/li>\n<li><strong>Certificado de conformidad en cuanto a la liberaci\u00f3n de metales (cobre, zinc, plata) en aguas destinadas al consumo humano<\/strong> tras su paso por el Biodynamizer emitido por <strong>Buildwise<\/strong> (certificado ISO 9001) el 19.12.2022 que confirm\u00f3 que las concentraciones de metales (cobre, zinc, plata en mg\/l) en el agua no superan las normas legales europeas (DIRECTIVA (UE) 2020\/2184 DEL PARLAMENTO EUROPEO Y DEL CONSEJO de 16 de diciembre de 2020 relativa a la calidad del agua destinada al consumo humano) y belga (Ap\u00e9ndice XXXI, Parte C, par\u00e1metros indicadores, del libro II del C\u00f3digo Ambiental que constituye el C\u00f3digo de Aguas) en t\u00e9rminos de concentraciones despu\u00e9s del muestreo directo y despu\u00e9s del tiempo de residencia de 1 hora, 24 horas, 48 \u200b\u200bhoras y 3 semanas en el Biodynamizer<\/li>\n<li>Aprobado por <b>Belgaqua<\/b> seg\u00fan la <b>norma EN1717 <\/b>(control de conformidad de los aparatos conectados a la red de distribuci\u00f3n de agua y aprobaci\u00f3n de la protecci\u00f3n contra el reflujo)<\/li>\n<li data-charcodes=\"8226\" data-font=\"Arial,Sans-Serif\" data-buautonum=\"8\" data-margin=\"450\" data-aria-posinset=\"3\" data-aria-level=\"1\">Presi\u00f3n de funcionamiento: m\u00edn. 3 bar &#8211; m\u00e1x. 6 bar. La parte de la unidad que soporta el agua es resistente a presiones de hasta 10 bares y cumple con la Directiva Europea 97\/23\/CE relativa a los equipos a presi\u00f3n.<\/li>\n<li data-charcodes=\"8226\" data-font=\"Arial,Sans-Serif\" data-buautonum=\"8\" data-margin=\"450\" data-aria-posinset=\"3\" data-aria-level=\"1\"><b>Certificado de precinto: <\/b>cada Biodin\u00e1mizer se prueba a una presi\u00f3n de 10 bares durante 3 minutos bajo el agua para comprobar su estanqueidad<\/li>\n<li data-charcodes=\"8226\" data-font=\"Arial,Sans-Serif\" data-buautonum=\"8\" data-margin=\"450\" data-aria-posinset=\"3\" data-aria-level=\"1\"><b>Garant\u00eda <\/b><b>5 a\u00f1os<\/b><\/li>\n<li data-charcodes=\"8226\" data-font=\"Arial,Sans-Serif\" data-buautonum=\"8\" data-margin=\"450\" data-aria-posinset=\"3\" data-aria-level=\"1\">de lat\u00f3n con rosca macho de 3\/4 de pulgada<\/li>\n<li data-charcodes=\"8226\" data-font=\"Arial,Sans-Serif\" data-buautonum=\"8\" data-margin=\"450\" data-aria-posinset=\"3\" data-aria-level=\"1\">Peso y dimensiones biodynamizer (incl. accesorios): peso: +\/- 19 kg (+ 2,2 L de agua en la unidad), dimensiones: longitud (con conexiones)<br \/>\n= 90 cm x di\u00e1metro exterior del cilindro: 16 cm,<\/li>\n<li data-charcodes=\"8226\" data-font=\"Arial,Sans-Serif\" data-buautonum=\"8\" data-margin=\"450\" data-aria-posinset=\"3\" data-aria-level=\"1\">El biodynamizer es fabricado por S.A. Dynamized Technologies &#8211; 10, Sentier Muraes 1440, Braine le Ch\u00e2teau B\u00e9lgica &#8211; IVA: BE 0646898542 &#8211; n\u00famero de empresa ECB 0646898542<\/li>\n<\/ul>\n<\/div><\/div><\/div><\/div><\/div><\/div><\/div><\/section><section class=\"l-section wpb_row height_medium\"><div class=\"l-section-h i-cf\"><div class=\"g-cols vc_row via_flex valign_top type_default reversed stacking_default\"><div class=\"vc_col-sm-12 wpb_column vc_column_container\"><div class=\"vc_column-inner\"><div class=\"wpb_wrapper\"><div class=\"wpb_text_column\"><div class=\"wpb_wrapper\"><h2>El biodynamizer es el dinamizador de agua m\u00e1s completo del mercado porque aplica <span style=\"text-decoration: underline;\"><a ref=\"magnificPopup\" href=\"https:\/\/biodynamizer.com\/wp-content\/uploads\/2022\/10\/21-principios-de-dinamizacion-del-agua-Biodynamizer-ES-1.png\">21 principios de dinamizaci\u00f3n del agua<\/a><\/span>.<\/h2>\n<\/div><\/div><div class=\"w-separator size_medium\"><\/div><div class=\"w-image align_none\"><div class=\"w-image-h\"><img decoding=\"async\" width=\"1024\" height=\"584\" src=\"https:\/\/biodynamizer.com\/wp-content\/uploads\/2022\/10\/21-principios-de-dinamizacion-del-agua-Biodynamizer-ES-1-1024x584.png\" class=\"attachment-large size-large\" alt=\"Les 21 principes de dynamisation de l\u2019eau avec le biodynamiseur.\" loading=\"lazy\" srcset=\"https:\/\/biodynamizer.com\/wp-content\/uploads\/2022\/10\/21-principios-de-dinamizacion-del-agua-Biodynamizer-ES-1-1024x584.png 1024w, https:\/\/biodynamizer.com\/wp-content\/uploads\/2022\/10\/21-principios-de-dinamizacion-del-agua-Biodynamizer-ES-1-300x171.png 300w\" sizes=\"auto, (max-width: 1024px) 100vw, 1024px\" \/><\/div><\/div><\/div><\/div><\/div><\/div><\/div><\/section><section class=\"l-section wpb_row height_auto\"><div class=\"l-section-h i-cf\"><div class=\"g-cols vc_row via_flex valign_top type_default stacking_default\"><div class=\"vc_col-sm-12 wpb_column vc_column_container\"><div class=\"vc_column-inner\"><div class=\"wpb_wrapper\"><div class=\"w-separator size_medium\"><\/div><div class=\"w-btn-wrapper align_center\"><a class=\"w-btn us-btn-style_1\" title=\"Brochure ES\" target=\"_blank\" rel=\"nofollow\" href=\"https:\/\/biodynamizer.com\/wp-content\/uploads\/2022\/11\/Biodynamizer-Flyer-160x160-SP-V10-web.pdf\"><span class=\"w-btn-label\">Folleto Biodynamizer<\/span><\/a><\/div><\/div><\/div><\/div><\/div><\/div><\/section><section class=\"l-section wpb_row height_auto\"><div class=\"l-section-h i-cf\"><div class=\"g-cols vc_row via_flex valign_top type_default stacking_default\"><div class=\"vc_col-sm-12 wpb_column vc_column_container\"><div class=\"vc_column-inner\"><div class=\"wpb_wrapper\"><div class=\"w-separator size_medium\"><\/div><div class=\"w-btn-wrapper align_center\"><a class=\"w-btn us-btn-style_1\" title=\"Brochure ES\" target=\"_blank\" rel=\"nofollow\" href=\"https:\/\/biodynamizer.com\/wp-content\/uploads\/2023\/11\/Declaration-of-Conformity-Biodynamizer-EN-2023.11.02-scaled.jpg\"><span class=\"w-btn-label\">Certificado de Conformidad<\/span><\/a><\/div><\/div><\/div><\/div><\/div><\/div><\/section>\n","protected":false},"excerpt":{"rendered":"Inicio\/P\u00e1ginasLa hoja de datos del biodynamizer Mecanismo: Se aplican 21 principios de dinamizaci\u00f3n, incluyendo v\u00f3rtices mec\u00e1nicos y campos magn\u00e9ticos + transmisi\u00f3n de frecuencia natural. Sin mantenimiento, sin consumibles\u00a0\u200b Caudal: 3,6 m3\/hora a 3 bares (paso en 1 seg.), una p\u00e9rdida insignificante de presi\u00f3n (caudal) en la instalaci\u00f3n (-4%), es decir, un caudal suficiente para una...","protected":false},"author":3,"featured_media":0,"parent":5979,"menu_order":5,"comment_status":"closed","ping_status":"closed","template":"","meta":{"_monsterinsights_skip_tracking":false,"_monsterinsights_sitenote_active":false,"_monsterinsights_sitenote_note":"","_monsterinsights_sitenote_category":0,"footnotes":""},"class_list":["post-6663","page","type-page","status-publish","hentry"],"yoast_head":"<!-- This site is optimized with the Yoast SEO plugin v27.3 - https:\/\/yoast.com\/product\/yoast-seo-wordpress\/ -->\n<title>Ficha t\u00e9cnica - Biodynamizer<\/title>\n<meta name=\"description\" content=\"Biodynamizer - Ficha t\u00e9cnica - En savoir plus sur le biodynamizer et le biofiltre\" \/>\n<meta name=\"robots\" content=\"index, follow, max-snippet:-1, max-image-preview:large, max-video-preview:-1\" \/>\n<link rel=\"canonical\" href=\"https:\/\/biodynamizer.com\/es\/nuestras-soluciones\/el-biodynamizer\/ficha-tecnica\/\" \/>\n<meta property=\"og:locale\" content=\"es_ES\" \/>\n<meta property=\"og:type\" content=\"article\" \/>\n<meta property=\"og:title\" content=\"Ficha t\u00e9cnica - Biodynamizer\" \/>\n<meta property=\"og:description\" content=\"Biodynamizer - Ficha t\u00e9cnica - En savoir plus sur le biodynamizer et le biofiltre\" \/>\n<meta property=\"og:url\" content=\"https:\/\/biodynamizer.com\/es\/nuestras-soluciones\/el-biodynamizer\/ficha-tecnica\/\" \/>\n<meta property=\"og:site_name\" content=\"Biodynamizer\" \/>\n<meta property=\"article:modified_time\" content=\"2026-02-16T14:06:07+00:00\" \/>\n<meta property=\"og:image\" content=\"https:\/\/biodynamizer.com\/wp-content\/uploads\/2019\/11\/Depositphotos_15742931_xl-2015.jpg\" \/>\n\t<meta property=\"og:image:width\" content=\"2000\" \/>\n\t<meta property=\"og:image:height\" content=\"1333\" \/>\n\t<meta property=\"og:image:type\" content=\"image\/jpeg\" \/>\n<meta name=\"twitter:card\" content=\"summary_large_image\" \/>\n<meta name=\"twitter:label1\" content=\"Tiempo de lectura\" \/>\n\t<meta name=\"twitter:data1\" content=\"3 minutos\" \/>\n<script type=\"application\/ld+json\" class=\"yoast-schema-graph\">{\"@context\":\"https:\\\/\\\/schema.org\",\"@graph\":[{\"@type\":\"WebPage\",\"@id\":\"https:\\\/\\\/biodynamizer.com\\\/es\\\/nuestras-soluciones\\\/el-biodynamizer\\\/ficha-tecnica\\\/\",\"url\":\"https:\\\/\\\/biodynamizer.com\\\/es\\\/nuestras-soluciones\\\/el-biodynamizer\\\/ficha-tecnica\\\/\",\"name\":\"Ficha t\u00e9cnica - Biodynamizer\",\"isPartOf\":{\"@id\":\"https:\\\/\\\/biodynamizer.com\\\/es\\\/#website\"},\"datePublished\":\"2020-01-16T09:42:11+00:00\",\"dateModified\":\"2026-02-16T14:06:07+00:00\",\"description\":\"Biodynamizer - Ficha t\u00e9cnica - En savoir plus sur le biodynamizer et le biofiltre\",\"breadcrumb\":{\"@id\":\"https:\\\/\\\/biodynamizer.com\\\/es\\\/nuestras-soluciones\\\/el-biodynamizer\\\/ficha-tecnica\\\/#breadcrumb\"},\"inLanguage\":\"es\",\"potentialAction\":[{\"@type\":\"ReadAction\",\"target\":[\"https:\\\/\\\/biodynamizer.com\\\/es\\\/nuestras-soluciones\\\/el-biodynamizer\\\/ficha-tecnica\\\/\"]}]},{\"@type\":\"BreadcrumbList\",\"@id\":\"https:\\\/\\\/biodynamizer.com\\\/es\\\/nuestras-soluciones\\\/el-biodynamizer\\\/ficha-tecnica\\\/#breadcrumb\",\"itemListElement\":[{\"@type\":\"ListItem\",\"position\":1,\"name\":\"Home\",\"item\":\"https:\\\/\\\/biodynamizer.com\\\/es\\\/\"},{\"@type\":\"ListItem\",\"position\":2,\"name\":\"Nuestras soluciones\",\"item\":\"https:\\\/\\\/biodynamizer.com\\\/es\\\/nuestras-soluciones\\\/\"},{\"@type\":\"ListItem\",\"position\":3,\"name\":\"El Biodynamizer\",\"item\":\"https:\\\/\\\/biodynamizer.com\\\/es\\\/nuestras-soluciones\\\/el-biodynamizer\\\/\"},{\"@type\":\"ListItem\",\"position\":4,\"name\":\"Ficha t\u00e9cnica\"}]},{\"@type\":\"WebSite\",\"@id\":\"https:\\\/\\\/biodynamizer.com\\\/es\\\/#website\",\"url\":\"https:\\\/\\\/biodynamizer.com\\\/es\\\/\",\"name\":\"Biodynamizer\",\"description\":\"Filtrez et dynamisez votre eau\",\"potentialAction\":[{\"@type\":\"SearchAction\",\"target\":{\"@type\":\"EntryPoint\",\"urlTemplate\":\"https:\\\/\\\/biodynamizer.com\\\/es\\\/?s={search_term_string}\"},\"query-input\":{\"@type\":\"PropertyValueSpecification\",\"valueRequired\":true,\"valueName\":\"search_term_string\"}}],\"inLanguage\":\"es\"}]}<\/script>\n<!-- \/ Yoast SEO plugin. -->","yoast_head_json":{"title":"Ficha t\u00e9cnica - Biodynamizer","description":"Biodynamizer - Ficha t\u00e9cnica - En savoir plus sur le biodynamizer et le biofiltre","robots":{"index":"index","follow":"follow","max-snippet":"max-snippet:-1","max-image-preview":"max-image-preview:large","max-video-preview":"max-video-preview:-1"},"canonical":"https:\/\/biodynamizer.com\/es\/nuestras-soluciones\/el-biodynamizer\/ficha-tecnica\/","og_locale":"es_ES","og_type":"article","og_title":"Ficha t\u00e9cnica - Biodynamizer","og_description":"Biodynamizer - Ficha t\u00e9cnica - En savoir plus sur le biodynamizer et le biofiltre","og_url":"https:\/\/biodynamizer.com\/es\/nuestras-soluciones\/el-biodynamizer\/ficha-tecnica\/","og_site_name":"Biodynamizer","article_modified_time":"2026-02-16T14:06:07+00:00","og_image":[{"width":2000,"height":1333,"url":"https:\/\/biodynamizer.com\/wp-content\/uploads\/2019\/11\/Depositphotos_15742931_xl-2015.jpg","type":"image\/jpeg"}],"twitter_card":"summary_large_image","twitter_misc":{"Tiempo de lectura":"3 minutos"},"schema":{"@context":"https:\/\/schema.org","@graph":[{"@type":"WebPage","@id":"https:\/\/biodynamizer.com\/es\/nuestras-soluciones\/el-biodynamizer\/ficha-tecnica\/","url":"https:\/\/biodynamizer.com\/es\/nuestras-soluciones\/el-biodynamizer\/ficha-tecnica\/","name":"Ficha t\u00e9cnica - Biodynamizer","isPartOf":{"@id":"https:\/\/biodynamizer.com\/es\/#website"},"datePublished":"2020-01-16T09:42:11+00:00","dateModified":"2026-02-16T14:06:07+00:00","description":"Biodynamizer - Ficha t\u00e9cnica - En savoir plus sur le biodynamizer et le biofiltre","breadcrumb":{"@id":"https:\/\/biodynamizer.com\/es\/nuestras-soluciones\/el-biodynamizer\/ficha-tecnica\/#breadcrumb"},"inLanguage":"es","potentialAction":[{"@type":"ReadAction","target":["https:\/\/biodynamizer.com\/es\/nuestras-soluciones\/el-biodynamizer\/ficha-tecnica\/"]}]},{"@type":"BreadcrumbList","@id":"https:\/\/biodynamizer.com\/es\/nuestras-soluciones\/el-biodynamizer\/ficha-tecnica\/#breadcrumb","itemListElement":[{"@type":"ListItem","position":1,"name":"Home","item":"https:\/\/biodynamizer.com\/es\/"},{"@type":"ListItem","position":2,"name":"Nuestras soluciones","item":"https:\/\/biodynamizer.com\/es\/nuestras-soluciones\/"},{"@type":"ListItem","position":3,"name":"El Biodynamizer","item":"https:\/\/biodynamizer.com\/es\/nuestras-soluciones\/el-biodynamizer\/"},{"@type":"ListItem","position":4,"name":"Ficha t\u00e9cnica"}]},{"@type":"WebSite","@id":"https:\/\/biodynamizer.com\/es\/#website","url":"https:\/\/biodynamizer.com\/es\/","name":"Biodynamizer","description":"Filtrez et dynamisez votre eau","potentialAction":[{"@type":"SearchAction","target":{"@type":"EntryPoint","urlTemplate":"https:\/\/biodynamizer.com\/es\/?s={search_term_string}"},"query-input":{"@type":"PropertyValueSpecification","valueRequired":true,"valueName":"search_term_string"}}],"inLanguage":"es"}]}},"_links":{"self":[{"href":"https:\/\/biodynamizer.com\/es\/wp-json\/wp\/v2\/pages\/6663","targetHints":{"allow":["GET"]}}],"collection":[{"href":"https:\/\/biodynamizer.com\/es\/wp-json\/wp\/v2\/pages"}],"about":[{"href":"https:\/\/biodynamizer.com\/es\/wp-json\/wp\/v2\/types\/page"}],"author":[{"embeddable":true,"href":"https:\/\/biodynamizer.com\/es\/wp-json\/wp\/v2\/users\/3"}],"replies":[{"embeddable":true,"href":"https:\/\/biodynamizer.com\/es\/wp-json\/wp\/v2\/comments?post=6663"}],"version-history":[{"count":78,"href":"https:\/\/biodynamizer.com\/es\/wp-json\/wp\/v2\/pages\/6663\/revisions"}],"predecessor-version":[{"id":31324,"href":"https:\/\/biodynamizer.com\/es\/wp-json\/wp\/v2\/pages\/6663\/revisions\/31324"}],"up":[{"embeddable":true,"href":"https:\/\/biodynamizer.com\/es\/wp-json\/wp\/v2\/pages\/5979"}],"wp:attachment":[{"href":"https:\/\/biodynamizer.com\/es\/wp-json\/wp\/v2\/media?parent=6663"}],"curies":[{"name":"wp","href":"https:\/\/api.w.org\/{rel}","templated":true}]}}