{"id":6725,"date":"2020-01-16T08:47:15","date_gmt":"2020-01-16T08:47:15","guid":{"rendered":"https:\/\/biodynamizer.spleen-creation.be\/nos-solutions\/le-biodynamizer\/le-magnetisme\/"},"modified":"2024-05-11T14:00:45","modified_gmt":"2024-05-11T14:00:45","slug":"el-magnetismo","status":"publish","type":"page","link":"https:\/\/biodynamizer.com\/es\/nuestras-soluciones\/el-biodynamizer\/el-magnetismo\/","title":{"rendered":"magnetismo en el biodynamizer"},"content":{"rendered":"<section class=\"l-section wpb_row us_custom_916fdabd height_small\"><div class=\"l-section-h i-cf\"><div class=\"g-cols vc_row via_flex valign_top type_default stacking_default\"><div class=\"vc_col-sm-12 wpb_column vc_column_container\"><div class=\"vc_column-inner\"><div class=\"wpb_wrapper\"><nav class=\"g-breadcrumbs separator_custom align_none\" itemscope itemtype=\"http:\/\/schema.org\/BreadcrumbList\"><div class=\"g-breadcrumbs-item\" itemscope itemprop=\"itemListElement\" itemtype=\"http:\/\/schema.org\/ListItem\"><a itemprop=\"item\" href=\"https:\/\/biodynamizer.com\/es\/\"><span itemprop=\"name\">Inicio<\/span><\/a><meta itemprop=\"position\" content=\"1\"\/><\/div><div class=\"g-breadcrumbs-separator\">\/<\/div><div class=\"g-breadcrumbs-item\">P\u00e1ginas<\/div><\/nav><\/div><\/div><\/div><\/div><\/div><\/section><section class=\"l-section wpb_row fullheader height_huge with_img\"><div class=\"l-section-img\" role=\"img\" aria-label=\"Imagen\" data-img-width=\"1029\" data-img-height=\"581\" style=\"background-image: url(https:\/\/biodynamizer.com\/wp-content\/uploads\/2020\/01\/spacewaves.png);background-repeat: no-repeat;\"><\/div><div class=\"l-section-h i-cf\"><div class=\"g-cols vc_row via_flex valign_top type_default stacking_default\"><div class=\"vc_col-sm-12 wpb_column vc_column_container has_text_color\"><div class=\"vc_column-inner us_custom_6df4bc3a\"><div class=\"wpb_wrapper\"><div class=\"wpb_text_column\"><div class=\"wpb_wrapper\"><h3>Magnetismo en el biodynamizer<\/h3>\n<\/div><\/div><\/div><\/div><\/div><\/div><\/div><\/section><section class=\"l-section wpb_row height_medium\"><div class=\"l-section-h i-cf\"><div class=\"g-cols vc_row via_flex valign_middle type_default stacking_default\"><div class=\"vc_col-sm-6 wpb_column vc_column_container has_text_color\"><div class=\"vc_column-inner us_custom_4dcae655\"><div class=\"wpb_wrapper\"><div class=\"w-image align_center\"><div class=\"w-image-h\"><img decoding=\"async\" width=\"685\" height=\"1024\" src=\"https:\/\/biodynamizer.com\/wp-content\/uploads\/2022\/10\/Magnetisme-magnetism-Biodynamizer-685x1024.png\" class=\"attachment-large size-large\" alt=\"Magn\u00e9tisme - magnetism - Biodynamizer\" loading=\"lazy\" srcset=\"https:\/\/biodynamizer.com\/wp-content\/uploads\/2022\/10\/Magnetisme-magnetism-Biodynamizer-685x1024.png 685w, https:\/\/biodynamizer.com\/wp-content\/uploads\/2022\/10\/Magnetisme-magnetism-Biodynamizer-201x300.png 201w, https:\/\/biodynamizer.com\/wp-content\/uploads\/2022\/10\/Magnetisme-magnetism-Biodynamizer.png 1210w\" sizes=\"auto, (max-width: 685px) 100vw, 685px\" \/><\/div><\/div><\/div><\/div><\/div><div class=\"vc_col-sm-6 wpb_column vc_column_container\"><div class=\"vc_column-inner\"><div class=\"wpb_wrapper\"><div class=\"wpb_text_column\"><div class=\"wpb_wrapper\"><h1>El magnetismo en el biodynamizer: Imanes anulares<\/h1>\n<\/div><\/div><div class=\"wpb_text_column\"><div class=\"wpb_wrapper\"><p>Emisiones de campos magn\u00e9ticos emitidos por <strong>varios\u00a0anillos magn\u00e9ticos naturales<\/strong> en tierras raras, uno de los cuales est\u00e1 ba\u00f1ado en <strong>oro<\/strong> ;<\/p>\n<p>\u00a1Hay una <strong>interacci\u00f3n y amplificaci\u00f3n de energ\u00eda muy fuerte entre el campo magn\u00e9tico toroidal y el v\u00f3rtice columnar de agua<\/strong> en el embudo hiperb\u00f3lico!<\/p>\n<\/div><\/div><div class=\"w-btn-wrapper align_none\"><a class=\"w-btn us-btn-style_1\" title=\"Le magn\u00e9tisme dans le Biodynamizer\u00ae va\" href=\"https:\/\/biodynamizer.com\/es\/informacion-adicional\/el-magnetismo-en-el-biodynamizer\/\"><span class=\"w-btn-label\">M\u00c1S INFORMACI\u00d3N<\/span><\/a><\/div><\/div><\/div><\/div><\/div><\/div><\/section><section class=\"l-section wpb_row height_medium\"><div class=\"l-section-h i-cf\"><div class=\"g-cols vc_row via_flex valign_middle type_default stacking_default\"><div class=\"vc_col-sm-6 wpb_column vc_column_container\"><div class=\"vc_column-inner us_custom_192de34e\"><div class=\"wpb_wrapper\"><div class=\"w-image align_center\"><div class=\"w-image-h\"><img decoding=\"async\" width=\"546\" height=\"400\" src=\"https:\/\/biodynamizer.com\/wp-content\/uploads\/2020\/03\/New-Project-11.jpg\" class=\"attachment-large size-large\" alt=\"une carte de la terre montrant l&#039;\u00e9nergie magn\u00e9tique\" loading=\"lazy\" srcset=\"https:\/\/biodynamizer.com\/wp-content\/uploads\/2020\/03\/New-Project-11.jpg 546w, https:\/\/biodynamizer.com\/wp-content\/uploads\/2020\/03\/New-Project-11-300x220.jpg 300w\" sizes=\"auto, (max-width: 546px) 100vw, 546px\" \/><\/div><\/div><div class=\"wpb_text_column\"><div class=\"wpb_wrapper\"><p style=\"text-align: center;\">Cr\u00e9dito de la imagen &#8211; ESA\/ATG medialab<\/p>\n<\/div><\/div><\/div><\/div><\/div><div class=\"vc_col-sm-6 wpb_column vc_column_container\"><div class=\"vc_column-inner\"><div class=\"wpb_wrapper\"><div class=\"wpb_text_column\"><div class=\"wpb_wrapper\"><h1>La energ\u00eda magn\u00e9tica, una energ\u00eda natural bajo nuestros pies que da energ\u00eda al agua.<\/h1>\n<\/div><\/div><div class=\"wpb_text_column\"><div class=\"wpb_wrapper\"><p>El campo magn\u00e9tico de la Tierra se produce por la rotaci\u00f3n de la Tierra (movimiento en sentido contrario a las agujas del reloj), que genera los metales y rocas fundidas situadas a una profundidad de 1.500 metros en la corteza terrestre, corrientes el\u00e9ctricas que son recogidas por los minerales inorg\u00e1nicos. Son estos minerales los que el agua se llevar\u00e1 durante su ciclo. El magnetismo de la Tierra es de alrededor de 0,5 Gauss (0,05 mT). El campo magn\u00e9tico es siempre perpendicular al campo electromagn\u00e9tico (y viceversa). El magnetismo es energ\u00eda (en forma de fotones) que es capturada por el agua en su estructura y a trav\u00e9s de los minerales que lleva!<\/p>\n<\/div><\/div><\/div><\/div><\/div><\/div><\/div><\/section><section class=\"l-section wpb_row height_medium\"><div class=\"l-section-h i-cf\"><div class=\"g-cols vc_row via_flex valign_middle type_default stacking_default\"><div class=\"vc_col-sm-12 wpb_column vc_column_container\"><div class=\"vc_column-inner us_custom_192de34e\"><div class=\"wpb_wrapper\"><div class=\"wpb_text_column\"><div class=\"wpb_wrapper\"><h1>Campos magn\u00e9ticos y agua.<\/h1>\n<\/div><\/div><div class=\"wpb_text_column\"><div class=\"wpb_wrapper\"><ul>\n<li>Los campos magn\u00e9ticos fluyen del Norte Magn\u00e9tico (Polo Sur geogr\u00e1fico) al Sur Magn\u00e9tico<\/li>\n<li>El campo magn\u00e9tico es, junto con el campo el\u00e9ctrico, uno de los 2 componentes del campo electromagn\u00e9tico (que se caracteriza por sus longitudes de onda\/frecuencias y su energ\u00eda = fotones)<\/li>\n<li>Los campos magn\u00e9ticos polarizan las mol\u00e9culas de agua (y por lo tanto neutralizan la contaminaci\u00f3n electromagn\u00e9tica artificial presente en el agua) y les transfieren energ\u00eda (movimientos de electrones que intercambian fotones virtuales)<\/li>\n<\/ul>\n<\/div><\/div><div class=\"w-image align_center\"><div class=\"w-image-h\"><img decoding=\"async\" width=\"1024\" height=\"335\" src=\"https:\/\/biodynamizer.com\/wp-content\/uploads\/2024\/05\/Magnetisation-polarisation-molecules-Eau-1024x335.png\" class=\"attachment-large size-large\" alt=\"Magn\u00e9tisation - polarisation mol\u00e9cules Eau\" loading=\"lazy\" srcset=\"https:\/\/biodynamizer.com\/wp-content\/uploads\/2024\/05\/Magnetisation-polarisation-molecules-Eau-1024x335.png 1024w, https:\/\/biodynamizer.com\/wp-content\/uploads\/2024\/05\/Magnetisation-polarisation-molecules-Eau-300x98.png 300w, https:\/\/biodynamizer.com\/wp-content\/uploads\/2024\/05\/Magnetisation-polarisation-molecules-Eau-600x196.png 600w, https:\/\/biodynamizer.com\/wp-content\/uploads\/2024\/05\/Magnetisation-polarisation-molecules-Eau.png 1453w\" sizes=\"auto, (max-width: 1024px) 100vw, 1024px\" \/><\/div><\/div><div class=\"wpb_text_column\"><div class=\"wpb_wrapper\"><p style=\"text-align: center;\">Los imanes permanentes reestructuran los enlaces de hidr\u00f3geno polarizando dipolos de H2O<\/p>\n<\/div><\/div><div class=\"wpb_text_column\"><div class=\"wpb_wrapper\"><ul>\n<li>En efecto, cualquier l\u00edquido conductor (agua con minerales = agua de la ciudad) en movimiento (v\u00f3rtice) en un tubo de metal (cobre) expuesto a campos magn\u00e9ticos (imanes permanentes) ve nacer en su interior corrientes el\u00e9ctricas con carga electronegativa que ionizar\u00e1n el agua (transferencias de electrones que modificar\u00e1n su carga el\u00e9ctrica) y producen tensi\u00f3n en las membranas celulares y esto en proporci\u00f3n a la velocidad del flujo de agua (amplitud) y la potencia de los campos magn\u00e9ticos emitidos: \u00ab<em>cuando un fluido de suficiente conductividad est\u00e1 en movimiento , las l\u00edneas de fuerzas magn\u00e9ticas siguen las l\u00edneas de flujo de agua y el campo magn\u00e9tico es proporcional al estiramiento de las l\u00edneas y, por lo tanto, a medida que las l\u00edneas de fuerzas magn\u00e9ticas se estiran, el campo magn\u00e9tico tambi\u00e9n se fortalecer\u00e1<\/em>\u00bb ; Control over nanocrystalization in turbulent flow in the presence of magnetic fields, S. Kobe 2003.<\/li>\n<li>Los imanes permanentes del Biodynamizer est\u00e1n hechos de tierras raras naturales (imanes de neodimio muy potentes). Tienen una estructura cristalina tetragonal que les confiere una anisotrop\u00eda magn\u00e9tica muy alta. Esto les da propiedades magn\u00e9ticas superiores (gradientes) en la direcci\u00f3n de la energ\u00eda magn\u00e9tica hacia el agua que fluye. Existe una interacci\u00f3n muy fuerte entre la energ\u00eda magn\u00e9tica emitida por los imanes permanentes y la energ\u00eda cin\u00e9tica del movimiento de v\u00f3rtice que sigue el agua en el Biodinamizador (sus energ\u00edas cin\u00e9tica y magn\u00e9tica se amplifican mutuamente.<\/li>\n<li>Adem\u00e1s, uno de los imanes anulares del Biodinamizer est\u00e1 chapado en oro fino de 24K para poder transmitir una frecuencia de dinamizaci\u00f3n espec\u00edfica al agua.<\/li>\n<\/ul>\n<\/div><\/div><\/div><\/div><\/div><\/div><\/div><\/section>\n","protected":false},"excerpt":{"rendered":"Inicio\/P\u00e1ginasMagnetismo en el biodynamizer El magnetismo en el biodynamizer: Imanes anulares Emisiones de campos magn\u00e9ticos emitidos por varios\u00a0anillos magn\u00e9ticos naturales en tierras raras, uno de los cuales est\u00e1 ba\u00f1ado en oro ; \u00a1Hay una interacci\u00f3n y amplificaci\u00f3n de energ\u00eda muy fuerte entre el campo magn\u00e9tico toroidal y el v\u00f3rtice columnar de agua en el embudo...","protected":false},"author":3,"featured_media":0,"parent":5979,"menu_order":3,"comment_status":"closed","ping_status":"closed","template":"","meta":{"_monsterinsights_skip_tracking":false,"_monsterinsights_sitenote_active":false,"_monsterinsights_sitenote_note":"","_monsterinsights_sitenote_category":0,"footnotes":""},"class_list":["post-6725","page","type-page","status-publish","hentry"],"yoast_head":"<!-- This site is optimized with the Yoast SEO plugin v27.4 - https:\/\/yoast.com\/product\/yoast-seo-wordpress\/ -->\n<title>magnetismo en el biodynamizer - Biodynamizer<\/title>\n<meta name=\"description\" content=\"Le champ magn\u00e9tique est toujours perpendiculaire au champ \u00e9lectromagn\u00e9tique (et vice versa). Le magn\u00e9tisme c\u2019est de l\u2019\u00e9nergie (sous forme de photons) qui est capt\u00e9e par l\u2019eau dans sa structure et via les min\u00e9raux qu\u2019elle transporte !\" \/>\n<meta name=\"robots\" content=\"index, follow, max-snippet:-1, max-image-preview:large, max-video-preview:-1\" \/>\n<link rel=\"canonical\" href=\"https:\/\/biodynamizer.com\/es\/nuestras-soluciones\/el-biodynamizer\/el-magnetismo\/\" \/>\n<meta property=\"og:locale\" content=\"es_ES\" \/>\n<meta property=\"og:type\" content=\"article\" \/>\n<meta property=\"og:title\" content=\"magnetismo en el biodynamizer - Biodynamizer\" \/>\n<meta property=\"og:description\" content=\"Le champ magn\u00e9tique est toujours perpendiculaire au champ \u00e9lectromagn\u00e9tique (et vice versa). Le magn\u00e9tisme c\u2019est de l\u2019\u00e9nergie (sous forme de photons) qui est capt\u00e9e par l\u2019eau dans sa structure et via les min\u00e9raux qu\u2019elle transporte !\" \/>\n<meta property=\"og:url\" content=\"https:\/\/biodynamizer.com\/es\/nuestras-soluciones\/el-biodynamizer\/el-magnetismo\/\" \/>\n<meta property=\"og:site_name\" content=\"Biodynamizer\" \/>\n<meta property=\"article:modified_time\" content=\"2024-05-11T14:00:45+00:00\" \/>\n<meta property=\"og:image\" content=\"https:\/\/biodynamizer.com\/wp-content\/uploads\/2019\/11\/Depositphotos_15742931_xl-2015.jpg\" \/>\n\t<meta property=\"og:image:width\" content=\"2000\" \/>\n\t<meta property=\"og:image:height\" content=\"1333\" \/>\n\t<meta property=\"og:image:type\" content=\"image\/jpeg\" \/>\n<meta name=\"twitter:card\" content=\"summary_large_image\" \/>\n<meta name=\"twitter:label1\" content=\"Tiempo de lectura\" \/>\n\t<meta name=\"twitter:data1\" content=\"3 minutos\" \/>\n<script type=\"application\/ld+json\" class=\"yoast-schema-graph\">{\"@context\":\"https:\\\/\\\/schema.org\",\"@graph\":[{\"@type\":\"WebPage\",\"@id\":\"https:\\\/\\\/biodynamizer.com\\\/es\\\/nuestras-soluciones\\\/el-biodynamizer\\\/el-magnetismo\\\/\",\"url\":\"https:\\\/\\\/biodynamizer.com\\\/es\\\/nuestras-soluciones\\\/el-biodynamizer\\\/el-magnetismo\\\/\",\"name\":\"magnetismo en el biodynamizer - Biodynamizer\",\"isPartOf\":{\"@id\":\"https:\\\/\\\/biodynamizer.com\\\/es\\\/#website\"},\"datePublished\":\"2020-01-16T08:47:15+00:00\",\"dateModified\":\"2024-05-11T14:00:45+00:00\",\"description\":\"Le champ magn\u00e9tique est toujours perpendiculaire au champ \u00e9lectromagn\u00e9tique (et vice versa). Le magn\u00e9tisme c\u2019est de l\u2019\u00e9nergie (sous forme de photons) qui est capt\u00e9e par l\u2019eau dans sa structure et via les min\u00e9raux qu\u2019elle transporte !\",\"breadcrumb\":{\"@id\":\"https:\\\/\\\/biodynamizer.com\\\/es\\\/nuestras-soluciones\\\/el-biodynamizer\\\/el-magnetismo\\\/#breadcrumb\"},\"inLanguage\":\"es\",\"potentialAction\":[{\"@type\":\"ReadAction\",\"target\":[\"https:\\\/\\\/biodynamizer.com\\\/es\\\/nuestras-soluciones\\\/el-biodynamizer\\\/el-magnetismo\\\/\"]}]},{\"@type\":\"BreadcrumbList\",\"@id\":\"https:\\\/\\\/biodynamizer.com\\\/es\\\/nuestras-soluciones\\\/el-biodynamizer\\\/el-magnetismo\\\/#breadcrumb\",\"itemListElement\":[{\"@type\":\"ListItem\",\"position\":1,\"name\":\"Home\",\"item\":\"https:\\\/\\\/biodynamizer.com\\\/es\\\/\"},{\"@type\":\"ListItem\",\"position\":2,\"name\":\"Nuestras soluciones\",\"item\":\"https:\\\/\\\/biodynamizer.com\\\/es\\\/nuestras-soluciones\\\/\"},{\"@type\":\"ListItem\",\"position\":3,\"name\":\"El Biodynamizer\",\"item\":\"https:\\\/\\\/biodynamizer.com\\\/es\\\/nuestras-soluciones\\\/el-biodynamizer\\\/\"},{\"@type\":\"ListItem\",\"position\":4,\"name\":\"magnetismo en el biodynamizer\"}]},{\"@type\":\"WebSite\",\"@id\":\"https:\\\/\\\/biodynamizer.com\\\/es\\\/#website\",\"url\":\"https:\\\/\\\/biodynamizer.com\\\/es\\\/\",\"name\":\"Biodynamizer\",\"description\":\"Filtrez et dynamisez votre eau\",\"potentialAction\":[{\"@type\":\"SearchAction\",\"target\":{\"@type\":\"EntryPoint\",\"urlTemplate\":\"https:\\\/\\\/biodynamizer.com\\\/es\\\/?s={search_term_string}\"},\"query-input\":{\"@type\":\"PropertyValueSpecification\",\"valueRequired\":true,\"valueName\":\"search_term_string\"}}],\"inLanguage\":\"es\"}]}<\/script>\n<!-- \/ Yoast SEO plugin. -->","yoast_head_json":{"title":"magnetismo en el biodynamizer - Biodynamizer","description":"Le champ magn\u00e9tique est toujours perpendiculaire au champ \u00e9lectromagn\u00e9tique (et vice versa). Le magn\u00e9tisme c\u2019est de l\u2019\u00e9nergie (sous forme de photons) qui est capt\u00e9e par l\u2019eau dans sa structure et via les min\u00e9raux qu\u2019elle transporte !","robots":{"index":"index","follow":"follow","max-snippet":"max-snippet:-1","max-image-preview":"max-image-preview:large","max-video-preview":"max-video-preview:-1"},"canonical":"https:\/\/biodynamizer.com\/es\/nuestras-soluciones\/el-biodynamizer\/el-magnetismo\/","og_locale":"es_ES","og_type":"article","og_title":"magnetismo en el biodynamizer - Biodynamizer","og_description":"Le champ magn\u00e9tique est toujours perpendiculaire au champ \u00e9lectromagn\u00e9tique (et vice versa). Le magn\u00e9tisme c\u2019est de l\u2019\u00e9nergie (sous forme de photons) qui est capt\u00e9e par l\u2019eau dans sa structure et via les min\u00e9raux qu\u2019elle transporte !","og_url":"https:\/\/biodynamizer.com\/es\/nuestras-soluciones\/el-biodynamizer\/el-magnetismo\/","og_site_name":"Biodynamizer","article_modified_time":"2024-05-11T14:00:45+00:00","og_image":[{"width":2000,"height":1333,"url":"https:\/\/biodynamizer.com\/wp-content\/uploads\/2019\/11\/Depositphotos_15742931_xl-2015.jpg","type":"image\/jpeg"}],"twitter_card":"summary_large_image","twitter_misc":{"Tiempo de lectura":"3 minutos"},"schema":{"@context":"https:\/\/schema.org","@graph":[{"@type":"WebPage","@id":"https:\/\/biodynamizer.com\/es\/nuestras-soluciones\/el-biodynamizer\/el-magnetismo\/","url":"https:\/\/biodynamizer.com\/es\/nuestras-soluciones\/el-biodynamizer\/el-magnetismo\/","name":"magnetismo en el biodynamizer - Biodynamizer","isPartOf":{"@id":"https:\/\/biodynamizer.com\/es\/#website"},"datePublished":"2020-01-16T08:47:15+00:00","dateModified":"2024-05-11T14:00:45+00:00","description":"Le champ magn\u00e9tique est toujours perpendiculaire au champ \u00e9lectromagn\u00e9tique (et vice versa). Le magn\u00e9tisme c\u2019est de l\u2019\u00e9nergie (sous forme de photons) qui est capt\u00e9e par l\u2019eau dans sa structure et via les min\u00e9raux qu\u2019elle transporte !","breadcrumb":{"@id":"https:\/\/biodynamizer.com\/es\/nuestras-soluciones\/el-biodynamizer\/el-magnetismo\/#breadcrumb"},"inLanguage":"es","potentialAction":[{"@type":"ReadAction","target":["https:\/\/biodynamizer.com\/es\/nuestras-soluciones\/el-biodynamizer\/el-magnetismo\/"]}]},{"@type":"BreadcrumbList","@id":"https:\/\/biodynamizer.com\/es\/nuestras-soluciones\/el-biodynamizer\/el-magnetismo\/#breadcrumb","itemListElement":[{"@type":"ListItem","position":1,"name":"Home","item":"https:\/\/biodynamizer.com\/es\/"},{"@type":"ListItem","position":2,"name":"Nuestras soluciones","item":"https:\/\/biodynamizer.com\/es\/nuestras-soluciones\/"},{"@type":"ListItem","position":3,"name":"El Biodynamizer","item":"https:\/\/biodynamizer.com\/es\/nuestras-soluciones\/el-biodynamizer\/"},{"@type":"ListItem","position":4,"name":"magnetismo en el biodynamizer"}]},{"@type":"WebSite","@id":"https:\/\/biodynamizer.com\/es\/#website","url":"https:\/\/biodynamizer.com\/es\/","name":"Biodynamizer","description":"Filtrez et dynamisez votre eau","potentialAction":[{"@type":"SearchAction","target":{"@type":"EntryPoint","urlTemplate":"https:\/\/biodynamizer.com\/es\/?s={search_term_string}"},"query-input":{"@type":"PropertyValueSpecification","valueRequired":true,"valueName":"search_term_string"}}],"inLanguage":"es"}]}},"_links":{"self":[{"href":"https:\/\/biodynamizer.com\/es\/wp-json\/wp\/v2\/pages\/6725","targetHints":{"allow":["GET"]}}],"collection":[{"href":"https:\/\/biodynamizer.com\/es\/wp-json\/wp\/v2\/pages"}],"about":[{"href":"https:\/\/biodynamizer.com\/es\/wp-json\/wp\/v2\/types\/page"}],"author":[{"embeddable":true,"href":"https:\/\/biodynamizer.com\/es\/wp-json\/wp\/v2\/users\/3"}],"replies":[{"embeddable":true,"href":"https:\/\/biodynamizer.com\/es\/wp-json\/wp\/v2\/comments?post=6725"}],"version-history":[{"count":18,"href":"https:\/\/biodynamizer.com\/es\/wp-json\/wp\/v2\/pages\/6725\/revisions"}],"predecessor-version":[{"id":22757,"href":"https:\/\/biodynamizer.com\/es\/wp-json\/wp\/v2\/pages\/6725\/revisions\/22757"}],"up":[{"embeddable":true,"href":"https:\/\/biodynamizer.com\/es\/wp-json\/wp\/v2\/pages\/5979"}],"wp:attachment":[{"href":"https:\/\/biodynamizer.com\/es\/wp-json\/wp\/v2\/media?parent=6725"}],"curies":[{"name":"wp","href":"https:\/\/api.w.org\/{rel}","templated":true}]}}