{"id":6733,"date":"2020-01-14T10:37:18","date_gmt":"2020-01-14T10:37:18","guid":{"rendered":"https:\/\/biodynamizer.spleen-creation.be\/nos-solutions\/le-biofiltre\/"},"modified":"2025-07-11T07:17:33","modified_gmt":"2025-07-11T07:17:33","slug":"el-biofiltre","status":"publish","type":"page","link":"https:\/\/biodynamizer.com\/es\/nuestras-soluciones\/el-biofiltre\/","title":{"rendered":"El Biofiltre"},"content":{"rendered":"<section class=\"l-section wpb_row us_custom_916fdabd height_small\"><div class=\"l-section-h i-cf\"><div class=\"g-cols vc_row via_flex valign_top type_default stacking_default\"><div class=\"vc_col-sm-12 wpb_column vc_column_container\"><div class=\"vc_column-inner\"><div class=\"wpb_wrapper\"><nav class=\"g-breadcrumbs separator_custom align_none\" itemscope itemtype=\"http:\/\/schema.org\/BreadcrumbList\"><div class=\"g-breadcrumbs-item\" itemscope itemprop=\"itemListElement\" itemtype=\"http:\/\/schema.org\/ListItem\"><a itemprop=\"item\" href=\"https:\/\/biodynamizer.com\/es\/\"><span itemprop=\"name\">Inicio<\/span><\/a><meta itemprop=\"position\" content=\"1\"\/><\/div><div class=\"g-breadcrumbs-separator\">\/<\/div><div class=\"g-breadcrumbs-item\">P\u00e1ginas<\/div><\/nav><\/div><\/div><\/div><\/div><\/div><\/section><section class=\"l-section wpb_row us_custom_72fc42ef height_auto width_full\"><div class=\"l-section-h i-cf\"><div class=\"g-cols vc_row via_flex valign_top type_default stacking_default\"><div class=\"vc_col-sm-6 wpb_column vc_column_container max500 has_text_color\"><div class=\"vc_column-inner us_custom_4dcae655\"><div class=\"wpb_wrapper\"><div class=\"w-separator size_medium\"><\/div><div class=\"w-separator size_medium\"><\/div><div class=\"w-image align_right\"><div class=\"w-image-h\"><img decoding=\"async\" width=\"1024\" height=\"707\" src=\"https:\/\/biodynamizer.com\/wp-content\/uploads\/2024\/01\/Biofiltre-bleu-verre-deau-1024x707.png\" class=\"attachment-large size-large\" alt=\"Biofiltre bleu + verre d&#039;eau\" loading=\"lazy\" srcset=\"https:\/\/biodynamizer.com\/wp-content\/uploads\/2024\/01\/Biofiltre-bleu-verre-deau-1024x707.png 1024w, https:\/\/biodynamizer.com\/wp-content\/uploads\/2024\/01\/Biofiltre-bleu-verre-deau-300x207.png 300w, https:\/\/biodynamizer.com\/wp-content\/uploads\/2024\/01\/Biofiltre-bleu-verre-deau-579x400.png 579w, https:\/\/biodynamizer.com\/wp-content\/uploads\/2024\/01\/Biofiltre-bleu-verre-deau.png 1874w\" sizes=\"auto, (max-width: 1024px) 100vw, 1024px\" \/><\/div><\/div><\/div><\/div><\/div><div class=\"vc_col-sm-6 wpb_column vc_column_container tekstsideblock\"><div class=\"vc_column-inner\"><div class=\"wpb_wrapper\"><div class=\"wpb_text_column\"><div class=\"wpb_wrapper\"><h1><img loading=\"lazy\" decoding=\"async\" class=\"alignnone wp-image-20967 size-medium\" src=\"https:\/\/biodynamizer.com\/wp-content\/uploads\/2023\/12\/Logo-Biofilter-hor-300x108.png\" alt=\"\" width=\"300\" height=\"108\" srcset=\"https:\/\/biodynamizer.com\/wp-content\/uploads\/2023\/12\/Logo-Biofilter-hor-300x108.png 300w, https:\/\/biodynamizer.com\/wp-content\/uploads\/2023\/12\/Logo-Biofilter-hor-600x216.png 600w, https:\/\/biodynamizer.com\/wp-content\/uploads\/2023\/12\/Logo-Biofilter-hor.png 707w\" sizes=\"auto, (max-width: 300px) 100vw, 300px\" \/><\/h1>\n<\/div><\/div><div class=\"wpb_text_column\"><div class=\"wpb_wrapper\"><p>Antes de <b><a href=\"https:\/\/biodynamizer.com\/es\/nuestras-soluciones\/\">dinamizar<\/a><\/b> toda el agua de la ciudad en una casa, es importante eliminar cualquier <b><a href=\"https:\/\/biodynamizer.com\/es\/informacion-adicional\/eficiencia-del-biofiltro\/\">contaminante<\/a><\/b> que pueda contener. Estos pueden provenir de microcontaminantes que no han sido retenidos por la planta de tratamiento o los de las tuber\u00edas de agua corriente arriba del contador de agua individual (contaminaci\u00f3n por agua estancada, fugas, trabajo, etc.). Para ello proponemos una nueva tecnolog\u00eda de filtraci\u00f3n con carb\u00f3n activado comprimido en una fibra hueca que integra plata ionizada. Este filtro es probablemente el m\u00e1s eficiente y efectivo del mercado y eliminar\u00e1 la mayor\u00eda de los contaminantes que a\u00fan estar\u00edan presentes en el agua de la ciudad (ver al respecto nuestro estudio de <a href=\"https:\/\/biodynamizer.com\/es\/informacion-adicional\/eficiencia-del-biofiltro\/\"><span style=\"text-decoration: underline;\"><strong>la eficacia del Biofiltro<\/strong><\/span><\/a>).<\/p>\n<\/div><\/div><div class=\"w-btn-wrapper align_none\"><a class=\"w-btn us-btn-style_1\" target=\"_blank\" rel=\"nofollow\" href=\"https:\/\/biodynamizer.com\/wp-content\/uploads\/2024\/10\/Biodynamizer-Flyer-160x160-SP-Client_2-web.pdf\"><span class=\"w-btn-label\">Folleto de Biofiltre<\/span><\/a><\/div><div class=\"w-btn-wrapper align_none\"><a class=\"w-btn us-btn-style_1 us_custom_8b3d6790 has_text_color\" target=\"_blank\" rel=\"nofollow\" href=\"https:\/\/shop.biodynamizer.com\/es\/shop\"><span class=\"w-btn-label\">Comprar ahora<\/span><\/a><\/div><\/div><\/div><\/div><\/div><\/div><\/section><section class=\"l-section wpb_row height_auto width_full\"><div class=\"l-section-h i-cf\"><div class=\"g-cols vc_row via_flex valign_top type_default reversed stacking_default\"><div class=\"vc_col-sm-6 wpb_column vc_column_container tekstsideblock\"><div class=\"vc_column-inner\"><div class=\"wpb_wrapper\"><div class=\"wpb_text_column\"><div class=\"wpb_wrapper\"><h2><b>\u00bf<\/b><b>Por qu\u00e9 filtrar el agua de la ciudad?<\/b><\/h2>\n<h2><\/h2>\n<\/div><\/div><div class=\"wpb_text_column\"><div class=\"wpb_wrapper\"><p>Antes de biodinamizar toda el agua de la ciudad en una casa, es importante eliminar cualquier contaminante que pueda contener. Estos pueden provenir de microcontaminantes que no han sido retenidos por la planta de tratamiento o los de las tuber\u00edas de agua corriente arriba del contador de agua individual (contaminaci\u00f3n por agua estancada, fugas, trabajo, etc.).<\/p>\n<p><b>Filtraci\u00f3n de carb\u00f3n activado<\/b><\/p>\n<p>Para ello, proponemos una filtraci\u00f3n con carb\u00f3n activado comprimido en una fibra que integra plata ionizada que eliminar\u00e1 la mayor\u00eda de los contaminantes (medidos en microgramos \u00b5g\/L) que a\u00fan estar\u00edan presentes en el agua de la ciudad (es decir, cloro, malos sabores y olores, corrosi\u00f3n de tuber\u00edas, bacterias, pesticidas org\u00e1nicos, los PFAS, metales pesados &#8230;). Esta filtraci\u00f3n preserva los oligoelementos (medidos en \u00b5g\/L) del agua que son totalmente asimilados por el organismo, as\u00ed como los minerales inorg\u00e1nicos (medidos en mg\/L) que son parcialmente metabolizados y son los receptores de la energ\u00eda presente en el agua. \u200b<\/p>\n<p>Por lo tanto, la piedra caliza no es eliminada por el filtro como lo hace un <u><b><a href=\"https:\/\/biodynamizer.com\/es\/nuestras-soluciones\/el-biodynamizer\/el-hito\/\">suavizante,<\/a><\/b><\/u> sino que ser\u00e1 <u><b><a href=\"https:\/\/biodynamizer.com\/es\/nuestras-soluciones\/el-biodynamizer\/eliminacion-de-minerales\/\">reestructurada<\/a><\/b><\/u> por el biodynamizer, transform\u00e1ndola de calcita a aragonito, lo que evitar\u00e1 que se incruste en las tuber\u00edas sanitarias.<\/p>\n<p>Los minerales tampoco se eliminan como lo har\u00eda una <b><a href=\"https:\/\/biodynamizer.com\/es\/nuestras-soluciones\/el-biodynamizer\/la-osmosis-de-agua\/\">m\u00e1quina de \u00f3smosis,<\/a><\/b> pero su forma i\u00f3nica se transforma en forma coloidal por el biodynamizer, de modo que pueden ser m\u00e1s f\u00e1cilmente evacuados a trav\u00e9s de las heces (y en parte a trav\u00e9s de la orina sin sobrecargar los ri\u00f1ones (v\u00e9ase el estudio de la <b><a href=\"https:\/\/biodynamizer.com\/es\/analisis-cientificos\/analisis-bev-bio-electronico-de-las-vinces-observadas-un-caracter-antioxidante-del-agua-manifestado\/\">BEV<\/a><\/b>).<\/p>\n<\/div><\/div><div class=\"w-separator size_medium\"><\/div><\/div><\/div><\/div><div class=\"vc_col-sm-6 wpb_column vc_column_container imagesideblock has_bg_color\"><div class=\"vc_column-inner us_custom_c74c4f48\"><div class=\"wpb_wrapper\"><\/div><\/div><\/div><\/div><\/div><\/section><section class=\"l-section wpb_row us_custom_7704f25f height_medium\"><div class=\"l-section-h i-cf\"><div class=\"g-cols vc_row via_flex valign_top type_default stacking_default\"><div class=\"vc_col-sm-8 wpb_column vc_column_container\"><div class=\"vc_column-inner us_custom_19737bc8\"><div class=\"wpb_wrapper\"><div class=\"wpb_text_column blauwtekst\"><div class=\"wpb_wrapper\"><h2><strong><img loading=\"lazy\" decoding=\"async\" class=\"alignnone wp-image-20972 size-medium\" src=\"https:\/\/biodynamizer.com\/wp-content\/uploads\/2023\/12\/Logo-Biofilter-ver-300x238.png\" alt=\"\" width=\"300\" height=\"238\" srcset=\"https:\/\/biodynamizer.com\/wp-content\/uploads\/2023\/12\/Logo-Biofilter-ver-300x238.png 300w, https:\/\/biodynamizer.com\/wp-content\/uploads\/2023\/12\/Logo-Biofilter-ver-505x400.png 505w, https:\/\/biodynamizer.com\/wp-content\/uploads\/2023\/12\/Logo-Biofilter-ver.png 511w\" sizes=\"auto, (max-width: 300px) 100vw, 300px\" \/><\/strong><\/h2>\n<\/div><\/div><div class=\"wpb_text_column\"><div class=\"wpb_wrapper\"><h2><b>Ficha t\u00e9cnica<\/b><\/h2>\n<ul>\n<li><a href=\"https:\/\/biodynamizer.com\/es\/informacion-adicional\/funcionamiento-del-biofiltro-acervo-ultrafiltracion-paradigitacion-selectiva-oxigenacion\/\" target=\"_blank\" rel=\"noopener\"><span style=\"text-decoration: underline;\"><strong>Tecnolog\u00eda de triple filtraci\u00f3n de alto rendimiento<\/strong><\/span><\/a><\/li>\n<li>Conexi\u00f3n despu\u00e9s del contador de agua fr\u00eda (m\u00e1x.38 \u00b0 C)<\/li>\n<li>Alojamiento: Polipropileno reforzado con fibra de vidrio (PP GF 10)<\/li>\n<li>Capacidad: 150m3 y hasta un m\u00e1ximo de 1 a\u00f1o<\/li>\n<li>Caudal: 1,5 m3\/hora (o 25 L\/mn)<\/li>\n<li>M\u00e1xima presi\u00f3n de funcionamiento: 6,5 bares, p\u00e9rdida de presi\u00f3n 0,1 bar si la presi\u00f3n del agua de la red: 1,5 &gt;&lt; 6 bares.<\/li>\n<li>Garant\u00eda legal (2 a\u00f1os)<\/li>\n<li>Accesorios de lat\u00f3n blanco de 3\/4 de<\/li>\n<li>Dimensiones : \u200b\n<ul>\n<li>Alto: 606 mm x Di\u00e1metro: 225 mm<\/li>\n<li>Peso: Estuche: 3,4 Kg + Cartucho Bio Pro: 3,5 Kg = 6,9 kg<\/li>\n<\/ul>\n<\/li>\n<li>Certificado de Cumplimiento Sanitario emitido por el laboratorio Carso: n\u00b0 21 ACC LY 990<\/li>\n<\/ul>\n<\/div><\/div>[vc_raw_html]JTNDYSUyMG5hbWUlM0QlMjJjYXJ0b3VjaGUlMjIlM0UlM0MlMkZhJTNF[\/vc_raw_html]<div class=\"g-cols wpb_row us_custom_72fc42ef via_flex valign_top type_default stacking_default\"><div class=\"vc_col-sm-12 wpb_column vc_column_container\"><div class=\"vc_column-inner\"><div class=\"wpb_wrapper\"><div class=\"w-btn-wrapper align_justify\"><a class=\"w-btn us-btn-style_1\" title=\"Eficacia del Biofiltro \" href=\"https:\/\/biodynamizer.com\/es\/informacion-adicional\/eficiencia-del-biofiltro\/\"><span class=\"w-btn-label\">Eficiencia del biofiltre<\/span><\/a><\/div><div class=\"w-btn-wrapper align_justify\"><a class=\"w-btn us-btn-style_1\" href=\"https:\/\/biodynamizer.com\/es\/informacion-adicional\/funcionamiento-del-biofiltro-acervo-ultrafiltracion-paradigitacion-selectiva-oxigenacion\/\"><span class=\"w-btn-label\">Funcionamiento del biofiltre<\/span><\/a><\/div><\/div><\/div><\/div><\/div><\/div><\/div><\/div><div class=\"vc_col-sm-4 wpb_column vc_column_container\"><div class=\"vc_column-inner\"><div class=\"wpb_wrapper\"><div class=\"w-separator size_huge\"><\/div><div class=\"w-separator size_huge\"><\/div><div class=\"w-image align_center\"><div class=\"w-image-h\"><img decoding=\"async\" width=\"688\" height=\"1024\" src=\"https:\/\/biodynamizer.com\/wp-content\/uploads\/2024\/01\/Biofiltre-bleu-cartouche-Bio-Pro-transparent-688x1024.png\" class=\"attachment-large size-large\" alt=\"Biofiltre bleu + cartouche Bio Pro transparent\" loading=\"lazy\" srcset=\"https:\/\/biodynamizer.com\/wp-content\/uploads\/2024\/01\/Biofiltre-bleu-cartouche-Bio-Pro-transparent-688x1024.png 688w, https:\/\/biodynamizer.com\/wp-content\/uploads\/2024\/01\/Biofiltre-bleu-cartouche-Bio-Pro-transparent-202x300.png 202w, https:\/\/biodynamizer.com\/wp-content\/uploads\/2024\/01\/Biofiltre-bleu-cartouche-Bio-Pro-transparent-269x400.png 269w, https:\/\/biodynamizer.com\/wp-content\/uploads\/2024\/01\/Biofiltre-bleu-cartouche-Bio-Pro-transparent.png 1195w\" sizes=\"auto, (max-width: 688px) 100vw, 688px\" \/><\/div><\/div><\/div><\/div><\/div><\/div><\/div><\/section><section class=\"l-section wpb_row us_custom_19737bc8 height_medium width_full\"><div class=\"l-section-h i-cf\"><div class=\"g-cols vc_row via_flex valign_middle type_default reversed stacking_default\"><div class=\"vc_col-sm-6 wpb_column vc_column_container tekstsideblock\"><div class=\"vc_column-inner\"><div class=\"wpb_wrapper\"><div class=\"wpb_text_column\"><div class=\"wpb_wrapper\"><h2><b>Mantenimiento del biofiltre: sustituci\u00f3n del Bio Pro cartucho filtrante<\/b><\/h2>\n<h2><\/h2>\n<\/div><\/div><div class=\"wpb_text_column us_custom_19737bc8\"><div class=\"wpb_wrapper\"><p>El Biofiltre contiene un cartucho filtrante (Bio Pro) con una capacidad de 150 m3 (150.000 litros) y un m\u00e1ximo de 1 a\u00f1o. Seg\u00fan el n\u00famero de consumidores, esto equivale a un consumo de agua de +\/- 12 meses a 5 personas (con un consumo medio de 30m3\/a\u00f1o\/persona). Es importante sustituir el cartucho filtrante despu\u00e9s de alcanzar estos par\u00e1metros porque, m\u00e1s all\u00e1 de la capacidad indicada, el cartucho puede atascarse y perder eficacia, \u00a1con la consecuencia de que su carga microbiana puede llegar a ser excesiva! \u00a1El cartucho puede ser cambiado en 5 minutos sin la intervenci\u00f3n de un plomero! Es aconsejable dejar correr el agua durante 5 minutos despu\u00e9s de cambiar el cartucho! El aire se escapar\u00e1 a trav\u00e9s del grifo de agua abierto (el aspecto opaco del agua es en realidad aire mezclado con agua). Despu\u00e9s de varios minutos de flujo de agua, el aire en las tuber\u00edas desaparecer\u00e1 y el agua ser\u00e1 transparente de nuevo inmediatamente!<\/p>\n<p>Dadas las variables de consumo, calidad del agua e instalaci\u00f3n sanitaria, la responsabilidad de la renovaci\u00f3n de los cartuchos recae en el cliente y no en SA Dynamized Technologies. \u200b<\/p>\n<p>Al sustituir el cartucho, tambi\u00e9n es \u00fatil comprobar la eficacia de las juntas t\u00f3ricas que sellan la carcasa del filtro (para garantizar su estanqueidad).<\/p>\n<p><strong>Consulte las instrucciones de reemplazo del Bio Pro cartucho del Biofilter en la pesta\u00f1a \u00abBiblioteca\u00bb del sitio web.<\/strong><\/p>\n<\/div><\/div><\/div><\/div><\/div><div class=\"vc_col-sm-6 wpb_column vc_column_container\"><div class=\"vc_column-inner\"><div class=\"wpb_wrapper\"><div class=\"w-image max500 align_left\"><div class=\"w-image-h\"><img decoding=\"async\" width=\"1000\" height=\"1000\" src=\"https:\/\/biodynamizer.com\/wp-content\/uploads\/2023\/07\/B520_Pro_cut_fr_1000-1.jpg\" class=\"attachment-large size-large\" alt=\"Filtre b520 pro\" loading=\"lazy\" srcset=\"https:\/\/biodynamizer.com\/wp-content\/uploads\/2023\/07\/B520_Pro_cut_fr_1000-1.jpg 1000w, https:\/\/biodynamizer.com\/wp-content\/uploads\/2023\/07\/B520_Pro_cut_fr_1000-1-300x300.jpg 300w, https:\/\/biodynamizer.com\/wp-content\/uploads\/2023\/07\/B520_Pro_cut_fr_1000-1-150x150.jpg 150w, https:\/\/biodynamizer.com\/wp-content\/uploads\/2023\/07\/B520_Pro_cut_fr_1000-1-600x600.jpg 600w, https:\/\/biodynamizer.com\/wp-content\/uploads\/2023\/07\/B520_Pro_cut_fr_1000-1-350x350.jpg 350w, https:\/\/biodynamizer.com\/wp-content\/uploads\/2023\/07\/B520_Pro_cut_fr_1000-1-400x400.jpg 400w, https:\/\/biodynamizer.com\/wp-content\/uploads\/2023\/07\/B520_Pro_cut_fr_1000-1-200x200.jpg 200w\" sizes=\"auto, (max-width: 1000px) 100vw, 1000px\" \/><\/div><\/div><\/div><\/div><\/div><\/div><\/div><\/section><section class=\"l-section wpb_row height_auto\"><div class=\"l-section-h i-cf\"><div class=\"g-cols vc_row via_flex valign_top type_default stacking_default\"><div class=\"vc_col-sm-12 wpb_column vc_column_container tekstsideblock3\"><div class=\"vc_column-inner us_custom_50cc7d67\"><div class=\"wpb_wrapper\"><div class=\"w-btn-wrapper align_center\"><a class=\"w-btn us-btn-style_4 us_custom_8d5aa4e2 buttonicoon\" title=\"Commander\" href=\"https:\/\/biodynamizer.com\/es\/pedir\/\"><span class=\"w-btn-label\">Pedir un filtro o cartucho<\/span><\/a><\/div><\/div><\/div><\/div><\/div><\/div><\/section>\n","protected":false},"excerpt":{"rendered":"Inicio\/P\u00e1ginas Antes de dinamizar toda el agua de la ciudad en una casa, es importante eliminar cualquier contaminante que pueda contener. Estos pueden provenir de microcontaminantes que no han sido retenidos por la planta de tratamiento o los de las tuber\u00edas de agua corriente arriba del contador de agua individual (contaminaci\u00f3n por agua estancada, fugas,...","protected":false},"author":3,"featured_media":0,"parent":5963,"menu_order":0,"comment_status":"closed","ping_status":"closed","template":"","meta":{"_monsterinsights_skip_tracking":false,"_monsterinsights_sitenote_active":false,"_monsterinsights_sitenote_note":"","_monsterinsights_sitenote_category":0,"footnotes":""},"class_list":["post-6733","page","type-page","status-publish","hentry"],"yoast_head":"<!-- This site is optimized with the Yoast SEO plugin v27.3 - https:\/\/yoast.com\/product\/yoast-seo-wordpress\/ -->\n<title>El Biofiltre - Biodynamizer<\/title>\n<meta name=\"description\" content=\"El Biofiltro es un filtro de carb\u00f3n activado con una superficie de adsorci\u00f3n que retiene la mayor\u00eda de los contaminantes presentes en el agua del grifo. \u00a1Es fundamental purificar el agua antes de dinamizarla!\" \/>\n<meta name=\"robots\" content=\"index, follow, max-snippet:-1, max-image-preview:large, max-video-preview:-1\" \/>\n<link rel=\"canonical\" href=\"https:\/\/biodynamizer.com\/es\/nuestras-soluciones\/el-biofiltre\/\" \/>\n<meta property=\"og:locale\" content=\"es_ES\" \/>\n<meta property=\"og:type\" content=\"article\" \/>\n<meta property=\"og:title\" content=\"El Biofiltre - Biodynamizer\" \/>\n<meta property=\"og:description\" content=\"El Biofiltro es un filtro de carb\u00f3n activado con una superficie de adsorci\u00f3n que retiene la mayor\u00eda de los contaminantes presentes en el agua del grifo. \u00a1Es fundamental purificar el agua antes de dinamizarla!\" \/>\n<meta property=\"og:url\" content=\"https:\/\/biodynamizer.com\/es\/nuestras-soluciones\/el-biofiltre\/\" \/>\n<meta property=\"og:site_name\" content=\"Biodynamizer\" \/>\n<meta property=\"article:modified_time\" content=\"2025-07-11T07:17:33+00:00\" \/>\n<meta property=\"og:image\" content=\"https:\/\/biodynamizer.com\/wp-content\/uploads\/2023\/12\/Logo-Biofilter-hor-300x108.png\" \/>\n<meta name=\"twitter:card\" content=\"summary_large_image\" \/>\n<meta name=\"twitter:label1\" content=\"Tiempo de lectura\" \/>\n\t<meta name=\"twitter:data1\" content=\"5 minutos\" \/>\n<script type=\"application\/ld+json\" class=\"yoast-schema-graph\">{\"@context\":\"https:\\\/\\\/schema.org\",\"@graph\":[{\"@type\":\"WebPage\",\"@id\":\"https:\\\/\\\/biodynamizer.com\\\/es\\\/nuestras-soluciones\\\/el-biofiltre\\\/\",\"url\":\"https:\\\/\\\/biodynamizer.com\\\/es\\\/nuestras-soluciones\\\/el-biofiltre\\\/\",\"name\":\"El Biofiltre - Biodynamizer\",\"isPartOf\":{\"@id\":\"https:\\\/\\\/biodynamizer.com\\\/es\\\/#website\"},\"primaryImageOfPage\":{\"@id\":\"https:\\\/\\\/biodynamizer.com\\\/es\\\/nuestras-soluciones\\\/el-biofiltre\\\/#primaryimage\"},\"image\":{\"@id\":\"https:\\\/\\\/biodynamizer.com\\\/es\\\/nuestras-soluciones\\\/el-biofiltre\\\/#primaryimage\"},\"thumbnailUrl\":\"https:\\\/\\\/biodynamizer.com\\\/wp-content\\\/uploads\\\/2023\\\/12\\\/Logo-Biofilter-hor-300x108.png\",\"datePublished\":\"2020-01-14T10:37:18+00:00\",\"dateModified\":\"2025-07-11T07:17:33+00:00\",\"description\":\"El Biofiltro es un filtro de carb\u00f3n activado con una superficie de adsorci\u00f3n que retiene la mayor\u00eda de los contaminantes presentes en el agua del grifo. \u00a1Es fundamental purificar el agua antes de dinamizarla!\",\"breadcrumb\":{\"@id\":\"https:\\\/\\\/biodynamizer.com\\\/es\\\/nuestras-soluciones\\\/el-biofiltre\\\/#breadcrumb\"},\"inLanguage\":\"es\",\"potentialAction\":[{\"@type\":\"ReadAction\",\"target\":[\"https:\\\/\\\/biodynamizer.com\\\/es\\\/nuestras-soluciones\\\/el-biofiltre\\\/\"]}]},{\"@type\":\"ImageObject\",\"inLanguage\":\"es\",\"@id\":\"https:\\\/\\\/biodynamizer.com\\\/es\\\/nuestras-soluciones\\\/el-biofiltre\\\/#primaryimage\",\"url\":\"https:\\\/\\\/biodynamizer.com\\\/wp-content\\\/uploads\\\/2023\\\/12\\\/Logo-Biofilter-hor-300x108.png\",\"contentUrl\":\"https:\\\/\\\/biodynamizer.com\\\/wp-content\\\/uploads\\\/2023\\\/12\\\/Logo-Biofilter-hor-300x108.png\"},{\"@type\":\"BreadcrumbList\",\"@id\":\"https:\\\/\\\/biodynamizer.com\\\/es\\\/nuestras-soluciones\\\/el-biofiltre\\\/#breadcrumb\",\"itemListElement\":[{\"@type\":\"ListItem\",\"position\":1,\"name\":\"Home\",\"item\":\"https:\\\/\\\/biodynamizer.com\\\/es\\\/\"},{\"@type\":\"ListItem\",\"position\":2,\"name\":\"Nuestras soluciones\",\"item\":\"https:\\\/\\\/biodynamizer.com\\\/es\\\/nuestras-soluciones\\\/\"},{\"@type\":\"ListItem\",\"position\":3,\"name\":\"El Biofiltre\"}]},{\"@type\":\"WebSite\",\"@id\":\"https:\\\/\\\/biodynamizer.com\\\/es\\\/#website\",\"url\":\"https:\\\/\\\/biodynamizer.com\\\/es\\\/\",\"name\":\"Biodynamizer\",\"description\":\"Filtrez et dynamisez votre eau\",\"potentialAction\":[{\"@type\":\"SearchAction\",\"target\":{\"@type\":\"EntryPoint\",\"urlTemplate\":\"https:\\\/\\\/biodynamizer.com\\\/es\\\/?s={search_term_string}\"},\"query-input\":{\"@type\":\"PropertyValueSpecification\",\"valueRequired\":true,\"valueName\":\"search_term_string\"}}],\"inLanguage\":\"es\"}]}<\/script>\n<!-- \/ Yoast SEO plugin. -->","yoast_head_json":{"title":"El Biofiltre - Biodynamizer","description":"El Biofiltro es un filtro de carb\u00f3n activado con una superficie de adsorci\u00f3n que retiene la mayor\u00eda de los contaminantes presentes en el agua del grifo. \u00a1Es fundamental purificar el agua antes de dinamizarla!","robots":{"index":"index","follow":"follow","max-snippet":"max-snippet:-1","max-image-preview":"max-image-preview:large","max-video-preview":"max-video-preview:-1"},"canonical":"https:\/\/biodynamizer.com\/es\/nuestras-soluciones\/el-biofiltre\/","og_locale":"es_ES","og_type":"article","og_title":"El Biofiltre - Biodynamizer","og_description":"El Biofiltro es un filtro de carb\u00f3n activado con una superficie de adsorci\u00f3n que retiene la mayor\u00eda de los contaminantes presentes en el agua del grifo. \u00a1Es fundamental purificar el agua antes de dinamizarla!","og_url":"https:\/\/biodynamizer.com\/es\/nuestras-soluciones\/el-biofiltre\/","og_site_name":"Biodynamizer","article_modified_time":"2025-07-11T07:17:33+00:00","og_image":[{"url":"https:\/\/biodynamizer.com\/wp-content\/uploads\/2023\/12\/Logo-Biofilter-hor-300x108.png","type":"","width":"","height":""}],"twitter_card":"summary_large_image","twitter_misc":{"Tiempo de lectura":"5 minutos"},"schema":{"@context":"https:\/\/schema.org","@graph":[{"@type":"WebPage","@id":"https:\/\/biodynamizer.com\/es\/nuestras-soluciones\/el-biofiltre\/","url":"https:\/\/biodynamizer.com\/es\/nuestras-soluciones\/el-biofiltre\/","name":"El Biofiltre - Biodynamizer","isPartOf":{"@id":"https:\/\/biodynamizer.com\/es\/#website"},"primaryImageOfPage":{"@id":"https:\/\/biodynamizer.com\/es\/nuestras-soluciones\/el-biofiltre\/#primaryimage"},"image":{"@id":"https:\/\/biodynamizer.com\/es\/nuestras-soluciones\/el-biofiltre\/#primaryimage"},"thumbnailUrl":"https:\/\/biodynamizer.com\/wp-content\/uploads\/2023\/12\/Logo-Biofilter-hor-300x108.png","datePublished":"2020-01-14T10:37:18+00:00","dateModified":"2025-07-11T07:17:33+00:00","description":"El Biofiltro es un filtro de carb\u00f3n activado con una superficie de adsorci\u00f3n que retiene la mayor\u00eda de los contaminantes presentes en el agua del grifo. \u00a1Es fundamental purificar el agua antes de dinamizarla!","breadcrumb":{"@id":"https:\/\/biodynamizer.com\/es\/nuestras-soluciones\/el-biofiltre\/#breadcrumb"},"inLanguage":"es","potentialAction":[{"@type":"ReadAction","target":["https:\/\/biodynamizer.com\/es\/nuestras-soluciones\/el-biofiltre\/"]}]},{"@type":"ImageObject","inLanguage":"es","@id":"https:\/\/biodynamizer.com\/es\/nuestras-soluciones\/el-biofiltre\/#primaryimage","url":"https:\/\/biodynamizer.com\/wp-content\/uploads\/2023\/12\/Logo-Biofilter-hor-300x108.png","contentUrl":"https:\/\/biodynamizer.com\/wp-content\/uploads\/2023\/12\/Logo-Biofilter-hor-300x108.png"},{"@type":"BreadcrumbList","@id":"https:\/\/biodynamizer.com\/es\/nuestras-soluciones\/el-biofiltre\/#breadcrumb","itemListElement":[{"@type":"ListItem","position":1,"name":"Home","item":"https:\/\/biodynamizer.com\/es\/"},{"@type":"ListItem","position":2,"name":"Nuestras soluciones","item":"https:\/\/biodynamizer.com\/es\/nuestras-soluciones\/"},{"@type":"ListItem","position":3,"name":"El Biofiltre"}]},{"@type":"WebSite","@id":"https:\/\/biodynamizer.com\/es\/#website","url":"https:\/\/biodynamizer.com\/es\/","name":"Biodynamizer","description":"Filtrez et dynamisez votre eau","potentialAction":[{"@type":"SearchAction","target":{"@type":"EntryPoint","urlTemplate":"https:\/\/biodynamizer.com\/es\/?s={search_term_string}"},"query-input":{"@type":"PropertyValueSpecification","valueRequired":true,"valueName":"search_term_string"}}],"inLanguage":"es"}]}},"_links":{"self":[{"href":"https:\/\/biodynamizer.com\/es\/wp-json\/wp\/v2\/pages\/6733","targetHints":{"allow":["GET"]}}],"collection":[{"href":"https:\/\/biodynamizer.com\/es\/wp-json\/wp\/v2\/pages"}],"about":[{"href":"https:\/\/biodynamizer.com\/es\/wp-json\/wp\/v2\/types\/page"}],"author":[{"embeddable":true,"href":"https:\/\/biodynamizer.com\/es\/wp-json\/wp\/v2\/users\/3"}],"replies":[{"embeddable":true,"href":"https:\/\/biodynamizer.com\/es\/wp-json\/wp\/v2\/comments?post=6733"}],"version-history":[{"count":50,"href":"https:\/\/biodynamizer.com\/es\/wp-json\/wp\/v2\/pages\/6733\/revisions"}],"predecessor-version":[{"id":27513,"href":"https:\/\/biodynamizer.com\/es\/wp-json\/wp\/v2\/pages\/6733\/revisions\/27513"}],"up":[{"embeddable":true,"href":"https:\/\/biodynamizer.com\/es\/wp-json\/wp\/v2\/pages\/5963"}],"wp:attachment":[{"href":"https:\/\/biodynamizer.com\/es\/wp-json\/wp\/v2\/media?parent=6733"}],"curies":[{"name":"wp","href":"https:\/\/api.w.org\/{rel}","templated":true}]}}