{"id":6757,"date":"2020-01-14T08:50:29","date_gmt":"2020-01-14T08:50:29","guid":{"rendered":"https:\/\/biodynamizer.spleen-creation.be\/leau\/la-pollution\/"},"modified":"2024-05-27T07:05:46","modified_gmt":"2024-05-27T07:05:46","slug":"contaminacion","status":"publish","type":"page","link":"https:\/\/biodynamizer.com\/es\/agua\/contaminacion\/","title":{"rendered":"Contaminaci\u00f3n"},"content":{"rendered":"<section class=\"l-section wpb_row us_custom_916fdabd height_small\"><div class=\"l-section-h i-cf\"><div class=\"g-cols vc_row via_flex valign_top type_default stacking_default\"><div class=\"vc_col-sm-12 wpb_column vc_column_container\"><div class=\"vc_column-inner\"><div class=\"wpb_wrapper\"><nav class=\"g-breadcrumbs separator_custom align_none\" itemscope itemtype=\"http:\/\/schema.org\/BreadcrumbList\"><div class=\"g-breadcrumbs-item\" itemscope itemprop=\"itemListElement\" itemtype=\"http:\/\/schema.org\/ListItem\"><a itemprop=\"item\" href=\"https:\/\/biodynamizer.com\/es\/\"><span itemprop=\"name\">Inicio<\/span><\/a><meta itemprop=\"position\" content=\"1\"\/><\/div><div class=\"g-breadcrumbs-separator\">\/<\/div><div class=\"g-breadcrumbs-item\">P\u00e1ginas<\/div><\/nav><\/div><\/div><\/div><\/div><\/div><\/section><section class=\"l-section wpb_row height_auto width_full\"><div class=\"l-section-h i-cf\"><div class=\"g-cols vc_row via_flex valign_bottom type_default stacking_default\"><div class=\"vc_col-sm-6 wpb_column vc_column_container imagesideblock has_text_color has_bg_color\"><div class=\"vc_column-inner us_custom_21092267\"><div class=\"wpb_wrapper\"><\/div><\/div><\/div><div class=\"vc_col-sm-6 wpb_column vc_column_container tekstsideblock\"><div class=\"vc_column-inner\"><div class=\"wpb_wrapper\"><div class=\"wpb_text_column\"><div class=\"wpb_wrapper\"><h1><span class=\"LineBreakBlob BlobObject BCX0 SCXP178099789\">Preservemos la naturaleza: detengamos la contaminaci\u00f3n<\/span><\/h1>\n<\/div><\/div><div class=\"wpb_text_column\"><div class=\"wpb_wrapper\"><p>El agua blanca es agua abierta que no est\u00e1 atrapada en una botella. La vida es movimiento, el estancamiento es muerte. El agua dinamizada reproduce el ciclo natural del agua de forma acelerada sin ser congelada y contaminada por un recipiente de pl\u00e1stico que debe ser transportado y reciclado. El Biodynamizer, colocado justo despu\u00e9s del contador de agua, utiliza la red de agua de la ciudad para suministrar a toda la casa agua comparable al agua de la monta\u00f1a. Por lo tanto, el Biodynamizer participa en un crecimiento limpio y cualitativo en un mundo cambiante.<\/p>\n<\/div><\/div><\/div><\/div><\/div><\/div><\/div><\/section><section class=\"l-section wpb_row height_small width_full\"><div class=\"l-section-overlay\" style=\"background:rgba(172,172,172,0.2)\"><\/div><div class=\"l-section-h i-cf\"><div class=\"g-cols vc_row via_flex valign_middle type_default reversed stacking_default\"><div class=\"vc_col-sm-6 wpb_column vc_column_container tekstsideblock\"><div class=\"vc_column-inner\"><div class=\"wpb_wrapper\"><div class=\"wpb_text_column\"><div class=\"wpb_wrapper\"><h2>Preservemos nuestro planeta: \u00a1el pl\u00e1stico es catastr\u00f3fico!<\/h2>\n<\/div><\/div><div class=\"wpb_text_column\"><div class=\"wpb_wrapper\"><ul>\n<li>Contaminaci\u00f3n del agua mineral en botellas de pl\u00e1stico.\n<ul>\n<li>El PVC\/PET (Polietileno Tereftalato) se comunica con el agua por acci\u00f3n capilar. Se realizaron pruebas en 250 botellas de pl\u00e1stico de 11 marcas de los cinco continentes. Mostraron que el 93% de las botellas estaban contaminadas con microbolas de pl\u00e1stico (incluyendo polipropileno, poliestireno, nylon o PET). Hay un promedio de 325 micropart\u00edculas de pl\u00e1stico por litro de agua embotellada.<\/li>\n<li>En el 95% de los casos se encuentran rastros de disruptores endocrinos (DEHF: Di Ethylhexyl Fumarate) en el agua mineral de una botella de pl\u00e1stico.<\/li>\n<\/ul>\n<\/li>\n<li>El impacto ambiental de las botellas pl\u00e1sticas:\n<ul>\n<li>La huella de carbono de producir y transportar una botella pl\u00e1stica<br \/>\nde agua es muy pesada para el planeta (el embalaje representa el 70 %, luego el transporte el 20 % y la distribuci\u00f3n el 10 %).<\/li>\n<li>\u00a1El pl\u00e1stico se degrada en 500 a\u00f1os!<\/li>\n<li>Si no se recicla, en 2050 habr\u00e1 m\u00e1s pl\u00e1stico que pescado en el mar.<\/li>\n<\/ul>\n<\/li>\n<\/ul>\n<\/div><\/div><\/div><\/div><\/div><div class=\"vc_col-sm-6 wpb_column vc_column_container\"><div class=\"vc_column-inner\"><div class=\"wpb_wrapper\"><div class=\"w-image align_center\"><div class=\"w-image-h\"><img decoding=\"async\" width=\"1024\" height=\"683\" src=\"https:\/\/biodynamizer.com\/wp-content\/uploads\/2020\/09\/Depositphotos_338938772_xl-2015-1024x683.jpg\" class=\"attachment-large size-large\" alt=\"\" loading=\"lazy\" srcset=\"https:\/\/biodynamizer.com\/wp-content\/uploads\/2020\/09\/Depositphotos_338938772_xl-2015-1024x683.jpg 1024w, https:\/\/biodynamizer.com\/wp-content\/uploads\/2020\/09\/Depositphotos_338938772_xl-2015-300x200.jpg 300w, https:\/\/biodynamizer.com\/wp-content\/uploads\/2020\/09\/Depositphotos_338938772_xl-2015-1536x1024.jpg 1536w, https:\/\/biodynamizer.com\/wp-content\/uploads\/2020\/09\/Depositphotos_338938772_xl-2015-2048x1366.jpg 2048w, https:\/\/biodynamizer.com\/wp-content\/uploads\/2020\/09\/Depositphotos_338938772_xl-2015-600x400.jpg 600w\" sizes=\"auto, (max-width: 1024px) 100vw, 1024px\" \/><\/div><\/div><\/div><\/div><\/div><\/div><\/div><\/section><section class=\"l-section wpb_row height_medium\"><div class=\"l-section-h i-cf\"><div class=\"g-cols vc_row via_flex valign_top type_default stacking_default\"><div class=\"vc_col-sm-12 wpb_column vc_column_container\"><div class=\"vc_column-inner\"><div class=\"wpb_wrapper\"><div class=\"wpb_text_column\"><div class=\"wpb_wrapper\"><h2>Preservar nuestro planeta y la pureza de su agua<\/h2>\n<\/div><\/div><div class=\"wpb_text_column\"><div class=\"wpb_wrapper\"><p>Contaminaci\u00f3n de las aguas subterr\u00e1neas y superficiales que alimentan el suministro de agua.<\/p>\n<p>M\u00e1s de 100.000 contaminantes qu\u00edmicos (incluyendo 3.300 medicinas) terminan en el medio ambiente y por lo tanto, de alguna manera, terminan en el agua del grifo a trav\u00e9s de la contaminaci\u00f3n de las aguas subterr\u00e1neas y superficiales! Los microcontaminantes pueden tener un efecto t\u00f3xico en la salud humana y los ecosistemas, incluso en concentraciones m\u00ednimas.<\/p>\n<p>En un informe de 193 p\u00e1ginas sobre la calidad de las aguas subterr\u00e1neas que abastecen el agua del grifo en todo el territorio franc\u00e9s, un informe de junio de 2013 realiz\u00f3 400.000 an\u00e1lisis de 411 sustancias contaminantes org\u00e1nicas (fitosanitarias, farmac\u00e9uticas, industriales y agr\u00edcolas, plastificantes, contaminantes dom\u00e9sticos y sustancias peligrosas).\u00a0Los an\u00e1lisis confirmaron que en el 42% de los casos se alcanzaron los umbrales m\u00e1ximos de contaminaci\u00f3n. Por eso es esencial filtrar el agua del grifo.<\/p>\n<p>Esto es tanto m\u00e1s importante cuanto que el 67% de los franceses beben agua del grifo (fuente: el Centro de Informaci\u00f3n del Agua).<\/p>\n<\/div><\/div><div class=\"g-cols wpb_row via_flex valign_top type_default stacking_default\"><div class=\"vc_col-sm-6 wpb_column vc_column_container\"><div class=\"vc_column-inner\"><div class=\"wpb_wrapper\"><div class=\"w-image align_center\"><div class=\"w-image-h\"><img decoding=\"async\" width=\"359\" height=\"356\" src=\"https:\/\/biodynamizer.com\/wp-content\/uploads\/2020\/01\/France.png\" class=\"attachment-large size-large\" alt=\"\" loading=\"lazy\" srcset=\"https:\/\/biodynamizer.com\/wp-content\/uploads\/2020\/01\/France.png 359w, https:\/\/biodynamizer.com\/wp-content\/uploads\/2020\/01\/France-300x297.png 300w, https:\/\/biodynamizer.com\/wp-content\/uploads\/2020\/01\/France-150x150.png 150w\" sizes=\"auto, (max-width: 359px) 100vw, 359px\" \/><\/div><\/div><\/div><\/div><\/div><div class=\"vc_col-sm-6 wpb_column vc_column_container\"><div class=\"vc_column-inner\"><div class=\"wpb_wrapper\"><div class=\"w-image align_center\"><div class=\"w-image-h\"><img decoding=\"async\" width=\"1024\" height=\"553\" src=\"https:\/\/biodynamizer.com\/wp-content\/uploads\/2020\/01\/cieau-tap_water-moyenne_nationale-2018-e1580397289246-1024x553.png\" class=\"attachment-large size-large\" alt=\"\" loading=\"lazy\" srcset=\"https:\/\/biodynamizer.com\/wp-content\/uploads\/2020\/01\/cieau-tap_water-moyenne_nationale-2018-e1580397289246-1024x553.png 1024w, https:\/\/biodynamizer.com\/wp-content\/uploads\/2020\/01\/cieau-tap_water-moyenne_nationale-2018-e1580397289246-300x162.png 300w, https:\/\/biodynamizer.com\/wp-content\/uploads\/2020\/01\/cieau-tap_water-moyenne_nationale-2018-e1580397289246.png 1159w\" sizes=\"auto, (max-width: 1024px) 100vw, 1024px\" \/><\/div><\/div><div class=\"wpb_text_column\"><div class=\"wpb_wrapper\"><p><em>Cr\u00e9dito: Centro de Informaci\u00f3n del Agua \u00a9<\/em><\/p>\n<\/div><\/div><\/div><\/div><\/div><\/div><\/div><\/div><\/div><\/div><\/div><\/section>\n","protected":false},"excerpt":{"rendered":"Inicio\/P\u00e1ginasPreservemos la naturaleza: detengamos la contaminaci\u00f3n El agua blanca es agua abierta que no est\u00e1 atrapada en una botella. La vida es movimiento, el estancamiento es muerte. El agua dinamizada reproduce el ciclo natural del agua de forma acelerada sin ser congelada y contaminada por un recipiente de pl\u00e1stico que debe ser transportado y reciclado....","protected":false},"author":3,"featured_media":0,"parent":5862,"menu_order":2,"comment_status":"closed","ping_status":"closed","template":"","meta":{"_monsterinsights_skip_tracking":false,"_monsterinsights_sitenote_active":false,"_monsterinsights_sitenote_note":"","_monsterinsights_sitenote_category":0,"footnotes":""},"class_list":["post-6757","page","type-page","status-publish","hentry"],"yoast_head":"<!-- This site is optimized with the Yoast SEO plugin v27.3 - https:\/\/yoast.com\/product\/yoast-seo-wordpress\/ -->\n<title>Contaminaci\u00f3n - Biodynamizer<\/title>\n<meta name=\"description\" content=\"La pollution de l&#039;eau min\u00e9rale dans les bouteilles en plastique et leur impact environnemental sont dramatiques! Le Biodynamizer (dynamiseur ou revitaliseur d&#039;eau) \u00e9vite les bouteilles en plastique et participe donc au nettoyage de la plan\u00e8te.\" \/>\n<meta name=\"robots\" content=\"index, follow, max-snippet:-1, max-image-preview:large, max-video-preview:-1\" \/>\n<link rel=\"canonical\" href=\"https:\/\/biodynamizer.com\/es\/agua\/contaminacion\/\" \/>\n<meta property=\"og:locale\" content=\"es_ES\" \/>\n<meta property=\"og:type\" content=\"article\" \/>\n<meta property=\"og:title\" content=\"Contaminaci\u00f3n - Biodynamizer\" \/>\n<meta property=\"og:description\" content=\"La pollution de l&#039;eau min\u00e9rale dans les bouteilles en plastique et leur impact environnemental sont dramatiques! Le Biodynamizer (dynamiseur ou revitaliseur d&#039;eau) \u00e9vite les bouteilles en plastique et participe donc au nettoyage de la plan\u00e8te.\" \/>\n<meta property=\"og:url\" content=\"https:\/\/biodynamizer.com\/es\/agua\/contaminacion\/\" \/>\n<meta property=\"og:site_name\" content=\"Biodynamizer\" \/>\n<meta property=\"article:modified_time\" content=\"2024-05-27T07:05:46+00:00\" \/>\n<meta property=\"og:image\" content=\"https:\/\/biodynamizer.com\/wp-content\/uploads\/2019\/11\/Depositphotos_15742931_xl-2015.jpg\" \/>\n\t<meta property=\"og:image:width\" content=\"2000\" \/>\n\t<meta property=\"og:image:height\" content=\"1333\" \/>\n\t<meta property=\"og:image:type\" content=\"image\/jpeg\" \/>\n<meta name=\"twitter:card\" content=\"summary_large_image\" \/>\n<meta name=\"twitter:label1\" content=\"Tiempo de lectura\" \/>\n\t<meta name=\"twitter:data1\" content=\"3 minutos\" \/>\n<script type=\"application\/ld+json\" class=\"yoast-schema-graph\">{\"@context\":\"https:\\\/\\\/schema.org\",\"@graph\":[{\"@type\":\"WebPage\",\"@id\":\"https:\\\/\\\/biodynamizer.com\\\/es\\\/agua\\\/contaminacion\\\/\",\"url\":\"https:\\\/\\\/biodynamizer.com\\\/es\\\/agua\\\/contaminacion\\\/\",\"name\":\"Contaminaci\u00f3n - Biodynamizer\",\"isPartOf\":{\"@id\":\"https:\\\/\\\/biodynamizer.com\\\/es\\\/#website\"},\"datePublished\":\"2020-01-14T08:50:29+00:00\",\"dateModified\":\"2024-05-27T07:05:46+00:00\",\"description\":\"La pollution de l'eau min\u00e9rale dans les bouteilles en plastique et leur impact environnemental sont dramatiques! Le Biodynamizer (dynamiseur ou revitaliseur d'eau) \u00e9vite les bouteilles en plastique et participe donc au nettoyage de la plan\u00e8te.\",\"breadcrumb\":{\"@id\":\"https:\\\/\\\/biodynamizer.com\\\/es\\\/agua\\\/contaminacion\\\/#breadcrumb\"},\"inLanguage\":\"es\",\"potentialAction\":[{\"@type\":\"ReadAction\",\"target\":[\"https:\\\/\\\/biodynamizer.com\\\/es\\\/agua\\\/contaminacion\\\/\"]}]},{\"@type\":\"BreadcrumbList\",\"@id\":\"https:\\\/\\\/biodynamizer.com\\\/es\\\/agua\\\/contaminacion\\\/#breadcrumb\",\"itemListElement\":[{\"@type\":\"ListItem\",\"position\":1,\"name\":\"Home\",\"item\":\"https:\\\/\\\/biodynamizer.com\\\/es\\\/\"},{\"@type\":\"ListItem\",\"position\":2,\"name\":\"Agua\",\"item\":\"https:\\\/\\\/biodynamizer.com\\\/es\\\/agua\\\/\"},{\"@type\":\"ListItem\",\"position\":3,\"name\":\"Contaminaci\u00f3n\"}]},{\"@type\":\"WebSite\",\"@id\":\"https:\\\/\\\/biodynamizer.com\\\/es\\\/#website\",\"url\":\"https:\\\/\\\/biodynamizer.com\\\/es\\\/\",\"name\":\"Biodynamizer\",\"description\":\"Filtrez et dynamisez votre eau\",\"potentialAction\":[{\"@type\":\"SearchAction\",\"target\":{\"@type\":\"EntryPoint\",\"urlTemplate\":\"https:\\\/\\\/biodynamizer.com\\\/es\\\/?s={search_term_string}\"},\"query-input\":{\"@type\":\"PropertyValueSpecification\",\"valueRequired\":true,\"valueName\":\"search_term_string\"}}],\"inLanguage\":\"es\"}]}<\/script>\n<!-- \/ Yoast SEO plugin. -->","yoast_head_json":{"title":"Contaminaci\u00f3n - Biodynamizer","description":"La pollution de l'eau min\u00e9rale dans les bouteilles en plastique et leur impact environnemental sont dramatiques! Le Biodynamizer (dynamiseur ou revitaliseur d'eau) \u00e9vite les bouteilles en plastique et participe donc au nettoyage de la plan\u00e8te.","robots":{"index":"index","follow":"follow","max-snippet":"max-snippet:-1","max-image-preview":"max-image-preview:large","max-video-preview":"max-video-preview:-1"},"canonical":"https:\/\/biodynamizer.com\/es\/agua\/contaminacion\/","og_locale":"es_ES","og_type":"article","og_title":"Contaminaci\u00f3n - Biodynamizer","og_description":"La pollution de l'eau min\u00e9rale dans les bouteilles en plastique et leur impact environnemental sont dramatiques! Le Biodynamizer (dynamiseur ou revitaliseur d'eau) \u00e9vite les bouteilles en plastique et participe donc au nettoyage de la plan\u00e8te.","og_url":"https:\/\/biodynamizer.com\/es\/agua\/contaminacion\/","og_site_name":"Biodynamizer","article_modified_time":"2024-05-27T07:05:46+00:00","og_image":[{"width":2000,"height":1333,"url":"https:\/\/biodynamizer.com\/wp-content\/uploads\/2019\/11\/Depositphotos_15742931_xl-2015.jpg","type":"image\/jpeg"}],"twitter_card":"summary_large_image","twitter_misc":{"Tiempo de lectura":"3 minutos"},"schema":{"@context":"https:\/\/schema.org","@graph":[{"@type":"WebPage","@id":"https:\/\/biodynamizer.com\/es\/agua\/contaminacion\/","url":"https:\/\/biodynamizer.com\/es\/agua\/contaminacion\/","name":"Contaminaci\u00f3n - Biodynamizer","isPartOf":{"@id":"https:\/\/biodynamizer.com\/es\/#website"},"datePublished":"2020-01-14T08:50:29+00:00","dateModified":"2024-05-27T07:05:46+00:00","description":"La pollution de l'eau min\u00e9rale dans les bouteilles en plastique et leur impact environnemental sont dramatiques! Le Biodynamizer (dynamiseur ou revitaliseur d'eau) \u00e9vite les bouteilles en plastique et participe donc au nettoyage de la plan\u00e8te.","breadcrumb":{"@id":"https:\/\/biodynamizer.com\/es\/agua\/contaminacion\/#breadcrumb"},"inLanguage":"es","potentialAction":[{"@type":"ReadAction","target":["https:\/\/biodynamizer.com\/es\/agua\/contaminacion\/"]}]},{"@type":"BreadcrumbList","@id":"https:\/\/biodynamizer.com\/es\/agua\/contaminacion\/#breadcrumb","itemListElement":[{"@type":"ListItem","position":1,"name":"Home","item":"https:\/\/biodynamizer.com\/es\/"},{"@type":"ListItem","position":2,"name":"Agua","item":"https:\/\/biodynamizer.com\/es\/agua\/"},{"@type":"ListItem","position":3,"name":"Contaminaci\u00f3n"}]},{"@type":"WebSite","@id":"https:\/\/biodynamizer.com\/es\/#website","url":"https:\/\/biodynamizer.com\/es\/","name":"Biodynamizer","description":"Filtrez et dynamisez votre eau","potentialAction":[{"@type":"SearchAction","target":{"@type":"EntryPoint","urlTemplate":"https:\/\/biodynamizer.com\/es\/?s={search_term_string}"},"query-input":{"@type":"PropertyValueSpecification","valueRequired":true,"valueName":"search_term_string"}}],"inLanguage":"es"}]}},"_links":{"self":[{"href":"https:\/\/biodynamizer.com\/es\/wp-json\/wp\/v2\/pages\/6757","targetHints":{"allow":["GET"]}}],"collection":[{"href":"https:\/\/biodynamizer.com\/es\/wp-json\/wp\/v2\/pages"}],"about":[{"href":"https:\/\/biodynamizer.com\/es\/wp-json\/wp\/v2\/types\/page"}],"author":[{"embeddable":true,"href":"https:\/\/biodynamizer.com\/es\/wp-json\/wp\/v2\/users\/3"}],"replies":[{"embeddable":true,"href":"https:\/\/biodynamizer.com\/es\/wp-json\/wp\/v2\/comments?post=6757"}],"version-history":[{"count":10,"href":"https:\/\/biodynamizer.com\/es\/wp-json\/wp\/v2\/pages\/6757\/revisions"}],"predecessor-version":[{"id":24022,"href":"https:\/\/biodynamizer.com\/es\/wp-json\/wp\/v2\/pages\/6757\/revisions\/24022"}],"up":[{"embeddable":true,"href":"https:\/\/biodynamizer.com\/es\/wp-json\/wp\/v2\/pages\/5862"}],"wp:attachment":[{"href":"https:\/\/biodynamizer.com\/es\/wp-json\/wp\/v2\/media?parent=6757"}],"curies":[{"name":"wp","href":"https:\/\/api.w.org\/{rel}","templated":true}]}}