{"id":11522,"date":"2021-07-26T10:28:26","date_gmt":"2021-07-26T10:28:26","guid":{"rendered":"https:\/\/biodynamizer.spleen-creation.be\/tension-de-surface\/"},"modified":"2024-04-26T08:16:22","modified_gmt":"2024-04-26T08:16:22","slug":"oppervlaktespanning","status":"publish","type":"page","link":"https:\/\/biodynamizer.com\/nl\/wetenschappelijke-analyses\/oppervlaktespanning\/","title":{"rendered":"Oppervlaktespanning"},"content":{"rendered":"<section class=\"l-section wpb_row us_custom_916fdabd height_auto\"><div class=\"l-section-h i-cf\"><div class=\"g-cols vc_row via_flex valign_top type_default stacking_default\"><div class=\"vc_col-sm-12 wpb_column vc_column_container\"><div class=\"vc_column-inner\"><div class=\"wpb_wrapper\"><nav class=\"g-breadcrumbs separator_icon align_none\" itemscope itemtype=\"http:\/\/schema.org\/BreadcrumbList\"><div class=\"g-breadcrumbs-item\" itemscope itemprop=\"itemListElement\" itemtype=\"http:\/\/schema.org\/ListItem\"><a itemprop=\"item\" href=\"https:\/\/biodynamizer.com\/nl\/\"><span itemprop=\"name\">Home<\/span><\/a><meta itemprop=\"position\" content=\"1\"\/><\/div><div class=\"g-breadcrumbs-separator\"><i class=\"far fa-angle-right\"><\/i><\/div><div class=\"g-breadcrumbs-item\">Pagina's<\/div><\/nav><\/div><\/div><\/div><\/div><\/div><\/section><section class=\"l-section wpb_row us_custom_70df02f3 height_huge width_full with_img\"><div class=\"l-section-img\" role=\"img\" aria-label=\"Afbeelding\" data-img-width=\"2560\" data-img-height=\"1440\" style=\"background-image: url(https:\/\/biodynamizer.com\/wp-content\/uploads\/2021\/07\/03679080b0dbdf0a006588eb83ad869313738318-shutterstock_270793961-scaled.jpg);\"><\/div><div class=\"l-section-h i-cf\"><div class=\"g-cols vc_row via_flex valign_top type_default stacking_default\"><div class=\"vc_col-sm-12 wpb_column vc_column_container\"><div class=\"vc_column-inner\"><div class=\"wpb_wrapper\"><div class=\"wpb_text_column us_custom_6df4bc3a has_text_color\"><div class=\"wpb_wrapper\"><h3 style=\"text-align: center;\">Oppervlaktespanning van gedynamiseerd water<\/h3>\n<\/div><\/div><\/div><\/div><\/div><\/div><\/div><\/section><section class=\"l-section wpb_row height_auto\"><div class=\"l-section-h i-cf\"><div class=\"g-cols vc_row via_flex valign_top type_default stacking_default\"><div class=\"vc_col-sm-12 wpb_column vc_column_container\"><div class=\"vc_column-inner\"><div class=\"wpb_wrapper\"><div class=\"w-separator size_medium\"><\/div><\/div><\/div><\/div><\/div><\/div><\/section><section class=\"l-section wpb_row height_auto\"><div class=\"l-section-h i-cf\"><div class=\"g-cols vc_row via_flex valign_top type_default stacking_default\"><div class=\"vc_col-sm-12 wpb_column vc_column_container\"><div class=\"vc_column-inner\"><div class=\"wpb_wrapper\"><div class=\"w-separator size_medium\"><\/div><div class=\"wpb_text_column\"><div class=\"wpb_wrapper\"><p><em><strong>Analyse uitgevoerd volgens de internationale normen in juli 2021 door het SGS-laboratorium in Rotterdam, Nederland (Kr\u00fcss Easy Dyne-apparaat). De ringmethode wordt gebruikt om de oppervlaktespanning van het water te meten: de platina ring wordt ondergedompeld en dan omhoog getrokken tot hij door de oppervlakte van de vloeistof gaat. Door het water uit te rekken voordat het breekt, wordt de oppervlaktespanning van het water gemeten.<\/strong><\/em><\/p>\n<p>Vergelijking van de oppervlaktespanning van gedynamiseerd en niet-gedynamiseerd leidingwater uit Sint-Genesius-Rode (Belgi\u00eb)<\/p>\n<p>Na analyse blijkt dat het door de Biodynamizer gedynamiseerde water een oppervlaktespanning heeft die &#8211;<strong>15% lager is dan die van het niet-gedynamiseerde water<\/strong> (66 dynes\/cm -&gt; 56 dynes\/cm of mN\/m bij 20\u00b0 C en gemeten volgens ASTM D1331).<\/p>\n<p>We weten dat een lagere oppervlaktespanning een &#8220;bevochtigend&#8221; vermogen heeft zodat het water dieper doordringt in de cellen\u00a0en daardoor een betere <a href=\"https:\/\/biodynamizer.com\/nl\/de-voordelen\/hydraterend-water\/\"><strong><span style=\"text-decoration: underline;\">cellulaire hydratatie<\/span><\/strong><\/a> mogelijk maakt (dit gebeurt via de aquaporines waardoor +\/- 1 miljard watermoleculen elke seconde \u00e9\u00e9n voor \u00e9\u00e9n de cel binnenkomen).<\/p>\n<p>Deze verbeterde hydratatie zou bijdragen om toxines en metabolisch afval te verwijderen en zo het lichaam te ontgiften.<\/p>\n<p>&#8220;<em>Als voedingsstoffen de cellen niet kunnen binnendringen door de hoge oppervlaktespanning van water, raken de cellen uitgedroogd en sterven ze door de ophoping van hun eigen afval<\/em>&#8221; Nobelprijswinnaar Alexis Carrel.<\/p>\n<p>Deze cellulaire ontgifting wordt dus versterkt door:<\/p>\n<ul>\n<li>Een lagere oppervlaktespanning van water (omdat het water dan via aquaporines beter in de cellen doordringt),<\/li>\n<li>Een wijziging van de <strong><a href=\"https:\/\/biodynamizer.com\/nl\/water\/#membraanaanspanning\"><span style=\"text-decoration: underline;\">membraanspanning van de cel<\/span><\/a><\/strong> die de ionenkanalen activeert (water met een elektronegatieve lading bevordert het negatieve potentiaal van het membraan en dus het openen\/sluiten van de ionenkanalen)<\/li>\n<\/ul>\n<p>Deze daling van de oppervlaktespanning wanneer het water wordt geactiveerd, is ook waargenomen door:<\/p>\n<ul>\n<li><span style=\"text-decoration: underline;\"><a href=\"https:\/\/biodynamizer.com\/nl\/wetenschappelijke-analyses\/de-elektrofotonische-camera-van-coramp-solutions\/\"><strong>elektrofotonische analyse<\/strong><\/a><\/span> (spreiding van de gedynamiseerde waterdruppel)<\/li>\n<li>onderzoeken naar de <a href=\"https:\/\/biodynamizer.com\/nl\/water\/magnetisme-en-water\/\"><span style=\"text-decoration: underline;\"><strong>i<\/strong><strong>nvloed van magnetisme op water<\/strong><\/span><\/a><\/li>\n<\/ul>\n<\/div><\/div><div class=\"w-separator size_small\"><\/div><\/div><\/div><\/div><\/div><\/div><\/section><section class=\"l-section wpb_row height_auto\"><div class=\"l-section-h i-cf\"><div class=\"g-cols vc_row via_flex valign_top type_default stacking_default\"><div class=\"vc_col-sm-4 wpb_column vc_column_container\"><div class=\"vc_column-inner\"><div class=\"wpb_wrapper\"><div class=\"w-image align_none\"><div class=\"w-image-h\"><img decoding=\"async\" width=\"600\" height=\"600\" src=\"https:\/\/biodynamizer.com\/wp-content\/uploads\/2021\/07\/IMG_7926-600x600.jpg\" class=\"attachment-us_600_600_crop size-us_600_600_crop\" alt=\"\" loading=\"lazy\" srcset=\"https:\/\/biodynamizer.com\/wp-content\/uploads\/2021\/07\/IMG_7926-600x600.jpg 600w, https:\/\/biodynamizer.com\/wp-content\/uploads\/2021\/07\/IMG_7926-150x150.jpg 150w, https:\/\/biodynamizer.com\/wp-content\/uploads\/2021\/07\/IMG_7926-350x350.jpg 350w, https:\/\/biodynamizer.com\/wp-content\/uploads\/2021\/07\/IMG_7926-400x400.jpg 400w, https:\/\/biodynamizer.com\/wp-content\/uploads\/2021\/07\/IMG_7926-200x200.jpg 200w\" sizes=\"auto, (max-width: 600px) 100vw, 600px\" \/><\/div><\/div><\/div><\/div><\/div><div class=\"vc_col-sm-4 wpb_column vc_column_container\"><div class=\"vc_column-inner\"><div class=\"wpb_wrapper\"><div class=\"w-image align_none\"><div class=\"w-image-h\"><img decoding=\"async\" width=\"600\" height=\"600\" src=\"https:\/\/biodynamizer.com\/wp-content\/uploads\/2021\/07\/IMG_7913-1-600x600.jpg\" class=\"attachment-us_600_600_crop size-us_600_600_crop\" alt=\"\" loading=\"lazy\" srcset=\"https:\/\/biodynamizer.com\/wp-content\/uploads\/2021\/07\/IMG_7913-1-600x600.jpg 600w, https:\/\/biodynamizer.com\/wp-content\/uploads\/2021\/07\/IMG_7913-1-150x150.jpg 150w, https:\/\/biodynamizer.com\/wp-content\/uploads\/2021\/07\/IMG_7913-1-350x350.jpg 350w, https:\/\/biodynamizer.com\/wp-content\/uploads\/2021\/07\/IMG_7913-1-400x400.jpg 400w, https:\/\/biodynamizer.com\/wp-content\/uploads\/2021\/07\/IMG_7913-1-200x200.jpg 200w\" sizes=\"auto, (max-width: 600px) 100vw, 600px\" \/><\/div><\/div><\/div><\/div><\/div><div class=\"vc_col-sm-4 wpb_column vc_column_container\"><div class=\"vc_column-inner\"><div class=\"wpb_wrapper\"><div class=\"w-image align_none\"><a title=\"Aquaporines\" target=\"_blank\" rel=\"nofollow\" href=\"https:\/\/youtu.be\/GQaU09Ddv4U \" aria-label=\"Aquaporine site web\" class=\"w-image-h\"><img decoding=\"async\" width=\"350\" height=\"350\" src=\"https:\/\/biodynamizer.com\/wp-content\/uploads\/2021\/07\/Aquaporine-site-web-350x350.png\" class=\"attachment-us_350_350_crop size-us_350_350_crop\" alt=\"Aquaporine illustration\" loading=\"lazy\" srcset=\"https:\/\/biodynamizer.com\/wp-content\/uploads\/2021\/07\/Aquaporine-site-web-350x350.png 350w, https:\/\/biodynamizer.com\/wp-content\/uploads\/2021\/07\/Aquaporine-site-web-150x150.png 150w, https:\/\/biodynamizer.com\/wp-content\/uploads\/2021\/07\/Aquaporine-site-web-400x400.png 400w, https:\/\/biodynamizer.com\/wp-content\/uploads\/2021\/07\/Aquaporine-site-web-200x200.png 200w\" sizes=\"auto, (max-width: 350px) 100vw, 350px\" \/><\/a><\/div><div class=\"wpb_text_column\"><div class=\"wpb_wrapper\"><p><strong>Aquaporines laten elke seconde +\/- 1 miljard watermoleculen door de cel passeren! (Op de video gevisualiseerd door het kleine gele molecuul); de oppervlaktespanning van het water speelt een belangrijke rol in dit proces!<\/strong><\/p>\n<\/div><\/div><div class=\"wpb_text_column us_custom_1b04de86\"><div class=\"wpb_wrapper\"><p>Copyright NIH Center for Macromolecular Modeling and Bioinformatics at the Beckman Institute, University of Illinois (http:\/\/www.ks.uiuc.edu\/)<\/p>\n<\/div><\/div><\/div><\/div><\/div><\/div><\/div><\/section><section class=\"l-section wpb_row height_auto\"><div class=\"l-section-h i-cf\"><div class=\"g-cols vc_row via_flex valign_top type_default stacking_default\"><div class=\"vc_col-sm-6 wpb_column vc_column_container\"><div class=\"vc_column-inner\"><div class=\"wpb_wrapper\"><\/div><\/div><\/div><div class=\"vc_col-sm-6 wpb_column vc_column_container\"><div class=\"vc_column-inner\"><div class=\"wpb_wrapper\"><\/div><\/div><\/div><\/div><\/div><\/section>\n","protected":false},"excerpt":{"rendered":"HomePagina'sOppervlaktespanning van gedynamiseerd water Analyse uitgevoerd volgens de internationale normen in juli 2021 door het SGS-laboratorium in Rotterdam, Nederland (Kr\u00fcss Easy Dyne-apparaat). De ringmethode wordt gebruikt om de oppervlaktespanning van het water te meten: de platina ring wordt ondergedompeld en dan omhoog getrokken tot hij door de oppervlakte van de vloeistof gaat. Door het water...","protected":false},"author":3,"featured_media":0,"parent":11864,"menu_order":6,"comment_status":"closed","ping_status":"closed","template":"","meta":{"_monsterinsights_skip_tracking":false,"_monsterinsights_sitenote_active":false,"_monsterinsights_sitenote_note":"","_monsterinsights_sitenote_category":0,"footnotes":""},"class_list":["post-11522","page","type-page","status-publish","hentry"],"yoast_head":"<!-- This site is optimized with the Yoast SEO plugin v27.4 - https:\/\/yoast.com\/product\/yoast-seo-wordpress\/ -->\n<title>Oppervlaktespanning - Biodynamizer<\/title>\n<meta name=\"description\" content=\"tension superficielle de l&#039;eau\" \/>\n<meta name=\"robots\" content=\"index, follow, max-snippet:-1, max-image-preview:large, max-video-preview:-1\" \/>\n<link rel=\"canonical\" href=\"https:\/\/biodynamizer.com\/nl\/wetenschappelijke-analyses\/oppervlaktespanning\/\" \/>\n<meta property=\"og:locale\" content=\"nl_NL\" \/>\n<meta property=\"og:type\" content=\"article\" \/>\n<meta property=\"og:title\" content=\"Oppervlaktespanning - Biodynamizer\" \/>\n<meta property=\"og:description\" content=\"tension superficielle de l&#039;eau\" \/>\n<meta property=\"og:url\" content=\"https:\/\/biodynamizer.com\/nl\/wetenschappelijke-analyses\/oppervlaktespanning\/\" \/>\n<meta property=\"og:site_name\" content=\"Biodynamizer\" \/>\n<meta property=\"article:modified_time\" content=\"2024-04-26T08:16:22+00:00\" \/>\n<meta property=\"og:image\" content=\"https:\/\/biodynamizer.com\/wp-content\/uploads\/2019\/11\/Depositphotos_15742931_xl-2015.jpg\" \/>\n\t<meta property=\"og:image:width\" content=\"2000\" \/>\n\t<meta property=\"og:image:height\" content=\"1333\" \/>\n\t<meta property=\"og:image:type\" content=\"image\/jpeg\" \/>\n<meta name=\"twitter:card\" content=\"summary_large_image\" \/>\n<meta name=\"twitter:label1\" content=\"Geschatte leestijd\" \/>\n\t<meta name=\"twitter:data1\" content=\"2 minuten\" \/>\n<script type=\"application\/ld+json\" class=\"yoast-schema-graph\">{\"@context\":\"https:\\\/\\\/schema.org\",\"@graph\":[{\"@type\":\"WebPage\",\"@id\":\"https:\\\/\\\/biodynamizer.com\\\/nl\\\/wetenschappelijke-analyses\\\/oppervlaktespanning\\\/\",\"url\":\"https:\\\/\\\/biodynamizer.com\\\/nl\\\/wetenschappelijke-analyses\\\/oppervlaktespanning\\\/\",\"name\":\"Oppervlaktespanning - Biodynamizer\",\"isPartOf\":{\"@id\":\"https:\\\/\\\/biodynamizer.com\\\/nl\\\/#website\"},\"datePublished\":\"2021-07-26T10:28:26+00:00\",\"dateModified\":\"2024-04-26T08:16:22+00:00\",\"description\":\"tension superficielle de l'eau\",\"breadcrumb\":{\"@id\":\"https:\\\/\\\/biodynamizer.com\\\/nl\\\/wetenschappelijke-analyses\\\/oppervlaktespanning\\\/#breadcrumb\"},\"inLanguage\":\"nl-NL\",\"potentialAction\":[{\"@type\":\"ReadAction\",\"target\":[\"https:\\\/\\\/biodynamizer.com\\\/nl\\\/wetenschappelijke-analyses\\\/oppervlaktespanning\\\/\"]}]},{\"@type\":\"BreadcrumbList\",\"@id\":\"https:\\\/\\\/biodynamizer.com\\\/nl\\\/wetenschappelijke-analyses\\\/oppervlaktespanning\\\/#breadcrumb\",\"itemListElement\":[{\"@type\":\"ListItem\",\"position\":1,\"name\":\"Home\",\"item\":\"https:\\\/\\\/biodynamizer.com\\\/nl\\\/\"},{\"@type\":\"ListItem\",\"position\":2,\"name\":\"Analyses\",\"item\":\"https:\\\/\\\/biodynamizer.com\\\/nl\\\/wetenschappelijke-analyses\\\/\"},{\"@type\":\"ListItem\",\"position\":3,\"name\":\"Oppervlaktespanning\"}]},{\"@type\":\"WebSite\",\"@id\":\"https:\\\/\\\/biodynamizer.com\\\/nl\\\/#website\",\"url\":\"https:\\\/\\\/biodynamizer.com\\\/nl\\\/\",\"name\":\"Biodynamizer\",\"description\":\"Filtrez et dynamisez votre eau\",\"potentialAction\":[{\"@type\":\"SearchAction\",\"target\":{\"@type\":\"EntryPoint\",\"urlTemplate\":\"https:\\\/\\\/biodynamizer.com\\\/nl\\\/?s={search_term_string}\"},\"query-input\":{\"@type\":\"PropertyValueSpecification\",\"valueRequired\":true,\"valueName\":\"search_term_string\"}}],\"inLanguage\":\"nl-NL\"}]}<\/script>\n<!-- \/ Yoast SEO plugin. -->","yoast_head_json":{"title":"Oppervlaktespanning - Biodynamizer","description":"tension superficielle de l'eau","robots":{"index":"index","follow":"follow","max-snippet":"max-snippet:-1","max-image-preview":"max-image-preview:large","max-video-preview":"max-video-preview:-1"},"canonical":"https:\/\/biodynamizer.com\/nl\/wetenschappelijke-analyses\/oppervlaktespanning\/","og_locale":"nl_NL","og_type":"article","og_title":"Oppervlaktespanning - Biodynamizer","og_description":"tension superficielle de l'eau","og_url":"https:\/\/biodynamizer.com\/nl\/wetenschappelijke-analyses\/oppervlaktespanning\/","og_site_name":"Biodynamizer","article_modified_time":"2024-04-26T08:16:22+00:00","og_image":[{"width":2000,"height":1333,"url":"https:\/\/biodynamizer.com\/wp-content\/uploads\/2019\/11\/Depositphotos_15742931_xl-2015.jpg","type":"image\/jpeg"}],"twitter_card":"summary_large_image","twitter_misc":{"Geschatte leestijd":"2 minuten"},"schema":{"@context":"https:\/\/schema.org","@graph":[{"@type":"WebPage","@id":"https:\/\/biodynamizer.com\/nl\/wetenschappelijke-analyses\/oppervlaktespanning\/","url":"https:\/\/biodynamizer.com\/nl\/wetenschappelijke-analyses\/oppervlaktespanning\/","name":"Oppervlaktespanning - Biodynamizer","isPartOf":{"@id":"https:\/\/biodynamizer.com\/nl\/#website"},"datePublished":"2021-07-26T10:28:26+00:00","dateModified":"2024-04-26T08:16:22+00:00","description":"tension superficielle de l'eau","breadcrumb":{"@id":"https:\/\/biodynamizer.com\/nl\/wetenschappelijke-analyses\/oppervlaktespanning\/#breadcrumb"},"inLanguage":"nl-NL","potentialAction":[{"@type":"ReadAction","target":["https:\/\/biodynamizer.com\/nl\/wetenschappelijke-analyses\/oppervlaktespanning\/"]}]},{"@type":"BreadcrumbList","@id":"https:\/\/biodynamizer.com\/nl\/wetenschappelijke-analyses\/oppervlaktespanning\/#breadcrumb","itemListElement":[{"@type":"ListItem","position":1,"name":"Home","item":"https:\/\/biodynamizer.com\/nl\/"},{"@type":"ListItem","position":2,"name":"Analyses","item":"https:\/\/biodynamizer.com\/nl\/wetenschappelijke-analyses\/"},{"@type":"ListItem","position":3,"name":"Oppervlaktespanning"}]},{"@type":"WebSite","@id":"https:\/\/biodynamizer.com\/nl\/#website","url":"https:\/\/biodynamizer.com\/nl\/","name":"Biodynamizer","description":"Filtrez et dynamisez votre eau","potentialAction":[{"@type":"SearchAction","target":{"@type":"EntryPoint","urlTemplate":"https:\/\/biodynamizer.com\/nl\/?s={search_term_string}"},"query-input":{"@type":"PropertyValueSpecification","valueRequired":true,"valueName":"search_term_string"}}],"inLanguage":"nl-NL"}]}},"_links":{"self":[{"href":"https:\/\/biodynamizer.com\/nl\/wp-json\/wp\/v2\/pages\/11522","targetHints":{"allow":["GET"]}}],"collection":[{"href":"https:\/\/biodynamizer.com\/nl\/wp-json\/wp\/v2\/pages"}],"about":[{"href":"https:\/\/biodynamizer.com\/nl\/wp-json\/wp\/v2\/types\/page"}],"author":[{"embeddable":true,"href":"https:\/\/biodynamizer.com\/nl\/wp-json\/wp\/v2\/users\/3"}],"replies":[{"embeddable":true,"href":"https:\/\/biodynamizer.com\/nl\/wp-json\/wp\/v2\/comments?post=11522"}],"version-history":[{"count":13,"href":"https:\/\/biodynamizer.com\/nl\/wp-json\/wp\/v2\/pages\/11522\/revisions"}],"predecessor-version":[{"id":21901,"href":"https:\/\/biodynamizer.com\/nl\/wp-json\/wp\/v2\/pages\/11522\/revisions\/21901"}],"up":[{"embeddable":true,"href":"https:\/\/biodynamizer.com\/nl\/wp-json\/wp\/v2\/pages\/11864"}],"wp:attachment":[{"href":"https:\/\/biodynamizer.com\/nl\/wp-json\/wp\/v2\/media?parent=11522"}],"curies":[{"name":"wp","href":"https:\/\/api.w.org\/{rel}","templated":true}]}}