{"id":11532,"date":"2020-10-02T14:47:09","date_gmt":"2020-10-02T14:47:09","guid":{"rendered":"https:\/\/biodynamizer.spleen-creation.be\/dynamisation-eau-dynamisee\/"},"modified":"2025-09-02T14:37:21","modified_gmt":"2025-09-02T14:37:21","slug":"dynamisatie-water-gedynamiseerd","status":"publish","type":"page","link":"https:\/\/biodynamizer.com\/nl\/onze-oplossingen\/de-biodynamizer\/dynamisatie-water-gedynamiseerd\/","title":{"rendered":"Biodynamisatie van water"},"content":{"rendered":"<section class=\"l-section wpb_row us_custom_916fdabd height_small\"><div class=\"l-section-h i-cf\"><div class=\"g-cols vc_row via_flex valign_top type_default stacking_default\"><div class=\"vc_col-sm-12 wpb_column vc_column_container\"><div class=\"vc_column-inner\"><div class=\"wpb_wrapper\"><nav class=\"g-breadcrumbs separator_custom align_none\" itemscope itemtype=\"http:\/\/schema.org\/BreadcrumbList\"><div class=\"g-breadcrumbs-item\" itemscope itemprop=\"itemListElement\" itemtype=\"http:\/\/schema.org\/ListItem\"><a itemprop=\"item\" href=\"https:\/\/biodynamizer.com\/nl\/\"><span itemprop=\"name\">Home<\/span><\/a><meta itemprop=\"position\" content=\"1\"\/><\/div><div class=\"g-breadcrumbs-separator\">\/<\/div><div class=\"g-breadcrumbs-item\">Pagina's<\/div><\/nav><\/div><\/div><\/div><\/div><\/div><\/section><section class=\"l-section wpb_row us_custom_79a6436d height_auto\"><div class=\"l-section-h i-cf\"><div class=\"g-cols vc_row via_flex valign_top type_default stacking_default\"><div class=\"vc_col-sm-12 wpb_column vc_column_container\"><div class=\"vc_column-inner\"><div class=\"wpb_wrapper\"><div class=\"wpb_text_column blauwtekst\"><div class=\"wpb_wrapper\"><h2 style=\"text-align: center;\"><strong><span class=\"TextRun MacChromeBold SCXP197516053 BCX0\" lang=\"FR-BE\" xml:lang=\"FR-BE\" data-usefontface=\"true\" data-contrast=\"none\"><span class=\"NormalTextRun SCXP197516053 BCX0\">Bioynamiseer uw kraantjeswater zodat het vergelijkbaar wordt met bergwater <\/span><\/span><span class=\"TextRun MacChromeBold SCXP197516053 BCX0\" lang=\"FR-BE\" xml:lang=\"FR-BE\" data-usefontface=\"true\" data-contrast=\"none\"><span class=\"NormalTextRun SCXP197516053 BCX0\">\u00a0<\/span><\/span><span class=\"EOP SCXP197516053 BCX0\">\u200b<\/span><\/strong><\/h2>\n<\/div><\/div><\/div><\/div><\/div><\/div><\/div><\/section><section class=\"l-section wpb_row us_custom_79a6436d height_auto\"><div class=\"l-section-h i-cf\"><div class=\"g-cols vc_row via_flex valign_top type_default stacking_default\"><div class=\"vc_col-sm-6 wpb_column vc_column_container\"><div class=\"vc_column-inner\"><div class=\"wpb_wrapper\"><div class=\"wpb_text_column\"><div class=\"wpb_wrapper\"><p><span style=\"font-weight: 400;\">Door het water te biodynamiseren, krijgt het zijn natuurlijke energie en zijn oorspronkelijke structuur terug. Dit is wat het waterdynamisatietoestel <\/span><a href=\"https:\/\/biodynamizer.com\/nl\/onze-oplossingen\/de-biodynamizer\/\"><span style=\"text-decoration: underline;\"><b>Biodynamizer<\/b><\/span><\/a><span style=\"font-weight: 400;\"> doet. Het reproduceert, door middel van biomimicry, de natuurlijke bewegingen van water dat vrij in de natuur stroomt. Deze 100% natuurlijke technologie maakt het mogelijk om het water in alle kranen in een huis te regenereren en vergelijkbaar te maken met bergwater. Water wordt geactiveerd, gerevitaliseerd, geregenereerd dankzij de 3 basisprincipes van waterbiodynamisatie.<\/span><\/p>\n<\/div><\/div><\/div><\/div><\/div><div class=\"vc_col-sm-6 wpb_column vc_column_container\"><div class=\"vc_column-inner\"><div class=\"wpb_wrapper\"><div class=\"w-image align_none\"><a target=\"_blank\" rel=\"nofollow\" title=\"video water dynamisatie\" href=\"https:\/\/youtu.be\/Skv_5z59cUE\" aria-label=\"YouTube_Biodynamizer_femme LD\" class=\"w-image-h\"><img decoding=\"async\" width=\"1024\" height=\"576\" src=\"https:\/\/biodynamizer.com\/wp-content\/uploads\/2024\/10\/YouTube_Biodynamizer_femme-LD-1024x576.jpg\" class=\"attachment-large size-large\" alt=\"\" loading=\"lazy\" srcset=\"https:\/\/biodynamizer.com\/wp-content\/uploads\/2024\/10\/YouTube_Biodynamizer_femme-LD-1024x576.jpg 1024w, https:\/\/biodynamizer.com\/wp-content\/uploads\/2024\/10\/YouTube_Biodynamizer_femme-LD-300x169.jpg 300w, https:\/\/biodynamizer.com\/wp-content\/uploads\/2024\/10\/YouTube_Biodynamizer_femme-LD-600x338.jpg 600w, https:\/\/biodynamizer.com\/wp-content\/uploads\/2024\/10\/YouTube_Biodynamizer_femme-LD-640x360.jpg 640w\" sizes=\"auto, (max-width: 1024px) 100vw, 1024px\" \/><\/a><\/div><\/div><\/div><\/div><\/div><\/div><\/section><section class=\"l-section wpb_row us_custom_7704f25f height_medium\"><div class=\"l-section-h i-cf\"><div class=\"g-cols vc_row via_flex valign_top type_default stacking_default\"><div class=\"vc_col-sm-12 wpb_column vc_column_container\"><div class=\"vc_column-inner\"><div class=\"wpb_wrapper\"><div class=\"wpb_text_column blauwtekst\"><div class=\"wpb_wrapper\"><h2 style=\"text-align: center;\"><strong><span class=\"TextRun MacChromeBold SCXP197516053 BCX0\" lang=\"FR-BE\" xml:lang=\"FR-BE\" data-usefontface=\"true\" data-contrast=\"none\"><span class=\"NormalTextRun SCXP197516053 BCX0\">De 3 basisprincipes van waterbiodynamisatie toegepast in de Biodynamizer: biomimicry <\/span><\/span><span class=\"EOP SCXP197516053 BCX0\">\u200b<\/span><\/strong><\/h2>\n<\/div><\/div><div class=\"w-separator size_medium\"><\/div><\/div><\/div><\/div><div class=\"vc_col-sm-4 wpb_column vc_column_container\"><div class=\"vc_column-inner\"><div class=\"wpb_wrapper\"><div class=\"w-image align_center\"><div class=\"w-image-h\"><img decoding=\"async\" width=\"1024\" height=\"681\" src=\"https:\/\/biodynamizer.com\/wp-content\/uploads\/2020\/01\/visu-vortex-2-1-1024x681.jpg\" class=\"attachment-large size-large\" alt=\"\" loading=\"lazy\" srcset=\"https:\/\/biodynamizer.com\/wp-content\/uploads\/2020\/01\/visu-vortex-2-1-1024x681.jpg 1024w, https:\/\/biodynamizer.com\/wp-content\/uploads\/2020\/01\/visu-vortex-2-1-300x200.jpg 300w, https:\/\/biodynamizer.com\/wp-content\/uploads\/2020\/01\/visu-vortex-2-1-1536x1021.jpg 1536w, https:\/\/biodynamizer.com\/wp-content\/uploads\/2020\/01\/visu-vortex-2-1.jpg 2000w\" sizes=\"auto, (max-width: 1024px) 100vw, 1024px\" \/><\/div><\/div><div class=\"w-separator size_small\"><\/div><div class=\"wpb_text_column blauwtekst\"><div class=\"wpb_wrapper\"><h4 style=\"text-align: center;\"><span style=\"text-decoration: underline;\"><strong>1\/ <\/strong><a href=\"https:\/\/biodynamizer.com\/nl\/onze-oplossingen\/de-biodynamizer\/de-bewegingen\/\"><strong>De<\/strong><strong> vortexen<\/strong><\/a><\/span><\/h4>\n<\/div><\/div><div class=\"wpb_text_column\"><div class=\"wpb_wrapper\"><p style=\"text-align: center;\" data-ccp-props=\"{&quot;335551550&quot;:1,&quot;335551620&quot;:1,&quot;335559683&quot;:0,&quot;335559685&quot;:0,&quot;335559731&quot;:0,&quot;335559737&quot;:0,&quot;335562764&quot;:2,&quot;335562765&quot;:1,&quot;335562766&quot;:4,&quot;335562767&quot;:0,&quot;335562768&quot;:4,&quot;335562769&quot;:0}\"><span style=\"font-weight: 400;\">De natuurlijke beweging van water in de natuur is de draaikolk; er is een sterke wisselwerking tussen de kinetische energie van de vortex en de magnetische energie die wordt uitgezonden door de permanente magneten<\/span><\/p>\n<\/div><\/div><\/div><\/div><\/div><div class=\"vc_col-sm-4 wpb_column vc_column_container\"><div class=\"vc_column-inner\"><div class=\"wpb_wrapper\"><div class=\"w-image align_center\"><div class=\"w-image-h\"><img decoding=\"async\" width=\"1024\" height=\"686\" src=\"https:\/\/biodynamizer.com\/wp-content\/uploads\/2020\/01\/Depositphotos_2014299_xl-2015-1024x768-1-e1580457940652.jpg\" class=\"attachment-large size-large\" alt=\"\" loading=\"lazy\" srcset=\"https:\/\/biodynamizer.com\/wp-content\/uploads\/2020\/01\/Depositphotos_2014299_xl-2015-1024x768-1-e1580457940652.jpg 1024w, https:\/\/biodynamizer.com\/wp-content\/uploads\/2020\/01\/Depositphotos_2014299_xl-2015-1024x768-1-e1580457940652-300x201.jpg 300w\" sizes=\"auto, (max-width: 1024px) 100vw, 1024px\" \/><\/div><\/div><div class=\"w-separator size_small\"><\/div><div class=\"wpb_text_column blauwtekst\"><div class=\"wpb_wrapper\"><h4 style=\"text-align: center;\"><span style=\"text-decoration: underline;\"><strong>2\/ <a href=\"https:\/\/biodynamizer.com\/nl\/onze-oplossingen\/de-biodynamizer\/het-magnetisme\/\" target=\"_self\" rel=\"noopener noreferrer\">Magnetisme<\/a><\/strong><\/span><\/h4>\n<\/div><\/div><div class=\"wpb_text_column\"><div class=\"wpb_wrapper\"><p style=\"text-align: center;\"><span style=\"font-weight: 400;\">Magnetosfeer van de aarde waarbij het magnetisme met mineralen aan het water wordt doorgegeven. <\/span><\/p>\n<\/div><\/div><\/div><\/div><\/div><div class=\"vc_col-sm-4 wpb_column vc_column_container\"><div class=\"vc_column-inner\"><div class=\"wpb_wrapper\"><div class=\"w-image align_center\"><div class=\"w-image-h\"><img decoding=\"async\" width=\"502\" height=\"337\" src=\"https:\/\/biodynamizer.com\/wp-content\/uploads\/2021\/02\/Cascade-3.jpg\" class=\"attachment-us_600_600_crop size-us_600_600_crop\" alt=\"Petite cascade d\u2019eau coulant sur des rochers en format panoramique.\" loading=\"lazy\" srcset=\"https:\/\/biodynamizer.com\/wp-content\/uploads\/2021\/02\/Cascade-3.jpg 502w, https:\/\/biodynamizer.com\/wp-content\/uploads\/2021\/02\/Cascade-3-300x201.jpg 300w\" sizes=\"auto, (max-width: 502px) 100vw, 502px\" \/><\/div><\/div><div class=\"w-separator size_small\"><\/div><div class=\"wpb_text_column blauwtekst\"><div class=\"wpb_wrapper\"><h4 style=\"text-align: center;\"><span style=\"text-decoration: underline;\"><strong>3\/ <\/strong><\/span><a href=\"https:\/\/biodynamizer.com\/nl\/onze-oplossingen\/de-biodynamizer\/de-frequenties\/\"><strong>Natuurlijke minerale frequenties<\/strong><\/a><\/h4>\n<\/div><\/div><div class=\"wpb_text_column\"><div class=\"wpb_wrapper\"><p style=\"text-align: center;\"><span class=\"TextRun SCXP202718189 BCX0\" lang=\"DE-CH\" xml:lang=\"DE-CH\" data-usefontface=\"true\" data-contrast=\"none\"><span class=\"NormalTextRun SCXP202718189 BCX0\">L\u2019eau\u00a0<\/span><\/span><span class=\"TextRun SCXP202718189 BCX0\" lang=\"DE-CH\" xml:lang=\"DE-CH\" data-usefontface=\"true\" data-contrast=\"none\"><span class=\"SpellingError SCXP202718189 BCX0\">capte<\/span><\/span><span class=\"TextRun SCXP202718189 BCX0\" lang=\"DE-CH\" xml:lang=\"DE-CH\" data-usefontface=\"true\" data-contrast=\"none\"><span class=\"NormalTextRun SCXP202718189 BCX0\"> les \u00e9nergies des min\u00e9raux et des m\u00e9taux nobles (Marbre de Carrare, Roche de lave, C\u00e9ramique inform\u00e9e &amp; Cuivre, Or, Argent)<\/span><\/span><\/p>\n<\/div><\/div><\/div><\/div><\/div><\/div><\/div><\/section><section class=\"l-section wpb_row height_auto\"><div class=\"l-section-h i-cf\"><div class=\"g-cols vc_row via_flex valign_top type_default stacking_default\"><div class=\"vc_col-sm-12 wpb_column vc_column_container\"><div class=\"vc_column-inner\"><div class=\"wpb_wrapper\"><div class=\"w-separator size_medium\"><\/div><div class=\"w-image align_center\"><div class=\"w-image-h\"><img decoding=\"async\" width=\"1024\" height=\"614\" src=\"https:\/\/biodynamizer.com\/wp-content\/uploads\/2025\/09\/Biomimetisme-NL-1024x614.png\" class=\"attachment-large size-large\" alt=\"Biomim\u00e9tisme\" loading=\"lazy\" srcset=\"https:\/\/biodynamizer.com\/wp-content\/uploads\/2025\/09\/Biomimetisme-NL-1024x614.png 1024w, https:\/\/biodynamizer.com\/wp-content\/uploads\/2025\/09\/Biomimetisme-NL-300x180.png 300w, https:\/\/biodynamizer.com\/wp-content\/uploads\/2025\/09\/Biomimetisme-NL-600x360.png 600w, https:\/\/biodynamizer.com\/wp-content\/uploads\/2025\/09\/Biomimetisme-NL-640x384.png 640w\" sizes=\"auto, (max-width: 1024px) 100vw, 1024px\" \/><\/div><\/div><\/div><\/div><\/div><\/div><\/div><\/section><section class=\"l-section wpb_row height_auto\"><div class=\"l-section-h i-cf\"><div class=\"g-cols vc_row via_flex valign_top type_default stacking_default\"><div class=\"vc_col-sm-12 wpb_column vc_column_container\"><div class=\"vc_column-inner\"><div class=\"wpb_wrapper\"><div class=\"wpb_text_column\"><div class=\"wpb_wrapper\"><ul>\n<li>De <a href=\"https:\/\/biodynamizer.com\/nl\/water\/de-vortex\/\"><span style=\"text-decoration: underline;\"><b>vortexen<\/b><\/span><\/a> maken het mogelijk om <b>kinetische energie <\/b>te transfereren naar het water (rotatiesnelheid\/rotatie =&gt; energiecascade) en <b>opgeloste zuurstof <\/b>in het water te verhogen (bactericide)<\/li>\n<li><a href=\"https:\/\/biodynamizer.com\/nl\/onze-oplossingen\/de-biodynamizer\/het-magnetisme\/\"><span style=\"text-decoration: underline;\"><b>Magnetisme<\/b><\/span><\/a> maakt het mogelijk om <b>fotonische<\/b><b> energie <\/b>over te dragen aan water (in de zin van elektronen\/fotonen) dit genereert een toename van de amplitude van de lichtstraling in het water<\/li>\n<li><a href=\"https:\/\/biodynamizer.com\/nl\/onze-oplossingen\/de-biodynamizer\/de-frequenties\/\"><span style=\"text-decoration: underline;\"><b>Mineralen<\/b><\/span><\/a> maken het mogelijk om <b>natuurlijke frequenties <\/b>te transfereren aan water<\/li>\n<\/ul>\n<\/div><\/div><\/div><\/div><\/div><\/div><\/div><\/section><section class=\"l-section wpb_row height_auto\"><div class=\"l-section-h i-cf\"><div class=\"g-cols vc_row via_flex valign_top type_default stacking_default\"><div class=\"vc_col-sm-12 wpb_column vc_column_container\"><div class=\"vc_column-inner\"><div class=\"wpb_wrapper\"><div class=\"w-separator size_medium\"><\/div><div class=\"w-btn-wrapper align_center\"><a class=\"w-btn us-btn-style_1 us_custom_bd32fe69 has_text_color\" href=\"https:\/\/shop.biodynamizer.com\/nl\/shop\"><span class=\"w-btn-label\">Bestellen<\/span><\/a><\/div><\/div><\/div><\/div><\/div><\/div><\/section><section class=\"l-section wpb_row us_custom_58994493 height_auto\"><div class=\"l-section-h i-cf\"><div class=\"g-cols vc_row via_flex valign_top type_default stacking_default\"><div class=\"vc_col-sm-12 wpb_column vc_column_container\"><div class=\"vc_column-inner\"><div class=\"wpb_wrapper\"><div class=\"wpb_text_column us_custom_1e289caa\"><div class=\"wpb_wrapper\"><h2 style=\"text-align: center;\">De Biodynamizer, gouden medaille op de Internationale Tentoonstelling van Uitvindingen in Gen\u00e8ve<\/h2>\n<\/div><\/div><div class=\"g-cols wpb_row via_flex valign_top type_default stacking_default\"><div class=\"vc_col-sm-12 wpb_column vc_column_container\"><div class=\"vc_column-inner\"><div class=\"wpb_wrapper\"><div class=\"w-image align_center\"><div class=\"w-image-h\"><img decoding=\"async\" width=\"1748\" height=\"1240\" src=\"https:\/\/biodynamizer.com\/wp-content\/uploads\/2025\/04\/Visuel_Mailing_Biodynamizer_Prix_Montage.png\" class=\"attachment-full size-full\" alt=\"Diplome du salon international des inventions de gen\u00e8ve\" loading=\"lazy\" srcset=\"https:\/\/biodynamizer.com\/wp-content\/uploads\/2025\/04\/Visuel_Mailing_Biodynamizer_Prix_Montage.png 1748w, https:\/\/biodynamizer.com\/wp-content\/uploads\/2025\/04\/Visuel_Mailing_Biodynamizer_Prix_Montage-300x213.png 300w, https:\/\/biodynamizer.com\/wp-content\/uploads\/2025\/04\/Visuel_Mailing_Biodynamizer_Prix_Montage-1024x726.png 1024w, https:\/\/biodynamizer.com\/wp-content\/uploads\/2025\/04\/Visuel_Mailing_Biodynamizer_Prix_Montage-564x400.png 564w, https:\/\/biodynamizer.com\/wp-content\/uploads\/2025\/04\/Visuel_Mailing_Biodynamizer_Prix_Montage-640x454.png 640w\" sizes=\"auto, (max-width: 1748px) 100vw, 1748px\" \/><\/div><\/div><\/div><\/div><\/div><\/div><div class=\"w-separator size_large\"><\/div><\/div><\/div><\/div><div class=\"vc_col-sm-12 wpb_column vc_column_container\"><div class=\"vc_column-inner\"><div class=\"wpb_wrapper\"><\/div><\/div><\/div><\/div><\/div><\/section>\n","protected":false},"excerpt":{"rendered":"Home\/Pagina'sBioynamiseer uw kraantjeswater zodat het vergelijkbaar wordt met bergwater \u00a0\u200b Door het water te biodynamiseren, krijgt het zijn natuurlijke energie en zijn oorspronkelijke structuur terug. Dit is wat het waterdynamisatietoestel Biodynamizer doet. Het reproduceert, door middel van biomimicry, de natuurlijke bewegingen van water dat vrij in de natuur stroomt. Deze 100% natuurlijke technologie maakt het...","protected":false},"author":3,"featured_media":0,"parent":11935,"menu_order":2,"comment_status":"closed","ping_status":"closed","template":"","meta":{"_monsterinsights_skip_tracking":false,"_monsterinsights_sitenote_active":false,"_monsterinsights_sitenote_note":"","_monsterinsights_sitenote_category":0,"footnotes":""},"class_list":["post-11532","page","type-page","status-publish","hentry"],"yoast_head":"<!-- This site is optimized with the Yoast SEO plugin v27.3 - https:\/\/yoast.com\/product\/yoast-seo-wordpress\/ -->\n<title>Biodynamisatie van water - Biodynamizer<\/title>\n<meta name=\"description\" content=\"Biodynamizer - Biodynamisatie van water - En savoir plus sur le biodynamizer et le biofiltre\" \/>\n<meta name=\"robots\" content=\"index, follow, max-snippet:-1, max-image-preview:large, max-video-preview:-1\" \/>\n<link rel=\"canonical\" href=\"https:\/\/biodynamizer.com\/nl\/onze-oplossingen\/de-biodynamizer\/dynamisatie-water-gedynamiseerd\/\" \/>\n<meta property=\"og:locale\" content=\"nl_NL\" \/>\n<meta property=\"og:type\" content=\"article\" \/>\n<meta property=\"og:title\" content=\"Biodynamisatie van water - Biodynamizer\" \/>\n<meta property=\"og:description\" content=\"Biodynamizer - Biodynamisatie van water - En savoir plus sur le biodynamizer et le biofiltre\" \/>\n<meta property=\"og:url\" content=\"https:\/\/biodynamizer.com\/nl\/onze-oplossingen\/de-biodynamizer\/dynamisatie-water-gedynamiseerd\/\" \/>\n<meta property=\"og:site_name\" content=\"Biodynamizer\" \/>\n<meta property=\"article:modified_time\" content=\"2025-09-02T14:37:21+00:00\" \/>\n<meta property=\"og:image\" content=\"https:\/\/biodynamizer.com\/wp-content\/uploads\/2019\/11\/Depositphotos_15742931_xl-2015.jpg\" \/>\n\t<meta property=\"og:image:width\" content=\"2000\" \/>\n\t<meta property=\"og:image:height\" content=\"1333\" \/>\n\t<meta property=\"og:image:type\" content=\"image\/jpeg\" \/>\n<meta name=\"twitter:card\" content=\"summary_large_image\" \/>\n<meta name=\"twitter:label1\" content=\"Geschatte leestijd\" \/>\n\t<meta name=\"twitter:data1\" content=\"2 minuten\" \/>\n<script type=\"application\/ld+json\" class=\"yoast-schema-graph\">{\"@context\":\"https:\\\/\\\/schema.org\",\"@graph\":[{\"@type\":\"WebPage\",\"@id\":\"https:\\\/\\\/biodynamizer.com\\\/nl\\\/onze-oplossingen\\\/de-biodynamizer\\\/dynamisatie-water-gedynamiseerd\\\/\",\"url\":\"https:\\\/\\\/biodynamizer.com\\\/nl\\\/onze-oplossingen\\\/de-biodynamizer\\\/dynamisatie-water-gedynamiseerd\\\/\",\"name\":\"Biodynamisatie van water - Biodynamizer\",\"isPartOf\":{\"@id\":\"https:\\\/\\\/biodynamizer.com\\\/nl\\\/#website\"},\"datePublished\":\"2020-10-02T14:47:09+00:00\",\"dateModified\":\"2025-09-02T14:37:21+00:00\",\"description\":\"Biodynamizer - Biodynamisatie van water - En savoir plus sur le biodynamizer et le biofiltre\",\"breadcrumb\":{\"@id\":\"https:\\\/\\\/biodynamizer.com\\\/nl\\\/onze-oplossingen\\\/de-biodynamizer\\\/dynamisatie-water-gedynamiseerd\\\/#breadcrumb\"},\"inLanguage\":\"nl-NL\",\"potentialAction\":[{\"@type\":\"ReadAction\",\"target\":[\"https:\\\/\\\/biodynamizer.com\\\/nl\\\/onze-oplossingen\\\/de-biodynamizer\\\/dynamisatie-water-gedynamiseerd\\\/\"]}]},{\"@type\":\"BreadcrumbList\",\"@id\":\"https:\\\/\\\/biodynamizer.com\\\/nl\\\/onze-oplossingen\\\/de-biodynamizer\\\/dynamisatie-water-gedynamiseerd\\\/#breadcrumb\",\"itemListElement\":[{\"@type\":\"ListItem\",\"position\":1,\"name\":\"Home\",\"item\":\"https:\\\/\\\/biodynamizer.com\\\/nl\\\/\"},{\"@type\":\"ListItem\",\"position\":2,\"name\":\"Onze oplossingen\",\"item\":\"https:\\\/\\\/biodynamizer.com\\\/nl\\\/onze-oplossingen\\\/\"},{\"@type\":\"ListItem\",\"position\":3,\"name\":\"De Biodynamizer\",\"item\":\"https:\\\/\\\/biodynamizer.com\\\/nl\\\/onze-oplossingen\\\/de-biodynamizer\\\/\"},{\"@type\":\"ListItem\",\"position\":4,\"name\":\"Biodynamisatie van water\"}]},{\"@type\":\"WebSite\",\"@id\":\"https:\\\/\\\/biodynamizer.com\\\/nl\\\/#website\",\"url\":\"https:\\\/\\\/biodynamizer.com\\\/nl\\\/\",\"name\":\"Biodynamizer\",\"description\":\"Filtrez et dynamisez votre eau\",\"potentialAction\":[{\"@type\":\"SearchAction\",\"target\":{\"@type\":\"EntryPoint\",\"urlTemplate\":\"https:\\\/\\\/biodynamizer.com\\\/nl\\\/?s={search_term_string}\"},\"query-input\":{\"@type\":\"PropertyValueSpecification\",\"valueRequired\":true,\"valueName\":\"search_term_string\"}}],\"inLanguage\":\"nl-NL\"}]}<\/script>\n<!-- \/ Yoast SEO plugin. -->","yoast_head_json":{"title":"Biodynamisatie van water - Biodynamizer","description":"Biodynamizer - Biodynamisatie van water - En savoir plus sur le biodynamizer et le biofiltre","robots":{"index":"index","follow":"follow","max-snippet":"max-snippet:-1","max-image-preview":"max-image-preview:large","max-video-preview":"max-video-preview:-1"},"canonical":"https:\/\/biodynamizer.com\/nl\/onze-oplossingen\/de-biodynamizer\/dynamisatie-water-gedynamiseerd\/","og_locale":"nl_NL","og_type":"article","og_title":"Biodynamisatie van water - Biodynamizer","og_description":"Biodynamizer - Biodynamisatie van water - En savoir plus sur le biodynamizer et le biofiltre","og_url":"https:\/\/biodynamizer.com\/nl\/onze-oplossingen\/de-biodynamizer\/dynamisatie-water-gedynamiseerd\/","og_site_name":"Biodynamizer","article_modified_time":"2025-09-02T14:37:21+00:00","og_image":[{"width":2000,"height":1333,"url":"https:\/\/biodynamizer.com\/wp-content\/uploads\/2019\/11\/Depositphotos_15742931_xl-2015.jpg","type":"image\/jpeg"}],"twitter_card":"summary_large_image","twitter_misc":{"Geschatte leestijd":"2 minuten"},"schema":{"@context":"https:\/\/schema.org","@graph":[{"@type":"WebPage","@id":"https:\/\/biodynamizer.com\/nl\/onze-oplossingen\/de-biodynamizer\/dynamisatie-water-gedynamiseerd\/","url":"https:\/\/biodynamizer.com\/nl\/onze-oplossingen\/de-biodynamizer\/dynamisatie-water-gedynamiseerd\/","name":"Biodynamisatie van water - Biodynamizer","isPartOf":{"@id":"https:\/\/biodynamizer.com\/nl\/#website"},"datePublished":"2020-10-02T14:47:09+00:00","dateModified":"2025-09-02T14:37:21+00:00","description":"Biodynamizer - Biodynamisatie van water - En savoir plus sur le biodynamizer et le biofiltre","breadcrumb":{"@id":"https:\/\/biodynamizer.com\/nl\/onze-oplossingen\/de-biodynamizer\/dynamisatie-water-gedynamiseerd\/#breadcrumb"},"inLanguage":"nl-NL","potentialAction":[{"@type":"ReadAction","target":["https:\/\/biodynamizer.com\/nl\/onze-oplossingen\/de-biodynamizer\/dynamisatie-water-gedynamiseerd\/"]}]},{"@type":"BreadcrumbList","@id":"https:\/\/biodynamizer.com\/nl\/onze-oplossingen\/de-biodynamizer\/dynamisatie-water-gedynamiseerd\/#breadcrumb","itemListElement":[{"@type":"ListItem","position":1,"name":"Home","item":"https:\/\/biodynamizer.com\/nl\/"},{"@type":"ListItem","position":2,"name":"Onze oplossingen","item":"https:\/\/biodynamizer.com\/nl\/onze-oplossingen\/"},{"@type":"ListItem","position":3,"name":"De Biodynamizer","item":"https:\/\/biodynamizer.com\/nl\/onze-oplossingen\/de-biodynamizer\/"},{"@type":"ListItem","position":4,"name":"Biodynamisatie van water"}]},{"@type":"WebSite","@id":"https:\/\/biodynamizer.com\/nl\/#website","url":"https:\/\/biodynamizer.com\/nl\/","name":"Biodynamizer","description":"Filtrez et dynamisez votre eau","potentialAction":[{"@type":"SearchAction","target":{"@type":"EntryPoint","urlTemplate":"https:\/\/biodynamizer.com\/nl\/?s={search_term_string}"},"query-input":{"@type":"PropertyValueSpecification","valueRequired":true,"valueName":"search_term_string"}}],"inLanguage":"nl-NL"}]}},"_links":{"self":[{"href":"https:\/\/biodynamizer.com\/nl\/wp-json\/wp\/v2\/pages\/11532","targetHints":{"allow":["GET"]}}],"collection":[{"href":"https:\/\/biodynamizer.com\/nl\/wp-json\/wp\/v2\/pages"}],"about":[{"href":"https:\/\/biodynamizer.com\/nl\/wp-json\/wp\/v2\/types\/page"}],"author":[{"embeddable":true,"href":"https:\/\/biodynamizer.com\/nl\/wp-json\/wp\/v2\/users\/3"}],"replies":[{"embeddable":true,"href":"https:\/\/biodynamizer.com\/nl\/wp-json\/wp\/v2\/comments?post=11532"}],"version-history":[{"count":37,"href":"https:\/\/biodynamizer.com\/nl\/wp-json\/wp\/v2\/pages\/11532\/revisions"}],"predecessor-version":[{"id":13155,"href":"https:\/\/biodynamizer.com\/nl\/wp-json\/wp\/v2\/pages\/11532\/revisions\/13155"}],"up":[{"embeddable":true,"href":"https:\/\/biodynamizer.com\/nl\/wp-json\/wp\/v2\/pages\/11935"}],"wp:attachment":[{"href":"https:\/\/biodynamizer.com\/nl\/wp-json\/wp\/v2\/media?parent=11532"}],"curies":[{"name":"wp","href":"https:\/\/api.w.org\/{rel}","templated":true}]}}