{"id":11547,"date":"2020-07-06T15:02:34","date_gmt":"2020-07-06T15:02:34","guid":{"rendered":"https:\/\/biodynamizer.spleen-creation.be\/une-eau-hydratante%e2%80%8b\/"},"modified":"2025-07-09T08:04:56","modified_gmt":"2025-07-09T08:04:56","slug":"hydraterend-water","status":"publish","type":"page","link":"https:\/\/biodynamizer.com\/nl\/de-voordelen\/hydraterend-water\/","title":{"rendered":"meer hydraterend en minder geoxideerd water"},"content":{"rendered":"<section class=\"l-section wpb_row us_custom_916fdabd height_small\"><div class=\"l-section-h i-cf\"><div class=\"g-cols vc_row via_flex valign_top type_default stacking_default\"><div class=\"vc_col-sm-12 wpb_column vc_column_container\"><div class=\"vc_column-inner\"><div class=\"wpb_wrapper\"><nav class=\"g-breadcrumbs separator_custom align_none\" itemscope itemtype=\"http:\/\/schema.org\/BreadcrumbList\"><div class=\"g-breadcrumbs-item\" itemscope itemprop=\"itemListElement\" itemtype=\"http:\/\/schema.org\/ListItem\"><a itemprop=\"item\" href=\"https:\/\/biodynamizer.com\/nl\/\"><span itemprop=\"name\">Home<\/span><\/a><meta itemprop=\"position\" content=\"1\"\/><\/div><div class=\"g-breadcrumbs-separator\">\/<\/div><div class=\"g-breadcrumbs-item\">Pagina's<\/div><\/nav><\/div><\/div><\/div><\/div><\/div><\/section><section class=\"l-section wpb_row max500 height_auto width_full\"><div class=\"l-section-h i-cf\"><div class=\"g-cols vc_row via_flex valign_top type_default reversed stacking_default\"><div class=\"vc_col-sm-6 wpb_column vc_column_container tekstsideblock\"><div class=\"vc_column-inner\"><div class=\"wpb_wrapper\"><div class=\"w-separator size_medium\"><\/div><div class=\"w-image align_center\"><div class=\"w-image-h\"><img decoding=\"async\" width=\"600\" height=\"400\" src=\"https:\/\/biodynamizer.com\/wp-content\/uploads\/2024\/07\/Depositphotos_95016836_xl-2015-600x400.jpg\" class=\"attachment-us_600_400_crop size-us_600_400_crop\" alt=\"Jeune femme avec le visage et les mains au-dessus d\u2019\u00e9claboussures d\u2019eau, illustrant les soins de la peau, l\u2019hydratation et la sant\u00e9.\" loading=\"lazy\" \/><\/div><\/div><div class=\"w-separator size_medium\"><\/div><div class=\"w-image align_center\"><div class=\"w-image-h\"><img decoding=\"async\" width=\"600\" height=\"400\" src=\"https:\/\/biodynamizer.com\/wp-content\/uploads\/2024\/05\/Depositphotos_55901251_XL-1-600x400.jpg\" class=\"attachment-us_600_400_crop size-us_600_400_crop\" alt=\"Concept de beaut\u00e9 illustrant le rajeunissement de la peau du visage, avec des proc\u00e9dures anti-\u00e2ge, lifting, raffermissement et r\u00e9duction des rides.\" loading=\"lazy\" srcset=\"https:\/\/biodynamizer.com\/wp-content\/uploads\/2024\/05\/Depositphotos_55901251_XL-1-600x400.jpg 600w, https:\/\/biodynamizer.com\/wp-content\/uploads\/2024\/05\/Depositphotos_55901251_XL-1-300x199.jpg 300w\" sizes=\"auto, (max-width: 600px) 100vw, 600px\" \/><\/div><\/div><\/div><\/div><\/div><div class=\"vc_col-sm-6 wpb_column vc_column_container imagesideblock\"><div class=\"vc_column-inner\"><div class=\"wpb_wrapper\"><div class=\"wpb_text_column\"><div class=\"wpb_wrapper\"><h2><a href=\"https:\/\/biodynamizer.com\/nl\/water\/#hydratation\">Meer <\/a><span style=\"text-decoration: underline;\"><a href=\"https:\/\/biodynamizer.com\/nl\/water\/#hydratation\">hydraterend<\/a><\/span> en beduidend <a href=\"https:\/\/biodynamizer.com\/nl\/wetenschappelijke-analyses\/oppervlaktespanning\/\"><span style=\"text-decoration: underline;\">minder geoxideerd water<\/span> <\/a><\/h2>\n<h2><\/h2>\n<\/div><\/div><div class=\"wpb_text_column\"><div class=\"wpb_wrapper\"><ul>\n<li><span style=\"font-weight: 400;\">Het gebiodynamiseerd water dat gedronken wordt heeft een <\/span><span style=\"text-decoration: underline;\"><a href=\"https:\/\/biodynamizer.com\/nl\/wetenschappelijke-analyses\/oppervlaktespanning\/\"><b>lagere oppervlaktespanning<\/b><\/a><\/span><span style=\"font-weight: 400;\"> wat het meer hydraterend voor onze cellen zou moeten maken ! Het heeft een &#8220;<em>meer bevochtigende<\/em>&#8221; kracht die de penetratie van water in de cellen optimaliseert (via aquaporines) en meer bepaald de correcte verwijdering van gifstoffen mogelijk maakt. &#8220;<em>Als de voedingsstoffen de cellen niet kunnen binnendringen vanwege de hoge oppervlaktespanning van het water, dan raken de cellen uitgedroogd en sterven ze door de ophoping van hun eigen afvalstoffen<\/em>&#8221; Nobelprijswinnaar Alexis Carrel.\u00a0<\/span><\/li>\n<\/ul>\n<ul>\n<li style=\"font-weight: 400;\" aria-level=\"1\"><span style=\"font-weight: 400;\">Dit is absoluut niet het geval bij waters met een hoge oppervlaktespanning waardoor de cellen uitdrogen en voortijdig verouderen!<\/span><\/li>\n<li style=\"font-weight: 400;\" aria-level=\"1\"><span style=\"font-weight: 400;\">Het is interessant om te weten dat water de huid niet direct hydrateert! De opperhuid vormt inderdaad een barri\u00e8re die wordt beschermd door de beroemde &#8220;hydrolipidenfilm&#8221; die voorkomt dat water uw lichaam binnendringt.\u00a0<\/span><\/li>\n<li style=\"font-weight: 400;\" aria-level=\"1\"><span style=\"font-weight: 400;\">Wanneer kraantjeswater echter niet wordt gefilterd, bevat het vervuilende stoffen. Deze kunnen dan het lichaam binnenkomen! Zo worden chloorresten in leidingwater tijdens het baden of douchen via de huid of door inademing opgenomen. Deze route vertegenwoordigt 70% van dit type vervuiling! De overige 30% wordt gedaan door het te drinken. Gefilterd en gebiodynamiseerd water beschermt u tegen dit soort vervuiling!\u00a0<\/span><\/li>\n<li style=\"font-weight: 400;\" aria-level=\"1\"><span style=\"font-weight: 400;\">Gebiodynamiseerd water vermindert ook zeer aanzienlijk de <span style=\"text-decoration: underline;\"><strong><a href=\"https:\/\/biodynamizer.com\/nl\/wetenschappelijke-analyses\/analyse-bev-bio-electronica-van-vincent\/\">oxidatie van water<\/a><\/strong><\/span> (door water reducerend of fysiologisch compatibel te maken) en neemt deel aan celregeneratie (door de elektronische activiteit van water te verhogen, helpt het om vrije radicalen te bestrijden)<\/span><\/li>\n<\/ul>\n<\/div><\/div><\/div><\/div><\/div><\/div><\/div><\/section><section class=\"l-section wpb_row height_auto\"><div class=\"l-section-h i-cf\"><div class=\"g-cols vc_row via_flex valign_top type_default stacking_default\"><div class=\"vc_col-sm-12 wpb_column vc_column_container\"><div class=\"vc_column-inner\"><div class=\"wpb_wrapper\"><\/div><\/div><\/div><\/div><\/div><\/section>\n","protected":false},"excerpt":{"rendered":"Home\/Pagina'sMeer hydraterend en beduidend minder geoxideerd water Het gebiodynamiseerd water dat gedronken wordt heeft een lagere oppervlaktespanning wat het meer hydraterend voor onze cellen zou moeten maken ! Het heeft een &#8220;meer bevochtigende&#8221; kracht die de penetratie van water in de cellen optimaliseert (via aquaporines) en meer bepaald de correcte verwijdering van gifstoffen mogelijk maakt....","protected":false},"author":3,"featured_media":0,"parent":11862,"menu_order":1,"comment_status":"closed","ping_status":"closed","template":"","meta":{"_monsterinsights_skip_tracking":false,"_monsterinsights_sitenote_active":false,"_monsterinsights_sitenote_note":"","_monsterinsights_sitenote_category":0,"footnotes":""},"class_list":["post-11547","page","type-page","status-publish","hentry"],"yoast_head":"<!-- This site is optimized with the Yoast SEO plugin v27.4 - https:\/\/yoast.com\/product\/yoast-seo-wordpress\/ -->\n<title>meer hydraterend en minder geoxideerd water - Biodynamizer<\/title>\n<meta name=\"description\" content=\"Biodynamizer - meer hydraterend en minder geoxideerd water - En savoir plus sur le biodynamizer et le biofiltre\" \/>\n<meta name=\"robots\" content=\"index, follow, max-snippet:-1, max-image-preview:large, max-video-preview:-1\" \/>\n<link rel=\"canonical\" href=\"https:\/\/biodynamizer.com\/nl\/de-voordelen\/hydraterend-water\/\" \/>\n<meta property=\"og:locale\" content=\"nl_NL\" \/>\n<meta property=\"og:type\" content=\"article\" \/>\n<meta property=\"og:title\" content=\"meer hydraterend en minder geoxideerd water - Biodynamizer\" \/>\n<meta property=\"og:description\" content=\"Biodynamizer - meer hydraterend en minder geoxideerd water - En savoir plus sur le biodynamizer et le biofiltre\" \/>\n<meta property=\"og:url\" content=\"https:\/\/biodynamizer.com\/nl\/de-voordelen\/hydraterend-water\/\" \/>\n<meta property=\"og:site_name\" content=\"Biodynamizer\" \/>\n<meta property=\"article:modified_time\" content=\"2025-07-09T08:04:56+00:00\" \/>\n<meta property=\"og:image\" content=\"https:\/\/biodynamizer.com\/wp-content\/uploads\/2019\/11\/Depositphotos_15742931_xl-2015.jpg\" \/>\n\t<meta property=\"og:image:width\" content=\"2000\" \/>\n\t<meta property=\"og:image:height\" content=\"1333\" \/>\n\t<meta property=\"og:image:type\" content=\"image\/jpeg\" \/>\n<meta name=\"twitter:card\" content=\"summary_large_image\" \/>\n<meta name=\"twitter:label1\" content=\"Geschatte leestijd\" \/>\n\t<meta name=\"twitter:data1\" content=\"2 minuten\" \/>\n<script type=\"application\/ld+json\" class=\"yoast-schema-graph\">{\"@context\":\"https:\\\/\\\/schema.org\",\"@graph\":[{\"@type\":\"WebPage\",\"@id\":\"https:\\\/\\\/biodynamizer.com\\\/nl\\\/de-voordelen\\\/hydraterend-water\\\/\",\"url\":\"https:\\\/\\\/biodynamizer.com\\\/nl\\\/de-voordelen\\\/hydraterend-water\\\/\",\"name\":\"meer hydraterend en minder geoxideerd water - Biodynamizer\",\"isPartOf\":{\"@id\":\"https:\\\/\\\/biodynamizer.com\\\/nl\\\/#website\"},\"datePublished\":\"2020-07-06T15:02:34+00:00\",\"dateModified\":\"2025-07-09T08:04:56+00:00\",\"description\":\"Biodynamizer - meer hydraterend en minder geoxideerd water - En savoir plus sur le biodynamizer et le biofiltre\",\"breadcrumb\":{\"@id\":\"https:\\\/\\\/biodynamizer.com\\\/nl\\\/de-voordelen\\\/hydraterend-water\\\/#breadcrumb\"},\"inLanguage\":\"nl-NL\",\"potentialAction\":[{\"@type\":\"ReadAction\",\"target\":[\"https:\\\/\\\/biodynamizer.com\\\/nl\\\/de-voordelen\\\/hydraterend-water\\\/\"]}]},{\"@type\":\"BreadcrumbList\",\"@id\":\"https:\\\/\\\/biodynamizer.com\\\/nl\\\/de-voordelen\\\/hydraterend-water\\\/#breadcrumb\",\"itemListElement\":[{\"@type\":\"ListItem\",\"position\":1,\"name\":\"Home\",\"item\":\"https:\\\/\\\/biodynamizer.com\\\/nl\\\/\"},{\"@type\":\"ListItem\",\"position\":2,\"name\":\"De Voordelen\",\"item\":\"https:\\\/\\\/biodynamizer.com\\\/nl\\\/de-voordelen\\\/\"},{\"@type\":\"ListItem\",\"position\":3,\"name\":\"meer hydraterend en minder geoxideerd water\"}]},{\"@type\":\"WebSite\",\"@id\":\"https:\\\/\\\/biodynamizer.com\\\/nl\\\/#website\",\"url\":\"https:\\\/\\\/biodynamizer.com\\\/nl\\\/\",\"name\":\"Biodynamizer\",\"description\":\"Filtrez et dynamisez votre eau\",\"potentialAction\":[{\"@type\":\"SearchAction\",\"target\":{\"@type\":\"EntryPoint\",\"urlTemplate\":\"https:\\\/\\\/biodynamizer.com\\\/nl\\\/?s={search_term_string}\"},\"query-input\":{\"@type\":\"PropertyValueSpecification\",\"valueRequired\":true,\"valueName\":\"search_term_string\"}}],\"inLanguage\":\"nl-NL\"}]}<\/script>\n<!-- \/ Yoast SEO plugin. -->","yoast_head_json":{"title":"meer hydraterend en minder geoxideerd water - Biodynamizer","description":"Biodynamizer - meer hydraterend en minder geoxideerd water - En savoir plus sur le biodynamizer et le biofiltre","robots":{"index":"index","follow":"follow","max-snippet":"max-snippet:-1","max-image-preview":"max-image-preview:large","max-video-preview":"max-video-preview:-1"},"canonical":"https:\/\/biodynamizer.com\/nl\/de-voordelen\/hydraterend-water\/","og_locale":"nl_NL","og_type":"article","og_title":"meer hydraterend en minder geoxideerd water - Biodynamizer","og_description":"Biodynamizer - meer hydraterend en minder geoxideerd water - En savoir plus sur le biodynamizer et le biofiltre","og_url":"https:\/\/biodynamizer.com\/nl\/de-voordelen\/hydraterend-water\/","og_site_name":"Biodynamizer","article_modified_time":"2025-07-09T08:04:56+00:00","og_image":[{"width":2000,"height":1333,"url":"https:\/\/biodynamizer.com\/wp-content\/uploads\/2019\/11\/Depositphotos_15742931_xl-2015.jpg","type":"image\/jpeg"}],"twitter_card":"summary_large_image","twitter_misc":{"Geschatte leestijd":"2 minuten"},"schema":{"@context":"https:\/\/schema.org","@graph":[{"@type":"WebPage","@id":"https:\/\/biodynamizer.com\/nl\/de-voordelen\/hydraterend-water\/","url":"https:\/\/biodynamizer.com\/nl\/de-voordelen\/hydraterend-water\/","name":"meer hydraterend en minder geoxideerd water - Biodynamizer","isPartOf":{"@id":"https:\/\/biodynamizer.com\/nl\/#website"},"datePublished":"2020-07-06T15:02:34+00:00","dateModified":"2025-07-09T08:04:56+00:00","description":"Biodynamizer - meer hydraterend en minder geoxideerd water - En savoir plus sur le biodynamizer et le biofiltre","breadcrumb":{"@id":"https:\/\/biodynamizer.com\/nl\/de-voordelen\/hydraterend-water\/#breadcrumb"},"inLanguage":"nl-NL","potentialAction":[{"@type":"ReadAction","target":["https:\/\/biodynamizer.com\/nl\/de-voordelen\/hydraterend-water\/"]}]},{"@type":"BreadcrumbList","@id":"https:\/\/biodynamizer.com\/nl\/de-voordelen\/hydraterend-water\/#breadcrumb","itemListElement":[{"@type":"ListItem","position":1,"name":"Home","item":"https:\/\/biodynamizer.com\/nl\/"},{"@type":"ListItem","position":2,"name":"De Voordelen","item":"https:\/\/biodynamizer.com\/nl\/de-voordelen\/"},{"@type":"ListItem","position":3,"name":"meer hydraterend en minder geoxideerd water"}]},{"@type":"WebSite","@id":"https:\/\/biodynamizer.com\/nl\/#website","url":"https:\/\/biodynamizer.com\/nl\/","name":"Biodynamizer","description":"Filtrez et dynamisez votre eau","potentialAction":[{"@type":"SearchAction","target":{"@type":"EntryPoint","urlTemplate":"https:\/\/biodynamizer.com\/nl\/?s={search_term_string}"},"query-input":{"@type":"PropertyValueSpecification","valueRequired":true,"valueName":"search_term_string"}}],"inLanguage":"nl-NL"}]}},"_links":{"self":[{"href":"https:\/\/biodynamizer.com\/nl\/wp-json\/wp\/v2\/pages\/11547","targetHints":{"allow":["GET"]}}],"collection":[{"href":"https:\/\/biodynamizer.com\/nl\/wp-json\/wp\/v2\/pages"}],"about":[{"href":"https:\/\/biodynamizer.com\/nl\/wp-json\/wp\/v2\/types\/page"}],"author":[{"embeddable":true,"href":"https:\/\/biodynamizer.com\/nl\/wp-json\/wp\/v2\/users\/3"}],"replies":[{"embeddable":true,"href":"https:\/\/biodynamizer.com\/nl\/wp-json\/wp\/v2\/comments?post=11547"}],"version-history":[{"count":16,"href":"https:\/\/biodynamizer.com\/nl\/wp-json\/wp\/v2\/pages\/11547\/revisions"}],"predecessor-version":[{"id":27471,"href":"https:\/\/biodynamizer.com\/nl\/wp-json\/wp\/v2\/pages\/11547\/revisions\/27471"}],"up":[{"embeddable":true,"href":"https:\/\/biodynamizer.com\/nl\/wp-json\/wp\/v2\/pages\/11862"}],"wp:attachment":[{"href":"https:\/\/biodynamizer.com\/nl\/wp-json\/wp\/v2\/media?parent=11547"}],"curies":[{"name":"wp","href":"https:\/\/api.w.org\/{rel}","templated":true}]}}