{"id":11566,"date":"2024-05-29T13:37:42","date_gmt":"2020-01-28T12:02:54","guid":{"rendered":"https:\/\/biodynamizer.spleen-creation.be\/leau-biodynamisee-dans-la-biere\/"},"modified":"2025-07-11T09:18:56","modified_gmt":"2025-07-11T09:18:56","slug":"gedynamiseerd-water-in-bier","status":"publish","type":"page","link":"https:\/\/biodynamizer.com\/nl\/b2b\/gedynamiseerd-water-in-bier\/","title":{"rendered":"Gebiodynamiseerd water in bier"},"content":{"rendered":"<section class=\"l-section wpb_row us_custom_916fdabd height_small\"><div class=\"l-section-h i-cf\"><div class=\"g-cols vc_row via_flex valign_top type_default stacking_default\"><div class=\"vc_col-sm-12 wpb_column vc_column_container\"><div class=\"vc_column-inner\"><div class=\"wpb_wrapper\"><nav class=\"g-breadcrumbs separator_custom align_none\" itemscope itemtype=\"http:\/\/schema.org\/BreadcrumbList\"><div class=\"g-breadcrumbs-item\" itemscope itemprop=\"itemListElement\" itemtype=\"http:\/\/schema.org\/ListItem\"><a itemprop=\"item\" href=\"https:\/\/biodynamizer.com\/nl\/\"><span itemprop=\"name\">Home<\/span><\/a><meta itemprop=\"position\" content=\"1\"\/><\/div><div class=\"g-breadcrumbs-separator\">\/<\/div><div class=\"g-breadcrumbs-item\">Pagina's<\/div><\/nav><\/div><\/div><\/div><\/div><\/div><\/section><section class=\"l-section wpb_row max500 height_small width_full\"><div class=\"l-section-h i-cf\"><div class=\"g-cols vc_row via_flex valign_middle type_default stacking_default\"><div class=\"vc_col-sm-6 wpb_column vc_column_container tekstsideblock\"><div class=\"vc_column-inner\"><div class=\"wpb_wrapper\"><div class=\"wpb_text_column\"><div class=\"wpb_wrapper\"><h2><strong>Gedynamiseerd water in Bier<\/strong><\/h2>\n<\/div><\/div><div class=\"w-image align_none\"><div class=\"w-image-h\"><img decoding=\"async\" width=\"1024\" height=\"323\" src=\"https:\/\/biodynamizer.com\/wp-content\/uploads\/2024\/06\/HOUBLONDE-H_coul-1024x323.png\" class=\"attachment-large size-large\" alt=\"logo houblonde\" loading=\"lazy\" srcset=\"https:\/\/biodynamizer.com\/wp-content\/uploads\/2024\/06\/HOUBLONDE-H_coul-1024x323.png 1024w, https:\/\/biodynamizer.com\/wp-content\/uploads\/2024\/06\/HOUBLONDE-H_coul-300x95.png 300w, https:\/\/biodynamizer.com\/wp-content\/uploads\/2024\/06\/HOUBLONDE-H_coul-600x190.png 600w, https:\/\/biodynamizer.com\/wp-content\/uploads\/2024\/06\/HOUBLONDE-H_coul.png 1181w\" sizes=\"auto, (max-width: 1024px) 100vw, 1024px\" \/><\/div><\/div><div class=\"wpb_text_column\"><div class=\"wpb_wrapper\"><p><span style=\"font-weight: 400;\">Houblonde Beer , 1ste Belgisch bier, bio &amp; gedynamiseerd:\u00a0<\/span><\/p>\n<ul>\n<li style=\"font-weight: 400;\" aria-level=\"1\"><span style=\"font-weight: 400;\">Houblonde is het eerste bio &amp; gedynamiseerd bier ter wereld ontwikkeld in samenwerking met UCL. Het water waaruit het bestaat, is geoptimaliseerd door het te dynamiseren (dat wil zeggen dat het water door de Biodynamizer\u00ae is gegaan zodat het zijn oorspronkelijke eigenschappen terugkrijgt die vergelijkbaar zijn met zuiver bergwater) om zijn opmerkelijke smaak en olfactorische eigenschappen;\u00a0<\/span><\/li>\n<li style=\"font-weight: 400;\" aria-level=\"1\"><span style=\"font-weight: 400;\">De Houblonde Organic Blonde won de prijs voor het meest innovatieve bier op de World Beer Awards in Londen; maar ook 3 gouden sterren bij de \u201cSuperior Taste Award 2018 &amp; 19 &amp; 20\u201d (iTQI) uitgereikt door 200 Europese sterrenchefs en sommeliers;<\/span><\/li>\n<li style=\"font-weight: 400;\" aria-level=\"1\"><span style=\"font-weight: 400;\">De Houblonde Organic Triple won de gouden medaille van de ITA-competitie in Itali\u00eb in 2020;<\/span><\/li>\n<li style=\"font-weight: 400;\" aria-level=\"1\"><span style=\"font-weight: 400;\">Houblonde is ontwikkeld in samenwerking met de Universitaire Faculteit voor Brewing Technologies van Leuven in Belgi\u00eb (UCL).\u00a0<\/span><\/li>\n<\/ul>\n<p><span style=\"font-weight: 400;\">Meer informatie<\/span><b>: <\/b><span style=\"text-decoration: underline;\"><a href=\"http:\/\/www.houblonde.com\"><b>www.houblonde.com<\/b><\/a><\/span><\/p>\n<\/div><\/div><\/div><\/div><\/div><div class=\"vc_col-sm-6 wpb_column vc_column_container\"><div class=\"vc_column-inner us_custom_68ec3198\"><div class=\"wpb_wrapper\"><div class=\"w-image align_center\"><div class=\"w-image-h\"><img decoding=\"async\" width=\"1014\" height=\"630\" src=\"https:\/\/biodynamizer.com\/wp-content\/uploads\/2024\/06\/Blonde-White-Triple.jpg\" class=\"attachment-large size-large\" alt=\"3 bi\u00e8res blondes\" loading=\"lazy\" srcset=\"https:\/\/biodynamizer.com\/wp-content\/uploads\/2024\/06\/Blonde-White-Triple.jpg 1014w, https:\/\/biodynamizer.com\/wp-content\/uploads\/2024\/06\/Blonde-White-Triple-300x186.jpg 300w, https:\/\/biodynamizer.com\/wp-content\/uploads\/2024\/06\/Blonde-White-Triple-600x373.jpg 600w\" sizes=\"auto, (max-width: 1014px) 100vw, 1014px\" \/><\/div><\/div><\/div><\/div><\/div><\/div><\/div><\/section><section class=\"l-section wpb_row height_medium\"><div class=\"l-section-h i-cf\"><div class=\"g-cols vc_row via_flex valign_top type_default stacking_default\"><div class=\"vc_col-sm-12 wpb_column vc_column_container\"><div class=\"vc_column-inner\"><div class=\"wpb_wrapper\"><div class=\"wpb_text_column\"><div class=\"wpb_wrapper\"><h2><strong>Vergelijking van bioluminescentie en kristallografie van Houblonde-gedynamiseerd bier en van\u00a0 een bekend bier<\/strong><\/h2>\n<\/div><\/div><div class=\"w-image align_none\"><a ref=\"magnificPopup\" href=\"https:\/\/biodynamizer.com\/wp-content\/uploads\/2020\/08\/Energetic-comparison-Houblonde-EN-bis.png\" aria-label=\"Bi\u00e8re belge bio et dynamis\u00e9e\" class=\"w-image-h\"><img decoding=\"async\" width=\"1024\" height=\"576\" src=\"https:\/\/biodynamizer.com\/wp-content\/uploads\/2020\/08\/Energetic-comparison-Houblonde-EN-bis-1024x576.png\" class=\"attachment-large size-large\" alt=\"\" loading=\"lazy\" srcset=\"https:\/\/biodynamizer.com\/wp-content\/uploads\/2020\/08\/Energetic-comparison-Houblonde-EN-bis-1024x576.png 1024w, https:\/\/biodynamizer.com\/wp-content\/uploads\/2020\/08\/Energetic-comparison-Houblonde-EN-bis-300x169.png 300w, https:\/\/biodynamizer.com\/wp-content\/uploads\/2020\/08\/Energetic-comparison-Houblonde-EN-bis.png 1280w\" sizes=\"auto, (max-width: 1024px) 100vw, 1024px\" \/><\/a><\/div><\/div><\/div><\/div><\/div><\/div><\/section>\n","protected":false},"excerpt":{"rendered":"Home\/Pagina'sGedynamiseerd water in Bier Houblonde Beer , 1ste Belgisch bier, bio &amp; gedynamiseerd:\u00a0 Houblonde is het eerste bio &amp; gedynamiseerd bier ter wereld ontwikkeld in samenwerking met UCL. Het water waaruit het bestaat, is geoptimaliseerd door het te dynamiseren (dat wil zeggen dat het water door de Biodynamizer\u00ae is gegaan zodat het zijn oorspronkelijke eigenschappen...","protected":false},"author":3,"featured_media":0,"parent":11847,"menu_order":0,"comment_status":"closed","ping_status":"closed","template":"","meta":{"_monsterinsights_skip_tracking":false,"_monsterinsights_sitenote_active":false,"_monsterinsights_sitenote_note":"","_monsterinsights_sitenote_category":0,"footnotes":""},"class_list":["post-11566","page","type-page","status-publish","hentry"],"yoast_head":"<!-- This site is optimized with the Yoast SEO plugin v27.4 - https:\/\/yoast.com\/product\/yoast-seo-wordpress\/ -->\n<title>Gebiodynamiseerd water in bier - Biodynamizer<\/title>\n<meta name=\"description\" content=\"La bi\u00e8re Houblonde est la premi\u00e8re bi\u00e8re dynamis\u00e9e du monde !\" \/>\n<meta name=\"robots\" content=\"index, follow, max-snippet:-1, max-image-preview:large, max-video-preview:-1\" \/>\n<link rel=\"canonical\" href=\"https:\/\/biodynamizer.com\/nl\/b2b\/gedynamiseerd-water-in-bier\/\" \/>\n<meta property=\"og:locale\" content=\"nl_NL\" \/>\n<meta property=\"og:type\" content=\"article\" \/>\n<meta property=\"og:title\" content=\"Gebiodynamiseerd water in bier - Biodynamizer\" \/>\n<meta property=\"og:description\" content=\"La bi\u00e8re Houblonde est la premi\u00e8re bi\u00e8re dynamis\u00e9e du monde !\" \/>\n<meta property=\"og:url\" content=\"https:\/\/biodynamizer.com\/nl\/b2b\/gedynamiseerd-water-in-bier\/\" \/>\n<meta property=\"og:site_name\" content=\"Biodynamizer\" \/>\n<meta property=\"article:modified_time\" content=\"2025-07-11T09:18:56+00:00\" \/>\n<meta property=\"og:image\" content=\"https:\/\/biodynamizer.com\/wp-content\/uploads\/2019\/11\/Depositphotos_15742931_xl-2015.jpg\" \/>\n\t<meta property=\"og:image:width\" content=\"2000\" \/>\n\t<meta property=\"og:image:height\" content=\"1333\" \/>\n\t<meta property=\"og:image:type\" content=\"image\/jpeg\" \/>\n<meta name=\"twitter:card\" content=\"summary_large_image\" \/>\n<meta name=\"twitter:label1\" content=\"Geschatte leestijd\" \/>\n\t<meta name=\"twitter:data1\" content=\"1 minuut\" \/>\n<script type=\"application\/ld+json\" class=\"yoast-schema-graph\">{\"@context\":\"https:\\\/\\\/schema.org\",\"@graph\":[{\"@type\":\"WebPage\",\"@id\":\"https:\\\/\\\/biodynamizer.com\\\/nl\\\/b2b\\\/gedynamiseerd-water-in-bier\\\/\",\"url\":\"https:\\\/\\\/biodynamizer.com\\\/nl\\\/b2b\\\/gedynamiseerd-water-in-bier\\\/\",\"name\":\"Gebiodynamiseerd water in bier - Biodynamizer\",\"isPartOf\":{\"@id\":\"https:\\\/\\\/biodynamizer.com\\\/nl\\\/#website\"},\"datePublished\":\"2020-01-28T12:02:54+00:00\",\"dateModified\":\"2025-07-11T09:18:56+00:00\",\"description\":\"La bi\u00e8re Houblonde est la premi\u00e8re bi\u00e8re dynamis\u00e9e du monde !\",\"breadcrumb\":{\"@id\":\"https:\\\/\\\/biodynamizer.com\\\/nl\\\/b2b\\\/gedynamiseerd-water-in-bier\\\/#breadcrumb\"},\"inLanguage\":\"nl-NL\",\"potentialAction\":[{\"@type\":\"ReadAction\",\"target\":[\"https:\\\/\\\/biodynamizer.com\\\/nl\\\/b2b\\\/gedynamiseerd-water-in-bier\\\/\"]}]},{\"@type\":\"BreadcrumbList\",\"@id\":\"https:\\\/\\\/biodynamizer.com\\\/nl\\\/b2b\\\/gedynamiseerd-water-in-bier\\\/#breadcrumb\",\"itemListElement\":[{\"@type\":\"ListItem\",\"position\":1,\"name\":\"Home\",\"item\":\"https:\\\/\\\/biodynamizer.com\\\/nl\\\/\"},{\"@type\":\"ListItem\",\"position\":2,\"name\":\"B2B Sectoren\",\"item\":\"https:\\\/\\\/biodynamizer.com\\\/nl\\\/b2b\\\/\"},{\"@type\":\"ListItem\",\"position\":3,\"name\":\"Gebiodynamiseerd water in bier\"}]},{\"@type\":\"WebSite\",\"@id\":\"https:\\\/\\\/biodynamizer.com\\\/nl\\\/#website\",\"url\":\"https:\\\/\\\/biodynamizer.com\\\/nl\\\/\",\"name\":\"Biodynamizer\",\"description\":\"Filtrez et dynamisez votre eau\",\"potentialAction\":[{\"@type\":\"SearchAction\",\"target\":{\"@type\":\"EntryPoint\",\"urlTemplate\":\"https:\\\/\\\/biodynamizer.com\\\/nl\\\/?s={search_term_string}\"},\"query-input\":{\"@type\":\"PropertyValueSpecification\",\"valueRequired\":true,\"valueName\":\"search_term_string\"}}],\"inLanguage\":\"nl-NL\"}]}<\/script>\n<!-- \/ Yoast SEO plugin. -->","yoast_head_json":{"title":"Gebiodynamiseerd water in bier - Biodynamizer","description":"La bi\u00e8re Houblonde est la premi\u00e8re bi\u00e8re dynamis\u00e9e du monde !","robots":{"index":"index","follow":"follow","max-snippet":"max-snippet:-1","max-image-preview":"max-image-preview:large","max-video-preview":"max-video-preview:-1"},"canonical":"https:\/\/biodynamizer.com\/nl\/b2b\/gedynamiseerd-water-in-bier\/","og_locale":"nl_NL","og_type":"article","og_title":"Gebiodynamiseerd water in bier - Biodynamizer","og_description":"La bi\u00e8re Houblonde est la premi\u00e8re bi\u00e8re dynamis\u00e9e du monde !","og_url":"https:\/\/biodynamizer.com\/nl\/b2b\/gedynamiseerd-water-in-bier\/","og_site_name":"Biodynamizer","article_modified_time":"2025-07-11T09:18:56+00:00","og_image":[{"width":2000,"height":1333,"url":"https:\/\/biodynamizer.com\/wp-content\/uploads\/2019\/11\/Depositphotos_15742931_xl-2015.jpg","type":"image\/jpeg"}],"twitter_card":"summary_large_image","twitter_misc":{"Geschatte leestijd":"1 minuut"},"schema":{"@context":"https:\/\/schema.org","@graph":[{"@type":"WebPage","@id":"https:\/\/biodynamizer.com\/nl\/b2b\/gedynamiseerd-water-in-bier\/","url":"https:\/\/biodynamizer.com\/nl\/b2b\/gedynamiseerd-water-in-bier\/","name":"Gebiodynamiseerd water in bier - Biodynamizer","isPartOf":{"@id":"https:\/\/biodynamizer.com\/nl\/#website"},"datePublished":"2020-01-28T12:02:54+00:00","dateModified":"2025-07-11T09:18:56+00:00","description":"La bi\u00e8re Houblonde est la premi\u00e8re bi\u00e8re dynamis\u00e9e du monde !","breadcrumb":{"@id":"https:\/\/biodynamizer.com\/nl\/b2b\/gedynamiseerd-water-in-bier\/#breadcrumb"},"inLanguage":"nl-NL","potentialAction":[{"@type":"ReadAction","target":["https:\/\/biodynamizer.com\/nl\/b2b\/gedynamiseerd-water-in-bier\/"]}]},{"@type":"BreadcrumbList","@id":"https:\/\/biodynamizer.com\/nl\/b2b\/gedynamiseerd-water-in-bier\/#breadcrumb","itemListElement":[{"@type":"ListItem","position":1,"name":"Home","item":"https:\/\/biodynamizer.com\/nl\/"},{"@type":"ListItem","position":2,"name":"B2B Sectoren","item":"https:\/\/biodynamizer.com\/nl\/b2b\/"},{"@type":"ListItem","position":3,"name":"Gebiodynamiseerd water in bier"}]},{"@type":"WebSite","@id":"https:\/\/biodynamizer.com\/nl\/#website","url":"https:\/\/biodynamizer.com\/nl\/","name":"Biodynamizer","description":"Filtrez et dynamisez votre eau","potentialAction":[{"@type":"SearchAction","target":{"@type":"EntryPoint","urlTemplate":"https:\/\/biodynamizer.com\/nl\/?s={search_term_string}"},"query-input":{"@type":"PropertyValueSpecification","valueRequired":true,"valueName":"search_term_string"}}],"inLanguage":"nl-NL"}]}},"_links":{"self":[{"href":"https:\/\/biodynamizer.com\/nl\/wp-json\/wp\/v2\/pages\/11566","targetHints":{"allow":["GET"]}}],"collection":[{"href":"https:\/\/biodynamizer.com\/nl\/wp-json\/wp\/v2\/pages"}],"about":[{"href":"https:\/\/biodynamizer.com\/nl\/wp-json\/wp\/v2\/types\/page"}],"author":[{"embeddable":true,"href":"https:\/\/biodynamizer.com\/nl\/wp-json\/wp\/v2\/users\/3"}],"replies":[{"embeddable":true,"href":"https:\/\/biodynamizer.com\/nl\/wp-json\/wp\/v2\/comments?post=11566"}],"version-history":[{"count":11,"href":"https:\/\/biodynamizer.com\/nl\/wp-json\/wp\/v2\/pages\/11566\/revisions"}],"predecessor-version":[{"id":27565,"href":"https:\/\/biodynamizer.com\/nl\/wp-json\/wp\/v2\/pages\/11566\/revisions\/27565"}],"up":[{"embeddable":true,"href":"https:\/\/biodynamizer.com\/nl\/wp-json\/wp\/v2\/pages\/11847"}],"wp:attachment":[{"href":"https:\/\/biodynamizer.com\/nl\/wp-json\/wp\/v2\/media?parent=11566"}],"curies":[{"name":"wp","href":"https:\/\/api.w.org\/{rel}","templated":true}]}}