{"id":11586,"date":"2020-01-28T10:22:21","date_gmt":"2020-01-28T10:22:21","guid":{"rendered":"https:\/\/biodynamizer.spleen-creation.be\/une-solution-economique\/"},"modified":"2025-05-12T13:44:20","modified_gmt":"2025-05-12T13:44:20","slug":"een-economische-oplossing","status":"publish","type":"page","link":"https:\/\/biodynamizer.com\/nl\/de-voordelen\/een-economische-oplossing\/","title":{"rendered":"Een economische oplossing !"},"content":{"rendered":"<section class=\"l-section wpb_row us_custom_916fdabd height_small\"><div class=\"l-section-h i-cf\"><div class=\"g-cols vc_row via_flex valign_top type_default stacking_default\"><div class=\"vc_col-sm-12 wpb_column vc_column_container\"><div class=\"vc_column-inner\"><div class=\"wpb_wrapper\"><nav class=\"g-breadcrumbs separator_custom align_none\" itemscope itemtype=\"http:\/\/schema.org\/BreadcrumbList\"><div class=\"g-breadcrumbs-item\" itemscope itemprop=\"itemListElement\" itemtype=\"http:\/\/schema.org\/ListItem\"><a itemprop=\"item\" href=\"https:\/\/biodynamizer.com\/nl\/\"><span itemprop=\"name\">Home<\/span><\/a><meta itemprop=\"position\" content=\"1\"\/><\/div><div class=\"g-breadcrumbs-separator\">\/<\/div><div class=\"g-breadcrumbs-item\">Pagina's<\/div><\/nav><\/div><\/div><\/div><\/div><\/div><\/section><section class=\"l-section wpb_row max500 height_large width_full\"><div class=\"l-section-h i-cf\"><div class=\"g-cols vc_row via_flex valign_top type_default stacking_default\"><div class=\"vc_col-sm-6 wpb_column vc_column_container tekstsideblock\"><div class=\"vc_column-inner\"><div class=\"wpb_wrapper\"><div class=\"wpb_text_column\"><div class=\"wpb_wrapper\"><h2>Een economische oplossing !<\/h2>\n<ul>\n<li style=\"font-weight: 400;\" aria-level=\"1\"><span style=\"font-weight: 400;\">Er wordt aanzienlijk bespaard op de aankoop van flessenwater. Inderdaad kraantjeswater (dat wordt gefilterd en gedynamiseerd is voorzien) <strong>kost 150 keer minder<\/strong> (~ \u20ac 0,004\/L) dan mineraalwater in flessen (~ \u20ac 0,60 \/ L)! Met dit argument, door de flessen te vervangen door het Biofilter + Biodynamizer-pakket, bespaart een gezin van 5 personen meer dan \u20ac 1.000 \/ jaar). Deze apparaten worden dus in minder dan 4 jaar terug verdiend!\u00a0<\/span><\/li>\n<li style=\"font-weight: 400;\" aria-level=\"1\"><span style=\"font-weight: 400;\">De Biodynamizer heeft geen onderhoud nodig en brengt dus geen extra kosten met zich mee. Aan de andere kant is het noodzakelijk om het Biofilterpatroon minstens elk jaar te vervangen (afhankelijk van uw verbruik).<\/span><\/li>\n<\/ul>\n<\/div><\/div><div class=\"w-image align_none\"><div class=\"w-image-h\"><img decoding=\"async\" width=\"1024\" height=\"300\" src=\"https:\/\/biodynamizer.com\/wp-content\/uploads\/2025\/05\/Besparing-Gedynamiseerd-water-NL-1024x300.png\" class=\"attachment-large size-large\" alt=\"Tableau pr\u00e9sentant les \u00e9conomies associ\u00e9es \u00e0 l\u2019utilisation d\u2019eau dynamis\u00e9e, avec des chiffres et comparaisons illustrant les gains potentiels.\" loading=\"lazy\" srcset=\"https:\/\/biodynamizer.com\/wp-content\/uploads\/2025\/05\/Besparing-Gedynamiseerd-water-NL-1024x300.png 1024w, https:\/\/biodynamizer.com\/wp-content\/uploads\/2025\/05\/Besparing-Gedynamiseerd-water-NL-300x88.png 300w, https:\/\/biodynamizer.com\/wp-content\/uploads\/2025\/05\/Besparing-Gedynamiseerd-water-NL-600x176.png 600w, https:\/\/biodynamizer.com\/wp-content\/uploads\/2025\/05\/Besparing-Gedynamiseerd-water-NL-640x188.png 640w, https:\/\/biodynamizer.com\/wp-content\/uploads\/2025\/05\/Besparing-Gedynamiseerd-water-NL.png 1599w\" sizes=\"auto, (max-width: 1024px) 100vw, 1024px\" \/><\/div><\/div><\/div><\/div><\/div><div class=\"vc_col-sm-6 wpb_column vc_column_container\"><div class=\"vc_column-inner\"><div class=\"wpb_wrapper\"><div class=\"w-image align_left\"><div class=\"w-image-h\"><img decoding=\"async\" width=\"910\" height=\"727\" src=\"https:\/\/biodynamizer.com\/wp-content\/uploads\/2020\/01\/bienfaits7.png\" class=\"attachment-large size-large\" alt=\"robinet qui fais couler des pi\u00e8ces de monnaie\" loading=\"lazy\" srcset=\"https:\/\/biodynamizer.com\/wp-content\/uploads\/2020\/01\/bienfaits7.png 910w, https:\/\/biodynamizer.com\/wp-content\/uploads\/2020\/01\/bienfaits7-300x240.png 300w\" sizes=\"auto, (max-width: 910px) 100vw, 910px\" \/><\/div><\/div><\/div><\/div><\/div><\/div><\/div><\/section>\n","protected":false},"excerpt":{"rendered":"Home\/Pagina'sEen economische oplossing ! Er wordt aanzienlijk bespaard op de aankoop van flessenwater. Inderdaad kraantjeswater (dat wordt gefilterd en gedynamiseerd is voorzien) kost 150 keer minder (~ \u20ac 0,004\/L) dan mineraalwater in flessen (~ \u20ac 0,60 \/ L)! Met dit argument, door de flessen te vervangen door het Biofilter + Biodynamizer-pakket, bespaart een gezin van...","protected":false},"author":3,"featured_media":0,"parent":11862,"menu_order":5,"comment_status":"closed","ping_status":"closed","template":"","meta":{"_monsterinsights_skip_tracking":false,"_monsterinsights_sitenote_active":false,"_monsterinsights_sitenote_note":"","_monsterinsights_sitenote_category":0,"footnotes":""},"class_list":["post-11586","page","type-page","status-publish","hentry"],"yoast_head":"<!-- This site is optimized with the Yoast SEO plugin v27.5 - https:\/\/yoast.com\/product\/yoast-seo-wordpress\/ -->\n<title>Een economische oplossing ! - Biodynamizer<\/title>\n<meta name=\"description\" content=\"Biodynamizer - Een economische oplossing ! - En savoir plus sur le biodynamizer et le biofiltre\" \/>\n<meta name=\"robots\" content=\"index, follow, max-snippet:-1, max-image-preview:large, max-video-preview:-1\" \/>\n<link rel=\"canonical\" href=\"https:\/\/biodynamizer.com\/nl\/de-voordelen\/een-economische-oplossing\/\" \/>\n<meta property=\"og:locale\" content=\"nl_NL\" \/>\n<meta property=\"og:type\" content=\"article\" \/>\n<meta property=\"og:title\" content=\"Een economische oplossing ! - Biodynamizer\" \/>\n<meta property=\"og:description\" content=\"Biodynamizer - Een economische oplossing ! - En savoir plus sur le biodynamizer et le biofiltre\" \/>\n<meta property=\"og:url\" content=\"https:\/\/biodynamizer.com\/nl\/de-voordelen\/een-economische-oplossing\/\" \/>\n<meta property=\"og:site_name\" content=\"Biodynamizer\" \/>\n<meta property=\"article:modified_time\" content=\"2025-05-12T13:44:20+00:00\" \/>\n<meta property=\"og:image\" content=\"https:\/\/biodynamizer.com\/wp-content\/uploads\/2019\/11\/Depositphotos_15742931_xl-2015.jpg\" \/>\n\t<meta property=\"og:image:width\" content=\"2000\" \/>\n\t<meta property=\"og:image:height\" content=\"1333\" \/>\n\t<meta property=\"og:image:type\" content=\"image\/jpeg\" \/>\n<meta name=\"twitter:card\" content=\"summary_large_image\" \/>\n<meta name=\"twitter:label1\" content=\"Geschatte leestijd\" \/>\n\t<meta name=\"twitter:data1\" content=\"1 minuut\" \/>\n<script type=\"application\/ld+json\" class=\"yoast-schema-graph\">{\"@context\":\"https:\\\/\\\/schema.org\",\"@graph\":[{\"@type\":\"WebPage\",\"@id\":\"https:\\\/\\\/biodynamizer.com\\\/nl\\\/de-voordelen\\\/een-economische-oplossing\\\/\",\"url\":\"https:\\\/\\\/biodynamizer.com\\\/nl\\\/de-voordelen\\\/een-economische-oplossing\\\/\",\"name\":\"Een economische oplossing ! - Biodynamizer\",\"isPartOf\":{\"@id\":\"https:\\\/\\\/biodynamizer.com\\\/nl\\\/#website\"},\"datePublished\":\"2020-01-28T10:22:21+00:00\",\"dateModified\":\"2025-05-12T13:44:20+00:00\",\"description\":\"Biodynamizer - Een economische oplossing ! - En savoir plus sur le biodynamizer et le biofiltre\",\"breadcrumb\":{\"@id\":\"https:\\\/\\\/biodynamizer.com\\\/nl\\\/de-voordelen\\\/een-economische-oplossing\\\/#breadcrumb\"},\"inLanguage\":\"nl-NL\",\"potentialAction\":[{\"@type\":\"ReadAction\",\"target\":[\"https:\\\/\\\/biodynamizer.com\\\/nl\\\/de-voordelen\\\/een-economische-oplossing\\\/\"]}]},{\"@type\":\"BreadcrumbList\",\"@id\":\"https:\\\/\\\/biodynamizer.com\\\/nl\\\/de-voordelen\\\/een-economische-oplossing\\\/#breadcrumb\",\"itemListElement\":[{\"@type\":\"ListItem\",\"position\":1,\"name\":\"Home\",\"item\":\"https:\\\/\\\/biodynamizer.com\\\/nl\\\/\"},{\"@type\":\"ListItem\",\"position\":2,\"name\":\"De Voordelen\",\"item\":\"https:\\\/\\\/biodynamizer.com\\\/nl\\\/de-voordelen\\\/\"},{\"@type\":\"ListItem\",\"position\":3,\"name\":\"Een economische oplossing !\"}]},{\"@type\":\"WebSite\",\"@id\":\"https:\\\/\\\/biodynamizer.com\\\/nl\\\/#website\",\"url\":\"https:\\\/\\\/biodynamizer.com\\\/nl\\\/\",\"name\":\"Biodynamizer\",\"description\":\"Filtrez et dynamisez votre eau\",\"potentialAction\":[{\"@type\":\"SearchAction\",\"target\":{\"@type\":\"EntryPoint\",\"urlTemplate\":\"https:\\\/\\\/biodynamizer.com\\\/nl\\\/?s={search_term_string}\"},\"query-input\":{\"@type\":\"PropertyValueSpecification\",\"valueRequired\":true,\"valueName\":\"search_term_string\"}}],\"inLanguage\":\"nl-NL\"}]}<\/script>\n<!-- \/ Yoast SEO plugin. -->","yoast_head_json":{"title":"Een economische oplossing ! - Biodynamizer","description":"Biodynamizer - Een economische oplossing ! - En savoir plus sur le biodynamizer et le biofiltre","robots":{"index":"index","follow":"follow","max-snippet":"max-snippet:-1","max-image-preview":"max-image-preview:large","max-video-preview":"max-video-preview:-1"},"canonical":"https:\/\/biodynamizer.com\/nl\/de-voordelen\/een-economische-oplossing\/","og_locale":"nl_NL","og_type":"article","og_title":"Een economische oplossing ! - Biodynamizer","og_description":"Biodynamizer - Een economische oplossing ! - En savoir plus sur le biodynamizer et le biofiltre","og_url":"https:\/\/biodynamizer.com\/nl\/de-voordelen\/een-economische-oplossing\/","og_site_name":"Biodynamizer","article_modified_time":"2025-05-12T13:44:20+00:00","og_image":[{"width":2000,"height":1333,"url":"https:\/\/biodynamizer.com\/wp-content\/uploads\/2019\/11\/Depositphotos_15742931_xl-2015.jpg","type":"image\/jpeg"}],"twitter_card":"summary_large_image","twitter_misc":{"Geschatte leestijd":"1 minuut"},"schema":{"@context":"https:\/\/schema.org","@graph":[{"@type":"WebPage","@id":"https:\/\/biodynamizer.com\/nl\/de-voordelen\/een-economische-oplossing\/","url":"https:\/\/biodynamizer.com\/nl\/de-voordelen\/een-economische-oplossing\/","name":"Een economische oplossing ! - Biodynamizer","isPartOf":{"@id":"https:\/\/biodynamizer.com\/nl\/#website"},"datePublished":"2020-01-28T10:22:21+00:00","dateModified":"2025-05-12T13:44:20+00:00","description":"Biodynamizer - Een economische oplossing ! - En savoir plus sur le biodynamizer et le biofiltre","breadcrumb":{"@id":"https:\/\/biodynamizer.com\/nl\/de-voordelen\/een-economische-oplossing\/#breadcrumb"},"inLanguage":"nl-NL","potentialAction":[{"@type":"ReadAction","target":["https:\/\/biodynamizer.com\/nl\/de-voordelen\/een-economische-oplossing\/"]}]},{"@type":"BreadcrumbList","@id":"https:\/\/biodynamizer.com\/nl\/de-voordelen\/een-economische-oplossing\/#breadcrumb","itemListElement":[{"@type":"ListItem","position":1,"name":"Home","item":"https:\/\/biodynamizer.com\/nl\/"},{"@type":"ListItem","position":2,"name":"De Voordelen","item":"https:\/\/biodynamizer.com\/nl\/de-voordelen\/"},{"@type":"ListItem","position":3,"name":"Een economische oplossing !"}]},{"@type":"WebSite","@id":"https:\/\/biodynamizer.com\/nl\/#website","url":"https:\/\/biodynamizer.com\/nl\/","name":"Biodynamizer","description":"Filtrez et dynamisez votre eau","potentialAction":[{"@type":"SearchAction","target":{"@type":"EntryPoint","urlTemplate":"https:\/\/biodynamizer.com\/nl\/?s={search_term_string}"},"query-input":{"@type":"PropertyValueSpecification","valueRequired":true,"valueName":"search_term_string"}}],"inLanguage":"nl-NL"}]}},"_links":{"self":[{"href":"https:\/\/biodynamizer.com\/nl\/wp-json\/wp\/v2\/pages\/11586","targetHints":{"allow":["GET"]}}],"collection":[{"href":"https:\/\/biodynamizer.com\/nl\/wp-json\/wp\/v2\/pages"}],"about":[{"href":"https:\/\/biodynamizer.com\/nl\/wp-json\/wp\/v2\/types\/page"}],"author":[{"embeddable":true,"href":"https:\/\/biodynamizer.com\/nl\/wp-json\/wp\/v2\/users\/3"}],"replies":[{"embeddable":true,"href":"https:\/\/biodynamizer.com\/nl\/wp-json\/wp\/v2\/comments?post=11586"}],"version-history":[{"count":7,"href":"https:\/\/biodynamizer.com\/nl\/wp-json\/wp\/v2\/pages\/11586\/revisions"}],"predecessor-version":[{"id":27097,"href":"https:\/\/biodynamizer.com\/nl\/wp-json\/wp\/v2\/pages\/11586\/revisions\/27097"}],"up":[{"embeddable":true,"href":"https:\/\/biodynamizer.com\/nl\/wp-json\/wp\/v2\/pages\/11862"}],"wp:attachment":[{"href":"https:\/\/biodynamizer.com\/nl\/wp-json\/wp\/v2\/media?parent=11586"}],"curies":[{"name":"wp","href":"https:\/\/api.w.org\/{rel}","templated":true}]}}