{"id":11588,"date":"2020-01-28T10:10:45","date_gmt":"2020-01-28T10:10:45","guid":{"rendered":"https:\/\/biodynamizer.spleen-creation.be\/une-eau-biocompatible\/"},"modified":"2025-09-04T10:22:18","modified_gmt":"2025-09-04T10:22:18","slug":"een-biocompatibel-water","status":"publish","type":"page","link":"https:\/\/biodynamizer.com\/nl\/de-voordelen\/een-biocompatibel-water\/","title":{"rendered":"Een biocompatibel water"},"content":{"rendered":"<section class=\"l-section wpb_row us_custom_916fdabd height_small\"><div class=\"l-section-h i-cf\"><div class=\"g-cols vc_row via_flex valign_top type_default stacking_default\"><div class=\"vc_col-sm-12 wpb_column vc_column_container\"><div class=\"vc_column-inner\"><div class=\"wpb_wrapper\"><nav class=\"g-breadcrumbs separator_custom align_none\" itemscope itemtype=\"http:\/\/schema.org\/BreadcrumbList\"><div class=\"g-breadcrumbs-item\" itemscope itemprop=\"itemListElement\" itemtype=\"http:\/\/schema.org\/ListItem\"><a itemprop=\"item\" href=\"https:\/\/biodynamizer.com\/nl\/\"><span itemprop=\"name\">Home<\/span><\/a><meta itemprop=\"position\" content=\"1\"\/><\/div><div class=\"g-breadcrumbs-separator\">\/<\/div><div class=\"g-breadcrumbs-item\">Pagina's<\/div><\/nav><\/div><\/div><\/div><\/div><\/div><\/section><section class=\"l-section wpb_row fullheader height_huge with_img\"><div class=\"l-section-img\" role=\"img\" aria-label=\"Afbeelding\" data-img-width=\"575\" data-img-height=\"575\" style=\"background-image: url(https:\/\/biodynamizer.com\/wp-content\/uploads\/2020\/01\/Mineralen2.png);background-repeat: no-repeat;\"><\/div><div class=\"l-section-h i-cf\"><div class=\"g-cols vc_row via_flex valign_top type_default stacking_default\"><div class=\"vc_col-sm-12 wpb_column vc_column_container has_text_color\"><div class=\"vc_column-inner us_custom_6df4bc3a\"><div class=\"wpb_wrapper\"><div class=\"wpb_text_column\"><div class=\"wpb_wrapper\"><h3><b>Biocompatibel water<\/b><\/h3>\n<\/div><\/div><\/div><\/div><\/div><\/div><\/div><\/section><section class=\"l-section wpb_row max500 height_large\"><div class=\"l-section-h i-cf\"><div class=\"g-cols vc_row via_flex valign_top type_default stacking_default\"><div class=\"vc_col-sm-8 wpb_column vc_column_container\"><div class=\"vc_column-inner\"><div class=\"wpb_wrapper\"><div class=\"wpb_text_column\"><div class=\"wpb_wrapper\"><p><strong>Gebiodynamiseerd water<\/strong> lijkt <strong>biocompatibeler<\/strong> te zijn:<\/p>\n<ul>\n<li><strong>Energetisch<\/strong> gezien: gebiodynamiseerd water geeft meer energie in de vorm van fotonen door aan ons energetisch lichaam (zie de <span style=\"text-decoration: underline;\"><a href=\"https:\/\/biodynamizer.com\/nl\/wetenschappelijke-analyses\/de-elektrofotonische-camera-van-coramp-solutions\/\">elektrofotonische analyse<\/a><\/span> en de <span style=\"text-decoration: underline;\"><a href=\"https:\/\/biodynamizer.com\/nl\/wetenschappelijke-analyses\/expertise-elektrofotonische-fotos\/\">expertise<\/a><\/span> van deze analyse door Prof. M. Henry)<\/li>\n<li>Vanuit <strong>microbiologisch<\/strong> oogpunt heeft gebiodynamiseerd water een remmende werking op de groei van pathogene bacteri\u00ebn van de darmmicrobiota (zie <span style=\"text-decoration: underline;\"><a href=\"https:\/\/biodynamizer.com\/nl\/wetenschappelijke-analyses\/de-microtoxo-test-micrologie-selt-een-aanzienlijk-grotere-microbiotische-biocompatibiliteit-vast-bij-gedynamiseerd-water\/\">microtoxo-analyse<\/a><\/span>)<\/li>\n<li>Vanuit <strong>metabolisch<\/strong> oogpunt:\n<ul>\n<li>gebiodynamiseerd water zou de cellulaire voeding en de ontgifting van metabolische afvalstoffen moeten bevorderen (zie hierover de paragraaf <span style=\"text-decoration: underline;\"><a href=\"https:\/\/biodynamizer.com\/nl\/water\/#voltage\">membraanspanning<\/a><\/span> en de invloed van <span style=\"text-decoration: underline;\"><a href=\"https:\/\/biodynamizer.com\/nl\/water\/magnetisme-en-water\/\">magnetisme op water<\/a><\/span>)<\/li>\n<li>omdat de eliminatie van anorganische mineralen via de darmen gebeurd in plaats van via de nieren (zonder deze te overbelasten) vanwege hun transformatie in collo\u00efdale vorm (zie over dit onderwerp de <span style=\"text-decoration: underline;\"><a href=\"https:\/\/biodynamizer.com\/nl\/wetenschappelijke-analyses\/analyse-bev-bio-electronica-van-vincent\/\">BEV-analyse<\/a><\/span> en de paragraaf over <span style=\"text-decoration: underline;\"><a href=\"https:\/\/biodynamizer.com\/nl\/onze-oplossingen\/de-biodynamizer\/verwijdering-van-mineralen\/\">herstructurering van mineralen<\/a><\/span>)<\/li>\n<li>Dynamisering verbetert de diffusie van zuurstof in het lichaam door de <a href=\"https:\/\/biodynamizer.com\/nl\/wetenschappelijke-analyses\/lanalyse-de-sang\/\">rollen van rode bloedcellen te ontstapelen<\/a> !<\/li>\n<\/ul>\n<\/li>\n<li>Vanuit <strong>fysiologisch<\/strong> oogpunt:\n<ul>\n<li>omdat dynamisering de wateroxidatie zeer aanzienlijk vermindert (zie <span style=\"text-decoration: underline;\"><a href=\"https:\/\/biodynamizer.com\/nl\/wetenschappelijke-analyses\/analyse-bev-bio-electronica-van-vincent\/\">BEV-analyse<\/a><\/span>)<\/li>\n<li>omdat gebiodynamiseerd water veel meer hydraterend zou moeten zijn voor de cellen (zie de analyse van de <span style=\"text-decoration: underline;\"><a href=\"https:\/\/biodynamizer.com\/nl\/wetenschappelijke-analyses\/oppervlaktespanning\/\">oppervlaktespanning<\/a> <\/span>van gebiodynamiseerd water)<\/li>\n<\/ul>\n<\/li>\n<\/ul>\n<\/div><\/div><\/div><\/div><\/div><div class=\"vc_col-sm-4 wpb_column vc_column_container\"><div class=\"vc_column-inner\"><div class=\"wpb_wrapper\"><div class=\"w-image align_center\"><div class=\"w-image-h\"><img decoding=\"async\" width=\"2560\" height=\"2560\" src=\"https:\/\/biodynamizer.com\/wp-content\/uploads\/2023\/06\/Depositphotos_58733167_xl-2015-scaled.jpg\" class=\"attachment-full size-full\" alt=\"Sch\u00e9ma du syst\u00e8me urinaire f\u00e9minin avec les organes du corps humain.\" loading=\"lazy\" srcset=\"https:\/\/biodynamizer.com\/wp-content\/uploads\/2023\/06\/Depositphotos_58733167_xl-2015-scaled.jpg 2560w, https:\/\/biodynamizer.com\/wp-content\/uploads\/2023\/06\/Depositphotos_58733167_xl-2015-300x300.jpg 300w, https:\/\/biodynamizer.com\/wp-content\/uploads\/2023\/06\/Depositphotos_58733167_xl-2015-1024x1024.jpg 1024w, https:\/\/biodynamizer.com\/wp-content\/uploads\/2023\/06\/Depositphotos_58733167_xl-2015-150x150.jpg 150w, https:\/\/biodynamizer.com\/wp-content\/uploads\/2023\/06\/Depositphotos_58733167_xl-2015-600x600.jpg 600w, https:\/\/biodynamizer.com\/wp-content\/uploads\/2023\/06\/Depositphotos_58733167_xl-2015-350x350.jpg 350w, https:\/\/biodynamizer.com\/wp-content\/uploads\/2023\/06\/Depositphotos_58733167_xl-2015-400x400.jpg 400w, https:\/\/biodynamizer.com\/wp-content\/uploads\/2023\/06\/Depositphotos_58733167_xl-2015-200x200.jpg 200w\" sizes=\"auto, (max-width: 2560px) 100vw, 2560px\" \/><\/div><\/div><div class=\"w-separator size_medium\"><\/div><div class=\"w-image align_center\"><div class=\"w-image-h\"><img decoding=\"async\" width=\"703\" height=\"613\" src=\"https:\/\/biodynamizer.com\/wp-content\/uploads\/2023\/06\/Hydratation-web.png\" class=\"attachment-full size-full\" alt=\"une femme sourit avec ses mains sur le visage\" loading=\"lazy\" srcset=\"https:\/\/biodynamizer.com\/wp-content\/uploads\/2023\/06\/Hydratation-web.png 703w, https:\/\/biodynamizer.com\/wp-content\/uploads\/2023\/06\/Hydratation-web-300x262.png 300w, https:\/\/biodynamizer.com\/wp-content\/uploads\/2023\/06\/Hydratation-web-459x400.png 459w\" sizes=\"auto, (max-width: 703px) 100vw, 703px\" \/><\/div><\/div><\/div><\/div><\/div><\/div><\/div><\/section><section class=\"l-section wpb_row height_medium\"><div class=\"l-section-h i-cf\"><div class=\"g-cols vc_row via_flex valign_top type_default stacking_default\"><div class=\"vc_col-sm-12 wpb_column vc_column_container\"><div class=\"vc_column-inner\"><div class=\"wpb_wrapper\"><\/div><\/div><\/div><\/div><\/div><\/section>\n","protected":false},"excerpt":{"rendered":"Home\/Pagina'sBiocompatibel water Gebiodynamiseerd water lijkt biocompatibeler te zijn: Energetisch gezien: gebiodynamiseerd water geeft meer energie in de vorm van fotonen door aan ons energetisch lichaam (zie de elektrofotonische analyse en de expertise van deze analyse door Prof. M. Henry) Vanuit microbiologisch oogpunt heeft gebiodynamiseerd water een remmende werking op de groei van pathogene bacteri\u00ebn van...","protected":false},"author":3,"featured_media":0,"parent":11862,"menu_order":4,"comment_status":"closed","ping_status":"closed","template":"","meta":{"_monsterinsights_skip_tracking":false,"_monsterinsights_sitenote_active":false,"_monsterinsights_sitenote_note":"","_monsterinsights_sitenote_category":0,"footnotes":""},"class_list":["post-11588","page","type-page","status-publish","hentry"],"yoast_head":"<!-- This site is optimized with the Yoast SEO plugin v27.4 - https:\/\/yoast.com\/product\/yoast-seo-wordpress\/ -->\n<title>Een biocompatibel water - Biodynamizer<\/title>\n<meta name=\"description\" content=\"Biodynamizer - Een biocompatibel water - En savoir plus sur le biodynamizer et le biofiltre\" \/>\n<meta name=\"robots\" content=\"index, follow, max-snippet:-1, max-image-preview:large, max-video-preview:-1\" \/>\n<link rel=\"canonical\" href=\"https:\/\/biodynamizer.com\/nl\/de-voordelen\/een-biocompatibel-water\/\" \/>\n<meta property=\"og:locale\" content=\"nl_NL\" \/>\n<meta property=\"og:type\" content=\"article\" \/>\n<meta property=\"og:title\" content=\"Een biocompatibel water - Biodynamizer\" \/>\n<meta property=\"og:description\" content=\"Biodynamizer - Een biocompatibel water - En savoir plus sur le biodynamizer et le biofiltre\" \/>\n<meta property=\"og:url\" content=\"https:\/\/biodynamizer.com\/nl\/de-voordelen\/een-biocompatibel-water\/\" \/>\n<meta property=\"og:site_name\" content=\"Biodynamizer\" \/>\n<meta property=\"article:modified_time\" content=\"2025-09-04T10:22:18+00:00\" \/>\n<meta property=\"og:image\" content=\"https:\/\/biodynamizer.com\/wp-content\/uploads\/2019\/11\/Depositphotos_15742931_xl-2015.jpg\" \/>\n\t<meta property=\"og:image:width\" content=\"2000\" \/>\n\t<meta property=\"og:image:height\" content=\"1333\" \/>\n\t<meta property=\"og:image:type\" content=\"image\/jpeg\" \/>\n<meta name=\"twitter:card\" content=\"summary_large_image\" \/>\n<meta name=\"twitter:label1\" content=\"Geschatte leestijd\" \/>\n\t<meta name=\"twitter:data1\" content=\"1 minuut\" \/>\n<script type=\"application\/ld+json\" class=\"yoast-schema-graph\">{\"@context\":\"https:\\\/\\\/schema.org\",\"@graph\":[{\"@type\":\"WebPage\",\"@id\":\"https:\\\/\\\/biodynamizer.com\\\/nl\\\/de-voordelen\\\/een-biocompatibel-water\\\/\",\"url\":\"https:\\\/\\\/biodynamizer.com\\\/nl\\\/de-voordelen\\\/een-biocompatibel-water\\\/\",\"name\":\"Een biocompatibel water - Biodynamizer\",\"isPartOf\":{\"@id\":\"https:\\\/\\\/biodynamizer.com\\\/nl\\\/#website\"},\"datePublished\":\"2020-01-28T10:10:45+00:00\",\"dateModified\":\"2025-09-04T10:22:18+00:00\",\"description\":\"Biodynamizer - Een biocompatibel water - En savoir plus sur le biodynamizer et le biofiltre\",\"breadcrumb\":{\"@id\":\"https:\\\/\\\/biodynamizer.com\\\/nl\\\/de-voordelen\\\/een-biocompatibel-water\\\/#breadcrumb\"},\"inLanguage\":\"nl-NL\",\"potentialAction\":[{\"@type\":\"ReadAction\",\"target\":[\"https:\\\/\\\/biodynamizer.com\\\/nl\\\/de-voordelen\\\/een-biocompatibel-water\\\/\"]}]},{\"@type\":\"BreadcrumbList\",\"@id\":\"https:\\\/\\\/biodynamizer.com\\\/nl\\\/de-voordelen\\\/een-biocompatibel-water\\\/#breadcrumb\",\"itemListElement\":[{\"@type\":\"ListItem\",\"position\":1,\"name\":\"Home\",\"item\":\"https:\\\/\\\/biodynamizer.com\\\/nl\\\/\"},{\"@type\":\"ListItem\",\"position\":2,\"name\":\"De Voordelen\",\"item\":\"https:\\\/\\\/biodynamizer.com\\\/nl\\\/de-voordelen\\\/\"},{\"@type\":\"ListItem\",\"position\":3,\"name\":\"Een biocompatibel water\"}]},{\"@type\":\"WebSite\",\"@id\":\"https:\\\/\\\/biodynamizer.com\\\/nl\\\/#website\",\"url\":\"https:\\\/\\\/biodynamizer.com\\\/nl\\\/\",\"name\":\"Biodynamizer\",\"description\":\"Filtrez et dynamisez votre eau\",\"potentialAction\":[{\"@type\":\"SearchAction\",\"target\":{\"@type\":\"EntryPoint\",\"urlTemplate\":\"https:\\\/\\\/biodynamizer.com\\\/nl\\\/?s={search_term_string}\"},\"query-input\":{\"@type\":\"PropertyValueSpecification\",\"valueRequired\":true,\"valueName\":\"search_term_string\"}}],\"inLanguage\":\"nl-NL\"}]}<\/script>\n<!-- \/ Yoast SEO plugin. -->","yoast_head_json":{"title":"Een biocompatibel water - Biodynamizer","description":"Biodynamizer - Een biocompatibel water - En savoir plus sur le biodynamizer et le biofiltre","robots":{"index":"index","follow":"follow","max-snippet":"max-snippet:-1","max-image-preview":"max-image-preview:large","max-video-preview":"max-video-preview:-1"},"canonical":"https:\/\/biodynamizer.com\/nl\/de-voordelen\/een-biocompatibel-water\/","og_locale":"nl_NL","og_type":"article","og_title":"Een biocompatibel water - Biodynamizer","og_description":"Biodynamizer - Een biocompatibel water - En savoir plus sur le biodynamizer et le biofiltre","og_url":"https:\/\/biodynamizer.com\/nl\/de-voordelen\/een-biocompatibel-water\/","og_site_name":"Biodynamizer","article_modified_time":"2025-09-04T10:22:18+00:00","og_image":[{"width":2000,"height":1333,"url":"https:\/\/biodynamizer.com\/wp-content\/uploads\/2019\/11\/Depositphotos_15742931_xl-2015.jpg","type":"image\/jpeg"}],"twitter_card":"summary_large_image","twitter_misc":{"Geschatte leestijd":"1 minuut"},"schema":{"@context":"https:\/\/schema.org","@graph":[{"@type":"WebPage","@id":"https:\/\/biodynamizer.com\/nl\/de-voordelen\/een-biocompatibel-water\/","url":"https:\/\/biodynamizer.com\/nl\/de-voordelen\/een-biocompatibel-water\/","name":"Een biocompatibel water - Biodynamizer","isPartOf":{"@id":"https:\/\/biodynamizer.com\/nl\/#website"},"datePublished":"2020-01-28T10:10:45+00:00","dateModified":"2025-09-04T10:22:18+00:00","description":"Biodynamizer - Een biocompatibel water - En savoir plus sur le biodynamizer et le biofiltre","breadcrumb":{"@id":"https:\/\/biodynamizer.com\/nl\/de-voordelen\/een-biocompatibel-water\/#breadcrumb"},"inLanguage":"nl-NL","potentialAction":[{"@type":"ReadAction","target":["https:\/\/biodynamizer.com\/nl\/de-voordelen\/een-biocompatibel-water\/"]}]},{"@type":"BreadcrumbList","@id":"https:\/\/biodynamizer.com\/nl\/de-voordelen\/een-biocompatibel-water\/#breadcrumb","itemListElement":[{"@type":"ListItem","position":1,"name":"Home","item":"https:\/\/biodynamizer.com\/nl\/"},{"@type":"ListItem","position":2,"name":"De Voordelen","item":"https:\/\/biodynamizer.com\/nl\/de-voordelen\/"},{"@type":"ListItem","position":3,"name":"Een biocompatibel water"}]},{"@type":"WebSite","@id":"https:\/\/biodynamizer.com\/nl\/#website","url":"https:\/\/biodynamizer.com\/nl\/","name":"Biodynamizer","description":"Filtrez et dynamisez votre eau","potentialAction":[{"@type":"SearchAction","target":{"@type":"EntryPoint","urlTemplate":"https:\/\/biodynamizer.com\/nl\/?s={search_term_string}"},"query-input":{"@type":"PropertyValueSpecification","valueRequired":true,"valueName":"search_term_string"}}],"inLanguage":"nl-NL"}]}},"_links":{"self":[{"href":"https:\/\/biodynamizer.com\/nl\/wp-json\/wp\/v2\/pages\/11588","targetHints":{"allow":["GET"]}}],"collection":[{"href":"https:\/\/biodynamizer.com\/nl\/wp-json\/wp\/v2\/pages"}],"about":[{"href":"https:\/\/biodynamizer.com\/nl\/wp-json\/wp\/v2\/types\/page"}],"author":[{"embeddable":true,"href":"https:\/\/biodynamizer.com\/nl\/wp-json\/wp\/v2\/users\/3"}],"replies":[{"embeddable":true,"href":"https:\/\/biodynamizer.com\/nl\/wp-json\/wp\/v2\/comments?post=11588"}],"version-history":[{"count":19,"href":"https:\/\/biodynamizer.com\/nl\/wp-json\/wp\/v2\/pages\/11588\/revisions"}],"predecessor-version":[{"id":28775,"href":"https:\/\/biodynamizer.com\/nl\/wp-json\/wp\/v2\/pages\/11588\/revisions\/28775"}],"up":[{"embeddable":true,"href":"https:\/\/biodynamizer.com\/nl\/wp-json\/wp\/v2\/pages\/11862"}],"wp:attachment":[{"href":"https:\/\/biodynamizer.com\/nl\/wp-json\/wp\/v2\/media?parent=11588"}],"curies":[{"name":"wp","href":"https:\/\/api.w.org\/{rel}","templated":true}]}}