{"id":11597,"date":"2020-01-28T09:34:23","date_gmt":"2020-01-28T09:34:23","guid":{"rendered":"https:\/\/biodynamizer.spleen-creation.be\/une-solution-globale\/"},"modified":"2025-07-09T08:07:07","modified_gmt":"2025-07-09T08:07:07","slug":"een-globale-oplossing","status":"publish","type":"page","link":"https:\/\/biodynamizer.com\/nl\/de-voordelen\/een-globale-oplossing\/","title":{"rendered":"Een globale en ekologische oplossing !"},"content":{"rendered":"<section class=\"l-section wpb_row us_custom_916fdabd height_small\"><div class=\"l-section-h i-cf\"><div class=\"g-cols vc_row via_flex valign_top type_default stacking_default\"><div class=\"vc_col-sm-12 wpb_column vc_column_container\"><div class=\"vc_column-inner\"><div class=\"wpb_wrapper\"><nav class=\"g-breadcrumbs separator_custom align_none\" itemscope itemtype=\"http:\/\/schema.org\/BreadcrumbList\"><div class=\"g-breadcrumbs-item\" itemscope itemprop=\"itemListElement\" itemtype=\"http:\/\/schema.org\/ListItem\"><a itemprop=\"item\" href=\"https:\/\/biodynamizer.com\/nl\/\"><span itemprop=\"name\">Home<\/span><\/a><meta itemprop=\"position\" content=\"1\"\/><\/div><div class=\"g-breadcrumbs-separator\">\/<\/div><div class=\"g-breadcrumbs-item\">Pagina's<\/div><\/nav><\/div><\/div><\/div><\/div><\/div><\/section><section class=\"l-section wpb_row fullheader height_huge with_img\"><div class=\"l-section-img\" role=\"img\" aria-label=\"Afbeelding\" data-img-width=\"2000\" data-img-height=\"1075\" style=\"background-image: url(https:\/\/biodynamizer.com\/wp-content\/uploads\/2019\/12\/Picture-4.png);background-repeat: no-repeat;\"><\/div><div class=\"l-section-h i-cf\"><div class=\"g-cols vc_row via_flex valign_top type_default stacking_default\"><div class=\"vc_col-sm-12 wpb_column vc_column_container has_text_color\"><div class=\"vc_column-inner us_custom_6df4bc3a\"><div class=\"wpb_wrapper\"><div class=\"wpb_text_column us_custom_a574d586 has_text_color\"><div class=\"wpb_wrapper\"><h3>Een globale en ekologische oplossing !<\/h3>\n<\/div><\/div><\/div><\/div><\/div><\/div><\/div><\/section><section class=\"l-section wpb_row max500 height_large\"><div class=\"l-section-h i-cf\"><div class=\"g-cols vc_row via_flex valign_top type_default stacking_default\"><div class=\"vc_col-sm-6 wpb_column vc_column_container\"><div class=\"vc_column-inner\"><div class=\"wpb_wrapper\"><div class=\"wpb_text_column\"><div class=\"wpb_wrapper\"><h2>Voor alle kranen in uw huis!<\/h2>\n<p>U profiteert van water gelijkwaardig aan bergwater uit alle kranen in huis! Zijnde een gefilterd en gedynamiseerd water:<\/p>\n<ul>\n<li>Om te <strong>drinken<\/strong> (geen flessen mineraalwater nodig)<\/li>\n<li>Voor <strong>douches<\/strong>, <strong>baden<\/strong> (gefilterd en gedynamiseerd water) dat voorkomt dat chloreringsresten via de huid in het lichaam terechtkomen<\/li>\n<li>Die op intelligente wijze <a href=\"https:\/\/biodynamizer.com\/nl\/wetenschappelijke-analyses\/kalksteen-behandeling\/\"><span style=\"text-decoration: underline;\"><strong>kalkaanslag<\/strong><\/span><\/a> behandelt (geen ontharder meer nodig). De kalkaanslag wordt niet verwijderd maar omgezet (verpulverd) waardoor deze onschadelijk wordt (veel minder korstvorming) waardoor uw leidingen en kranen behouden blijven<\/li>\n<\/ul>\n<\/div><\/div><div class=\"w-image align_center\"><div class=\"w-image-h\"><img decoding=\"async\" width=\"1024\" height=\"378\" src=\"https:\/\/biodynamizer.com\/wp-content\/uploads\/2024\/05\/Picto-Biodynamiseur_NL-vect-transparent-1024x378.png\" class=\"attachment-large size-large\" alt=\"Ic\u00f4ne vectorielle transparente repr\u00e9sentant un biodynamiseur, stylis\u00e9e pour un usage graphique\" loading=\"lazy\" srcset=\"https:\/\/biodynamizer.com\/wp-content\/uploads\/2024\/05\/Picto-Biodynamiseur_NL-vect-transparent-1024x378.png 1024w, https:\/\/biodynamizer.com\/wp-content\/uploads\/2024\/05\/Picto-Biodynamiseur_NL-vect-transparent-300x111.png 300w, https:\/\/biodynamizer.com\/wp-content\/uploads\/2024\/05\/Picto-Biodynamiseur_NL-vect-transparent-600x222.png 600w\" sizes=\"auto, (max-width: 1024px) 100vw, 1024px\" \/><\/div><\/div><\/div><\/div><\/div><div class=\"vc_col-sm-6 wpb_column vc_column_container\"><div class=\"vc_column-inner\"><div class=\"wpb_wrapper\"><div class=\"w-image align_center\"><div class=\"w-image-h\"><img decoding=\"async\" width=\"300\" height=\"200\" src=\"https:\/\/biodynamizer.com\/wp-content\/uploads\/2024\/05\/bigstock-Beautiful-girl-drinking-water-145210439-300x200.jpg\" class=\"attachment-medium size-medium\" alt=\"Femme qu iboit un verre d&#039;eau avec un fond blnc\" loading=\"lazy\" srcset=\"https:\/\/biodynamizer.com\/wp-content\/uploads\/2024\/05\/bigstock-Beautiful-girl-drinking-water-145210439-300x200.jpg 300w, https:\/\/biodynamizer.com\/wp-content\/uploads\/2024\/05\/bigstock-Beautiful-girl-drinking-water-145210439-1024x683.jpg 1024w, https:\/\/biodynamizer.com\/wp-content\/uploads\/2024\/05\/bigstock-Beautiful-girl-drinking-water-145210439-600x400.jpg 600w\" sizes=\"auto, (max-width: 300px) 100vw, 300px\" \/><\/div><\/div><div class=\"w-separator size_small\"><\/div><div class=\"w-image align_center\"><div class=\"w-image-h\"><img decoding=\"async\" width=\"300\" height=\"199\" src=\"https:\/\/biodynamizer.com\/wp-content\/uploads\/2024\/05\/shutterstock_289979372-300x199.jpg\" class=\"attachment-medium size-medium\" alt=\"femme qui prend une douche\" loading=\"lazy\" srcset=\"https:\/\/biodynamizer.com\/wp-content\/uploads\/2024\/05\/shutterstock_289979372-300x199.jpg 300w, https:\/\/biodynamizer.com\/wp-content\/uploads\/2024\/05\/shutterstock_289979372-1024x678.jpg 1024w, https:\/\/biodynamizer.com\/wp-content\/uploads\/2024\/05\/shutterstock_289979372-600x397.jpg 600w\" sizes=\"auto, (max-width: 300px) 100vw, 300px\" \/><\/div><\/div><div class=\"w-separator size_small\"><\/div><div class=\"w-image align_center\"><div class=\"w-image-h\"><img decoding=\"async\" width=\"300\" height=\"200\" src=\"https:\/\/biodynamizer.com\/wp-content\/uploads\/2024\/05\/Depositphotos_93095260_xl-2015-1-300x200.jpg\" class=\"attachment-medium size-medium\" alt=\"Main d\u2019un r\u00e9parateur tenant un \u00e9l\u00e9ment chauffant tubulaire d\u2019un lave-linge, illustrant la r\u00e9paration et l\u2019entretien d\u2019appareils \u00e9lectrom\u00e9nagers.\" loading=\"lazy\" srcset=\"https:\/\/biodynamizer.com\/wp-content\/uploads\/2024\/05\/Depositphotos_93095260_xl-2015-1-300x200.jpg 300w, https:\/\/biodynamizer.com\/wp-content\/uploads\/2024\/05\/Depositphotos_93095260_xl-2015-1-1024x684.jpg 1024w, https:\/\/biodynamizer.com\/wp-content\/uploads\/2024\/05\/Depositphotos_93095260_xl-2015-1-600x400.jpg 600w\" sizes=\"auto, (max-width: 300px) 100vw, 300px\" \/><\/div><\/div><\/div><\/div><\/div><\/div><\/div><\/section><section class=\"l-section wpb_row height_medium\"><div class=\"l-section-h i-cf\"><div class=\"g-cols vc_row via_flex valign_top type_default stacking_default\"><div class=\"vc_col-sm-6 wpb_column vc_column_container\"><div class=\"vc_column-inner\"><div class=\"wpb_wrapper\"><div class=\"w-image align_center\"><div class=\"w-image-h\"><img decoding=\"async\" width=\"300\" height=\"300\" src=\"https:\/\/biodynamizer.com\/wp-content\/uploads\/2024\/05\/shutterstock_1958485030-300x300.jpeg\" class=\"attachment-medium size-medium\" alt=\"Illustration d&#039;une boutelle d&#039;eau g\u00e9ante dans un caddie de supermarch\u00e9\" loading=\"lazy\" srcset=\"https:\/\/biodynamizer.com\/wp-content\/uploads\/2024\/05\/shutterstock_1958485030-300x300.jpeg 300w, https:\/\/biodynamizer.com\/wp-content\/uploads\/2024\/05\/shutterstock_1958485030-1024x1024.jpeg 1024w, https:\/\/biodynamizer.com\/wp-content\/uploads\/2024\/05\/shutterstock_1958485030-150x150.jpeg 150w, https:\/\/biodynamizer.com\/wp-content\/uploads\/2024\/05\/shutterstock_1958485030-600x600.jpeg 600w, https:\/\/biodynamizer.com\/wp-content\/uploads\/2024\/05\/shutterstock_1958485030-350x350.jpeg 350w, https:\/\/biodynamizer.com\/wp-content\/uploads\/2024\/05\/shutterstock_1958485030-400x400.jpeg 400w, https:\/\/biodynamizer.com\/wp-content\/uploads\/2024\/05\/shutterstock_1958485030-200x200.jpeg 200w\" sizes=\"auto, (max-width: 300px) 100vw, 300px\" \/><\/div><\/div><div class=\"w-separator size_small\"><\/div><div class=\"w-image align_center\"><div class=\"w-image-h\"><img decoding=\"async\" width=\"228\" height=\"300\" src=\"https:\/\/biodynamizer.com\/wp-content\/uploads\/2024\/05\/Adoucisseur-228x300.jpg\" class=\"attachment-medium size-medium\" alt=\"Adoucisseur d&#039;eau\" loading=\"lazy\" srcset=\"https:\/\/biodynamizer.com\/wp-content\/uploads\/2024\/05\/Adoucisseur-228x300.jpg 228w, https:\/\/biodynamizer.com\/wp-content\/uploads\/2024\/05\/Adoucisseur-305x400.jpg 305w, https:\/\/biodynamizer.com\/wp-content\/uploads\/2024\/05\/Adoucisseur.jpg 431w\" sizes=\"auto, (max-width: 228px) 100vw, 228px\" \/><\/div><\/div><\/div><\/div><\/div><div class=\"vc_col-sm-6 wpb_column vc_column_container\"><div class=\"vc_column-inner\"><div class=\"wpb_wrapper\"><div class=\"wpb_text_column\"><div class=\"wpb_wrapper\"><h2>Een ecologische oplossing !<\/h2>\n<ul>\n<li style=\"list-style-type: none;\">\n<ul>\n<li style=\"font-weight: 400;\" aria-level=\"1\">Geen <a href=\"https:\/\/biodynamizer.com\/nl\/water\/pollutie\/\"><span style=\"text-decoration: underline;\"><strong>plastic flessen<\/strong><\/span><\/a> meer (een plastic waterfles bevat gemiddeld 325 plastic microdeeltjes\/l en hormoonontregelaars): Geen productie en <strong>transport van plastic waterflessen<\/strong> meer (water komt nu uit het bestaande stadsnetwerk), waardoor +\/- 150 kg CO2\/jaar\/persoon wordt vermeden, verpakking is goed voor 70%, vervolgens transport voor 20% en distributie voor 10% )<\/li>\n<li style=\"font-weight: 400;\" aria-level=\"1\">Geen <strong>zout<\/strong> (natrium) meer, omdat er geen ontharder meer nodig is (een ontharder verbruikt +\/- 150 kg zout\/jaar dat hij in de watercircuits van uw huis afvoert)<\/li>\n<\/ul>\n<\/li>\n<\/ul>\n<\/div><\/div><\/div><\/div><\/div><\/div><\/div><\/section><section class=\"l-section wpb_row height_large\"><div class=\"l-section-overlay\" style=\"background:rgba(172,172,172,0.2)\"><\/div><div class=\"l-section-h i-cf\"><div class=\"g-cols vc_row via_flex valign_top type_default stacking_default\"><div class=\"vc_col-sm-6 wpb_column vc_column_container\"><div class=\"vc_column-inner\"><div class=\"wpb_wrapper\"><div class=\"wpb_text_column\"><div class=\"wpb_wrapper\"><h2><span style=\"font-weight: 400;\">Goed nieuws voor fijnproevers en lekkerbekken\u00a0<\/span><\/h2>\n<ul>\n<li style=\"font-weight: 400;\" aria-level=\"1\"><span style=\"font-weight: 400;\">Maaltijden bereid met gebiodynamiseerd water winnen aan smaak en versheid.\u00a0<\/span><\/li>\n<li style=\"font-weight: 400;\" aria-level=\"1\"><span style=\"font-weight: 400;\">Het blijkt dat de kooktijd van groenten, rijst, aardappelen\u2026 in gebiodynamiseerd water korter wordt . <\/span><\/li>\n<\/ul>\n<\/div><\/div><div class=\"w-separator size_medium\"><\/div><div class=\"wpb_text_column\"><div class=\"wpb_wrapper\"><p><span style=\"font-weight: 400;\">Wel moet worden opgemerkt dat de eigenschappen van de dynamisatie van water (structuur &amp; energie) behouden blijven tot maximaal 80\u00b0C en dat ze verdwijnen bij verdamping wanneer het kookt (bij 100\u00b0C).<\/span><\/p>\n<\/div><\/div><\/div><\/div><\/div><div class=\"vc_col-sm-6 wpb_column vc_column_container\"><div class=\"vc_column-inner\"><div class=\"wpb_wrapper\"><div class=\"w-image align_center\"><div class=\"w-image-h\"><img decoding=\"async\" width=\"947\" height=\"631\" src=\"https:\/\/biodynamizer.com\/wp-content\/uploads\/2020\/01\/bienfaits5.png\" class=\"attachment-large size-large\" alt=\"\" loading=\"lazy\" srcset=\"https:\/\/biodynamizer.com\/wp-content\/uploads\/2020\/01\/bienfaits5.png 947w, https:\/\/biodynamizer.com\/wp-content\/uploads\/2020\/01\/bienfaits5-300x200.png 300w\" sizes=\"auto, (max-width: 947px) 100vw, 947px\" \/><\/div><\/div><\/div><\/div><\/div><\/div><\/div><\/section><section class=\"l-section wpb_row height_large\"><div class=\"l-section-h i-cf\"><div class=\"g-cols vc_row via_flex valign_top type_default stacking_default\"><div class=\"vc_col-sm-6 wpb_column vc_column_container\"><div class=\"vc_column-inner\"><div class=\"wpb_wrapper\"><div class=\"w-image align_center\"><div class=\"w-image-h\"><img decoding=\"async\" width=\"1024\" height=\"681\" src=\"https:\/\/biodynamizer.com\/wp-content\/uploads\/2020\/01\/bienfaits6-1024x681.png\" class=\"attachment-large size-large\" alt=\"\" loading=\"lazy\" srcset=\"https:\/\/biodynamizer.com\/wp-content\/uploads\/2020\/01\/bienfaits6-1024x681.png 1024w, https:\/\/biodynamizer.com\/wp-content\/uploads\/2020\/01\/bienfaits6-300x200.png 300w, https:\/\/biodynamizer.com\/wp-content\/uploads\/2020\/01\/bienfaits6.png 1033w\" sizes=\"auto, (max-width: 1024px) 100vw, 1024px\" \/><\/div><\/div><\/div><\/div><\/div><div class=\"vc_col-sm-6 wpb_column vc_column_container\"><div class=\"vc_column-inner\"><div class=\"wpb_wrapper\"><div class=\"wpb_text_column\"><div class=\"wpb_wrapper\"><h2>Uw wasgoed nog zachter en schoner<span style=\"font-family: inherit;\">\u00a0<\/span><\/h2>\n<ul>\n<li style=\"font-weight: 400;\" aria-level=\"1\"><span style=\"font-weight: 400;\">Het gebiodynamiseerd water heeft een grotere reinigingskracht.\u00a0<\/span><\/li>\n<li style=\"font-weight: 400;\" aria-level=\"1\"><span style=\"font-weight: 400;\">Water dringt beter door in de weefsels en reinigt dieper.\u00a0<\/span><\/li>\n<li style=\"font-weight: 400;\" aria-level=\"1\"><span style=\"font-weight: 400;\">Onze klanten vertellen ons dat hun wasgoed zachter is.<\/span><\/li>\n<\/ul>\n<\/div><\/div><\/div><\/div><\/div><\/div><\/div><\/section>\n","protected":false},"excerpt":{"rendered":"Home\/Pagina'sEen globale en ekologische oplossing ! Voor alle kranen in uw huis! U profiteert van water gelijkwaardig aan bergwater uit alle kranen in huis! Zijnde een gefilterd en gedynamiseerd water: Om te drinken (geen flessen mineraalwater nodig) Voor douches, baden (gefilterd en gedynamiseerd water) dat voorkomt dat chloreringsresten via de huid in het lichaam terechtkomen...","protected":false},"author":3,"featured_media":0,"parent":11862,"menu_order":2,"comment_status":"closed","ping_status":"closed","template":"","meta":{"_monsterinsights_skip_tracking":false,"_monsterinsights_sitenote_active":false,"_monsterinsights_sitenote_note":"","_monsterinsights_sitenote_category":0,"footnotes":""},"class_list":["post-11597","page","type-page","status-publish","hentry"],"yoast_head":"<!-- This site is optimized with the Yoast SEO plugin v27.3 - https:\/\/yoast.com\/product\/yoast-seo-wordpress\/ -->\n<title>Een globale en ekologische oplossing ! - Biodynamizer<\/title>\n<meta name=\"description\" content=\"Biodynamizer - Een globale en ekologische oplossing ! - En savoir plus sur le biodynamizer et le biofiltre\" \/>\n<meta name=\"robots\" content=\"index, follow, max-snippet:-1, max-image-preview:large, max-video-preview:-1\" \/>\n<link rel=\"canonical\" href=\"https:\/\/biodynamizer.com\/nl\/de-voordelen\/een-globale-oplossing\/\" \/>\n<meta property=\"og:locale\" content=\"nl_NL\" \/>\n<meta property=\"og:type\" content=\"article\" \/>\n<meta property=\"og:title\" content=\"Een globale en ekologische oplossing ! - Biodynamizer\" \/>\n<meta property=\"og:description\" content=\"Biodynamizer - Een globale en ekologische oplossing ! - En savoir plus sur le biodynamizer et le biofiltre\" \/>\n<meta property=\"og:url\" content=\"https:\/\/biodynamizer.com\/nl\/de-voordelen\/een-globale-oplossing\/\" \/>\n<meta property=\"og:site_name\" content=\"Biodynamizer\" \/>\n<meta property=\"article:modified_time\" content=\"2025-07-09T08:07:07+00:00\" \/>\n<meta property=\"og:image\" content=\"https:\/\/biodynamizer.com\/wp-content\/uploads\/2019\/11\/Depositphotos_15742931_xl-2015.jpg\" \/>\n\t<meta property=\"og:image:width\" content=\"2000\" \/>\n\t<meta property=\"og:image:height\" content=\"1333\" \/>\n\t<meta property=\"og:image:type\" content=\"image\/jpeg\" \/>\n<meta name=\"twitter:card\" content=\"summary_large_image\" \/>\n<meta name=\"twitter:label1\" content=\"Geschatte leestijd\" \/>\n\t<meta name=\"twitter:data1\" content=\"2 minuten\" \/>\n<script type=\"application\/ld+json\" class=\"yoast-schema-graph\">{\"@context\":\"https:\\\/\\\/schema.org\",\"@graph\":[{\"@type\":\"WebPage\",\"@id\":\"https:\\\/\\\/biodynamizer.com\\\/nl\\\/de-voordelen\\\/een-globale-oplossing\\\/\",\"url\":\"https:\\\/\\\/biodynamizer.com\\\/nl\\\/de-voordelen\\\/een-globale-oplossing\\\/\",\"name\":\"Een globale en ekologische oplossing ! - Biodynamizer\",\"isPartOf\":{\"@id\":\"https:\\\/\\\/biodynamizer.com\\\/nl\\\/#website\"},\"datePublished\":\"2020-01-28T09:34:23+00:00\",\"dateModified\":\"2025-07-09T08:07:07+00:00\",\"description\":\"Biodynamizer - Een globale en ekologische oplossing ! - En savoir plus sur le biodynamizer et le biofiltre\",\"breadcrumb\":{\"@id\":\"https:\\\/\\\/biodynamizer.com\\\/nl\\\/de-voordelen\\\/een-globale-oplossing\\\/#breadcrumb\"},\"inLanguage\":\"nl-NL\",\"potentialAction\":[{\"@type\":\"ReadAction\",\"target\":[\"https:\\\/\\\/biodynamizer.com\\\/nl\\\/de-voordelen\\\/een-globale-oplossing\\\/\"]}]},{\"@type\":\"BreadcrumbList\",\"@id\":\"https:\\\/\\\/biodynamizer.com\\\/nl\\\/de-voordelen\\\/een-globale-oplossing\\\/#breadcrumb\",\"itemListElement\":[{\"@type\":\"ListItem\",\"position\":1,\"name\":\"Home\",\"item\":\"https:\\\/\\\/biodynamizer.com\\\/nl\\\/\"},{\"@type\":\"ListItem\",\"position\":2,\"name\":\"De Voordelen\",\"item\":\"https:\\\/\\\/biodynamizer.com\\\/nl\\\/de-voordelen\\\/\"},{\"@type\":\"ListItem\",\"position\":3,\"name\":\"Een globale en ekologische oplossing !\"}]},{\"@type\":\"WebSite\",\"@id\":\"https:\\\/\\\/biodynamizer.com\\\/nl\\\/#website\",\"url\":\"https:\\\/\\\/biodynamizer.com\\\/nl\\\/\",\"name\":\"Biodynamizer\",\"description\":\"Filtrez et dynamisez votre eau\",\"potentialAction\":[{\"@type\":\"SearchAction\",\"target\":{\"@type\":\"EntryPoint\",\"urlTemplate\":\"https:\\\/\\\/biodynamizer.com\\\/nl\\\/?s={search_term_string}\"},\"query-input\":{\"@type\":\"PropertyValueSpecification\",\"valueRequired\":true,\"valueName\":\"search_term_string\"}}],\"inLanguage\":\"nl-NL\"}]}<\/script>\n<!-- \/ Yoast SEO plugin. -->","yoast_head_json":{"title":"Een globale en ekologische oplossing ! - Biodynamizer","description":"Biodynamizer - Een globale en ekologische oplossing ! - En savoir plus sur le biodynamizer et le biofiltre","robots":{"index":"index","follow":"follow","max-snippet":"max-snippet:-1","max-image-preview":"max-image-preview:large","max-video-preview":"max-video-preview:-1"},"canonical":"https:\/\/biodynamizer.com\/nl\/de-voordelen\/een-globale-oplossing\/","og_locale":"nl_NL","og_type":"article","og_title":"Een globale en ekologische oplossing ! - Biodynamizer","og_description":"Biodynamizer - Een globale en ekologische oplossing ! - En savoir plus sur le biodynamizer et le biofiltre","og_url":"https:\/\/biodynamizer.com\/nl\/de-voordelen\/een-globale-oplossing\/","og_site_name":"Biodynamizer","article_modified_time":"2025-07-09T08:07:07+00:00","og_image":[{"width":2000,"height":1333,"url":"https:\/\/biodynamizer.com\/wp-content\/uploads\/2019\/11\/Depositphotos_15742931_xl-2015.jpg","type":"image\/jpeg"}],"twitter_card":"summary_large_image","twitter_misc":{"Geschatte leestijd":"2 minuten"},"schema":{"@context":"https:\/\/schema.org","@graph":[{"@type":"WebPage","@id":"https:\/\/biodynamizer.com\/nl\/de-voordelen\/een-globale-oplossing\/","url":"https:\/\/biodynamizer.com\/nl\/de-voordelen\/een-globale-oplossing\/","name":"Een globale en ekologische oplossing ! - Biodynamizer","isPartOf":{"@id":"https:\/\/biodynamizer.com\/nl\/#website"},"datePublished":"2020-01-28T09:34:23+00:00","dateModified":"2025-07-09T08:07:07+00:00","description":"Biodynamizer - Een globale en ekologische oplossing ! - En savoir plus sur le biodynamizer et le biofiltre","breadcrumb":{"@id":"https:\/\/biodynamizer.com\/nl\/de-voordelen\/een-globale-oplossing\/#breadcrumb"},"inLanguage":"nl-NL","potentialAction":[{"@type":"ReadAction","target":["https:\/\/biodynamizer.com\/nl\/de-voordelen\/een-globale-oplossing\/"]}]},{"@type":"BreadcrumbList","@id":"https:\/\/biodynamizer.com\/nl\/de-voordelen\/een-globale-oplossing\/#breadcrumb","itemListElement":[{"@type":"ListItem","position":1,"name":"Home","item":"https:\/\/biodynamizer.com\/nl\/"},{"@type":"ListItem","position":2,"name":"De Voordelen","item":"https:\/\/biodynamizer.com\/nl\/de-voordelen\/"},{"@type":"ListItem","position":3,"name":"Een globale en ekologische oplossing !"}]},{"@type":"WebSite","@id":"https:\/\/biodynamizer.com\/nl\/#website","url":"https:\/\/biodynamizer.com\/nl\/","name":"Biodynamizer","description":"Filtrez et dynamisez votre eau","potentialAction":[{"@type":"SearchAction","target":{"@type":"EntryPoint","urlTemplate":"https:\/\/biodynamizer.com\/nl\/?s={search_term_string}"},"query-input":{"@type":"PropertyValueSpecification","valueRequired":true,"valueName":"search_term_string"}}],"inLanguage":"nl-NL"}]}},"_links":{"self":[{"href":"https:\/\/biodynamizer.com\/nl\/wp-json\/wp\/v2\/pages\/11597","targetHints":{"allow":["GET"]}}],"collection":[{"href":"https:\/\/biodynamizer.com\/nl\/wp-json\/wp\/v2\/pages"}],"about":[{"href":"https:\/\/biodynamizer.com\/nl\/wp-json\/wp\/v2\/types\/page"}],"author":[{"embeddable":true,"href":"https:\/\/biodynamizer.com\/nl\/wp-json\/wp\/v2\/users\/3"}],"replies":[{"embeddable":true,"href":"https:\/\/biodynamizer.com\/nl\/wp-json\/wp\/v2\/comments?post=11597"}],"version-history":[{"count":19,"href":"https:\/\/biodynamizer.com\/nl\/wp-json\/wp\/v2\/pages\/11597\/revisions"}],"predecessor-version":[{"id":27473,"href":"https:\/\/biodynamizer.com\/nl\/wp-json\/wp\/v2\/pages\/11597\/revisions\/27473"}],"up":[{"embeddable":true,"href":"https:\/\/biodynamizer.com\/nl\/wp-json\/wp\/v2\/pages\/11862"}],"wp:attachment":[{"href":"https:\/\/biodynamizer.com\/nl\/wp-json\/wp\/v2\/media?parent=11597"}],"curies":[{"name":"wp","href":"https:\/\/api.w.org\/{rel}","templated":true}]}}