{"id":11620,"date":"2020-01-27T13:56:39","date_gmt":"2020-01-27T13:56:39","guid":{"rendered":"https:\/\/biodynamizer.spleen-creation.be\/analyse-bev-bio-electronique-de-vincent-observe-un-caractere-antioxydant-de-leau-dynamisee\/"},"modified":"2025-12-07T14:45:01","modified_gmt":"2025-12-07T14:45:01","slug":"analyse-bev-bio-electronica-van-vincent","status":"publish","type":"page","link":"https:\/\/biodynamizer.com\/nl\/wetenschappelijke-analyses\/analyse-bev-bio-electronica-van-vincent\/","title":{"rendered":"De Bioelektronische analyse"},"content":{"rendered":"<section class=\"l-section wpb_row us_custom_916fdabd height_small\"><div class=\"l-section-h i-cf\"><div class=\"g-cols vc_row via_flex valign_top type_default stacking_default\"><div class=\"vc_col-sm-12 wpb_column vc_column_container\"><div class=\"vc_column-inner\"><div class=\"wpb_wrapper\"><nav class=\"g-breadcrumbs separator_custom align_none\" itemscope itemtype=\"http:\/\/schema.org\/BreadcrumbList\"><div class=\"g-breadcrumbs-item\" itemscope itemprop=\"itemListElement\" itemtype=\"http:\/\/schema.org\/ListItem\"><a itemprop=\"item\" href=\"https:\/\/biodynamizer.com\/nl\/\"><span itemprop=\"name\">Home<\/span><\/a><meta itemprop=\"position\" content=\"1\"\/><\/div><div class=\"g-breadcrumbs-separator\">\/<\/div><div class=\"g-breadcrumbs-item\">Pagina's<\/div><\/nav><\/div><\/div><\/div><\/div><\/div><\/section><section class=\"l-section wpb_row fullheader height_huge with_img\"><div class=\"l-section-img\" role=\"img\" aria-label=\"Afbeelding\" data-img-width=\"1519\" data-img-height=\"371\" style=\"background-image: url(https:\/\/biodynamizer.com\/wp-content\/uploads\/2020\/03\/New-Project-40.jpg);background-repeat: no-repeat;\"><\/div><div class=\"l-section-h i-cf\"><div class=\"g-cols vc_row via_flex valign_top type_default stacking_default\"><div class=\"vc_col-sm-12 wpb_column vc_column_container has_text_color\"><div class=\"vc_column-inner us_custom_6df4bc3a\"><div class=\"wpb_wrapper\"><div class=\"wpb_text_column\"><div class=\"wpb_wrapper\"><h3><strong>De Bioelektronische analyse stelt een antioxiderend karakter van gedynamiseerd water vast.<\/strong><\/h3>\n<\/div><\/div><\/div><\/div><\/div><\/div><\/div><\/section><section class=\"l-section wpb_row max500 height_large\"><div class=\"l-section-h i-cf\"><div class=\"g-cols vc_row via_flex valign_top type_default stacking_default\"><div class=\"vc_col-sm-4 wpb_column vc_column_container\"><div class=\"vc_column-inner\"><div class=\"wpb_wrapper\"><div class=\"w-separator size_medium\"><\/div><div class=\"w-image align_none\"><div class=\"w-image-h\"><img decoding=\"async\" width=\"308\" height=\"497\" src=\"https:\/\/biodynamizer.com\/wp-content\/uploads\/2020\/05\/Image1.jpg\" class=\"attachment-large size-large\" alt=\"\" loading=\"lazy\" srcset=\"https:\/\/biodynamizer.com\/wp-content\/uploads\/2020\/05\/Image1.jpg 308w, https:\/\/biodynamizer.com\/wp-content\/uploads\/2020\/05\/Image1-186x300.jpg 186w\" sizes=\"auto, (max-width: 308px) 100vw, 308px\" \/><\/div><\/div><div class=\"w-separator size_small\"><\/div><div class=\"w-image align_center\"><div class=\"w-image-h\"><img decoding=\"async\" width=\"1024\" height=\"1024\" src=\"https:\/\/biodynamizer.com\/wp-content\/uploads\/2020\/05\/5_ZnJlZV9yYWRpY2Fscw-1024x1024.jpg\" class=\"attachment-large size-large\" alt=\"\" loading=\"lazy\" srcset=\"https:\/\/biodynamizer.com\/wp-content\/uploads\/2020\/05\/5_ZnJlZV9yYWRpY2Fscw-1024x1024.jpg 1024w, https:\/\/biodynamizer.com\/wp-content\/uploads\/2020\/05\/5_ZnJlZV9yYWRpY2Fscw-300x300.jpg 300w, https:\/\/biodynamizer.com\/wp-content\/uploads\/2020\/05\/5_ZnJlZV9yYWRpY2Fscw-150x150.jpg 150w, https:\/\/biodynamizer.com\/wp-content\/uploads\/2020\/05\/5_ZnJlZV9yYWRpY2Fscw-1536x1536.jpg 1536w, https:\/\/biodynamizer.com\/wp-content\/uploads\/2020\/05\/5_ZnJlZV9yYWRpY2Fscw-2048x2048.jpg 2048w, https:\/\/biodynamizer.com\/wp-content\/uploads\/2020\/05\/5_ZnJlZV9yYWRpY2Fscw-600x600.jpg 600w, https:\/\/biodynamizer.com\/wp-content\/uploads\/2020\/05\/5_ZnJlZV9yYWRpY2Fscw-350x350.jpg 350w, https:\/\/biodynamizer.com\/wp-content\/uploads\/2020\/05\/5_ZnJlZV9yYWRpY2Fscw-400x400.jpg 400w, https:\/\/biodynamizer.com\/wp-content\/uploads\/2020\/05\/5_ZnJlZV9yYWRpY2Fscw-200x200.jpg 200w\" sizes=\"auto, (max-width: 1024px) 100vw, 1024px\" \/><\/div><\/div><div class=\"w-separator size_small\"><\/div><div class=\"w-image align_center\"><div class=\"w-image-h\"><img decoding=\"async\" width=\"1024\" height=\"626\" src=\"https:\/\/biodynamizer.com\/wp-content\/uploads\/2021\/08\/Depositphotos_95016836_xl-2015-1024x626.jpg\" class=\"attachment-large size-large\" alt=\"Jeune femme avec le visage et les mains au-dessus d\u2019\u00e9claboussures d\u2019eau, illustrant les soins de la peau, l\u2019hydratation et la sant\u00e9.\" loading=\"lazy\" srcset=\"https:\/\/biodynamizer.com\/wp-content\/uploads\/2021\/08\/Depositphotos_95016836_xl-2015-1024x626.jpg 1024w, https:\/\/biodynamizer.com\/wp-content\/uploads\/2021\/08\/Depositphotos_95016836_xl-2015-300x184.jpg 300w\" sizes=\"auto, (max-width: 1024px) 100vw, 1024px\" \/><\/div><\/div><div class=\"w-separator size_small\"><\/div><div class=\"w-image align_center\"><div class=\"w-image-h\"><img decoding=\"async\" width=\"1024\" height=\"1024\" src=\"https:\/\/biodynamizer.com\/wp-content\/uploads\/2021\/08\/Depositphotos_58733167_xl-2015-1024x1024.jpg\" class=\"attachment-large size-large\" alt=\"Urinary System - Female Organs - Human Anatomy\" loading=\"lazy\" srcset=\"https:\/\/biodynamizer.com\/wp-content\/uploads\/2021\/08\/Depositphotos_58733167_xl-2015-1024x1024.jpg 1024w, https:\/\/biodynamizer.com\/wp-content\/uploads\/2021\/08\/Depositphotos_58733167_xl-2015-300x300.jpg 300w, https:\/\/biodynamizer.com\/wp-content\/uploads\/2021\/08\/Depositphotos_58733167_xl-2015-150x150.jpg 150w, https:\/\/biodynamizer.com\/wp-content\/uploads\/2021\/08\/Depositphotos_58733167_xl-2015-600x600.jpg 600w, https:\/\/biodynamizer.com\/wp-content\/uploads\/2021\/08\/Depositphotos_58733167_xl-2015-350x350.jpg 350w, https:\/\/biodynamizer.com\/wp-content\/uploads\/2021\/08\/Depositphotos_58733167_xl-2015-400x400.jpg 400w, https:\/\/biodynamizer.com\/wp-content\/uploads\/2021\/08\/Depositphotos_58733167_xl-2015-200x200.jpg 200w\" sizes=\"auto, (max-width: 1024px) 100vw, 1024px\" \/><\/div><\/div><\/div><\/div><\/div><div class=\"vc_col-sm-8 wpb_column vc_column_container\"><div class=\"vc_column-inner\"><div class=\"wpb_wrapper\"><div class=\"wpb_text_column\"><div class=\"wpb_wrapper\"><p><strong>BEV-analyse (Bio electronica van Vincent) met behulp van door Hanna Instruments gekalibreerde elektroden en de formules van professor <em>Joseph Orszagh<\/em>, onderzoeker aan de Universiteit van Mons-Hainaut in Belgi\u00eb) uitgevoerd door Sylvie Henry R\u00e9ant, ENSCP Chemical Engineer, Master 2 Biology, in Sint-Genesius-Rode (Belgi\u00eb ) op 19.05.2020 <\/strong>*Louis Claude Vincent: Ingenieur in hydrologie en afgestudeerd aan de Ecole Sup\u00e9rieure des Travaux Publics in Frankrijk<\/p>\n<p>De BEV-analyse (Bioelectronics van Vincent) bevestigt dat de Biodynamizer een re\u00eble impact zal hebben op water door het <strong>meer reducerend en biocompatibel<\/strong> te maken. Op basis van de parameters die tijdens de BEV-analyse zijn gemeten, kan worden gesteld dat de Biodynamizer:<\/p>\n<ul>\n<li><strong>het oxidatiepotentieel van water aanzienlijk vermindert <\/strong>(waargenomen in de Bioelectronics analyse van Vincent door de substanti\u00eble daling van de rh2-factor in gedynamiseerd water. Meting die uitgaat van de evolutie van de pH-waarde, die niet varieert, en van de waarde van het redoxpotentiaal (oxido-reductiepotentieel) dat sterk afneemt) =&gt; Gedynamiseerd water vermindert oxidatie omdat het ge\u00efoniseerd is (de elektrische lading is voornamelijk veranderd door het effect van magnetisme). Het heeft daarom <strong>meer beschikbare elektronen<\/strong> (<strong>die elektronegatief zijn<\/strong>), zie de identieke conclusies over dit onderwerp in de <strong><a href=\"https:\/\/biodynamizer.com\/nl\/wetenschappelijke-analyses\/de-bioscope-spectrometer\/\">spectrometrische bioscope-analyse<\/a><\/strong> (daling van de spectrale fase in gedynamiseerd water), die kunnen worden overgebracht naar het medium dat bestaat uit anorganische mineralen (in het water) en organische mineralen (die hen omringen). We kunnen dus ervan uitgaan dat gedynamiseerd water kan bijdragen tot het verminderen van de oxidatie van water en dus van het lichaam,<\/li>\n<li><strong>verhoogt het overschot aan beschikbare elektronen in het water en helpt daarom bij het bestrijden van vrije radicalen<\/strong> (aangezien gedynamiseerd water de oxidatie vermindert, heeft het meer &#8220;vrije&#8221; elektronen rond het watermolecuul die daarom mogelijks worden &#8220;afgegeven&#8221;, waardoor de vrije radicalen* weer in evenwicht komen en dus geneutraliseerd worden. *onstabiele atomen door de aanwezigheid van een ongepaard\/enkel elektron op de buitenste laag van het atoom van het molecuul. Ze oxideren het lichaam en veroorzaken celdegeneratie = celveroudering,<\/li>\n<li><strong>zou een betere metabolisatie van voedingsstoffen mogelijk moeten maken en cellulaire ontgifting moeten bevorderen<\/strong>. <strong><a href=\"https:\/\/biodynamizer.com\/nl\/water\/magnetisme-en-water\/\"><span style=\"text-decoration: underline;\">Studies inzake de invloed van magnetisme op water<\/span><\/a><\/strong> en de reducerende eigenschappen ervan, laten ons veronderstellen dat wanneer water geniet van meer beschikbare elektronen met elektronegatieve lading die de voedingsstoffen omringen (organische en anorganische mineralen), het een potentieel verschil zou moeten genereren tussen de extracellulaire (positieve) en intracellulaire (negatieve) omgeving die zou moeten bijdragen (met het verschil in ionenconcentratiegradi\u00ebnten) om het openen\/sluiten van de transmembraan-ionenkanalen (die spanningsafhankelijk zijn) te aktiveren en zo het binnendringen van voedingsstoffen in de cellen en de evacuatie van metabolisch afval buiten de cellen te bevorderen (de professoren van Heidelberg, Neher en Sakmann, Nobelprijs voor geneeskunde 1991, toonden in de jaren tachtig met hun patchclamp-methode aan dat metabolisme werkt via transmembraan-ionenkanalen met verschillende potenti\u00eblen),<\/li>\n<li><strong>Vormt een deel van de anorganische mineralen om in collo\u00efden<\/strong> (veel kleinere deeltjes, van 10 tot 1.000 nm, die elektromagnetisch geladen zijn).\n<ul>\n<li>Collo\u00efdale mineralen <strong>&lt; 50 nm<\/strong> worden tot wel +\/- 75% gemakkelijker door het lichaam <strong>gemetaboliseerd<\/strong> (passeren de darmwand), vergeleken met 5% tot 25% voor anorganische mineralen!<\/li>\n<li>Collo\u00efdale mineralen <strong>&gt; 50 nm<\/strong> worden minder gemakkelijk opgenomen en blijven voornamelijk in de <strong>darmen<\/strong> (omdat ze de darmwand niet kunnen passeren) en worden daarom <strong>via de ontlasting verwijdert<\/strong> in plaats van via de urine (nieren). De overtollige anorganische mineralen (75% tot 95% van de mineralen in water) passeren de darmwand en worden voornamelijk via de nieren verwijdert via de urine!<\/li>\n<\/ul>\n<\/li>\n<li><strong>bewaart veel beter de energie in gedynamiseerd water<\/strong> (door de dissipatie van energie te verminderen, zie ook over dit onderwerp de <strong><a href=\"https:\/\/biodynamizer.com\/nl\/wetenschappelijke-analyses\/lanalyse-biophotonique\/\">Biofotonische analyse<\/a><\/strong> en de <span style=\"text-decoration: underline;\"><strong><a href=\"https:\/\/biodynamizer.com\/nl\/wetenschappelijke-analyses\/de-elektrofotonische-camera-van-coramp-solutions\/\">Elektrofotonische-analyse<\/a><\/strong><\/span> die hiervan getuigen !)<\/li>\n<\/ul>\n<p><strong>Verdieping van de resultaten verkregen tijdens de analyse :<\/strong><\/p>\n<ul>\n<li><span style=\"font-weight: 400;\">rH2-factor van onbehandeld kraantjeswater in Sint-Genesius-Rode (Belgi\u00eb) = 36,3 -&gt; 29,7 voor gedynamiseerd kraantjeswater, dwz een exponenti\u00eble daling van de wateroxidatie van 6,6 eenheden (+\/- 4 voor de Biodynamizer en +\/- 2,5 voor de Biofilter) of 10-6.6 of bijna 4.000.000 keer minder oxiderend! De <strong>rH2<\/strong> (die de activiteit van het elektron in water* kwantificeert en het oxiderende of antioxiderende aspect van water karakteriseert, wordt berekend op basis van een specifieke elektrode), wordt berekend op basis van pH-metingen = 7,6 (tik) -&gt; 7,5 (gedynamiseerd ), de temperatuur (13,5 \u00b0 C: kraan in de kelder -&gt; 16,5 \u00b0 C: gedynamiseerd water in de keuken), en de <strong>redoxpotentiaal = 385,2 mV (kraan) -&gt; 209,5 mV (gedynamiseerd)<\/strong> = potentiaalverschil gemeten door een voltmeter <strong>(het is algemeen aanvaard dat hoe hoger de ORP, hoe meer &#8220;<em>oxiderend<\/em>&#8221; de oplossing is; hoe lager het is, hoe meer reducerend of &#8220;<em>antioxiderend<\/em>&#8221; de oplossing is)<\/strong>, waarbij de geleidbaarheid onveranderd blijft op 750 \u00b5s\/cm; Analyses worden de hele dag herhaald met metingen om de 3 minuten en met instrumentkalibratie, zonder elektromagnetische vervuiling; ideale balans volgens BEV = pH 7 &amp; rH2 \u2264 28 * Andr\u00e9 Fougerousse (Honorair hoogleraar scheikunde aan de universiteit van Straatsburg en voormalig directeur van de faculteit van Chemie Straatsburg (1999-2004)), in een artikel in het Bulletin de l&#8217;Union des Physiciens in 1996 &#8220;<em>De rH2 is een ondubbelzinnige thermodynamische grootheid die het mogelijk maakt om alleen de uitwisseling van elektronen in een aqueuse fase te identificeren, in tegenstelling tot de klassieke potentiaal E, die wordt be\u00efnvloed door protonenuitwisseling<\/em>&#8220;<\/span><\/li>\n<li><span style=\"font-weight: 400;\">Vincent&#8217;s energiekwantificering (Vincent&#8217;s W = dissipatief vermogen van water in termen van energie, afhankelijk van geleidbaarheid, pH en rH2) gaat van 400 \u00b5W\/cm3 voor onbehandeld kraantjeswater tot 180 \u00b5W\/cm3 voor gedynamiseerd kraantjeswater. Dit betekent dat gedynamiseerd water energie beter vasthoudt, wat gunstig is voor het functioneren van de cel (<span style=\"text-decoration: underline;\"><a href=\"https:\/\/biodynamizer.com\/nl\/wetenschappelijke-analyses\/oppervlaktespanning\/#voltage\"><strong>zie hierover het belang van membraanspanning<\/strong><\/a><\/span>).<\/span><\/li>\n<\/ul>\n<\/div><\/div><div class=\"wpb_text_column\"><div class=\"wpb_wrapper\"><p><strong><b>Het belang van reductiewater om vrije radicalen te bestrijden die het lichaam oxideren:<\/b><\/strong><\/p>\n<ul>\n<li><span style=\"font-weight: 400;\"> Zuurstof (ademhaling), ontsteking (hitte of pijn door infectie of iets dergelijks), of oxidatieve stress (veroorzaakt door alcohol, tabak, &#8220;<em>industrieel<\/em>&#8221; voedsel, enz.) kan leiden tot de productie van vrije radicalen. Dit zijn onstabiele moleculen die een elektron missen en die opnieuw in evenwicht komen door ze te stelen van onze andere (stabiele) cellen. Door deze elektronische stabiliteit te zoeken en door 1 elektron in onze cellen terug te winnen, oxideert deze vrije radicaal onze cellen! Wanneer een cel wordt geoxideerd, veroorzaakt dit vroegtijdige veroudering van ons hele lichaam en kan het bepaalde ziekten veroorzaken of de huid vroegtijdig verouderen.<\/span><\/li>\n<li><span style=\"font-weight: 400;\"> Alleen moleculen met elektronen die gemakkelijk kunnen worden gemobiliseerd (antioxidantmoleculen) zijn in staat om vrije radicalen te neutraliseren (door een van hun vrije elektronen naar hen over te dragen, waardoor ze weer in evenwicht worden gebracht). Antioxidanten zorgen ervoor dat onze cellen niet degenereren en gezond blijven. Groenten en fruit bevatten een grote hoeveelheid antioxidanten als ze biologisch en vers geplukt zijn. Het verminderen van gedynamiseerd water kan hetzelfde effect hebben. De meting van de rH2-factor maakt het mogelijk om de afnemende kwaliteit van het water te kwantificeren.<\/span><\/li>\n<\/ul>\n<\/div><\/div><\/div><\/div><\/div><\/div><\/div><\/section>\n","protected":false},"excerpt":{"rendered":"Home\/Pagina'sDe Bioelektronische analyse stelt een antioxiderend karakter van gedynamiseerd water vast. BEV-analyse (Bio electronica van Vincent) met behulp van door Hanna Instruments gekalibreerde elektroden en de formules van professor Joseph Orszagh, onderzoeker aan de Universiteit van Mons-Hainaut in Belgi\u00eb) uitgevoerd door Sylvie Henry R\u00e9ant, ENSCP Chemical Engineer, Master 2 Biology, in Sint-Genesius-Rode (Belgi\u00eb ) op...","protected":false},"author":3,"featured_media":0,"parent":11864,"menu_order":10,"comment_status":"closed","ping_status":"closed","template":"","meta":{"_monsterinsights_skip_tracking":false,"_monsterinsights_sitenote_active":false,"_monsterinsights_sitenote_note":"","_monsterinsights_sitenote_category":0,"footnotes":""},"class_list":["post-11620","page","type-page","status-publish","hentry"],"yoast_head":"<!-- This site is optimized with the Yoast SEO plugin v27.4 - https:\/\/yoast.com\/product\/yoast-seo-wordpress\/ -->\n<title>De Bioelektronische analyse - Biodynamizer<\/title>\n<meta name=\"description\" content=\"L&#039;analyse bio\u00e9lectronique de Vincent confirme que l\u2019eau Biodynamis\u00e9e est une eau r\u00e9ductrice &amp; moins oxydante et biocompatible, qui participe \u00e0 la r\u00e9g\u00e9n\u00e9ration cellulaire et pr\u00e9serve nettement mieux l\u2019\u00e9nergie dans l\u2019eau !\" \/>\n<meta name=\"robots\" content=\"index, follow, max-snippet:-1, max-image-preview:large, max-video-preview:-1\" \/>\n<link rel=\"canonical\" href=\"https:\/\/biodynamizer.com\/nl\/wetenschappelijke-analyses\/analyse-bev-bio-electronica-van-vincent\/\" \/>\n<meta property=\"og:locale\" content=\"nl_NL\" \/>\n<meta property=\"og:type\" content=\"article\" \/>\n<meta property=\"og:title\" content=\"De Bioelektronische analyse - Biodynamizer\" \/>\n<meta property=\"og:description\" content=\"L&#039;analyse bio\u00e9lectronique de Vincent confirme que l\u2019eau Biodynamis\u00e9e est une eau r\u00e9ductrice &amp; moins oxydante et biocompatible, qui participe \u00e0 la r\u00e9g\u00e9n\u00e9ration cellulaire et pr\u00e9serve nettement mieux l\u2019\u00e9nergie dans l\u2019eau !\" \/>\n<meta property=\"og:url\" content=\"https:\/\/biodynamizer.com\/nl\/wetenschappelijke-analyses\/analyse-bev-bio-electronica-van-vincent\/\" \/>\n<meta property=\"og:site_name\" content=\"Biodynamizer\" \/>\n<meta property=\"article:modified_time\" content=\"2025-12-07T14:45:01+00:00\" \/>\n<meta property=\"og:image\" content=\"https:\/\/biodynamizer.com\/wp-content\/uploads\/2019\/11\/Depositphotos_15742931_xl-2015.jpg\" \/>\n\t<meta property=\"og:image:width\" content=\"2000\" \/>\n\t<meta property=\"og:image:height\" content=\"1333\" \/>\n\t<meta property=\"og:image:type\" content=\"image\/jpeg\" \/>\n<meta name=\"twitter:card\" content=\"summary_large_image\" \/>\n<meta name=\"twitter:label1\" content=\"Geschatte leestijd\" \/>\n\t<meta name=\"twitter:data1\" content=\"6 minuten\" \/>\n<script type=\"application\/ld+json\" class=\"yoast-schema-graph\">{\"@context\":\"https:\\\/\\\/schema.org\",\"@graph\":[{\"@type\":\"WebPage\",\"@id\":\"https:\\\/\\\/biodynamizer.com\\\/nl\\\/wetenschappelijke-analyses\\\/analyse-bev-bio-electronica-van-vincent\\\/\",\"url\":\"https:\\\/\\\/biodynamizer.com\\\/nl\\\/wetenschappelijke-analyses\\\/analyse-bev-bio-electronica-van-vincent\\\/\",\"name\":\"De Bioelektronische analyse - Biodynamizer\",\"isPartOf\":{\"@id\":\"https:\\\/\\\/biodynamizer.com\\\/nl\\\/#website\"},\"datePublished\":\"2020-01-27T13:56:39+00:00\",\"dateModified\":\"2025-12-07T14:45:01+00:00\",\"description\":\"L'analyse bio\u00e9lectronique de Vincent confirme que l\u2019eau Biodynamis\u00e9e est une eau r\u00e9ductrice & moins oxydante et biocompatible, qui participe \u00e0 la r\u00e9g\u00e9n\u00e9ration cellulaire et pr\u00e9serve nettement mieux l\u2019\u00e9nergie dans l\u2019eau !\",\"breadcrumb\":{\"@id\":\"https:\\\/\\\/biodynamizer.com\\\/nl\\\/wetenschappelijke-analyses\\\/analyse-bev-bio-electronica-van-vincent\\\/#breadcrumb\"},\"inLanguage\":\"nl-NL\",\"potentialAction\":[{\"@type\":\"ReadAction\",\"target\":[\"https:\\\/\\\/biodynamizer.com\\\/nl\\\/wetenschappelijke-analyses\\\/analyse-bev-bio-electronica-van-vincent\\\/\"]}]},{\"@type\":\"BreadcrumbList\",\"@id\":\"https:\\\/\\\/biodynamizer.com\\\/nl\\\/wetenschappelijke-analyses\\\/analyse-bev-bio-electronica-van-vincent\\\/#breadcrumb\",\"itemListElement\":[{\"@type\":\"ListItem\",\"position\":1,\"name\":\"Home\",\"item\":\"https:\\\/\\\/biodynamizer.com\\\/nl\\\/\"},{\"@type\":\"ListItem\",\"position\":2,\"name\":\"Analyses\",\"item\":\"https:\\\/\\\/biodynamizer.com\\\/nl\\\/wetenschappelijke-analyses\\\/\"},{\"@type\":\"ListItem\",\"position\":3,\"name\":\"De Bioelektronische analyse\"}]},{\"@type\":\"WebSite\",\"@id\":\"https:\\\/\\\/biodynamizer.com\\\/nl\\\/#website\",\"url\":\"https:\\\/\\\/biodynamizer.com\\\/nl\\\/\",\"name\":\"Biodynamizer\",\"description\":\"Filtrez et dynamisez votre eau\",\"potentialAction\":[{\"@type\":\"SearchAction\",\"target\":{\"@type\":\"EntryPoint\",\"urlTemplate\":\"https:\\\/\\\/biodynamizer.com\\\/nl\\\/?s={search_term_string}\"},\"query-input\":{\"@type\":\"PropertyValueSpecification\",\"valueRequired\":true,\"valueName\":\"search_term_string\"}}],\"inLanguage\":\"nl-NL\"}]}<\/script>\n<!-- \/ Yoast SEO plugin. -->","yoast_head_json":{"title":"De Bioelektronische analyse - Biodynamizer","description":"L'analyse bio\u00e9lectronique de Vincent confirme que l\u2019eau Biodynamis\u00e9e est une eau r\u00e9ductrice & moins oxydante et biocompatible, qui participe \u00e0 la r\u00e9g\u00e9n\u00e9ration cellulaire et pr\u00e9serve nettement mieux l\u2019\u00e9nergie dans l\u2019eau !","robots":{"index":"index","follow":"follow","max-snippet":"max-snippet:-1","max-image-preview":"max-image-preview:large","max-video-preview":"max-video-preview:-1"},"canonical":"https:\/\/biodynamizer.com\/nl\/wetenschappelijke-analyses\/analyse-bev-bio-electronica-van-vincent\/","og_locale":"nl_NL","og_type":"article","og_title":"De Bioelektronische analyse - Biodynamizer","og_description":"L'analyse bio\u00e9lectronique de Vincent confirme que l\u2019eau Biodynamis\u00e9e est une eau r\u00e9ductrice & moins oxydante et biocompatible, qui participe \u00e0 la r\u00e9g\u00e9n\u00e9ration cellulaire et pr\u00e9serve nettement mieux l\u2019\u00e9nergie dans l\u2019eau !","og_url":"https:\/\/biodynamizer.com\/nl\/wetenschappelijke-analyses\/analyse-bev-bio-electronica-van-vincent\/","og_site_name":"Biodynamizer","article_modified_time":"2025-12-07T14:45:01+00:00","og_image":[{"width":2000,"height":1333,"url":"https:\/\/biodynamizer.com\/wp-content\/uploads\/2019\/11\/Depositphotos_15742931_xl-2015.jpg","type":"image\/jpeg"}],"twitter_card":"summary_large_image","twitter_misc":{"Geschatte leestijd":"6 minuten"},"schema":{"@context":"https:\/\/schema.org","@graph":[{"@type":"WebPage","@id":"https:\/\/biodynamizer.com\/nl\/wetenschappelijke-analyses\/analyse-bev-bio-electronica-van-vincent\/","url":"https:\/\/biodynamizer.com\/nl\/wetenschappelijke-analyses\/analyse-bev-bio-electronica-van-vincent\/","name":"De Bioelektronische analyse - Biodynamizer","isPartOf":{"@id":"https:\/\/biodynamizer.com\/nl\/#website"},"datePublished":"2020-01-27T13:56:39+00:00","dateModified":"2025-12-07T14:45:01+00:00","description":"L'analyse bio\u00e9lectronique de Vincent confirme que l\u2019eau Biodynamis\u00e9e est une eau r\u00e9ductrice & moins oxydante et biocompatible, qui participe \u00e0 la r\u00e9g\u00e9n\u00e9ration cellulaire et pr\u00e9serve nettement mieux l\u2019\u00e9nergie dans l\u2019eau !","breadcrumb":{"@id":"https:\/\/biodynamizer.com\/nl\/wetenschappelijke-analyses\/analyse-bev-bio-electronica-van-vincent\/#breadcrumb"},"inLanguage":"nl-NL","potentialAction":[{"@type":"ReadAction","target":["https:\/\/biodynamizer.com\/nl\/wetenschappelijke-analyses\/analyse-bev-bio-electronica-van-vincent\/"]}]},{"@type":"BreadcrumbList","@id":"https:\/\/biodynamizer.com\/nl\/wetenschappelijke-analyses\/analyse-bev-bio-electronica-van-vincent\/#breadcrumb","itemListElement":[{"@type":"ListItem","position":1,"name":"Home","item":"https:\/\/biodynamizer.com\/nl\/"},{"@type":"ListItem","position":2,"name":"Analyses","item":"https:\/\/biodynamizer.com\/nl\/wetenschappelijke-analyses\/"},{"@type":"ListItem","position":3,"name":"De Bioelektronische analyse"}]},{"@type":"WebSite","@id":"https:\/\/biodynamizer.com\/nl\/#website","url":"https:\/\/biodynamizer.com\/nl\/","name":"Biodynamizer","description":"Filtrez et dynamisez votre eau","potentialAction":[{"@type":"SearchAction","target":{"@type":"EntryPoint","urlTemplate":"https:\/\/biodynamizer.com\/nl\/?s={search_term_string}"},"query-input":{"@type":"PropertyValueSpecification","valueRequired":true,"valueName":"search_term_string"}}],"inLanguage":"nl-NL"}]}},"_links":{"self":[{"href":"https:\/\/biodynamizer.com\/nl\/wp-json\/wp\/v2\/pages\/11620","targetHints":{"allow":["GET"]}}],"collection":[{"href":"https:\/\/biodynamizer.com\/nl\/wp-json\/wp\/v2\/pages"}],"about":[{"href":"https:\/\/biodynamizer.com\/nl\/wp-json\/wp\/v2\/types\/page"}],"author":[{"embeddable":true,"href":"https:\/\/biodynamizer.com\/nl\/wp-json\/wp\/v2\/users\/3"}],"replies":[{"embeddable":true,"href":"https:\/\/biodynamizer.com\/nl\/wp-json\/wp\/v2\/comments?post=11620"}],"version-history":[{"count":44,"href":"https:\/\/biodynamizer.com\/nl\/wp-json\/wp\/v2\/pages\/11620\/revisions"}],"predecessor-version":[{"id":30390,"href":"https:\/\/biodynamizer.com\/nl\/wp-json\/wp\/v2\/pages\/11620\/revisions\/30390"}],"up":[{"embeddable":true,"href":"https:\/\/biodynamizer.com\/nl\/wp-json\/wp\/v2\/pages\/11864"}],"wp:attachment":[{"href":"https:\/\/biodynamizer.com\/nl\/wp-json\/wp\/v2\/media?parent=11620"}],"curies":[{"name":"wp","href":"https:\/\/api.w.org\/{rel}","templated":true}]}}