{"id":11643,"date":"2020-01-27T12:43:56","date_gmt":"2020-01-27T12:43:56","guid":{"rendered":"https:\/\/biodynamizer.spleen-creation.be\/la-camera-electrophotonique-de-coramp-solutions\/"},"modified":"2026-01-21T13:03:27","modified_gmt":"2026-01-21T13:03:27","slug":"de-elektrofotonische-camera-van-coramp-solutions","status":"publish","type":"page","link":"https:\/\/biodynamizer.com\/nl\/wetenschappelijke-analyses\/de-elektrofotonische-camera-van-coramp-solutions\/","title":{"rendered":"De Elektrofotonische analyse"},"content":{"rendered":"<section class=\"l-section wpb_row us_custom_916fdabd height_small\"><div class=\"l-section-h i-cf\"><div class=\"g-cols vc_row via_flex valign_top type_default stacking_default\"><div class=\"vc_col-sm-12 wpb_column vc_column_container\"><div class=\"vc_column-inner\"><div class=\"wpb_wrapper\"><nav class=\"g-breadcrumbs separator_custom align_none\" itemscope itemtype=\"http:\/\/schema.org\/BreadcrumbList\"><div class=\"g-breadcrumbs-item\" itemscope itemprop=\"itemListElement\" itemtype=\"http:\/\/schema.org\/ListItem\"><a itemprop=\"item\" href=\"https:\/\/biodynamizer.com\/nl\/\"><span itemprop=\"name\">Home<\/span><\/a><meta itemprop=\"position\" content=\"1\"\/><\/div><div class=\"g-breadcrumbs-separator\">\/<\/div><div class=\"g-breadcrumbs-item\">Pagina's<\/div><\/nav><\/div><\/div><\/div><\/div><\/div><\/section><section class=\"l-section wpb_row fullheader height_huge with_img\"><div class=\"l-section-img\" role=\"img\" aria-label=\"Afbeelding\" data-img-width=\"1519\" data-img-height=\"313\" style=\"background-image: url(https:\/\/biodynamizer.com\/wp-content\/uploads\/2020\/03\/New-Project-56.jpg);background-repeat: no-repeat;\"><\/div><div class=\"l-section-h i-cf\"><div class=\"g-cols vc_row via_flex valign_top type_default stacking_default\"><div class=\"vc_col-sm-12 wpb_column vc_column_container has_text_color\"><div class=\"vc_column-inner us_custom_6df4bc3a\"><div class=\"wpb_wrapper\"><div class=\"wpb_text_column\"><div class=\"wpb_wrapper\"><h3><strong>De elektrofotonische camera\u00a0<\/strong><\/h3>\n<h3><\/h3>\n<\/div><\/div><\/div><\/div><\/div><\/div><\/div><\/section><section class=\"l-section wpb_row height_large\" id=\"tensionsuperficielle\"><div class=\"l-section-h i-cf\"><div class=\"g-cols vc_row via_flex valign_top type_default stacking_default\"><div class=\"vc_col-sm-12 wpb_column vc_column_container\"><div class=\"vc_column-inner\"><div class=\"wpb_wrapper\"><div class=\"wpb_text_column\"><div class=\"wpb_wrapper\"><h2>De elektrofotonische camera merkt een toename van de amplitude van de lichtstraling en een afname van de oppervlaktespanning in het gedynamiseerd water op<\/h2>\n<\/div><\/div><div class=\"w-image align_center\"><div class=\"w-image-h\"><img decoding=\"async\" width=\"2560\" height=\"1046\" src=\"https:\/\/biodynamizer.com\/wp-content\/uploads\/2025\/09\/Elektrofonie-NL-scaled.png\" class=\"attachment-full size-full\" alt=\"Electrophtonique\" loading=\"lazy\" srcset=\"https:\/\/biodynamizer.com\/wp-content\/uploads\/2025\/09\/Elektrofonie-NL-scaled.png 2560w, https:\/\/biodynamizer.com\/wp-content\/uploads\/2025\/09\/Elektrofonie-NL-300x123.png 300w, https:\/\/biodynamizer.com\/wp-content\/uploads\/2025\/09\/Elektrofonie-NL-1024x418.png 1024w, https:\/\/biodynamizer.com\/wp-content\/uploads\/2025\/09\/Elektrofonie-NL-600x245.png 600w, https:\/\/biodynamizer.com\/wp-content\/uploads\/2025\/09\/Elektrofonie-NL-640x261.png 640w\" sizes=\"auto, (max-width: 2560px) 100vw, 2560px\" \/><\/div><\/div><div class=\"w-separator size_medium\"><\/div><div class=\"wpb_text_column\"><div class=\"wpb_wrapper\"><p><span style=\"font-weight: 400;\">De luminescentie van gedynamiseerd water rond de kruin is langer en intenser <strong>(de amplitude van de lichtstraling is groter en het water straalt meer licht uit, zie onderstaande tabel)<\/strong> en is talrijker en regelmatiger dan die van kraantjeswater. <strong>Dit betekent dat ze meer energie bevatten in termen van fotonen &#8211; elektronen<\/strong>. Dit komt overeen met de bevindingen in <\/span><span style=\"font-weight: 400;\">de <strong><a href=\"https:\/\/biodynamizer.com\/nl\/wetenschappelijke-analyses\/lanalyse-biophotonique\/\">Biofotonische analyse<\/a><\/strong> en de <a href=\"https:\/\/biodynamizer.com\/nl\/wetenschappelijke-analyses\/analyse-bev-bio-electronica-van-vincent\/\"><strong>Bioelectronica analyse<\/strong><\/a><\/span><span style=\"font-weight: 400;\"> en in het bijzonder met de Vincent&#8217;s W-factor, die de grotere retentie van energie in gedynamiseerd water bevestigt.\u00a0<\/span><\/p>\n<p><span style=\"font-weight: 400;\">De vorm van de gedynamiseerde waterdruppel is meer gespreid \/ uitgerekt (de waterdruppel verspreidt zich over de elektrode) omdat de <a href=\"https:\/\/biodynamizer.com\/nl\/de-voordelen\/hydraterend-water\/\"><strong>oppervlaktespanning lager is =&gt; het is waarschijnlijk dat dit voor een betere cellulaire hydratatie zal zorgen<\/strong><\/a> omdat het meer &#8220;<em>bevochtigend<\/em>&#8221; is, gedynamiseerd water dringt beter door in de weefsels.<\/span><\/p>\n<\/div><\/div><\/div><\/div><\/div><\/div><\/div><\/section><section class=\"l-section wpb_row height_large\"><div class=\"l-section-overlay\" style=\"background:#ffffff\"><\/div><div class=\"l-section-h i-cf\"><div class=\"g-cols vc_row via_flex valign_top type_default stacking_default\"><div class=\"vc_col-sm-12 wpb_column vc_column_container\"><div class=\"vc_column-inner\"><div class=\"wpb_wrapper\"><div class=\"wpb_text_column\"><div class=\"wpb_wrapper\"><h2><strong>Fotonische bruggen: de energie van gedynamiseerd water blijkt meer te worden overgedragen naar de energie van het lichaam<\/strong><\/h2>\n<\/div><\/div><div class=\"w-image align_center\"><div class=\"w-image-h\"><img decoding=\"async\" width=\"1024\" height=\"452\" src=\"https:\/\/biodynamizer.com\/wp-content\/uploads\/2022\/10\/Elektrofotonische-brug-Biodynamizer-NL-1024x452.png\" class=\"attachment-large size-large\" alt=\"Elektrofotonische brug - Biodynamizer\" loading=\"lazy\" srcset=\"https:\/\/biodynamizer.com\/wp-content\/uploads\/2022\/10\/Elektrofotonische-brug-Biodynamizer-NL-1024x452.png 1024w, https:\/\/biodynamizer.com\/wp-content\/uploads\/2022\/10\/Elektrofotonische-brug-Biodynamizer-NL-300x132.png 300w\" sizes=\"auto, (max-width: 1024px) 100vw, 1024px\" \/><\/div><\/div><div class=\"w-separator size_medium\"><\/div><div class=\"wpb_text_column\"><div class=\"wpb_wrapper\"><p><span style=\"font-weight: 400;\">Fotonische bruggen maken het mogelijk om de mate van gedynamiseerde &#8220;<em>biocompatibiliteit<\/em>&#8221; te meten tussen de energie van gedynamiseerd water en de energie van het menselijk lichaam (zijn affiniteit of zijn resonantie).\u00a0<\/span><\/p>\n<p><span style=\"font-weight: 400;\">Proces: Speciale kwartselektrode met achtereenvolgens kraantjeswater &amp; gedynamiseerd kraantjeswater + het plaatsen van de 10 vingers van het menselijk lichaam. Waarneming van fotonische bruggen (ionische winden = energieoverdrachten) tussen het water en de vingers op 3 mm.<\/span><\/p>\n<p><span style=\"font-weight: 400;\">Waarneming: gedynamiseerd water heeft een veel grotere energiecompatibiliteit, gevisualiseerd door de systematische aanwezigheid van fotonische bruggen en hun zeer grote omvang die zelfs veel verder gaat dan de periferie van de vingers! De waarneming werd 20 keer uitgevoerd op 2 x 10 vingers. In termen van totale energie (in de elektron-foton zin), zijn de affiniteiten tussen gedynamiseerd water en de vingers &#8220;<em>zeer duidelijk superieur<\/em>&#8220;! Dit is de eerste keer dat dit is waargenomen in de 10 jaar van het bestaan \u200b\u200bvan de elektrofotonische camera.<\/span><\/p>\n<\/div><\/div><div class=\"wpb_text_column\"><div class=\"wpb_wrapper\"><p><span style=\"font-weight: 400;\">De energie die aanwezig is in het gedynamiseerd water lijkt te zijn overgedragen aan de energie van het lichaam! Dit wordt in de bovenstaande foto ge\u00efllustreerd door de &#8220;vebindingen&#8221; van fotonisch licht tussen de waterhouder en de vinger die in 100% van de gevallen, en op een zeer duidelijk superieure en systematische manier, worden geproduceerd voor gedynamiseerd water&gt; &lt;kraantjeswater. Dit illustreert de energiecompatibiliteit van gedynamiseerd water. Deze energie hebben we nodig voor het\u00a0 functioneren van onze cellen, zie in dit verband het belang van <\/span><a href=\"https:\/\/biodynamizer.com\/nl\/water\/\"><strong>membraanspanning<\/strong><\/a><span style=\"font-weight: 400;\">!<\/span><\/p>\n<\/div><\/div><\/div><\/div><\/div><\/div><\/div><\/section><section class=\"l-section wpb_row height_large\"><div class=\"l-section-overlay\" style=\"background:rgba(172,172,172,0.2)\"><\/div><div class=\"l-section-h i-cf\"><div class=\"g-cols vc_row via_flex valign_top type_default stacking_default\"><div class=\"vc_col-sm-12 wpb_column vc_column_container\"><div class=\"vc_column-inner\"><div class=\"wpb_wrapper\"><div class=\"wpb_text_column\"><div class=\"wpb_wrapper\"><h2><strong>De elektrofotonische camera neemt vaak een veel grotere energiestraling waar in gedynamiseerde water<\/strong><\/h2>\n<\/div><\/div><div class=\"w-image align_center\"><div class=\"w-image-h\"><img decoding=\"async\" width=\"1024\" height=\"522\" src=\"https:\/\/biodynamizer.com\/wp-content\/uploads\/2022\/10\/Elektrofotonische-amplitude-FFT-Biodynamizer-NL-1024x522.png\" class=\"attachment-large size-large\" alt=\"Elektrofotonische amplitude FFT - Biodynamizer\" loading=\"lazy\" srcset=\"https:\/\/biodynamizer.com\/wp-content\/uploads\/2022\/10\/Elektrofotonische-amplitude-FFT-Biodynamizer-NL-1024x522.png 1024w, https:\/\/biodynamizer.com\/wp-content\/uploads\/2022\/10\/Elektrofotonische-amplitude-FFT-Biodynamizer-NL-300x153.png 300w\" sizes=\"auto, (max-width: 1024px) 100vw, 1024px\" \/><\/div><\/div><div class=\"w-separator size_medium\"><\/div><div class=\"wpb_text_column\"><div class=\"wpb_wrapper\"><p><span style=\"font-weight: 400;\">FFT-frequentiebeelden (Fast Fourier Transform in ICA-formaat): de straling van het zichtbare lichtspectrum (gele &amp; paarse kleur) is duidelijk groter en uitgebreider in gedynamiseerd water&gt; &lt;kraantjeswater, wat duidt op een grotere ruimtelijke verdeling van energie en dus meer straling van deze energie. Het gedynamiseerd water bevat meer fotonen die verder uitstralen (Hot Spot Pixel hoger met 14%). Dit is ook te zien op de afbeeldingen in Tiff-formaat!<\/span><\/p>\n<\/div><\/div><\/div><\/div><\/div><\/div><\/div><\/section><section class=\"l-section wpb_row height_large\"><div class=\"l-section-h i-cf\"><div class=\"g-cols vc_row via_flex valign_top type_default stacking_default\"><div class=\"vc_col-sm-12 wpb_column vc_column_container\"><div class=\"vc_column-inner\"><div class=\"wpb_wrapper\"><div class=\"wpb_text_column\"><div class=\"wpb_wrapper\"><h2><strong>De elektrofotonische camera neemt vaak een grotere structurele en vibrerende harmonie waar in gedynamiseerde water.<\/strong><\/h2>\n<\/div><\/div><div class=\"w-image align_center\"><div class=\"w-image-h\"><img decoding=\"async\" width=\"1024\" height=\"606\" src=\"https:\/\/biodynamizer.com\/wp-content\/uploads\/2022\/10\/Fotonische-structuur-FFT-Biodynamizer-NL-1024x606.png\" class=\"attachment-large size-large\" alt=\"Fotonische structuur FFT - Biodynamizer\" loading=\"lazy\" srcset=\"https:\/\/biodynamizer.com\/wp-content\/uploads\/2022\/10\/Fotonische-structuur-FFT-Biodynamizer-NL-1024x606.png 1024w, https:\/\/biodynamizer.com\/wp-content\/uploads\/2022\/10\/Fotonische-structuur-FFT-Biodynamizer-NL-300x178.png 300w\" sizes=\"auto, (max-width: 1024px) 100vw, 1024px\" \/><\/div><\/div><div class=\"w-separator size_medium\"><\/div><div class=\"wpb_text_column\"><div class=\"wpb_wrapper\"><p><span style=\"font-weight: 400;\">FFT (Fast Fourier Transform) frequentiebeeldvorming onthult ook de intieme geometrische structuur van water. De structuur van gedynamiseerd water blijkt meer symmetrisch, regelmatig, coherent en harmonieus te zijn en vaak zeshoekig van vorm in het midden&gt; &lt;kraantjeswater. Deze geometrische vormen, ingeprent door de energiefrequentie in het water, onthullen de moleculaire structuur die het &#8220;<em>leesraster<\/em>&#8221; vormt van de energie-informatie die het doorkruist. Water is een magnetische band die deze energie opvangt en doorgeeft. We gaan ervan uit dat hoe harmonieuzer en coherenter de geometrische structuur van water is, hoe groter het vermogen is om deze energie door te geven! &#8220;<b><i>Energie codeert, water encodeert, de mens decodeert<\/i><\/b><\/span><span style=\"font-weight: 400;\">&#8220;; Zie ook de overeenkomsten met <\/span><strong><a href=\"https:\/\/biodynamizer.com\/nl\/wetenschappelijke-analyses\/de-water-kristallen\/\">waterkristallen<\/a><\/strong><span style=\"font-weight: 400;\">, vooral qua hexagonale vormen!<\/span><\/p>\n<\/div><\/div><\/div><\/div><\/div><\/div><\/div><\/section><section class=\"l-section wpb_row max500 height_large\"><div class=\"l-section-h i-cf\"><div class=\"g-cols vc_row via_flex valign_top type_default stacking_default\"><div class=\"vc_col-sm-12 wpb_column vc_column_container\"><div class=\"vc_column-inner\"><div class=\"wpb_wrapper\"><div class=\"wpb_text_column\"><div class=\"wpb_wrapper\"><p><strong>Laboratorium<\/strong>: Coramp-laboratorium met wetenschappelijke beeldverwerkingssoftware ontwikkeld door Raymond Herren, elektronica-ingenieur bij CNRS (Nationaal Centrum voor Wetenschappelijk Onderzoek, Frankrijk) om de elektrofotonische beelden verkregen door het corona-effect te interpreteren; Dit onderzoeks- en ontwikkelingswerk is gecertificeerd door de regionale delegatie voor onderzoek en technologie Midi-Pyr\u00e9n\u00e9es, Frankrijk (Ministerie van Hoger Onderwijs en Onderzoek), na validatie van academische experts op het gebied van biofotonica; analyse uitgevoerd in opdracht van NV Dynamized Technologies op 07\/09\/2019.<\/p>\n<p><b>Methode<\/b><span style=\"font-weight: 400;\">: de elektrofotonische camera meet de fotonische ontladingen van water dat wordt blootgesteld aan een elektrisch veld (110 Hz-signaal = dicht bij de frequentie die wordt gepulseerd door levende wezens!) dat op zijn beurt een elektromagnetisch veld cre\u00ebert. Deze pulsen weerspiegelen de door het water geabsorbeerde en uitgezonden energie volgens het principe van het krooneffect (foto Kirlian). De camera registreert in het ultraviolette lichtspectrum en neemt praktisch alle fotonen waar in de lucht rond het watermonster (de informatie van de levenden gaat door het UV-spectrum)! Voor deze analyse werden 12 stroomgebieden uit 3 verschillende wateren (eenmaal gednamiseerd en \u00e9\u00e9n keer niet-gedynamiseerd) uit elke vloeistof genomen, dat zijn in totaal 72 stroomgebieden, wat statistische betrouwbaarheid mogelijk maakt. Foto&#8217;s worden gemaakt in Tiff (digitale beeldvorming) en FFT (wetenschappelijke beeldvorming) formaat.<\/span><\/p>\n<p><strong>Wetenschappelijke validatie<\/strong> <strong>van de elektrofotonische analysemethode<\/strong> (EPA): Op 14 oktober 2025 werd de AEP-methode wetenschappelijk gevalideerd door een peer-reviewed publicatie in het tijdschrift Substantia van de Universiteit van Florence, waaronder het artikel &#8220;ElectroPhotonic Analysis (EPA) of tap water droplets versus hydroalcoholic solutions&#8221; van Marc Henry (\u2020), Pierre Dorfman, Michel Van Wassenhoven en Martine Goyens. Deze publicatie toont de reproduceerbaarheid van de AEP-methode aan en valideert deze daarom wetenschappelijk!<\/p>\n<\/div><\/div><div class=\"w-separator size_small\"><\/div><div class=\"w-btn-wrapper align_center\"><a class=\"w-btn us-btn-style_1\" href=\"https:\/\/biodynamizer.com\/wp-content\/uploads\/2026\/01\/SUB-25-3597_AcceptedManuscript.pdf\"><span class=\"w-btn-label\">Publicatie ter validatie van de elektrofotonische analysemethode, 14.10.2025, Universiteit van Florence<\/span><\/a><\/div><div class=\"w-separator size_small\"><\/div><div class=\"wpb_text_column\"><div class=\"wpb_wrapper\"><p>Dit impliceert dus de validatie van de conclusies van de elektrofotonische analyse, die de voordelen van waterbiodynamisering met behulp van de Biodynamizer bevestigt in termen van:<\/p>\n<ol>\n<li>Hoeveelheid energie in termen van lichtfotonen (hoger),<\/li>\n<li>Oppervlaktespanning (lager),<\/li>\n<li>Elektronegativiteit (hoger), d.w.z. meer beschikbare elektronen, wat de de-stapeling van rode bloedcellen be\u00efnvloedt.<\/li>\n<\/ol>\n<\/div><\/div><div class=\"w-image align_center\"><div class=\"w-image-h\"><img decoding=\"async\" width=\"1024\" height=\"359\" src=\"https:\/\/biodynamizer.com\/wp-content\/uploads\/2020\/01\/coramp-1024x359.png\" class=\"attachment-large size-large\" alt=\"\" loading=\"lazy\" srcset=\"https:\/\/biodynamizer.com\/wp-content\/uploads\/2020\/01\/coramp-1024x359.png 1024w, https:\/\/biodynamizer.com\/wp-content\/uploads\/2020\/01\/coramp-300x105.png 300w, https:\/\/biodynamizer.com\/wp-content\/uploads\/2020\/01\/coramp-1536x538.png 1536w, https:\/\/biodynamizer.com\/wp-content\/uploads\/2020\/01\/coramp-2048x718.png 2048w\" sizes=\"auto, (max-width: 1024px) 100vw, 1024px\" \/><\/div><\/div><\/div><\/div><\/div><\/div><\/div><\/section>\n","protected":false},"excerpt":{"rendered":"Home\/Pagina'sDe elektrofotonische camera\u00a0 De elektrofotonische camera merkt een toename van de amplitude van de lichtstraling en een afname van de oppervlaktespanning in het gedynamiseerd water op De luminescentie van gedynamiseerd water rond de kruin is langer en intenser (de amplitude van de lichtstraling is groter en het water straalt meer licht uit, zie onderstaande tabel)...","protected":false},"author":3,"featured_media":0,"parent":11864,"menu_order":3,"comment_status":"closed","ping_status":"closed","template":"","meta":{"_monsterinsights_skip_tracking":false,"_monsterinsights_sitenote_active":false,"_monsterinsights_sitenote_note":"","_monsterinsights_sitenote_category":0,"footnotes":""},"class_list":["post-11643","page","type-page","status-publish","hentry"],"yoast_head":"<!-- This site is optimized with the Yoast SEO plugin v27.3 - https:\/\/yoast.com\/product\/yoast-seo-wordpress\/ -->\n<title>De Elektrofotonische analyse - Biodynamizer<\/title>\n<meta name=\"description\" content=\"La cam\u00e9ra \u00e9lectrophotonique confirme que l&#039;eau biodynamis\u00e9e contient plus d&#039;\u00e9nergie et des propri\u00e9t\u00e9s hydratantes\" \/>\n<meta name=\"robots\" content=\"index, follow, max-snippet:-1, max-image-preview:large, max-video-preview:-1\" \/>\n<link rel=\"canonical\" href=\"https:\/\/biodynamizer.com\/nl\/wetenschappelijke-analyses\/de-elektrofotonische-camera-van-coramp-solutions\/\" \/>\n<meta property=\"og:locale\" content=\"nl_NL\" \/>\n<meta property=\"og:type\" content=\"article\" \/>\n<meta property=\"og:title\" content=\"De Elektrofotonische analyse - Biodynamizer\" \/>\n<meta property=\"og:description\" content=\"La cam\u00e9ra \u00e9lectrophotonique confirme que l&#039;eau biodynamis\u00e9e contient plus d&#039;\u00e9nergie et des propri\u00e9t\u00e9s hydratantes\" \/>\n<meta property=\"og:url\" content=\"https:\/\/biodynamizer.com\/nl\/wetenschappelijke-analyses\/de-elektrofotonische-camera-van-coramp-solutions\/\" \/>\n<meta property=\"og:site_name\" content=\"Biodynamizer\" \/>\n<meta property=\"article:modified_time\" content=\"2026-01-21T13:03:27+00:00\" \/>\n<meta property=\"og:image\" content=\"https:\/\/biodynamizer.com\/wp-content\/uploads\/2019\/11\/Depositphotos_15742931_xl-2015.jpg\" \/>\n\t<meta property=\"og:image:width\" content=\"2000\" \/>\n\t<meta property=\"og:image:height\" content=\"1333\" \/>\n\t<meta property=\"og:image:type\" content=\"image\/jpeg\" \/>\n<meta name=\"twitter:card\" content=\"summary_large_image\" \/>\n<meta name=\"twitter:label1\" content=\"Geschatte leestijd\" \/>\n\t<meta name=\"twitter:data1\" content=\"5 minuten\" \/>\n<script type=\"application\/ld+json\" class=\"yoast-schema-graph\">{\"@context\":\"https:\\\/\\\/schema.org\",\"@graph\":[{\"@type\":\"WebPage\",\"@id\":\"https:\\\/\\\/biodynamizer.com\\\/nl\\\/wetenschappelijke-analyses\\\/de-elektrofotonische-camera-van-coramp-solutions\\\/\",\"url\":\"https:\\\/\\\/biodynamizer.com\\\/nl\\\/wetenschappelijke-analyses\\\/de-elektrofotonische-camera-van-coramp-solutions\\\/\",\"name\":\"De Elektrofotonische analyse - Biodynamizer\",\"isPartOf\":{\"@id\":\"https:\\\/\\\/biodynamizer.com\\\/nl\\\/#website\"},\"datePublished\":\"2020-01-27T12:43:56+00:00\",\"dateModified\":\"2026-01-21T13:03:27+00:00\",\"description\":\"La cam\u00e9ra \u00e9lectrophotonique confirme que l'eau biodynamis\u00e9e contient plus d'\u00e9nergie et des propri\u00e9t\u00e9s hydratantes\",\"breadcrumb\":{\"@id\":\"https:\\\/\\\/biodynamizer.com\\\/nl\\\/wetenschappelijke-analyses\\\/de-elektrofotonische-camera-van-coramp-solutions\\\/#breadcrumb\"},\"inLanguage\":\"nl-NL\",\"potentialAction\":[{\"@type\":\"ReadAction\",\"target\":[\"https:\\\/\\\/biodynamizer.com\\\/nl\\\/wetenschappelijke-analyses\\\/de-elektrofotonische-camera-van-coramp-solutions\\\/\"]}]},{\"@type\":\"BreadcrumbList\",\"@id\":\"https:\\\/\\\/biodynamizer.com\\\/nl\\\/wetenschappelijke-analyses\\\/de-elektrofotonische-camera-van-coramp-solutions\\\/#breadcrumb\",\"itemListElement\":[{\"@type\":\"ListItem\",\"position\":1,\"name\":\"Home\",\"item\":\"https:\\\/\\\/biodynamizer.com\\\/nl\\\/\"},{\"@type\":\"ListItem\",\"position\":2,\"name\":\"Analyses\",\"item\":\"https:\\\/\\\/biodynamizer.com\\\/nl\\\/wetenschappelijke-analyses\\\/\"},{\"@type\":\"ListItem\",\"position\":3,\"name\":\"De Elektrofotonische analyse\"}]},{\"@type\":\"WebSite\",\"@id\":\"https:\\\/\\\/biodynamizer.com\\\/nl\\\/#website\",\"url\":\"https:\\\/\\\/biodynamizer.com\\\/nl\\\/\",\"name\":\"Biodynamizer\",\"description\":\"Filtrez et dynamisez votre eau\",\"potentialAction\":[{\"@type\":\"SearchAction\",\"target\":{\"@type\":\"EntryPoint\",\"urlTemplate\":\"https:\\\/\\\/biodynamizer.com\\\/nl\\\/?s={search_term_string}\"},\"query-input\":{\"@type\":\"PropertyValueSpecification\",\"valueRequired\":true,\"valueName\":\"search_term_string\"}}],\"inLanguage\":\"nl-NL\"}]}<\/script>\n<!-- \/ Yoast SEO plugin. -->","yoast_head_json":{"title":"De Elektrofotonische analyse - Biodynamizer","description":"La cam\u00e9ra \u00e9lectrophotonique confirme que l'eau biodynamis\u00e9e contient plus d'\u00e9nergie et des propri\u00e9t\u00e9s hydratantes","robots":{"index":"index","follow":"follow","max-snippet":"max-snippet:-1","max-image-preview":"max-image-preview:large","max-video-preview":"max-video-preview:-1"},"canonical":"https:\/\/biodynamizer.com\/nl\/wetenschappelijke-analyses\/de-elektrofotonische-camera-van-coramp-solutions\/","og_locale":"nl_NL","og_type":"article","og_title":"De Elektrofotonische analyse - Biodynamizer","og_description":"La cam\u00e9ra \u00e9lectrophotonique confirme que l'eau biodynamis\u00e9e contient plus d'\u00e9nergie et des propri\u00e9t\u00e9s hydratantes","og_url":"https:\/\/biodynamizer.com\/nl\/wetenschappelijke-analyses\/de-elektrofotonische-camera-van-coramp-solutions\/","og_site_name":"Biodynamizer","article_modified_time":"2026-01-21T13:03:27+00:00","og_image":[{"width":2000,"height":1333,"url":"https:\/\/biodynamizer.com\/wp-content\/uploads\/2019\/11\/Depositphotos_15742931_xl-2015.jpg","type":"image\/jpeg"}],"twitter_card":"summary_large_image","twitter_misc":{"Geschatte leestijd":"5 minuten"},"schema":{"@context":"https:\/\/schema.org","@graph":[{"@type":"WebPage","@id":"https:\/\/biodynamizer.com\/nl\/wetenschappelijke-analyses\/de-elektrofotonische-camera-van-coramp-solutions\/","url":"https:\/\/biodynamizer.com\/nl\/wetenschappelijke-analyses\/de-elektrofotonische-camera-van-coramp-solutions\/","name":"De Elektrofotonische analyse - Biodynamizer","isPartOf":{"@id":"https:\/\/biodynamizer.com\/nl\/#website"},"datePublished":"2020-01-27T12:43:56+00:00","dateModified":"2026-01-21T13:03:27+00:00","description":"La cam\u00e9ra \u00e9lectrophotonique confirme que l'eau biodynamis\u00e9e contient plus d'\u00e9nergie et des propri\u00e9t\u00e9s hydratantes","breadcrumb":{"@id":"https:\/\/biodynamizer.com\/nl\/wetenschappelijke-analyses\/de-elektrofotonische-camera-van-coramp-solutions\/#breadcrumb"},"inLanguage":"nl-NL","potentialAction":[{"@type":"ReadAction","target":["https:\/\/biodynamizer.com\/nl\/wetenschappelijke-analyses\/de-elektrofotonische-camera-van-coramp-solutions\/"]}]},{"@type":"BreadcrumbList","@id":"https:\/\/biodynamizer.com\/nl\/wetenschappelijke-analyses\/de-elektrofotonische-camera-van-coramp-solutions\/#breadcrumb","itemListElement":[{"@type":"ListItem","position":1,"name":"Home","item":"https:\/\/biodynamizer.com\/nl\/"},{"@type":"ListItem","position":2,"name":"Analyses","item":"https:\/\/biodynamizer.com\/nl\/wetenschappelijke-analyses\/"},{"@type":"ListItem","position":3,"name":"De Elektrofotonische analyse"}]},{"@type":"WebSite","@id":"https:\/\/biodynamizer.com\/nl\/#website","url":"https:\/\/biodynamizer.com\/nl\/","name":"Biodynamizer","description":"Filtrez et dynamisez votre eau","potentialAction":[{"@type":"SearchAction","target":{"@type":"EntryPoint","urlTemplate":"https:\/\/biodynamizer.com\/nl\/?s={search_term_string}"},"query-input":{"@type":"PropertyValueSpecification","valueRequired":true,"valueName":"search_term_string"}}],"inLanguage":"nl-NL"}]}},"_links":{"self":[{"href":"https:\/\/biodynamizer.com\/nl\/wp-json\/wp\/v2\/pages\/11643","targetHints":{"allow":["GET"]}}],"collection":[{"href":"https:\/\/biodynamizer.com\/nl\/wp-json\/wp\/v2\/pages"}],"about":[{"href":"https:\/\/biodynamizer.com\/nl\/wp-json\/wp\/v2\/types\/page"}],"author":[{"embeddable":true,"href":"https:\/\/biodynamizer.com\/nl\/wp-json\/wp\/v2\/users\/3"}],"replies":[{"embeddable":true,"href":"https:\/\/biodynamizer.com\/nl\/wp-json\/wp\/v2\/comments?post=11643"}],"version-history":[{"count":58,"href":"https:\/\/biodynamizer.com\/nl\/wp-json\/wp\/v2\/pages\/11643\/revisions"}],"predecessor-version":[{"id":30959,"href":"https:\/\/biodynamizer.com\/nl\/wp-json\/wp\/v2\/pages\/11643\/revisions\/30959"}],"up":[{"embeddable":true,"href":"https:\/\/biodynamizer.com\/nl\/wp-json\/wp\/v2\/pages\/11864"}],"wp:attachment":[{"href":"https:\/\/biodynamizer.com\/nl\/wp-json\/wp\/v2\/media?parent=11643"}],"curies":[{"name":"wp","href":"https:\/\/api.w.org\/{rel}","templated":true}]}}