{"id":11847,"date":"2020-01-21T09:03:18","date_gmt":"2020-01-21T09:03:18","guid":{"rendered":"https:\/\/biodynamizer.spleen-creation.be\/b2b\/"},"modified":"2025-02-18T09:49:01","modified_gmt":"2025-02-18T09:49:01","slug":"b2b","status":"publish","type":"page","link":"https:\/\/biodynamizer.com\/nl\/b2b\/","title":{"rendered":"B2B Sectoren"},"content":{"rendered":"<section class=\"l-section wpb_row us_custom_916fdabd height_small\"><div class=\"l-section-h i-cf\"><div class=\"g-cols vc_row via_flex valign_top type_default stacking_default\"><div class=\"vc_col-sm-12 wpb_column vc_column_container\"><div class=\"vc_column-inner\"><div class=\"wpb_wrapper\"><nav class=\"g-breadcrumbs separator_custom align_none\" itemscope itemtype=\"http:\/\/schema.org\/BreadcrumbList\"><div class=\"g-breadcrumbs-item\" itemscope itemprop=\"itemListElement\" itemtype=\"http:\/\/schema.org\/ListItem\"><a itemprop=\"item\" href=\"https:\/\/biodynamizer.com\/nl\/\"><span itemprop=\"name\">Home<\/span><\/a><meta itemprop=\"position\" content=\"1\"\/><\/div><div class=\"g-breadcrumbs-separator\">\/<\/div><div class=\"g-breadcrumbs-item\">Pagina's<\/div><\/nav><\/div><\/div><\/div><\/div><\/div><\/section><section class=\"l-section wpb_row height_medium width_full\"><div class=\"l-section-h i-cf\"><div class=\"g-cols vc_row via_flex valign_bottom type_default stacking_default\"><div class=\"vc_col-sm-6 wpb_column vc_column_container imagesideblock has_text_color has_bg_color\"><div class=\"vc_column-inner us_custom_0c755fd6\"><div class=\"wpb_wrapper\"><\/div><\/div><\/div><div class=\"vc_col-sm-6 wpb_column vc_column_container tekstsideblock\"><div class=\"vc_column-inner\"><div class=\"wpb_wrapper\"><div class=\"wpb_text_column\"><div class=\"wpb_wrapper\"><h2>Biodynamizer\u00ae B to B<\/h2>\n<\/div><\/div><div class=\"wpb_text_column\"><div class=\"wpb_wrapper\"><p><span style=\"font-weight: 400;\">Wilt u dat uw medewerkers genieten van water dat gelijkwaardig is aan bergwater? Of wilt u gedynamiseerd water gebruiken in uw bedrijf, restaurant, hotel, commerci\u00eble activiteit, boerderij, wijngaard, brouwerij of andere activiteiten?<\/span><\/p>\n<\/div><\/div><div class=\"w-btn-wrapper align_none\"><a class=\"w-btn us-btn-style_1\" title=\"Contact\" target=\"_blank\" rel=\"nofollow\" href=\"\/nl\/contact#contactNL\"><span class=\"w-btn-label\">Contacteer-ons<\/span><\/a><\/div><\/div><\/div><\/div><\/div><\/div><\/section><section class=\"l-section wpb_row height_large\"><div class=\"l-section-overlay\" style=\"background:rgba(172,172,172,0.2)\"><\/div><div class=\"l-section-h i-cf\"><div class=\"g-cols vc_row via_flex valign_top type_default stacking_default\"><div class=\"vc_col-sm-12 wpb_column vc_column_container\"><div class=\"vc_column-inner\"><div class=\"wpb_wrapper\"><div class=\"wpb_text_column\"><div class=\"wpb_wrapper\"><h4 style=\"text-align: center;\">\u00a0 <strong>Geef een boost aan de kwaliteit van uw productie<\/strong><\/h4>\n<\/div><\/div><div class=\"wpb_text_column\"><div class=\"wpb_wrapper\"><p style=\"text-align: center;\"><span style=\"font-weight: 400;\">Of u nu actief bent in de horeca of bakker, boer, tuinder, wijnboer, enz. bent en u wilt de Biodynamizer\u00ae integreren om de kwaliteit van uw producten te verbeteren, neem contact op met het B2B team van Dynamized Technologies, zonder enige verplichting van uw kant, door uw specifiek verzoek te sturen naar <span style=\"text-decoration: underline;\"><a href=\"mailto:team@biodynamizer.com\">team@biodynamizer.com<\/a><\/span><\/span><\/p>\n<p><span style=\"font-weight: 400;\">Dynamized Technologies biedt externe productiebedrijven (BtoB) de mogelijkheid om op hun eigen labels en labels onder het\u00a0 beschermd handelsmerk &#8220;<\/span><b>Biodynamizer<\/b><span style=\"font-weight: 400;\">\u00ae&#8221; (zie hieronder) op te nemen om aan de consument mee te delen dat hun product is ontwikkeld dankzij de natuurlijke technologie van dynamisatie van de vloeistoffen van de Biodynamizer. Dit is het meest complete apparaat op de markt omdat het <\/span><a ref=\"magnificPopup\" href=\"https:\/\/biodynamizer.com\/wp-content\/uploads\/2022\/11\/21-principes-NL-1.png\"><b><\/b><b>21 dynamiseringsprincipes<\/b><\/a><span style=\"font-weight: 400;\"> toepast! Het is ook het meest wetenschappelijk en empirisch geanalyseerde apparaat (zie onze analysesectie op deze site). Het energetiseringsproces regenereert (dynamiseert) vloeistoffen door de spontane bewegingen van water te reproduceren wanneer het vrij in de natuur stroomt (duizenden wervelbewegingen) en door ze bloot te stellen aan magnetische velden en natuurlijke minerale frequenties. Het merk &#8220;Biodynamizer&#8221; zal het dus mogelijk maken om de betrokken producten te onderscheiden door ze de natuurlijke en regenererende eigenschappen te geven die ze tijdens hun productie hebben gekregen.<\/span><\/p>\n<\/div><\/div><div class=\"w-image align_center\"><div class=\"w-image-h\"><img decoding=\"async\" width=\"300\" height=\"98\" src=\"https:\/\/biodynamizer.com\/wp-content\/uploads\/2021\/03\/Biodynamizer-Logo-Horizontal-RVB-Light-def-300x98.png\" class=\"attachment-medium size-medium\" alt=\"logo Biodynamizer\" loading=\"lazy\" srcset=\"https:\/\/biodynamizer.com\/wp-content\/uploads\/2021\/03\/Biodynamizer-Logo-Horizontal-RVB-Light-def-300x98.png 300w, https:\/\/biodynamizer.com\/wp-content\/uploads\/2021\/03\/Biodynamizer-Logo-Horizontal-RVB-Light-def-1024x335.png 1024w, https:\/\/biodynamizer.com\/wp-content\/uploads\/2021\/03\/Biodynamizer-Logo-Horizontal-RVB-Light-def.png 1181w\" sizes=\"auto, (max-width: 300px) 100vw, 300px\" \/><\/div><\/div><div class=\"w-separator size_medium\"><\/div><div class=\"wpb_text_column\"><div class=\"wpb_wrapper\"><p style=\"text-align: center;\"><a href=\"https:\/\/biodynamizer.com\/nl\/b2b\/gedynamiseerd-water-in-ondernemingen\/\"><span style=\"text-decoration: underline;\"><b>Gedynamiseerd water in bedrijven<\/b><\/span><\/a><\/p>\n<p style=\"text-align: center;\"><a href=\"https:\/\/biodynamizer.com\/nl\/b2b\/gedynamiseerd-water-in-horeca\/\"><span style=\"text-decoration: underline;\"><b>Gedynamiseerd water in de horeca<\/b><\/span><\/a><\/p>\n<p style=\"text-align: center;\"><a href=\"https:\/\/biodynamizer.com\/nl\/b2b\/gedynamiseerd-water-in-bakkerijen\/\"><span style=\"text-decoration: underline;\"><b>Gedynamiseerd water in bakkerijen\u00a0<\/b><\/span><\/a><\/p>\n<p style=\"text-align: center;\"><a href=\"https:\/\/biodynamizer.com\/nl\/b2b\/gedynamiseerd-water-in-tuinbouw\/\"><span style=\"text-decoration: underline;\"><b>Gedynamiseerd water in landbouw<\/b><\/span><\/a><\/p>\n<p style=\"text-align: center;\"><a href=\"https:\/\/biodynamizer.com\/nl\/b2b\/gedynamiseerd-water-in-boerderijen\/\"><span style=\"text-decoration: underline;\"><b>Gedynamiseerd water in boerderijen<\/b><\/span><\/a><\/p>\n<p style=\"text-align: center;\"><a href=\"https:\/\/biodynamizer.com\/nl\/b2b\/gedynamiseerd-water-in-bier\/\"><span style=\"text-decoration: underline;\"><b>Gedynamiseerd water in bier<\/b><\/span><\/a><\/p>\n<\/div><\/div><\/div><\/div><\/div><\/div><\/div><\/section>\n","protected":false},"excerpt":{"rendered":"Home\/Pagina'sBiodynamizer\u00ae B to B Wilt u dat uw medewerkers genieten van water dat gelijkwaardig is aan bergwater? Of wilt u gedynamiseerd water gebruiken in uw bedrijf, restaurant, hotel, commerci\u00eble activiteit, boerderij, wijngaard, brouwerij of andere activiteiten? Contacteer-ons\u00a0 Geef een boost aan de kwaliteit van uw productie Of u nu actief bent in de horeca of...","protected":false},"author":3,"featured_media":0,"parent":0,"menu_order":15,"comment_status":"closed","ping_status":"closed","template":"","meta":{"_monsterinsights_skip_tracking":false,"_monsterinsights_sitenote_active":false,"_monsterinsights_sitenote_note":"","_monsterinsights_sitenote_category":0,"footnotes":""},"class_list":["post-11847","page","type-page","status-publish","hentry"],"yoast_head":"<!-- This site is optimized with the Yoast SEO plugin v27.3 - https:\/\/yoast.com\/product\/yoast-seo-wordpress\/ -->\n<title>B2B Sectoren - Biodynamizer<\/title>\n<meta name=\"description\" content=\"Le Biodynamizer (dynamiseur ou revitaliseur d&#039;eau de ville) se place aussi dans l\u2019horeca ou en entreprise et son utilisation en agriculture augmente la rentabilit\u00e9 et la productivit\u00e9 du b\u00e9tail ou des cultures.\" \/>\n<meta name=\"robots\" content=\"index, follow, max-snippet:-1, max-image-preview:large, max-video-preview:-1\" \/>\n<link rel=\"canonical\" href=\"https:\/\/biodynamizer.com\/nl\/b2b\/\" \/>\n<meta property=\"og:locale\" content=\"nl_NL\" \/>\n<meta property=\"og:type\" content=\"article\" \/>\n<meta property=\"og:title\" content=\"B2B Sectoren - Biodynamizer\" \/>\n<meta property=\"og:description\" content=\"Le Biodynamizer (dynamiseur ou revitaliseur d&#039;eau de ville) se place aussi dans l\u2019horeca ou en entreprise et son utilisation en agriculture augmente la rentabilit\u00e9 et la productivit\u00e9 du b\u00e9tail ou des cultures.\" \/>\n<meta property=\"og:url\" content=\"https:\/\/biodynamizer.com\/nl\/b2b\/\" \/>\n<meta property=\"og:site_name\" content=\"Biodynamizer\" \/>\n<meta property=\"article:modified_time\" content=\"2025-02-18T09:49:01+00:00\" \/>\n<meta property=\"og:image\" content=\"https:\/\/biodynamizer.com\/wp-content\/uploads\/2019\/11\/Depositphotos_15742931_xl-2015.jpg\" \/>\n\t<meta property=\"og:image:width\" content=\"2000\" \/>\n\t<meta property=\"og:image:height\" content=\"1333\" \/>\n\t<meta property=\"og:image:type\" content=\"image\/jpeg\" \/>\n<meta name=\"twitter:card\" content=\"summary_large_image\" \/>\n<meta name=\"twitter:label1\" content=\"Geschatte leestijd\" \/>\n\t<meta name=\"twitter:data1\" content=\"2 minuten\" \/>\n<script type=\"application\/ld+json\" class=\"yoast-schema-graph\">{\"@context\":\"https:\\\/\\\/schema.org\",\"@graph\":[{\"@type\":\"WebPage\",\"@id\":\"https:\\\/\\\/biodynamizer.com\\\/nl\\\/b2b\\\/\",\"url\":\"https:\\\/\\\/biodynamizer.com\\\/nl\\\/b2b\\\/\",\"name\":\"B2B Sectoren - Biodynamizer\",\"isPartOf\":{\"@id\":\"https:\\\/\\\/biodynamizer.com\\\/nl\\\/#website\"},\"datePublished\":\"2020-01-21T09:03:18+00:00\",\"dateModified\":\"2025-02-18T09:49:01+00:00\",\"description\":\"Le Biodynamizer (dynamiseur ou revitaliseur d'eau de ville) se place aussi dans l\u2019horeca ou en entreprise et son utilisation en agriculture augmente la rentabilit\u00e9 et la productivit\u00e9 du b\u00e9tail ou des cultures.\",\"breadcrumb\":{\"@id\":\"https:\\\/\\\/biodynamizer.com\\\/nl\\\/b2b\\\/#breadcrumb\"},\"inLanguage\":\"nl-NL\",\"potentialAction\":[{\"@type\":\"ReadAction\",\"target\":[\"https:\\\/\\\/biodynamizer.com\\\/nl\\\/b2b\\\/\"]}]},{\"@type\":\"BreadcrumbList\",\"@id\":\"https:\\\/\\\/biodynamizer.com\\\/nl\\\/b2b\\\/#breadcrumb\",\"itemListElement\":[{\"@type\":\"ListItem\",\"position\":1,\"name\":\"Home\",\"item\":\"https:\\\/\\\/biodynamizer.com\\\/nl\\\/\"},{\"@type\":\"ListItem\",\"position\":2,\"name\":\"B2B Sectoren\"}]},{\"@type\":\"WebSite\",\"@id\":\"https:\\\/\\\/biodynamizer.com\\\/nl\\\/#website\",\"url\":\"https:\\\/\\\/biodynamizer.com\\\/nl\\\/\",\"name\":\"Biodynamizer\",\"description\":\"Filtrez et dynamisez votre eau\",\"potentialAction\":[{\"@type\":\"SearchAction\",\"target\":{\"@type\":\"EntryPoint\",\"urlTemplate\":\"https:\\\/\\\/biodynamizer.com\\\/nl\\\/?s={search_term_string}\"},\"query-input\":{\"@type\":\"PropertyValueSpecification\",\"valueRequired\":true,\"valueName\":\"search_term_string\"}}],\"inLanguage\":\"nl-NL\"}]}<\/script>\n<!-- \/ Yoast SEO plugin. -->","yoast_head_json":{"title":"B2B Sectoren - Biodynamizer","description":"Le Biodynamizer (dynamiseur ou revitaliseur d'eau de ville) se place aussi dans l\u2019horeca ou en entreprise et son utilisation en agriculture augmente la rentabilit\u00e9 et la productivit\u00e9 du b\u00e9tail ou des cultures.","robots":{"index":"index","follow":"follow","max-snippet":"max-snippet:-1","max-image-preview":"max-image-preview:large","max-video-preview":"max-video-preview:-1"},"canonical":"https:\/\/biodynamizer.com\/nl\/b2b\/","og_locale":"nl_NL","og_type":"article","og_title":"B2B Sectoren - Biodynamizer","og_description":"Le Biodynamizer (dynamiseur ou revitaliseur d'eau de ville) se place aussi dans l\u2019horeca ou en entreprise et son utilisation en agriculture augmente la rentabilit\u00e9 et la productivit\u00e9 du b\u00e9tail ou des cultures.","og_url":"https:\/\/biodynamizer.com\/nl\/b2b\/","og_site_name":"Biodynamizer","article_modified_time":"2025-02-18T09:49:01+00:00","og_image":[{"width":2000,"height":1333,"url":"https:\/\/biodynamizer.com\/wp-content\/uploads\/2019\/11\/Depositphotos_15742931_xl-2015.jpg","type":"image\/jpeg"}],"twitter_card":"summary_large_image","twitter_misc":{"Geschatte leestijd":"2 minuten"},"schema":{"@context":"https:\/\/schema.org","@graph":[{"@type":"WebPage","@id":"https:\/\/biodynamizer.com\/nl\/b2b\/","url":"https:\/\/biodynamizer.com\/nl\/b2b\/","name":"B2B Sectoren - Biodynamizer","isPartOf":{"@id":"https:\/\/biodynamizer.com\/nl\/#website"},"datePublished":"2020-01-21T09:03:18+00:00","dateModified":"2025-02-18T09:49:01+00:00","description":"Le Biodynamizer (dynamiseur ou revitaliseur d'eau de ville) se place aussi dans l\u2019horeca ou en entreprise et son utilisation en agriculture augmente la rentabilit\u00e9 et la productivit\u00e9 du b\u00e9tail ou des cultures.","breadcrumb":{"@id":"https:\/\/biodynamizer.com\/nl\/b2b\/#breadcrumb"},"inLanguage":"nl-NL","potentialAction":[{"@type":"ReadAction","target":["https:\/\/biodynamizer.com\/nl\/b2b\/"]}]},{"@type":"BreadcrumbList","@id":"https:\/\/biodynamizer.com\/nl\/b2b\/#breadcrumb","itemListElement":[{"@type":"ListItem","position":1,"name":"Home","item":"https:\/\/biodynamizer.com\/nl\/"},{"@type":"ListItem","position":2,"name":"B2B Sectoren"}]},{"@type":"WebSite","@id":"https:\/\/biodynamizer.com\/nl\/#website","url":"https:\/\/biodynamizer.com\/nl\/","name":"Biodynamizer","description":"Filtrez et dynamisez votre eau","potentialAction":[{"@type":"SearchAction","target":{"@type":"EntryPoint","urlTemplate":"https:\/\/biodynamizer.com\/nl\/?s={search_term_string}"},"query-input":{"@type":"PropertyValueSpecification","valueRequired":true,"valueName":"search_term_string"}}],"inLanguage":"nl-NL"}]}},"_links":{"self":[{"href":"https:\/\/biodynamizer.com\/nl\/wp-json\/wp\/v2\/pages\/11847","targetHints":{"allow":["GET"]}}],"collection":[{"href":"https:\/\/biodynamizer.com\/nl\/wp-json\/wp\/v2\/pages"}],"about":[{"href":"https:\/\/biodynamizer.com\/nl\/wp-json\/wp\/v2\/types\/page"}],"author":[{"embeddable":true,"href":"https:\/\/biodynamizer.com\/nl\/wp-json\/wp\/v2\/users\/3"}],"replies":[{"embeddable":true,"href":"https:\/\/biodynamizer.com\/nl\/wp-json\/wp\/v2\/comments?post=11847"}],"version-history":[{"count":13,"href":"https:\/\/biodynamizer.com\/nl\/wp-json\/wp\/v2\/pages\/11847\/revisions"}],"predecessor-version":[{"id":26401,"href":"https:\/\/biodynamizer.com\/nl\/wp-json\/wp\/v2\/pages\/11847\/revisions\/26401"}],"wp:attachment":[{"href":"https:\/\/biodynamizer.com\/nl\/wp-json\/wp\/v2\/media?parent=11847"}],"curies":[{"name":"wp","href":"https:\/\/api.w.org\/{rel}","templated":true}]}}