{"id":11864,"date":"2020-01-20T12:30:33","date_gmt":"2020-01-20T12:30:33","guid":{"rendered":"https:\/\/biodynamizer.spleen-creation.be\/analyses-scientifiques\/"},"modified":"2026-04-07T11:44:53","modified_gmt":"2026-04-07T11:44:53","slug":"wetenschappelijke-analyses","status":"publish","type":"page","link":"https:\/\/biodynamizer.com\/nl\/wetenschappelijke-analyses\/","title":{"rendered":"Analyses"},"content":{"rendered":"<section class=\"l-section wpb_row us_custom_916fdabd height_small\"><div class=\"l-section-h i-cf\"><div class=\"g-cols vc_row via_flex valign_top type_default stacking_default\"><div class=\"vc_col-sm-12 wpb_column vc_column_container\"><div class=\"vc_column-inner\"><div class=\"wpb_wrapper\"><nav class=\"g-breadcrumbs separator_custom align_none\" itemscope itemtype=\"http:\/\/schema.org\/BreadcrumbList\"><div class=\"g-breadcrumbs-item\" itemscope itemprop=\"itemListElement\" itemtype=\"http:\/\/schema.org\/ListItem\"><a itemprop=\"item\" href=\"https:\/\/biodynamizer.com\/nl\/\"><span itemprop=\"name\">Home<\/span><\/a><meta itemprop=\"position\" content=\"1\"\/><\/div><div class=\"g-breadcrumbs-separator\">\/<\/div><div class=\"g-breadcrumbs-item\">Pagina's<\/div><\/nav><\/div><\/div><\/div><\/div><\/div><\/section><section class=\"l-section wpb_row fullheader height_huge with_img\"><div class=\"l-section-img\" role=\"img\" aria-label=\"Afbeelding\" data-img-width=\"2000\" data-img-height=\"807\" style=\"background-image: url(https:\/\/biodynamizer.com\/wp-content\/uploads\/2020\/01\/nosanalyse.jpg);background-repeat: no-repeat;\"><\/div><div class=\"l-section-h i-cf\"><div class=\"g-cols vc_row via_flex valign_top type_default stacking_default\"><div class=\"vc_col-sm-12 wpb_column vc_column_container has_text_color\"><div class=\"vc_column-inner us_custom_6df4bc3a\"><div class=\"wpb_wrapper\"><div class=\"wpb_text_column\"><div class=\"wpb_wrapper\"><h3><strong>Onze meest recente analyses en observaties van gedynamiseerd water<\/strong><\/h3>\n<h3 data-ccp-props=\"{&quot;335551550&quot;:1,&quot;335551620&quot;:1,&quot;335559683&quot;:0,&quot;335559685&quot;:0,&quot;335559731&quot;:0,&quot;335559737&quot;:0,&quot;335562764&quot;:2,&quot;335562765&quot;:1,&quot;335562766&quot;:4,&quot;335562767&quot;:0,&quot;335562768&quot;:4,&quot;335562769&quot;:0}\"><\/h3>\n<\/div><\/div><\/div><\/div><\/div><\/div><\/div><\/section><section class=\"l-section wpb_row height_medium\"><div class=\"l-section-h i-cf\"><div class=\"g-cols vc_row via_flex valign_top type_default stacking_default\"><div class=\"vc_col-sm-6 wpb_column vc_column_container\"><div class=\"vc_column-inner\"><div class=\"wpb_wrapper\"><div class=\"wpb_text_column\"><div class=\"wpb_wrapper\"><h2><strong>Onze analyses :<\/strong><\/h2>\n<\/div><\/div><div class=\"wpb_text_column\"><div class=\"wpb_wrapper\"><ol>\n<li aria-level=\"1\"><a href=\"https:\/\/biodynamizer.com\/nl\/bijkomende-informatie\/efficacite-du-biofiltre\/\"><strong>Effici\u00ebntie Biofilter<\/strong>, Eurofins analyse 2023<\/a><\/li>\n<li style=\"font-weight: 400;\" aria-level=\"1\"><span style=\"font-weight: 400;\"><a href=\"https:\/\/biodynamizer.com\/nl\/wetenschappelijke-analyses\/de-water-kristallen\/\">Op <strong>waterkristallen<\/strong> Ernst Braun-analyse uitgevoerd op 04.08.2016 &amp; 11.07.2019<\/a>\u00a0<\/span><\/li>\n<li aria-level=\"1\"><a href=\"https:\/\/biodynamizer.com\/nl\/wetenschappelijke-analyses\/lanalyse-biophotonique\/\">De <strong>Biofotonische analyses<\/strong> uitgevoerd door Enerlab op 04.11.2025 en 02.12.2025 &amp; 23.02.2026<\/a><\/li>\n<li style=\"font-weight: 400;\" aria-level=\"1\"><span style=\"font-weight: 400;\"><a href=\"https:\/\/biodynamizer.com\/nl\/wetenschappelijke-analyses\/de-elektrofotonische-camera-van-coramp-solutions\/\">De <b>Elektro Fotonische Analyse (EPA) <\/b>uitgevoerd op 12.09.2017 + 09.07.2019<\/a>\u00a0<\/span><\/li>\n<li style=\"font-weight: 400;\" aria-level=\"1\"><a href=\"https:\/\/biodynamizer.com\/nl\/wetenschappelijke-analyses\/expertise-elektrofotonische-fotos\/\"><span style=\"font-weight: 400;\"><strong>Expertise in<\/strong> <strong>elektrofotonenanalyse<\/strong> door Prof. Marc Henry op 29.08.2019 &amp; <strong>a<\/strong><b>anvullende statistische analyse van de <\/b><b>elektrofotonische<\/b><b> foto&#8217;s <\/b>door Dr. M. van Wassenhoven in maart 2025 <\/span><\/a><\/li>\n<li aria-level=\"1\"><a href=\"https:\/\/biodynamizer.com\/nl\/wetenschappelijke-analyses\/oppervlaktespanning\/\" target=\"_blank\" rel=\"noopener\"><strong>Analyse van de oppervlaktespanning van gedynamiseerd water<\/strong> uitgevoerd door het SGS-laboratorium in Rotterdam, Nederland op 22-07-2021<\/a><\/li>\n<li style=\"font-weight: 400;\" aria-level=\"1\"><span style=\"font-weight: 400;\"><a href=\"https:\/\/biodynamizer.com\/nl\/wetenschappelijke-analyses\/oppervlaktespanning\/\"><strong>Oppervlaktespanningsanalyse<\/strong> door SGS-laboratorium op 22.07.21<\/a>\u00a0<\/span><\/li>\n<li style=\"font-weight: 400;\" aria-level=\"1\"><span style=\"font-weight: 400;\"><a href=\"https:\/\/biodynamizer.com\/nl\/wetenschappelijke-analyses\/de-gdv-camera-gaz-discharge-visualization\/\">Konstantin Korotkov&#8217;s <strong>GDV-camera<\/strong> geproduceerd door Dr. Mich\u00e8le Lauwers Pro V2-camera 09.09.2014\u00a0<\/a><\/span><\/li>\n<li style=\"font-weight: 400;\" aria-level=\"1\"><a href=\"https:\/\/biodynamizer.com\/nl\/wetenschappelijke-analyses\/de-microtoxo-test-micrologie-selt-een-aanzienlijk-grotere-microbiotische-biocompatibiliteit-vast-bij-gedynamiseerd-water\/\"><span style=\"font-weight: 400;\"><strong>Microtoxicologische<\/strong> analyse door Dr. Bernard Berthet \/ Yann Olivaux uitgevoerd op 26.05.2017\u00a0<\/span><\/a><\/li>\n<li aria-level=\"1\"><a href=\"https:\/\/biodynamizer.com\/nl\/wetenschappelijke-analyses\/lanalyse-de-sang\/\"><strong>Bloedanalyse<\/strong> (rode bloedcellen) Dr. JC Lebel 2025.07.25<\/a><\/li>\n<li style=\"font-weight: 400;\" aria-level=\"1\"><a href=\"https:\/\/biodynamizer.com\/nl\/wetenschappelijke-analyses\/de-bioscope-spectrometer\/\"><span style=\"font-weight: 400;\"><strong>Spectrale-analyse<\/strong> (Bioscope) door Pier Rubesa uitgevoerd op 23.07.2025 &amp; 13.09.2016\u00a0<\/span><\/a><\/li>\n<li style=\"font-weight: 400; text-align: left;\" aria-level=\"1\"><a href=\"https:\/\/biodynamizer.com\/nl\/wetenschappelijke-analyses\/analyse-bev-bio-electronica-van-vincent\/\"><span style=\"font-weight: 400;\"><strong>Bioelektronische-analyse<\/strong> door LC Vincent uitgevoerd door Sylvie Henry R\u00e9ant op 19.05.2020<\/span><\/a><\/li>\n<li aria-level=\"1\"><a href=\"https:\/\/biodynamizer.com\/nl\/wetenschappelijke-analyses\/kalksteen-behandeling\/\">Observaties en analyses van de behandeling van <strong>kalksteen<\/strong> (april 2024)<\/a><\/li>\n<li style=\"font-weight: 400;\" aria-level=\"1\"><a href=\"https:\/\/biodynamizer.com\/nl\/water\/magnetisme-en-water\/\"><span style=\"font-weight: 400;\">Analyses op de <strong>Magnetisering<\/strong> van turbulent water (ongeveer honderd studies aangekocht in 2019)\u00a0<\/span><\/a><\/li>\n<li style=\"font-weight: 400;\" aria-level=\"1\"><a href=\"https:\/\/biodynamizer.com\/nl\/wetenschappelijke-analyses\/geobiologie\/\"><span style=\"font-weight: 400;\">Verschillende <strong>geobiologische analyses<\/strong> door verschillende geobiologen, magnetiseurs, enz<\/span><span style=\"font-weight: 400;\">.\u00a0<\/span><\/a><\/li>\n<\/ol>\n<\/div><\/div><div class=\"wpb_text_column\"><div class=\"wpb_wrapper\"><h2><strong>Onze empirische analyses van gedynamiseerd water <\/strong><\/h2>\n<\/div><\/div><div class=\"wpb_text_column\"><div class=\"wpb_wrapper\"><ol>\n<li><a href=\"https:\/\/biodynamizer.com\/nl\/b2b\/gedynamiseerd-water-in-bakkerijen\/\">Gedynamiseerd water voor<\/a><strong><a href=\"https:\/\/biodynamizer.com\/nl\/b2b\/gedynamiseerd-water-in-bakkerijen\/\"> bakkerijen en banketbakkerijen<\/a><\/strong><\/li>\n<li><a href=\"https:\/\/biodynamizer.com\/nl\/b2b\/gedynamiseerd-water-in-bier\/\">Gedynamiseerd water in<\/a><strong><a href=\"https:\/\/biodynamizer.com\/nl\/b2b\/gedynamiseerd-water-in-bier\/\"> bier<\/a><\/strong><\/li>\n<li><a href=\"https:\/\/biodynamizer.com\/nl\/b2b\/gedynamiseerd-water-in-boerderijen\/\">Gedynamiseerd water in <strong>melkveebedrijven<\/strong><\/a><\/li>\n<li><a href=\"https:\/\/biodynamizer.com\/nl\/wetenschappelijke-analyses\/kiemtest\/\"><strong>Ontkiemtest granen<\/strong><\/a><\/li>\n<\/ol>\n<\/div><\/div><\/div><\/div><\/div><div class=\"vc_col-sm-6 wpb_column vc_column_container\"><div class=\"vc_column-inner\"><div class=\"wpb_wrapper\"><div class=\"w-separator size_large\"><\/div><div class=\"w-image align_none\"><div class=\"w-image-h\"><img decoding=\"async\" width=\"930\" height=\"1024\" src=\"https:\/\/biodynamizer.com\/wp-content\/uploads\/2024\/10\/Analyses-scientifiques-Biodynamizer-930x1024.png\" class=\"attachment-large size-large\" alt=\"Analyses scientifiques Biodynamizer\" loading=\"lazy\" srcset=\"https:\/\/biodynamizer.com\/wp-content\/uploads\/2024\/10\/Analyses-scientifiques-Biodynamizer-930x1024.png 930w, https:\/\/biodynamizer.com\/wp-content\/uploads\/2024\/10\/Analyses-scientifiques-Biodynamizer-272x300.png 272w, https:\/\/biodynamizer.com\/wp-content\/uploads\/2024\/10\/Analyses-scientifiques-Biodynamizer-363x400.png 363w, https:\/\/biodynamizer.com\/wp-content\/uploads\/2024\/10\/Analyses-scientifiques-Biodynamizer-640x705.png 640w, https:\/\/biodynamizer.com\/wp-content\/uploads\/2024\/10\/Analyses-scientifiques-Biodynamizer.png 945w\" sizes=\"auto, (max-width: 930px) 100vw, 930px\" \/><\/div><\/div><div class=\"wpb_text_column\"><div class=\"wpb_wrapper\"><p>&#8220;<em>Het meetbare kan, wanneer het op de juiste manier wordt uitgevoerd, niet worden betwist<\/em>&#8221; LC Vincent<\/p>\n<\/div><\/div><\/div><\/div><\/div><\/div><\/div><\/section><section class=\"l-section wpb_row height_auto\"><div class=\"l-section-overlay\" style=\"background:rgba(172,172,172,0.2)\"><\/div><div class=\"l-section-h i-cf\"><div class=\"g-cols vc_row via_flex valign_top type_default stacking_default\"><div class=\"vc_col-sm-12 wpb_column vc_column_container\"><div class=\"vc_column-inner\"><div class=\"wpb_wrapper\"><div class=\"w-separator size_medium\"><\/div><div class=\"wpb_text_column\"><div class=\"wpb_wrapper\"><h2>Het delen van informatie inzake analyses van gedynamiseerd water<\/h2>\n<\/div><\/div><div class=\"wpb_text_column\"><div class=\"wpb_wrapper\"><p>Een van de prioriteiten van Dynamized Technologies, de fabrikant van de Biodynamizer, is het populariseren en verspreiden van de meest recente waarnemingen en metingen met betrekking tot waterdynamisering. We willen analyses, kennissen en observaties over waterdynamisering delen, uitgevoerd met wetenschappelijke instrumenten en al dan niet in opdracht van Dynamized Technologies SA. De resultaten van deze analyses en onderzoeken zijn afkomstig van studies waaraan we deelnemen, van analyses die we laten uitvoeren door laboratoria of van academische (universitaire) analyses die we hebben aangeschaft. Ons doel is om de mysteries van gedynamiseerd of gerevitaliseerd water te ontrafelen en ons begrip van water als drager van energie en informatie te vergroten.<\/p>\n<p><strong>Deze analyses, uitgevoerd over een periode van meer dan 12 jaar, zijn weliswaar onvolledig, niet altijd reproduceerbaar en niet onweerlegbaar, maar leveren desalniettemin een consistent wetenschappelijk en empirisch bewijs dat allerlei verschillen tussen gedynamiseerd en niet-gedynamiseerd water bevestigt en diverse voordelen suggereert die verbonden zijn aan waterdynamisering. Bovendien zijn verschillende analyses die op deze website worden gepresenteerd, het onderwerp geweest van peer-reviewed wetenschappelijke publicaties <\/strong>(dat wil zeggen, wetenschappelijke artikelen die v\u00f3\u00f3r publicatie door onafhankelijke experts in het betreffende vakgebied zijn beoordeeld, waardoor hun wetenschappelijke kwaliteit, methodologische nauwkeurigheid en relevantie voor vakgenoten worden gegarandeerd, een essentieel proces voor de validatie van onderzoek). <strong>De volgende analyses zijn gepubliceerd: de Biofotonische analyse en de Elektrofotonische analysemethode, waarvan de laatste is geexpertiseerd door professor Marc Henry van de Universiteit van Straatsburg. Daarnaast publiceren we op de site ook empirische gegevens en resultaten van subtiele benaderingen (bijv. radi\u00ebsthesie) waarvan de resultaten pleiten voor een re\u00ebel effect van waterdynamisering.<\/strong><\/p>\n<p>Het lijkt daarom essentieel om al deze informatie te delen, aangezien deze is verzameld door baanbrekende onderzoekers in diverse wetenschappelijke disciplines. Deze onderzoekers ontwikkelden observatieapparaten of gebruikten wetenschappelijke instrumenten om hun bevindingen te objectiveren en een nieuw inzicht in water te verkrijgen.<\/p>\n<p>Soms stuiten we op een gebrek aan geschikte wetenschappelijke instrumenten of protocollen die in staat zijn om alle subtiliteiten en eigenschappen van deze zeer gevoelige vloeistof te meten. De gezochte parameters zijn immers vaak geen standaard fysisch-chemische parameters zoals die in de academische wetenschap worden waargenomen, maar eerder subtiele energetische parameters waarvan de interpretatie voortdurend in ontwikkeling is. Dit maakt de conclusies en interpretaties van de analyses complex en vatbaar voor verandering.<\/p>\n<\/div><\/div><\/div><\/div><\/div><\/div><\/div><\/section>\n","protected":false},"excerpt":{"rendered":"Home\/Pagina'sOnze meest recente analyses en observaties van gedynamiseerd water Onze analyses : Effici\u00ebntie Biofilter, Eurofins analyse 2023 Op waterkristallen Ernst Braun-analyse uitgevoerd op 04.08.2016 &amp; 11.07.2019\u00a0 De Biofotonische analyses uitgevoerd door Enerlab op 04.11.2025 en 02.12.2025 &amp; 23.02.2026 De Elektro Fotonische Analyse (EPA) uitgevoerd op 12.09.2017 + 09.07.2019\u00a0 Expertise in elektrofotonenanalyse door Prof. Marc Henry...","protected":false},"author":3,"featured_media":0,"parent":0,"menu_order":12,"comment_status":"closed","ping_status":"closed","template":"","meta":{"_monsterinsights_skip_tracking":false,"_monsterinsights_sitenote_active":false,"_monsterinsights_sitenote_note":"","_monsterinsights_sitenote_category":0,"footnotes":""},"class_list":["post-11864","page","type-page","status-publish","hentry"],"yoast_head":"<!-- This site is optimized with the Yoast SEO plugin v27.3 - https:\/\/yoast.com\/product\/yoast-seo-wordpress\/ -->\n<title>Analyses - Biodynamizer<\/title>\n<meta name=\"description\" content=\"Ces analyses, bien que partielles, apportent un faisceau d\u2019indications concordantes qui tendent \u00e0 prouver les bienfaits de l\u2019eau dynamis\u00e9e sur le vivant dont nous faisons partie. Ils nous confirment que\u00a0l\u2019eau dynamis\u00e9e s&#039;approche au plus pr\u00e8s d&#039;une eau comparable \u00e0 celle qui jaillit naturellement d\u2019une source ou d&#039;un torrent de montagne.\" \/>\n<meta name=\"robots\" content=\"index, follow, max-snippet:-1, max-image-preview:large, max-video-preview:-1\" \/>\n<link rel=\"canonical\" href=\"https:\/\/biodynamizer.com\/nl\/wetenschappelijke-analyses\/\" \/>\n<meta property=\"og:locale\" content=\"nl_NL\" \/>\n<meta property=\"og:type\" content=\"article\" \/>\n<meta property=\"og:title\" content=\"Analyses - Biodynamizer\" \/>\n<meta property=\"og:description\" content=\"Ces analyses, bien que partielles, apportent un faisceau d\u2019indications concordantes qui tendent \u00e0 prouver les bienfaits de l\u2019eau dynamis\u00e9e sur le vivant dont nous faisons partie. Ils nous confirment que\u00a0l\u2019eau dynamis\u00e9e s&#039;approche au plus pr\u00e8s d&#039;une eau comparable \u00e0 celle qui jaillit naturellement d\u2019une source ou d&#039;un torrent de montagne.\" \/>\n<meta property=\"og:url\" content=\"https:\/\/biodynamizer.com\/nl\/wetenschappelijke-analyses\/\" \/>\n<meta property=\"og:site_name\" content=\"Biodynamizer\" \/>\n<meta property=\"article:modified_time\" content=\"2026-04-07T11:44:53+00:00\" \/>\n<meta property=\"og:image\" content=\"https:\/\/biodynamizer.com\/wp-content\/uploads\/2019\/11\/Depositphotos_15742931_xl-2015.jpg\" \/>\n\t<meta property=\"og:image:width\" content=\"2000\" \/>\n\t<meta property=\"og:image:height\" content=\"1333\" \/>\n\t<meta property=\"og:image:type\" content=\"image\/jpeg\" \/>\n<meta name=\"twitter:card\" content=\"summary_large_image\" \/>\n<meta name=\"twitter:label1\" content=\"Geschatte leestijd\" \/>\n\t<meta name=\"twitter:data1\" content=\"4 minuten\" \/>\n<script type=\"application\/ld+json\" class=\"yoast-schema-graph\">{\"@context\":\"https:\\\/\\\/schema.org\",\"@graph\":[{\"@type\":\"WebPage\",\"@id\":\"https:\\\/\\\/biodynamizer.com\\\/nl\\\/wetenschappelijke-analyses\\\/\",\"url\":\"https:\\\/\\\/biodynamizer.com\\\/nl\\\/wetenschappelijke-analyses\\\/\",\"name\":\"Analyses - Biodynamizer\",\"isPartOf\":{\"@id\":\"https:\\\/\\\/biodynamizer.com\\\/nl\\\/#website\"},\"datePublished\":\"2020-01-20T12:30:33+00:00\",\"dateModified\":\"2026-04-07T11:44:53+00:00\",\"description\":\"Ces analyses, bien que partielles, apportent un faisceau d\u2019indications concordantes qui tendent \u00e0 prouver les bienfaits de l\u2019eau dynamis\u00e9e sur le vivant dont nous faisons partie. Ils nous confirment que\u00a0l\u2019eau dynamis\u00e9e s'approche au plus pr\u00e8s d'une eau comparable \u00e0 celle qui jaillit naturellement d\u2019une source ou d'un torrent de montagne.\",\"breadcrumb\":{\"@id\":\"https:\\\/\\\/biodynamizer.com\\\/nl\\\/wetenschappelijke-analyses\\\/#breadcrumb\"},\"inLanguage\":\"nl-NL\",\"potentialAction\":[{\"@type\":\"ReadAction\",\"target\":[\"https:\\\/\\\/biodynamizer.com\\\/nl\\\/wetenschappelijke-analyses\\\/\"]}]},{\"@type\":\"BreadcrumbList\",\"@id\":\"https:\\\/\\\/biodynamizer.com\\\/nl\\\/wetenschappelijke-analyses\\\/#breadcrumb\",\"itemListElement\":[{\"@type\":\"ListItem\",\"position\":1,\"name\":\"Home\",\"item\":\"https:\\\/\\\/biodynamizer.com\\\/nl\\\/\"},{\"@type\":\"ListItem\",\"position\":2,\"name\":\"Analyses\"}]},{\"@type\":\"WebSite\",\"@id\":\"https:\\\/\\\/biodynamizer.com\\\/nl\\\/#website\",\"url\":\"https:\\\/\\\/biodynamizer.com\\\/nl\\\/\",\"name\":\"Biodynamizer\",\"description\":\"Filtrez et dynamisez votre eau\",\"potentialAction\":[{\"@type\":\"SearchAction\",\"target\":{\"@type\":\"EntryPoint\",\"urlTemplate\":\"https:\\\/\\\/biodynamizer.com\\\/nl\\\/?s={search_term_string}\"},\"query-input\":{\"@type\":\"PropertyValueSpecification\",\"valueRequired\":true,\"valueName\":\"search_term_string\"}}],\"inLanguage\":\"nl-NL\"}]}<\/script>\n<!-- \/ Yoast SEO plugin. -->","yoast_head_json":{"title":"Analyses - Biodynamizer","description":"Ces analyses, bien que partielles, apportent un faisceau d\u2019indications concordantes qui tendent \u00e0 prouver les bienfaits de l\u2019eau dynamis\u00e9e sur le vivant dont nous faisons partie. Ils nous confirment que\u00a0l\u2019eau dynamis\u00e9e s'approche au plus pr\u00e8s d'une eau comparable \u00e0 celle qui jaillit naturellement d\u2019une source ou d'un torrent de montagne.","robots":{"index":"index","follow":"follow","max-snippet":"max-snippet:-1","max-image-preview":"max-image-preview:large","max-video-preview":"max-video-preview:-1"},"canonical":"https:\/\/biodynamizer.com\/nl\/wetenschappelijke-analyses\/","og_locale":"nl_NL","og_type":"article","og_title":"Analyses - Biodynamizer","og_description":"Ces analyses, bien que partielles, apportent un faisceau d\u2019indications concordantes qui tendent \u00e0 prouver les bienfaits de l\u2019eau dynamis\u00e9e sur le vivant dont nous faisons partie. Ils nous confirment que\u00a0l\u2019eau dynamis\u00e9e s'approche au plus pr\u00e8s d'une eau comparable \u00e0 celle qui jaillit naturellement d\u2019une source ou d'un torrent de montagne.","og_url":"https:\/\/biodynamizer.com\/nl\/wetenschappelijke-analyses\/","og_site_name":"Biodynamizer","article_modified_time":"2026-04-07T11:44:53+00:00","og_image":[{"width":2000,"height":1333,"url":"https:\/\/biodynamizer.com\/wp-content\/uploads\/2019\/11\/Depositphotos_15742931_xl-2015.jpg","type":"image\/jpeg"}],"twitter_card":"summary_large_image","twitter_misc":{"Geschatte leestijd":"4 minuten"},"schema":{"@context":"https:\/\/schema.org","@graph":[{"@type":"WebPage","@id":"https:\/\/biodynamizer.com\/nl\/wetenschappelijke-analyses\/","url":"https:\/\/biodynamizer.com\/nl\/wetenschappelijke-analyses\/","name":"Analyses - Biodynamizer","isPartOf":{"@id":"https:\/\/biodynamizer.com\/nl\/#website"},"datePublished":"2020-01-20T12:30:33+00:00","dateModified":"2026-04-07T11:44:53+00:00","description":"Ces analyses, bien que partielles, apportent un faisceau d\u2019indications concordantes qui tendent \u00e0 prouver les bienfaits de l\u2019eau dynamis\u00e9e sur le vivant dont nous faisons partie. Ils nous confirment que\u00a0l\u2019eau dynamis\u00e9e s'approche au plus pr\u00e8s d'une eau comparable \u00e0 celle qui jaillit naturellement d\u2019une source ou d'un torrent de montagne.","breadcrumb":{"@id":"https:\/\/biodynamizer.com\/nl\/wetenschappelijke-analyses\/#breadcrumb"},"inLanguage":"nl-NL","potentialAction":[{"@type":"ReadAction","target":["https:\/\/biodynamizer.com\/nl\/wetenschappelijke-analyses\/"]}]},{"@type":"BreadcrumbList","@id":"https:\/\/biodynamizer.com\/nl\/wetenschappelijke-analyses\/#breadcrumb","itemListElement":[{"@type":"ListItem","position":1,"name":"Home","item":"https:\/\/biodynamizer.com\/nl\/"},{"@type":"ListItem","position":2,"name":"Analyses"}]},{"@type":"WebSite","@id":"https:\/\/biodynamizer.com\/nl\/#website","url":"https:\/\/biodynamizer.com\/nl\/","name":"Biodynamizer","description":"Filtrez et dynamisez votre eau","potentialAction":[{"@type":"SearchAction","target":{"@type":"EntryPoint","urlTemplate":"https:\/\/biodynamizer.com\/nl\/?s={search_term_string}"},"query-input":{"@type":"PropertyValueSpecification","valueRequired":true,"valueName":"search_term_string"}}],"inLanguage":"nl-NL"}]}},"_links":{"self":[{"href":"https:\/\/biodynamizer.com\/nl\/wp-json\/wp\/v2\/pages\/11864","targetHints":{"allow":["GET"]}}],"collection":[{"href":"https:\/\/biodynamizer.com\/nl\/wp-json\/wp\/v2\/pages"}],"about":[{"href":"https:\/\/biodynamizer.com\/nl\/wp-json\/wp\/v2\/types\/page"}],"author":[{"embeddable":true,"href":"https:\/\/biodynamizer.com\/nl\/wp-json\/wp\/v2\/users\/3"}],"replies":[{"embeddable":true,"href":"https:\/\/biodynamizer.com\/nl\/wp-json\/wp\/v2\/comments?post=11864"}],"version-history":[{"count":54,"href":"https:\/\/biodynamizer.com\/nl\/wp-json\/wp\/v2\/pages\/11864\/revisions"}],"predecessor-version":[{"id":32405,"href":"https:\/\/biodynamizer.com\/nl\/wp-json\/wp\/v2\/pages\/11864\/revisions\/32405"}],"wp:attachment":[{"href":"https:\/\/biodynamizer.com\/nl\/wp-json\/wp\/v2\/media?parent=11864"}],"curies":[{"name":"wp","href":"https:\/\/api.w.org\/{rel}","templated":true}]}}