{"id":11866,"date":"2020-01-20T10:30:16","date_gmt":"2020-01-20T10:30:16","guid":{"rendered":"https:\/\/biodynamizer.spleen-creation.be\/lelimination-des-mineraux\/"},"modified":"2025-08-16T12:14:43","modified_gmt":"2025-08-16T12:14:43","slug":"verwijdering-van-mineralen","status":"publish","type":"page","link":"https:\/\/biodynamizer.com\/nl\/onze-oplossingen\/de-biodynamizer\/verwijdering-van-mineralen\/","title":{"rendered":"Verwijdering van mineralen"},"content":{"rendered":"<section class=\"l-section wpb_row us_custom_916fdabd height_small\"><div class=\"l-section-h i-cf\"><div class=\"g-cols vc_row via_flex valign_top type_default stacking_default\"><div class=\"vc_col-sm-12 wpb_column vc_column_container\"><div class=\"vc_column-inner\"><div class=\"wpb_wrapper\"><nav class=\"g-breadcrumbs separator_custom align_none\" itemscope itemtype=\"http:\/\/schema.org\/BreadcrumbList\"><div class=\"g-breadcrumbs-item\" itemscope itemprop=\"itemListElement\" itemtype=\"http:\/\/schema.org\/ListItem\"><a itemprop=\"item\" href=\"https:\/\/biodynamizer.com\/nl\/\"><span itemprop=\"name\">Home<\/span><\/a><meta itemprop=\"position\" content=\"1\"\/><\/div><div class=\"g-breadcrumbs-separator\">\/<\/div><div class=\"g-breadcrumbs-item\">Pagina's<\/div><\/nav><\/div><\/div><\/div><\/div><\/div><\/section><section class=\"l-section wpb_row height_large\" id=\"restructure\"><div class=\"l-section-overlay\" style=\"background:rgba(172,172,172,0.2)\"><\/div><div class=\"l-section-h i-cf\"><div class=\"g-cols vc_row via_flex valign_middle type_default stacking_default\"><div class=\"vc_col-sm-12 wpb_column vc_column_container\"><div class=\"vc_column-inner\"><div class=\"wpb_wrapper\"><div class=\"wpb_text_column\"><div class=\"wpb_wrapper\"><h1>Verwijdering van mineralen<\/h1>\n<\/div><\/div><div class=\"w-image align_center\"><div class=\"w-image-h\"><img decoding=\"async\" width=\"600\" height=\"338\" src=\"https:\/\/biodynamizer.com\/wp-content\/uploads\/2024\/06\/Depositphotos_381837028_XL-600x338.jpg\" class=\"attachment-us_600_400 size-us_600_400\" alt=\"Illustration d\u2019un corps humain bleu montrant le syst\u00e8me digestif en rouge, mettant en \u00e9vidence les organes internes et leur position dans le corps.\" loading=\"lazy\" srcset=\"https:\/\/biodynamizer.com\/wp-content\/uploads\/2024\/06\/Depositphotos_381837028_XL-600x338.jpg 600w, https:\/\/biodynamizer.com\/wp-content\/uploads\/2024\/06\/Depositphotos_381837028_XL-300x169.jpg 300w, https:\/\/biodynamizer.com\/wp-content\/uploads\/2024\/06\/Depositphotos_381837028_XL-1024x576.jpg 1024w\" sizes=\"auto, (max-width: 600px) 100vw, 600px\" \/><\/div><\/div><div class=\"w-separator size_small\"><\/div><div class=\"wpb_text_column\"><div class=\"wpb_wrapper\"><p><span style=\"font-weight: 400;\">Om ervoor te zorgen dat water goed is voor de gezondheid, moet het eerst worden <strong>gefilterd<\/strong> (verwijderen van verontreinigende stoffen, wat door de <a href=\"https:\/\/biodynamizer.com\/nl\/onze-oplossingen\/de-biofilter\/\"><span style=\"text-decoration: underline;\">Biofilter<\/span> <\/a>gebeurd) maar vooral de <strong>mineralen behouden<\/strong> omdat ze de natuurlijke synergie bevatten van volledig gemetaboliseerde sporenelementen. Droge resten in water zijn samengesteld uit:\u00a0<\/span><\/p>\n<ul>\n<li><span style=\"font-weight: 400;\">Mineralen die kunnen worden gemetaboliseerd door het lichaam (tussen <strong>5% en 25%<\/strong> anorganische mineralen) inclusief sporenelementen<\/span><\/li>\n<li><span style=\"font-weight: 400;\">Mineralen die niet door het lichaam kunnen worden gemetaboliseerd (tussen <strong>95% en 75%<\/strong> van de anorganische mineralen)\u00a0<\/span><\/li>\n<li>De <a href=\"https:\/\/biodynamizer.com\/nl\/wetenschappelijke-analyses\/analyse-bev-bio-electronica-van-vincent\/\">Bioelektronica-analyse<\/a>, de <a href=\"https:\/\/biodynamizer.com\/nl\/wetenschappelijke-analyses\/de-water-kristallen\/\">analyse van waterkristallen<\/a>\u00a0en de <a href=\"https:\/\/biodynamizer.com\/nl\/wetenschappelijke-analyses\/kalksteen-behandeling\/\">analyse inzake de behandeling van kalksteen<\/a>, lijken te bevestigen dat <strong>de dynamisatie van water de anorganische mineralen<\/strong> (elektrisch geladen ionen) in <strong>collo\u00efdale vorm<\/strong> (veel kleinere deeltjes, van 10 tot 1.000 nm, die elektromagnetisch geladen zijn).<\/li>\n<li>Wat betreft de anorganische mineralen aanwezig in gedynamiseerde water kunnen we op basis van deze analyses dus inschatten dat deze <strong>vooral in de darmen moeten blijven en eerder via de ontlasting dan via de nieren-urine afgevoerd moeten worden<\/strong>!<\/li>\n<\/ul>\n<p><strong>Collo\u00efdale mineralen: metabolisatie &#8211; verwijdering van anorganische mineralen in drinkwater<\/strong><\/p>\n<ul>\n<li>Collo\u00efdale mineralen <strong>&lt; 50 nm<\/strong> worden tot wel <strong>+\/- 75%<\/strong> gemakkelijker door het lichaam <strong>gemetaboliseerd<\/strong> (passeren de darmwand), vergeleken met 5% tot 25% voor anorganische mineralen!<\/li>\n<li>Collo\u00efdale mineralen <strong>&gt; 50 nm<\/strong> worden minder gemakkelijk opgenomen en blijven voornamelijk in de <strong>darmen<\/strong> (omdat ze de darmwand niet kunnen passeren) en worden daarom <strong>via de ontlasting verwijdert<\/strong> in plaats van via de urine (nieren). De overtollige anorganische mineralen (75% tot 95% van de mineralen in water) passeren de darmwand en worden voornamelijk via de nieren verwijdert via de urine!<\/li>\n<\/ul>\n<\/div><\/div><\/div><\/div><\/div><\/div><\/div><\/section><section class=\"l-section wpb_row height_medium\"><div class=\"l-section-h i-cf\"><div class=\"g-cols vc_row via_flex valign_top type_default stacking_default\"><div class=\"vc_col-sm-12 wpb_column vc_column_container\"><div class=\"vc_column-inner\"><div class=\"wpb_wrapper\"><div class=\"wpb_text_column\"><div class=\"wpb_wrapper\"><h1>Belang van mineralen in drinkwater<\/h1>\n<h2><\/h2>\n<\/div><\/div><div class=\"w-image align_center\"><div class=\"w-image-h\"><img decoding=\"async\" width=\"300\" height=\"173\" src=\"https:\/\/biodynamizer.com\/wp-content\/uploads\/2020\/01\/MINERALEN-300x173.jpg\" class=\"attachment-medium size-medium\" alt=\"\" loading=\"lazy\" srcset=\"https:\/\/biodynamizer.com\/wp-content\/uploads\/2020\/01\/MINERALEN-300x173.jpg 300w, https:\/\/biodynamizer.com\/wp-content\/uploads\/2020\/01\/MINERALEN.jpg 448w\" sizes=\"auto, (max-width: 300px) 100vw, 300px\" \/><\/div><\/div><div class=\"wpb_text_column\"><div class=\"wpb_wrapper\"><ul>\n<li>Natuurlijk water bevat <strong>anorganische minerale zouten, voornamelijk calcium en magnesium (+\/- 80%)<\/strong>. Deze mineralen kunnen gedeeltelijk door het lichaam worden gemetaboliseerd (darmabsorptie). Studies over dit onderwerp schatten dit <strong>assimilatiepercentage tussen 5% en 25%<\/strong>!<\/li>\n<li>De mineralen in natuurlijk water nemen tussen <strong>20% en 50% deel aan de Aanbevolen VoedingsInname<\/strong> <strong>(AVI) van calcium en magnesium<\/strong><strong>*<\/strong> voor \u00e9\u00e9n persoon (voor een volwassene M\/V: calciumbehoefte +\/- 900 mg\/d, in magnesium +\/- 400 mg\/d)! Calcium en magnesium zijn daarom nuttig voor de <strong>gezondheid<\/strong>. Calcium neemt inderdaad deel aan de gezondheid van de beenderen, heeft een gunstige rol bij hypertensie, cardiovasculaire ongevallen en darmkanker. Magnesium is betrokken bij de activering van meer dan 300 enzymatische systemen, bestrijdt vermoeidheid, diabetes en coronaire hartfalen evenals osteoporose \u2026 Wetende dat de gemiddelde bevolking een <strong>gemiddeld calciumtekort heeft van +\/- 40% (gemiddelde voedingsbehoeften) en zelfs 70% voor magnesium<\/strong>,<\/li>\n<li>blijkt het ons daarom essentieel om gemineraliseerd water te drinken met een mineraalgehalte <strong>tot 500 mg\/L<\/strong>! * Afhankelijk van het mineraalgehalte van het water en de leeftijd van de betrokken personen, <em>Bron: Studie over de opname van calcium en magnesium in natuurlijk mineraalwater, Patrice Fardellone, CHU Amiens, Universit\u00e9 Picardie Jules-Verne, 2015 ; <span style=\"font-weight: 400;\">\u201cDe minerale elementen die aanwezig zijn in leidingwater, door deel te nemen aan de dagelijkse inname van mineralen die nodig zijn voor het goed functioneren van het lichaam, spelen een duidelijke gunstige rol in de gezondheid. Calcium in water kan ook een rol spelen bij de bescherming tegen hart- en vaatziekten. De rol van calcium bij de eliminatie van vetten en de regulatie van cholesterol in het bloed wordt ook erkend\u201d (bron Ministerie van Volksgezondheid Frankrijk 2006).<\/span><\/em><\/li>\n<li>De WHO (Wereldgezondheidsorganisatie) spreekt van een \u201c<em>optimum<\/em>\u201d onder de <strong>1.000 mg\/liter. <\/strong><\/li>\n<li>De Hoge Raad voor Openbare Hygi\u00ebne van Frankrijk stelt in zijn decreten van 1990 en 1995 betreffende de kwaliteit van voor menselijke consumptie bestemd water de hoeveelheid droge residuen, na droging bij 180\u00b0C, vast op maximaal <strong>1.500 mg\/liter<\/strong>.<\/li>\n<li>Het is ook belangrijk om calcium-magnesium (bestanddelen van kalk) in het water te hebben vanwege de rondere en zachtere <strong>smaak<\/strong> van water met minerale zouten.<\/li>\n<\/ul>\n<\/div><\/div><\/div><\/div><\/div><\/div><\/div><\/section>\n","protected":false},"excerpt":{"rendered":"Home\/Pagina'sVerwijdering van mineralen Om ervoor te zorgen dat water goed is voor de gezondheid, moet het eerst worden gefilterd (verwijderen van verontreinigende stoffen, wat door de Biofilter gebeurd) maar vooral de mineralen behouden omdat ze de natuurlijke synergie bevatten van volledig gemetaboliseerde sporenelementen. Droge resten in water zijn samengesteld uit:\u00a0 Mineralen die kunnen worden gemetaboliseerd...","protected":false},"author":3,"featured_media":0,"parent":11935,"menu_order":11,"comment_status":"closed","ping_status":"closed","template":"","meta":{"_monsterinsights_skip_tracking":false,"_monsterinsights_sitenote_active":false,"_monsterinsights_sitenote_note":"","_monsterinsights_sitenote_category":0,"footnotes":""},"class_list":["post-11866","page","type-page","status-publish","hentry"],"yoast_head":"<!-- This site is optimized with the Yoast SEO plugin v27.3 - https:\/\/yoast.com\/product\/yoast-seo-wordpress\/ -->\n<title>Verwijdering van mineralen - Biodynamizer<\/title>\n<meta name=\"description\" content=\"Entre 5% et 25% des min\u00e9raux inorganiques sont assimilables par l\u2019organisme (ils sont \u00e9vacu\u00e9s via les reins-urine) et ceci d\u2019autant plus facilement qu\u2019ils ont \u00e9t\u00e9 restructur\u00e9s sous forme collo\u00efdale et ionis\u00e9s par le Biodynamizer\u00ae. Afin que l\u2019eau soit bonne pour la sant\u00e9 il faut d\u2019abord la filtrer (retirer les polluants) mais surtout lui pr\u00e9server ses min\u00e9raux car ils contiennent la synergie naturelle d\u2019oligo-\u00e9l\u00e9ments enti\u00e8rement m\u00e9tabolis\u00e9s ainsi que l\u2019\u00e9nergie (d\u2019origine magn\u00e9tique et cosmique) dont notre corps \u00e9nerg\u00e9tique a besoin.\" \/>\n<meta name=\"robots\" content=\"index, follow, max-snippet:-1, max-image-preview:large, max-video-preview:-1\" \/>\n<link rel=\"canonical\" href=\"https:\/\/biodynamizer.com\/nl\/onze-oplossingen\/de-biodynamizer\/verwijdering-van-mineralen\/\" \/>\n<meta property=\"og:locale\" content=\"nl_NL\" \/>\n<meta property=\"og:type\" content=\"article\" \/>\n<meta property=\"og:title\" content=\"Verwijdering van mineralen - Biodynamizer\" \/>\n<meta property=\"og:description\" content=\"Entre 5% et 25% des min\u00e9raux inorganiques sont assimilables par l\u2019organisme (ils sont \u00e9vacu\u00e9s via les reins-urine) et ceci d\u2019autant plus facilement qu\u2019ils ont \u00e9t\u00e9 restructur\u00e9s sous forme collo\u00efdale et ionis\u00e9s par le Biodynamizer\u00ae. Afin que l\u2019eau soit bonne pour la sant\u00e9 il faut d\u2019abord la filtrer (retirer les polluants) mais surtout lui pr\u00e9server ses min\u00e9raux car ils contiennent la synergie naturelle d\u2019oligo-\u00e9l\u00e9ments enti\u00e8rement m\u00e9tabolis\u00e9s ainsi que l\u2019\u00e9nergie (d\u2019origine magn\u00e9tique et cosmique) dont notre corps \u00e9nerg\u00e9tique a besoin.\" \/>\n<meta property=\"og:url\" content=\"https:\/\/biodynamizer.com\/nl\/onze-oplossingen\/de-biodynamizer\/verwijdering-van-mineralen\/\" \/>\n<meta property=\"og:site_name\" content=\"Biodynamizer\" \/>\n<meta property=\"article:modified_time\" content=\"2025-08-16T12:14:43+00:00\" \/>\n<meta property=\"og:image\" content=\"https:\/\/biodynamizer.com\/wp-content\/uploads\/2019\/11\/Depositphotos_15742931_xl-2015.jpg\" \/>\n\t<meta property=\"og:image:width\" content=\"2000\" \/>\n\t<meta property=\"og:image:height\" content=\"1333\" \/>\n\t<meta property=\"og:image:type\" content=\"image\/jpeg\" \/>\n<meta name=\"twitter:card\" content=\"summary_large_image\" \/>\n<meta name=\"twitter:label1\" content=\"Geschatte leestijd\" \/>\n\t<meta name=\"twitter:data1\" content=\"4 minuten\" \/>\n<script type=\"application\/ld+json\" class=\"yoast-schema-graph\">{\"@context\":\"https:\\\/\\\/schema.org\",\"@graph\":[{\"@type\":\"WebPage\",\"@id\":\"https:\\\/\\\/biodynamizer.com\\\/nl\\\/onze-oplossingen\\\/de-biodynamizer\\\/verwijdering-van-mineralen\\\/\",\"url\":\"https:\\\/\\\/biodynamizer.com\\\/nl\\\/onze-oplossingen\\\/de-biodynamizer\\\/verwijdering-van-mineralen\\\/\",\"name\":\"Verwijdering van mineralen - Biodynamizer\",\"isPartOf\":{\"@id\":\"https:\\\/\\\/biodynamizer.com\\\/nl\\\/#website\"},\"datePublished\":\"2020-01-20T10:30:16+00:00\",\"dateModified\":\"2025-08-16T12:14:43+00:00\",\"description\":\"Entre 5% et 25% des min\u00e9raux inorganiques sont assimilables par l\u2019organisme (ils sont \u00e9vacu\u00e9s via les reins-urine) et ceci d\u2019autant plus facilement qu\u2019ils ont \u00e9t\u00e9 restructur\u00e9s sous forme collo\u00efdale et ionis\u00e9s par le Biodynamizer\u00ae. Afin que l\u2019eau soit bonne pour la sant\u00e9 il faut d\u2019abord la filtrer (retirer les polluants) mais surtout lui pr\u00e9server ses min\u00e9raux car ils contiennent la synergie naturelle d\u2019oligo-\u00e9l\u00e9ments enti\u00e8rement m\u00e9tabolis\u00e9s ainsi que l\u2019\u00e9nergie (d\u2019origine magn\u00e9tique et cosmique) dont notre corps \u00e9nerg\u00e9tique a besoin.\",\"breadcrumb\":{\"@id\":\"https:\\\/\\\/biodynamizer.com\\\/nl\\\/onze-oplossingen\\\/de-biodynamizer\\\/verwijdering-van-mineralen\\\/#breadcrumb\"},\"inLanguage\":\"nl-NL\",\"potentialAction\":[{\"@type\":\"ReadAction\",\"target\":[\"https:\\\/\\\/biodynamizer.com\\\/nl\\\/onze-oplossingen\\\/de-biodynamizer\\\/verwijdering-van-mineralen\\\/\"]}]},{\"@type\":\"BreadcrumbList\",\"@id\":\"https:\\\/\\\/biodynamizer.com\\\/nl\\\/onze-oplossingen\\\/de-biodynamizer\\\/verwijdering-van-mineralen\\\/#breadcrumb\",\"itemListElement\":[{\"@type\":\"ListItem\",\"position\":1,\"name\":\"Home\",\"item\":\"https:\\\/\\\/biodynamizer.com\\\/nl\\\/\"},{\"@type\":\"ListItem\",\"position\":2,\"name\":\"Onze oplossingen\",\"item\":\"https:\\\/\\\/biodynamizer.com\\\/nl\\\/onze-oplossingen\\\/\"},{\"@type\":\"ListItem\",\"position\":3,\"name\":\"De Biodynamizer\",\"item\":\"https:\\\/\\\/biodynamizer.com\\\/nl\\\/onze-oplossingen\\\/de-biodynamizer\\\/\"},{\"@type\":\"ListItem\",\"position\":4,\"name\":\"Verwijdering van mineralen\"}]},{\"@type\":\"WebSite\",\"@id\":\"https:\\\/\\\/biodynamizer.com\\\/nl\\\/#website\",\"url\":\"https:\\\/\\\/biodynamizer.com\\\/nl\\\/\",\"name\":\"Biodynamizer\",\"description\":\"Filtrez et dynamisez votre eau\",\"potentialAction\":[{\"@type\":\"SearchAction\",\"target\":{\"@type\":\"EntryPoint\",\"urlTemplate\":\"https:\\\/\\\/biodynamizer.com\\\/nl\\\/?s={search_term_string}\"},\"query-input\":{\"@type\":\"PropertyValueSpecification\",\"valueRequired\":true,\"valueName\":\"search_term_string\"}}],\"inLanguage\":\"nl-NL\"}]}<\/script>\n<!-- \/ Yoast SEO plugin. -->","yoast_head_json":{"title":"Verwijdering van mineralen - Biodynamizer","description":"Entre 5% et 25% des min\u00e9raux inorganiques sont assimilables par l\u2019organisme (ils sont \u00e9vacu\u00e9s via les reins-urine) et ceci d\u2019autant plus facilement qu\u2019ils ont \u00e9t\u00e9 restructur\u00e9s sous forme collo\u00efdale et ionis\u00e9s par le Biodynamizer\u00ae. Afin que l\u2019eau soit bonne pour la sant\u00e9 il faut d\u2019abord la filtrer (retirer les polluants) mais surtout lui pr\u00e9server ses min\u00e9raux car ils contiennent la synergie naturelle d\u2019oligo-\u00e9l\u00e9ments enti\u00e8rement m\u00e9tabolis\u00e9s ainsi que l\u2019\u00e9nergie (d\u2019origine magn\u00e9tique et cosmique) dont notre corps \u00e9nerg\u00e9tique a besoin.","robots":{"index":"index","follow":"follow","max-snippet":"max-snippet:-1","max-image-preview":"max-image-preview:large","max-video-preview":"max-video-preview:-1"},"canonical":"https:\/\/biodynamizer.com\/nl\/onze-oplossingen\/de-biodynamizer\/verwijdering-van-mineralen\/","og_locale":"nl_NL","og_type":"article","og_title":"Verwijdering van mineralen - Biodynamizer","og_description":"Entre 5% et 25% des min\u00e9raux inorganiques sont assimilables par l\u2019organisme (ils sont \u00e9vacu\u00e9s via les reins-urine) et ceci d\u2019autant plus facilement qu\u2019ils ont \u00e9t\u00e9 restructur\u00e9s sous forme collo\u00efdale et ionis\u00e9s par le Biodynamizer\u00ae. Afin que l\u2019eau soit bonne pour la sant\u00e9 il faut d\u2019abord la filtrer (retirer les polluants) mais surtout lui pr\u00e9server ses min\u00e9raux car ils contiennent la synergie naturelle d\u2019oligo-\u00e9l\u00e9ments enti\u00e8rement m\u00e9tabolis\u00e9s ainsi que l\u2019\u00e9nergie (d\u2019origine magn\u00e9tique et cosmique) dont notre corps \u00e9nerg\u00e9tique a besoin.","og_url":"https:\/\/biodynamizer.com\/nl\/onze-oplossingen\/de-biodynamizer\/verwijdering-van-mineralen\/","og_site_name":"Biodynamizer","article_modified_time":"2025-08-16T12:14:43+00:00","og_image":[{"width":2000,"height":1333,"url":"https:\/\/biodynamizer.com\/wp-content\/uploads\/2019\/11\/Depositphotos_15742931_xl-2015.jpg","type":"image\/jpeg"}],"twitter_card":"summary_large_image","twitter_misc":{"Geschatte leestijd":"4 minuten"},"schema":{"@context":"https:\/\/schema.org","@graph":[{"@type":"WebPage","@id":"https:\/\/biodynamizer.com\/nl\/onze-oplossingen\/de-biodynamizer\/verwijdering-van-mineralen\/","url":"https:\/\/biodynamizer.com\/nl\/onze-oplossingen\/de-biodynamizer\/verwijdering-van-mineralen\/","name":"Verwijdering van mineralen - Biodynamizer","isPartOf":{"@id":"https:\/\/biodynamizer.com\/nl\/#website"},"datePublished":"2020-01-20T10:30:16+00:00","dateModified":"2025-08-16T12:14:43+00:00","description":"Entre 5% et 25% des min\u00e9raux inorganiques sont assimilables par l\u2019organisme (ils sont \u00e9vacu\u00e9s via les reins-urine) et ceci d\u2019autant plus facilement qu\u2019ils ont \u00e9t\u00e9 restructur\u00e9s sous forme collo\u00efdale et ionis\u00e9s par le Biodynamizer\u00ae. Afin que l\u2019eau soit bonne pour la sant\u00e9 il faut d\u2019abord la filtrer (retirer les polluants) mais surtout lui pr\u00e9server ses min\u00e9raux car ils contiennent la synergie naturelle d\u2019oligo-\u00e9l\u00e9ments enti\u00e8rement m\u00e9tabolis\u00e9s ainsi que l\u2019\u00e9nergie (d\u2019origine magn\u00e9tique et cosmique) dont notre corps \u00e9nerg\u00e9tique a besoin.","breadcrumb":{"@id":"https:\/\/biodynamizer.com\/nl\/onze-oplossingen\/de-biodynamizer\/verwijdering-van-mineralen\/#breadcrumb"},"inLanguage":"nl-NL","potentialAction":[{"@type":"ReadAction","target":["https:\/\/biodynamizer.com\/nl\/onze-oplossingen\/de-biodynamizer\/verwijdering-van-mineralen\/"]}]},{"@type":"BreadcrumbList","@id":"https:\/\/biodynamizer.com\/nl\/onze-oplossingen\/de-biodynamizer\/verwijdering-van-mineralen\/#breadcrumb","itemListElement":[{"@type":"ListItem","position":1,"name":"Home","item":"https:\/\/biodynamizer.com\/nl\/"},{"@type":"ListItem","position":2,"name":"Onze oplossingen","item":"https:\/\/biodynamizer.com\/nl\/onze-oplossingen\/"},{"@type":"ListItem","position":3,"name":"De Biodynamizer","item":"https:\/\/biodynamizer.com\/nl\/onze-oplossingen\/de-biodynamizer\/"},{"@type":"ListItem","position":4,"name":"Verwijdering van mineralen"}]},{"@type":"WebSite","@id":"https:\/\/biodynamizer.com\/nl\/#website","url":"https:\/\/biodynamizer.com\/nl\/","name":"Biodynamizer","description":"Filtrez et dynamisez votre eau","potentialAction":[{"@type":"SearchAction","target":{"@type":"EntryPoint","urlTemplate":"https:\/\/biodynamizer.com\/nl\/?s={search_term_string}"},"query-input":{"@type":"PropertyValueSpecification","valueRequired":true,"valueName":"search_term_string"}}],"inLanguage":"nl-NL"}]}},"_links":{"self":[{"href":"https:\/\/biodynamizer.com\/nl\/wp-json\/wp\/v2\/pages\/11866","targetHints":{"allow":["GET"]}}],"collection":[{"href":"https:\/\/biodynamizer.com\/nl\/wp-json\/wp\/v2\/pages"}],"about":[{"href":"https:\/\/biodynamizer.com\/nl\/wp-json\/wp\/v2\/types\/page"}],"author":[{"embeddable":true,"href":"https:\/\/biodynamizer.com\/nl\/wp-json\/wp\/v2\/users\/3"}],"replies":[{"embeddable":true,"href":"https:\/\/biodynamizer.com\/nl\/wp-json\/wp\/v2\/comments?post=11866"}],"version-history":[{"count":25,"href":"https:\/\/biodynamizer.com\/nl\/wp-json\/wp\/v2\/pages\/11866\/revisions"}],"predecessor-version":[{"id":27724,"href":"https:\/\/biodynamizer.com\/nl\/wp-json\/wp\/v2\/pages\/11866\/revisions\/27724"}],"up":[{"embeddable":true,"href":"https:\/\/biodynamizer.com\/nl\/wp-json\/wp\/v2\/pages\/11935"}],"wp:attachment":[{"href":"https:\/\/biodynamizer.com\/nl\/wp-json\/wp\/v2\/media?parent=11866"}],"curies":[{"name":"wp","href":"https:\/\/api.w.org\/{rel}","templated":true}]}}