{"id":11884,"date":"2020-01-20T10:17:44","date_gmt":"2020-01-20T10:17:44","guid":{"rendered":"https:\/\/biodynamizer.spleen-creation.be\/eau-osmosee\/"},"modified":"2023-04-13T09:54:13","modified_gmt":"2023-04-13T09:54:13","slug":"osmose-water","status":"publish","type":"page","link":"https:\/\/biodynamizer.com\/nl\/onze-oplossingen\/de-biodynamizer\/osmose-water\/","title":{"rendered":"Osmose water"},"content":{"rendered":"<section class=\"l-section wpb_row us_custom_916fdabd height_small\"><div class=\"l-section-h i-cf\"><div class=\"g-cols vc_row via_flex valign_top type_default stacking_default\"><div class=\"vc_col-sm-12 wpb_column vc_column_container\"><div class=\"vc_column-inner\"><div class=\"wpb_wrapper\"><nav class=\"g-breadcrumbs separator_custom align_none\" itemscope itemtype=\"http:\/\/schema.org\/BreadcrumbList\"><div class=\"g-breadcrumbs-item\" itemscope itemprop=\"itemListElement\" itemtype=\"http:\/\/schema.org\/ListItem\"><a itemprop=\"item\" href=\"https:\/\/biodynamizer.com\/nl\/\"><span itemprop=\"name\">Home<\/span><\/a><meta itemprop=\"position\" content=\"1\"\/><\/div><div class=\"g-breadcrumbs-separator\">\/<\/div><div class=\"g-breadcrumbs-item\">Pagina's<\/div><\/nav><\/div><\/div><\/div><\/div><\/div><\/section><section class=\"l-section wpb_row us_custom_6df4bc3a lichtelink has_text_color height_medium\"><div class=\"l-section-overlay\" style=\"background:#24549d\"><\/div><div class=\"l-section-h i-cf\"><div class=\"g-cols vc_row via_flex valign_middle type_default stacking_default\"><div class=\"vc_col-sm-12 wpb_column vc_column_container\"><div class=\"vc_column-inner\"><div class=\"wpb_wrapper\"><div class=\"w-image align_right\"><div class=\"w-image-h\"><img decoding=\"async\" width=\"400\" height=\"400\" src=\"https:\/\/biodynamizer.com\/wp-content\/uploads\/2020\/01\/Osmosis.jpg\" class=\"attachment-us_400_400_crop size-us_400_400_crop\" alt=\"\" loading=\"lazy\" srcset=\"https:\/\/biodynamizer.com\/wp-content\/uploads\/2020\/01\/Osmosis.jpg 2000w, https:\/\/biodynamizer.com\/wp-content\/uploads\/2020\/01\/Osmosis-300x300.jpg 300w, https:\/\/biodynamizer.com\/wp-content\/uploads\/2020\/01\/Osmosis-1024x1024.jpg 1024w, https:\/\/biodynamizer.com\/wp-content\/uploads\/2020\/01\/Osmosis-150x150.jpg 150w, https:\/\/biodynamizer.com\/wp-content\/uploads\/2020\/01\/Osmosis-1536x1536.jpg 1536w\" sizes=\"auto, (max-width: 400px) 100vw, 400px\" \/><\/div><\/div><div class=\"wpb_text_column\"><div class=\"wpb_wrapper\"><h1>Hoe zit het met omgekeerde osmose (reverse osmosis of RO) of gedemineraliseerd water?<\/h1>\n<\/div><\/div><div class=\"wpb_text_column\"><div class=\"wpb_wrapper\"><p><span style=\"font-weight: 400;\">De diameter van de omgekeerde osmose membraan 0,10 nm (nanometer) die kleiner is dan de diameter van de H2O molecuul (gemeten tussen de 2 waterstofatomen) die 0,30 nm (3 \u00c5ngstr\u00f6m) bedraagt, heeft de volgende consequenties :\u00a0<\/span><\/p>\n<ul>\n<li style=\"font-weight: 400;\" aria-level=\"1\"><span style=\"font-weight: 400;\">Verlies van de meeste\u00a0<\/span><span style=\"text-decoration: underline;\"><a href=\"https:\/\/biodynamizer.com\/nl\/onze-oplossingen\/de-biodynamizer\/verwijdering-van-mineralen\/\" target=\"_self\" rel=\"noopener noreferrer\"><b><span style=\"color: #ffffff; text-decoration: underline;\">mineralen<\/span><\/b><\/a><\/span> (&lt;10 mg\/L aan mineralen blijft in omgekeerd osmosewater versus +\/- 450 mg\/L in leidingwater!) Inclusief sporenelementen (die volledig opneembaar zijn):\n<ul>\n<li style=\"font-weight: 400;\" aria-level=\"1\"><span style=\"font-weight: 400;\">Osmosewater wordt &#8220;<em>mineerofaag<\/em>&#8220;: gedemineraliseerd water &#8211; geosmoseerd water zal, om zichzelf weer in evenwicht te brengen, mineralen onttrekken waar ze zich bevinden in je lichaam, waardoor deze gedemineraliseerd wordt.<\/span><\/li>\n<li style=\"font-weight: 400;\" aria-level=\"1\"><span style=\"font-weight: 400;\">Geosmoseerd water heeft geen <span style=\"text-decoration: underline;\"><a href=\"https:\/\/biodynamizer.com\/nl\/onze-oplossingen\/de-biodynamizer\/energetisatie\/\"><strong><span style=\"color: #ffffff; text-decoration: underline;\">energie<\/span><\/strong><\/a><\/span> meer (die voornamelijk wordt opgeslagen in de ge\u00efoniseerde zouten, zie Pr Kozyrev)\u00a0<\/span><\/li>\n<\/ul>\n<\/li>\n<li style=\"font-weight: 400;\" aria-level=\"1\"><span style=\"font-weight: 400;\">moleculaire destructuratie (onvermogen om energie op te slaan en te transporteren)\u00a0<\/span><\/li>\n<li style=\"font-weight: 400;\" aria-level=\"1\"><span style=\"font-weight: 400;\">Het water verliest zijn biologisch evenwicht:\u00a0<\/span>\n<ul>\n<li style=\"font-weight: 400;\" aria-level=\"1\"><span style=\"font-weight: 400;\">de bacteri\u00eble belasting neemt toe in omgekeerd osmosewater (ontwikkeld in de kraan en in de waterreserve)\u00a0<\/span><\/li>\n<li style=\"font-weight: 400;\" aria-level=\"1\"><span style=\"font-weight: 400;\">afname van de ontwikkeling van plantenwortels (zie vergelijkende studie over de ontkieming van witte mosterdzaden uitgevoerd op 19-08-2019 door het Cebedeau-laboratorium in opdracht van Dynamized Technologies).\u00a0<\/span><\/li>\n<\/ul>\n<\/li>\n<\/ul>\n<ul>\n<li style=\"font-weight: 400;\" aria-level=\"1\"><span style=\"font-weight: 400;\">Binnenin het apparaat komt het water in contact met het plastiek van de filters en membranen, wat niet aangewezen is vanwege het <a href=\"https:\/\/biodynamizer.com\/nl\/wetenschappelijke-analyses\/het-geheugen-van-water\/\"><span style=\"text-decoration: underline;\"><strong><span style=\"color: #ffffff; text-decoration: underline;\">&#8220;geheugen&#8221; van het water<\/span><\/strong><\/span><\/a>.\u00a0<\/span><\/li>\n<li style=\"font-weight: 400;\" aria-level=\"1\"><span style=\"font-weight: 400;\">Het apparaat werkt op een elektrisch circuit dat elektromagnetische vervuiling veroorzaakt met betrekking tot het water.\u00a0<\/span><\/li>\n<\/ul>\n<ul>\n<li style=\"font-weight: 400;\" aria-level=\"1\"><span style=\"font-weight: 400;\">RO genereert een aanzienlijk waterverlies door het spoelen van het membraan, d.w.z. 3 L water verloren voor 1 L omgekeerd osmosewater.\u00a0<\/span><\/li>\n<li style=\"font-weight: 400;\" aria-level=\"1\"><span style=\"font-weight: 400;\">De RO wordt alleen geleverd door 1 enkele kraan zonder zuiver water voor het hele lichaam voor te stellen tijdens baden, douches (onze lichaamsstoffen absorberen bij deze gelegenheid ook water).<\/span><\/li>\n<\/ul>\n<p><b>Conclusie<\/b><span style=\"font-weight: 400;\">:\u00a0<\/span><\/p>\n<p><span style=\"font-weight: 400;\">Gezien het bovenstaande hebben we niet gekozen voor de omgekeerde osmose filtratie, maar de voorkeur gegeven aan filtratie door actieve kool door de <span style=\"text-decoration: underline;\"><a href=\"https:\/\/biodynamizer.com\/nl\/onze-oplossingen\/de-biofilter\/\" target=\"_self\" rel=\"noopener noreferrer\"><b><span style=\"color: #ffffff; text-decoration: underline;\">Biofilter<\/span><\/b><\/a><\/span>. De dynamisatie van het water door de Biodynamizer zal des te effici\u00ebnter en versterkt zijn wanneer het water zijn <a href=\"https:\/\/biodynamizer.com\/nl\/onze-oplossingen\/de-biodynamizer\/verwijdering-van-mineralen\/\" target=\"_self\" rel=\"noopener noreferrer\"><b><span style=\"color: #fff;\"><span style=\"text-decoration: underline;\">mineralen <\/span><\/span><\/b><\/a>heeft behouden en correct is gezuiverd.<\/span><\/p>\n<\/div><\/div><\/div><\/div><\/div><\/div><\/div><\/section><section class=\"l-section wpb_row height_auto\"><div class=\"l-section-h i-cf\"><div class=\"g-cols vc_row via_flex valign_top type_default stacking_default\"><div class=\"vc_col-sm-12 wpb_column vc_column_container\"><div class=\"vc_column-inner\"><div class=\"wpb_wrapper\"><div class=\"w-separator size_medium\"><\/div><\/div><\/div><\/div><\/div><\/div><\/section><section class=\"l-section wpb_row height_auto\"><div class=\"l-section-h i-cf\"><div class=\"g-cols vc_row via_flex valign_top type_default stacking_default\"><div class=\"vc_col-sm-12 wpb_column vc_column_container\"><div class=\"vc_column-inner\"><div class=\"wpb_wrapper\"><div class=\"wpb_text_column\"><div class=\"wpb_wrapper\"><p>Zie hieronder het verschil in wortelontwikkeling tussen zaden bewaterd met omgekeerde osmose water (gedemineraliseerd) en zaden bewaterd met leidingwater die mineralen bevatten.<\/p>\n<\/div><\/div><\/div><\/div><\/div><\/div><\/div><\/section><section class=\"l-section wpb_row height_small\"><div class=\"l-section-h i-cf\"><div class=\"g-cols vc_row via_flex valign_top type_default stacking_default\"><div class=\"vc_col-sm-12 wpb_column vc_column_container\"><div class=\"vc_column-inner\"><div class=\"wpb_wrapper\"><div class=\"w-image align_center\"><div class=\"w-image-h\"><img decoding=\"async\" width=\"1024\" height=\"658\" src=\"https:\/\/biodynamizer.com\/wp-content\/uploads\/2020\/04\/BIO5-1024x658.png\" class=\"attachment-large size-large\" alt=\"\" loading=\"lazy\" srcset=\"https:\/\/biodynamizer.com\/wp-content\/uploads\/2020\/04\/BIO5-1024x658.png 1024w, https:\/\/biodynamizer.com\/wp-content\/uploads\/2020\/04\/BIO5-300x193.png 300w, https:\/\/biodynamizer.com\/wp-content\/uploads\/2020\/04\/BIO5.png 1037w\" sizes=\"auto, (max-width: 1024px) 100vw, 1024px\" \/><\/div><\/div><\/div><\/div><\/div><\/div><\/div><\/section>\n","protected":false},"excerpt":{"rendered":"Home\/Pagina'sHoe zit het met omgekeerde osmose (reverse osmosis of RO) of gedemineraliseerd water? De diameter van de omgekeerde osmose membraan 0,10 nm (nanometer) die kleiner is dan de diameter van de H2O molecuul (gemeten tussen de 2 waterstofatomen) die 0,30 nm (3 \u00c5ngstr\u00f6m) bedraagt, heeft de volgende consequenties :\u00a0 Verlies van de meeste\u00a0mineralen (&lt;10 mg\/L...","protected":false},"author":3,"featured_media":0,"parent":11935,"menu_order":10,"comment_status":"closed","ping_status":"closed","template":"","meta":{"_monsterinsights_skip_tracking":false,"_monsterinsights_sitenote_active":false,"_monsterinsights_sitenote_note":"","_monsterinsights_sitenote_category":0,"footnotes":""},"class_list":["post-11884","page","type-page","status-publish","hentry"],"yoast_head":"<!-- This site is optimized with the Yoast SEO plugin v27.4 - https:\/\/yoast.com\/product\/yoast-seo-wordpress\/ -->\n<title>Osmose water - Biodynamizer<\/title>\n<meta name=\"description\" content=\"Une eau osmos\u00e9e (principe de l&#039;osmose inverse) est une eau vid\u00e9e de ses min\u00e9raux (moins de 10 mg\/L), d\u00e9structur\u00e9e et sans \u00e9nergie. Au contraire d&#039;une eau dynamis\u00e9e !\" \/>\n<meta name=\"robots\" content=\"index, follow, max-snippet:-1, max-image-preview:large, max-video-preview:-1\" \/>\n<link rel=\"canonical\" href=\"https:\/\/biodynamizer.com\/nl\/onze-oplossingen\/de-biodynamizer\/osmose-water\/\" \/>\n<meta property=\"og:locale\" content=\"nl_NL\" \/>\n<meta property=\"og:type\" content=\"article\" \/>\n<meta property=\"og:title\" content=\"Osmose water - Biodynamizer\" \/>\n<meta property=\"og:description\" content=\"Une eau osmos\u00e9e (principe de l&#039;osmose inverse) est une eau vid\u00e9e de ses min\u00e9raux (moins de 10 mg\/L), d\u00e9structur\u00e9e et sans \u00e9nergie. Au contraire d&#039;une eau dynamis\u00e9e !\" \/>\n<meta property=\"og:url\" content=\"https:\/\/biodynamizer.com\/nl\/onze-oplossingen\/de-biodynamizer\/osmose-water\/\" \/>\n<meta property=\"og:site_name\" content=\"Biodynamizer\" \/>\n<meta property=\"article:modified_time\" content=\"2023-04-13T09:54:13+00:00\" \/>\n<meta property=\"og:image\" content=\"https:\/\/biodynamizer.com\/wp-content\/uploads\/2019\/11\/Depositphotos_15742931_xl-2015.jpg\" \/>\n\t<meta property=\"og:image:width\" content=\"2000\" \/>\n\t<meta property=\"og:image:height\" content=\"1333\" \/>\n\t<meta property=\"og:image:type\" content=\"image\/jpeg\" \/>\n<meta name=\"twitter:card\" content=\"summary_large_image\" \/>\n<meta name=\"twitter:label1\" content=\"Geschatte leestijd\" \/>\n\t<meta name=\"twitter:data1\" content=\"2 minuten\" \/>\n<script type=\"application\/ld+json\" class=\"yoast-schema-graph\">{\"@context\":\"https:\\\/\\\/schema.org\",\"@graph\":[{\"@type\":\"WebPage\",\"@id\":\"https:\\\/\\\/biodynamizer.com\\\/nl\\\/onze-oplossingen\\\/de-biodynamizer\\\/osmose-water\\\/\",\"url\":\"https:\\\/\\\/biodynamizer.com\\\/nl\\\/onze-oplossingen\\\/de-biodynamizer\\\/osmose-water\\\/\",\"name\":\"Osmose water - Biodynamizer\",\"isPartOf\":{\"@id\":\"https:\\\/\\\/biodynamizer.com\\\/nl\\\/#website\"},\"datePublished\":\"2020-01-20T10:17:44+00:00\",\"dateModified\":\"2023-04-13T09:54:13+00:00\",\"description\":\"Une eau osmos\u00e9e (principe de l'osmose inverse) est une eau vid\u00e9e de ses min\u00e9raux (moins de 10 mg\\\/L), d\u00e9structur\u00e9e et sans \u00e9nergie. Au contraire d'une eau dynamis\u00e9e !\",\"breadcrumb\":{\"@id\":\"https:\\\/\\\/biodynamizer.com\\\/nl\\\/onze-oplossingen\\\/de-biodynamizer\\\/osmose-water\\\/#breadcrumb\"},\"inLanguage\":\"nl-NL\",\"potentialAction\":[{\"@type\":\"ReadAction\",\"target\":[\"https:\\\/\\\/biodynamizer.com\\\/nl\\\/onze-oplossingen\\\/de-biodynamizer\\\/osmose-water\\\/\"]}]},{\"@type\":\"BreadcrumbList\",\"@id\":\"https:\\\/\\\/biodynamizer.com\\\/nl\\\/onze-oplossingen\\\/de-biodynamizer\\\/osmose-water\\\/#breadcrumb\",\"itemListElement\":[{\"@type\":\"ListItem\",\"position\":1,\"name\":\"Home\",\"item\":\"https:\\\/\\\/biodynamizer.com\\\/nl\\\/\"},{\"@type\":\"ListItem\",\"position\":2,\"name\":\"Onze oplossingen\",\"item\":\"https:\\\/\\\/biodynamizer.com\\\/nl\\\/onze-oplossingen\\\/\"},{\"@type\":\"ListItem\",\"position\":3,\"name\":\"De Biodynamizer\",\"item\":\"https:\\\/\\\/biodynamizer.com\\\/nl\\\/onze-oplossingen\\\/de-biodynamizer\\\/\"},{\"@type\":\"ListItem\",\"position\":4,\"name\":\"Osmose water\"}]},{\"@type\":\"WebSite\",\"@id\":\"https:\\\/\\\/biodynamizer.com\\\/nl\\\/#website\",\"url\":\"https:\\\/\\\/biodynamizer.com\\\/nl\\\/\",\"name\":\"Biodynamizer\",\"description\":\"Filtrez et dynamisez votre eau\",\"potentialAction\":[{\"@type\":\"SearchAction\",\"target\":{\"@type\":\"EntryPoint\",\"urlTemplate\":\"https:\\\/\\\/biodynamizer.com\\\/nl\\\/?s={search_term_string}\"},\"query-input\":{\"@type\":\"PropertyValueSpecification\",\"valueRequired\":true,\"valueName\":\"search_term_string\"}}],\"inLanguage\":\"nl-NL\"}]}<\/script>\n<!-- \/ Yoast SEO plugin. -->","yoast_head_json":{"title":"Osmose water - Biodynamizer","description":"Une eau osmos\u00e9e (principe de l'osmose inverse) est une eau vid\u00e9e de ses min\u00e9raux (moins de 10 mg\/L), d\u00e9structur\u00e9e et sans \u00e9nergie. Au contraire d'une eau dynamis\u00e9e !","robots":{"index":"index","follow":"follow","max-snippet":"max-snippet:-1","max-image-preview":"max-image-preview:large","max-video-preview":"max-video-preview:-1"},"canonical":"https:\/\/biodynamizer.com\/nl\/onze-oplossingen\/de-biodynamizer\/osmose-water\/","og_locale":"nl_NL","og_type":"article","og_title":"Osmose water - Biodynamizer","og_description":"Une eau osmos\u00e9e (principe de l'osmose inverse) est une eau vid\u00e9e de ses min\u00e9raux (moins de 10 mg\/L), d\u00e9structur\u00e9e et sans \u00e9nergie. Au contraire d'une eau dynamis\u00e9e !","og_url":"https:\/\/biodynamizer.com\/nl\/onze-oplossingen\/de-biodynamizer\/osmose-water\/","og_site_name":"Biodynamizer","article_modified_time":"2023-04-13T09:54:13+00:00","og_image":[{"width":2000,"height":1333,"url":"https:\/\/biodynamizer.com\/wp-content\/uploads\/2019\/11\/Depositphotos_15742931_xl-2015.jpg","type":"image\/jpeg"}],"twitter_card":"summary_large_image","twitter_misc":{"Geschatte leestijd":"2 minuten"},"schema":{"@context":"https:\/\/schema.org","@graph":[{"@type":"WebPage","@id":"https:\/\/biodynamizer.com\/nl\/onze-oplossingen\/de-biodynamizer\/osmose-water\/","url":"https:\/\/biodynamizer.com\/nl\/onze-oplossingen\/de-biodynamizer\/osmose-water\/","name":"Osmose water - Biodynamizer","isPartOf":{"@id":"https:\/\/biodynamizer.com\/nl\/#website"},"datePublished":"2020-01-20T10:17:44+00:00","dateModified":"2023-04-13T09:54:13+00:00","description":"Une eau osmos\u00e9e (principe de l'osmose inverse) est une eau vid\u00e9e de ses min\u00e9raux (moins de 10 mg\/L), d\u00e9structur\u00e9e et sans \u00e9nergie. Au contraire d'une eau dynamis\u00e9e !","breadcrumb":{"@id":"https:\/\/biodynamizer.com\/nl\/onze-oplossingen\/de-biodynamizer\/osmose-water\/#breadcrumb"},"inLanguage":"nl-NL","potentialAction":[{"@type":"ReadAction","target":["https:\/\/biodynamizer.com\/nl\/onze-oplossingen\/de-biodynamizer\/osmose-water\/"]}]},{"@type":"BreadcrumbList","@id":"https:\/\/biodynamizer.com\/nl\/onze-oplossingen\/de-biodynamizer\/osmose-water\/#breadcrumb","itemListElement":[{"@type":"ListItem","position":1,"name":"Home","item":"https:\/\/biodynamizer.com\/nl\/"},{"@type":"ListItem","position":2,"name":"Onze oplossingen","item":"https:\/\/biodynamizer.com\/nl\/onze-oplossingen\/"},{"@type":"ListItem","position":3,"name":"De Biodynamizer","item":"https:\/\/biodynamizer.com\/nl\/onze-oplossingen\/de-biodynamizer\/"},{"@type":"ListItem","position":4,"name":"Osmose water"}]},{"@type":"WebSite","@id":"https:\/\/biodynamizer.com\/nl\/#website","url":"https:\/\/biodynamizer.com\/nl\/","name":"Biodynamizer","description":"Filtrez et dynamisez votre eau","potentialAction":[{"@type":"SearchAction","target":{"@type":"EntryPoint","urlTemplate":"https:\/\/biodynamizer.com\/nl\/?s={search_term_string}"},"query-input":{"@type":"PropertyValueSpecification","valueRequired":true,"valueName":"search_term_string"}}],"inLanguage":"nl-NL"}]}},"_links":{"self":[{"href":"https:\/\/biodynamizer.com\/nl\/wp-json\/wp\/v2\/pages\/11884","targetHints":{"allow":["GET"]}}],"collection":[{"href":"https:\/\/biodynamizer.com\/nl\/wp-json\/wp\/v2\/pages"}],"about":[{"href":"https:\/\/biodynamizer.com\/nl\/wp-json\/wp\/v2\/types\/page"}],"author":[{"embeddable":true,"href":"https:\/\/biodynamizer.com\/nl\/wp-json\/wp\/v2\/users\/3"}],"replies":[{"embeddable":true,"href":"https:\/\/biodynamizer.com\/nl\/wp-json\/wp\/v2\/comments?post=11884"}],"version-history":[{"count":13,"href":"https:\/\/biodynamizer.com\/nl\/wp-json\/wp\/v2\/pages\/11884\/revisions"}],"predecessor-version":[{"id":18742,"href":"https:\/\/biodynamizer.com\/nl\/wp-json\/wp\/v2\/pages\/11884\/revisions\/18742"}],"up":[{"embeddable":true,"href":"https:\/\/biodynamizer.com\/nl\/wp-json\/wp\/v2\/pages\/11935"}],"wp:attachment":[{"href":"https:\/\/biodynamizer.com\/nl\/wp-json\/wp\/v2\/media?parent=11884"}],"curies":[{"name":"wp","href":"https:\/\/api.w.org\/{rel}","templated":true}]}}