{"id":11888,"date":"2020-01-20T07:48:03","date_gmt":"2020-01-20T07:48:03","guid":{"rendered":"https:\/\/biodynamizer.spleen-creation.be\/lenergetisation\/"},"modified":"2025-07-09T08:01:57","modified_gmt":"2025-07-09T08:01:57","slug":"energetisatie","status":"publish","type":"page","link":"https:\/\/biodynamizer.com\/nl\/onze-oplossingen\/de-biodynamizer\/energetisatie\/","title":{"rendered":"Energetisatie"},"content":{"rendered":"<section class=\"l-section wpb_row us_custom_916fdabd height_small\"><div class=\"l-section-h i-cf\"><div class=\"g-cols vc_row via_flex valign_top type_default stacking_default\"><div class=\"vc_col-sm-12 wpb_column vc_column_container\"><div class=\"vc_column-inner\"><div class=\"wpb_wrapper\"><nav class=\"g-breadcrumbs separator_custom align_none\" itemscope itemtype=\"http:\/\/schema.org\/BreadcrumbList\"><div class=\"g-breadcrumbs-item\" itemscope itemprop=\"itemListElement\" itemtype=\"http:\/\/schema.org\/ListItem\"><a itemprop=\"item\" href=\"https:\/\/biodynamizer.com\/nl\/\"><span itemprop=\"name\">Home<\/span><\/a><meta itemprop=\"position\" content=\"1\"\/><\/div><div class=\"g-breadcrumbs-separator\">\/<\/div><div class=\"g-breadcrumbs-item\">Pagina's<\/div><\/nav><\/div><\/div><\/div><\/div><\/div><\/section><section class=\"l-section wpb_row fullheader height_huge with_img\"><div class=\"l-section-img\" role=\"img\" aria-label=\"Afbeelding\" data-img-width=\"989\" data-img-height=\"556\" style=\"background-image: url(https:\/\/biodynamizer.com\/wp-content\/uploads\/2020\/01\/energisation.png);background-repeat: no-repeat;\"><\/div><div class=\"l-section-h i-cf\"><div class=\"g-cols vc_row via_flex valign_top type_default stacking_default\"><div class=\"vc_col-sm-12 wpb_column vc_column_container has_text_color\"><div class=\"vc_column-inner us_custom_6df4bc3a\"><div class=\"wpb_wrapper\"><div class=\"wpb_text_column\"><div class=\"wpb_wrapper\"><h3 data-ccp-props=\"{&quot;335551550&quot;:1,&quot;335551620&quot;:1,&quot;335559683&quot;:0,&quot;335559685&quot;:0,&quot;335559731&quot;:0,&quot;335559737&quot;:0,&quot;335562764&quot;:2,&quot;335562765&quot;:1,&quot;335562766&quot;:4,&quot;335562767&quot;:0,&quot;335562768&quot;:4,&quot;335562769&quot;:0}\"><span class=\"TextRun BCX0 SCXP204631616\" lang=\"FR-BE\" xml:lang=\"FR-BE\" data-scheme-color=\"@FFFFFF,0,\" data-usefontface=\"true\" data-contrast=\"none\"><span class=\"NormalTextRun BCX0 SCXP204631616\">Energetisatie \u2013 Informatie van het water<\/span><\/span><\/h3>\n<\/div><\/div><\/div><\/div><\/div><\/div><\/div><\/section><section class=\"l-section wpb_row nomobile height_small\"><div class=\"l-section-h i-cf\"><div class=\"g-cols vc_row via_flex valign_top type_default stacking_default\"><div class=\"vc_col-sm-12 wpb_column vc_column_container\"><div class=\"vc_column-inner\"><div class=\"wpb_wrapper\"><\/div><\/div><\/div><\/div><\/div><\/section><section class=\"l-section wpb_row height_auto width_full\"><div class=\"l-section-h i-cf\"><div class=\"g-cols vc_row via_flex valign_bottom type_default stacking_default\"><div class=\"vc_col-sm-4 wpb_column vc_column_container imagesideblock has_text_color has_bg_color\"><div class=\"vc_column-inner us_custom_2e6d6971\"><div class=\"wpb_wrapper\"><\/div><\/div><\/div><div class=\"vc_col-sm-8 wpb_column vc_column_container tekstsideblock\"><div class=\"vc_column-inner\"><div class=\"wpb_wrapper\"><div class=\"wpb_text_column\"><div class=\"wpb_wrapper\"><h2><strong>Gebiodynamiseerd water is boordevol energie\u00a0<\/strong><\/h2>\n<\/div><\/div><div class=\"wpb_text_column\"><div class=\"wpb_wrapper\"><ul>\n<li><span style=\"font-weight: 400;\">Gebiodynamiseerd water is water boordevol (in fotonische termen, zie in dit verband de <a href=\"https:\/\/biodynamizer.com\/nl\/wetenschappelijke-analyses\/de-elektrofotonische-camera-van-coramp-solutions\/\"><span style=\"text-decoration: underline;\"><strong>elektrofotonische analyse<\/strong><\/span><\/a>) zoals berg- of watervalwater. Deze energie komt van de <\/span><span style=\"text-decoration: underline;\"><a href=\"https:\/\/biodynamizer.com\/nl\/onze-oplossingen\/de-biodynamizer\/de-bewegingen\/\"><strong>wervelende beweging<\/strong><\/a> <\/span><span style=\"font-weight: 400;\">die het volgt in de Biodynamizer\u00ae, evenals de <\/span><a href=\"https:\/\/biodynamizer.com\/nl\/onze-oplossingen\/de-biodynamizer\/het-magnetisme\/\"><b><span style=\"text-decoration: underline;\">magnetische velden<\/span><\/b><\/a> <span style=\"font-weight: 400;\">die worden uitgezonden door de permanente magneten die het bevat. Deze energie zal de moleculaire structuur van water be\u00efnvloeden en de mineralen die het bevat, ioniseren. Al deze energie zal worden gebruikt voor <\/span><a href=\"https:\/\/biodynamizer.com\/nl\/wetenschappelijke-analyses\/de-bioscope-spectrometer\/\"><b><span style=\"text-decoration: underline;\">cellulaire communicatie<\/span><\/b><\/a> <span style=\"font-weight: 400;\">en metabolisch functioneren! (<span style=\"text-decoration: underline;\"><strong><a href=\"https:\/\/biodynamizer.com\/nl\/wetenschappelijke-analyses\/de-elektrofotonische-camera-van-coramp-solutions\/\">zie studie over biofotonen<\/a><\/strong><\/span>)\u00a0<\/span><\/li>\n<li><span style=\"font-weight: 400;\">De energie van gebiodynamiseerd water heeft een <\/span><span style=\"text-decoration: underline;\"><a href=\"https:\/\/biodynamizer.com\/nl\/wetenschappelijke-analyses\/expertise-elektrofotonische-fotos\/\"><b>grotere fotodiversiteit<\/b><\/a><\/span> <span style=\"font-weight: 400;\">(in termen van kwaliteit en stabiliteit). Wij geloven dat dit gedynamiseerd water beter verenigbaar is met de energie van levende wezens.<\/span><\/li>\n<li><span style=\"font-weight: 400;\">Wij zijn van mening dat deze extra energie het mogelijk maakt om het energieveld van de mens te versterken, wat hem zal helpen bij het <\/span><a href=\"https:\/\/biodynamizer.com\/nl\/wetenschappelijke-analyses\/de-microtoxo-test-micrologie-selt-een-aanzienlijk-grotere-microbiotische-biocompatibiliteit-vast-bij-gedynamiseerd-water\/\"><b><span style=\"text-decoration: underline;\">bestrijden van bacteri\u00ebn<\/span><\/b><\/a> <span style=\"font-weight: 400;\">en virussen die energiezuinige omgevingen afbreken. &#8220;<\/span><i><span style=\"font-weight: 400;\">De microbe is niets, het terrein is alles&#8221;<\/span><\/i><span style=\"font-weight: 400;\"> Claude Bernard.\u00a0<\/span><\/li>\n<li><span style=\"font-weight: 400;\">Het lijkt erop dat de eigenschappen van de dynamiek van water (structuur &amp; energie) behouden blijven tot maximaal 80\u00b0C en dat ze verdwijnen bij verdamping wanneer het kookt (bij 100\u00b0C).\u00a0<\/span><\/li>\n<\/ul>\n<\/div><\/div><div class=\"wpb_text_column\"><div class=\"wpb_wrapper\"><h2>Voor meer informatie zie gebruiksaanwijzing :<\/h2>\n<p data-ccp-props=\"{&quot;335551550&quot;:1,&quot;335551620&quot;:1,&quot;335559683&quot;:0,&quot;335559685&quot;:0,&quot;335559731&quot;:0,&quot;335559737&quot;:0,&quot;335562764&quot;:2,&quot;335562765&quot;:1,&quot;335562766&quot;:4,&quot;335562767&quot;:0,&quot;335562768&quot;:4,&quot;335562769&quot;:0}\"><span style=\"text-decoration: underline;\"><a href=\"https:\/\/biodynamizer.com\/nl\/water\/energie\/elektromagnetische-enegrie-zonlicht-verlicht-water-met-zijn-energie\/\"><b><span style=\"font-weight: 400;\"><strong>Elektromagnetische energie<\/strong> in<\/span><span style=\"font-weight: 400;\"> d<\/span><span style=\"font-weight: 400;\">e<\/span><span style=\"font-weight: 400;\"> B<\/span><\/b>iodynamizer<\/a>\u00ae<\/span><br \/>\n<span style=\"text-decoration: underline;\"><a href=\"https:\/\/biodynamizer.com\/nl\/onze-oplossingen\/de-biodynamizer\/het-magnetisme\/\"><strong>Magnetische energie<\/strong><b><span style=\"font-weight: 400;\"> in de<\/span><\/b>\u00a0Biodynamizer\u00ae<\/a><\/span><br \/>\n<span style=\"text-decoration: underline;\"><a href=\"https:\/\/biodynamizer.com\/nl\/onze-oplossingen\/de-biodynamizer\/de-frequenties\/\"><strong><span style=\"font-weight: 400;\"><strong>De natuurlijke frequenties<\/strong> in de <\/span><\/strong>Biodynamizer\u00ae<\/a><\/span><br \/>\n<span style=\"text-decoration: underline;\"><a href=\"https:\/\/biodynamizer.com\/nl\/onze-oplossingen\/de-biodynamizer\/de-frequenties\/#cuivre#cuivre\"><strong><span style=\"font-weight: 400;\"><strong>De koper, goud &amp; zilver dynamiseringsfrequenties<\/strong> in de<\/span><\/strong>\u00a0Biodynamizer\u00ae\u200b<\/a><\/span><br \/>\n<span style=\"text-decoration: underline;\"><a href=\"https:\/\/biodynamizer.com\/nl\/information-additionnelle\/de-gulden-snede-in-de-biodynamizer\/\"><strong>De gulden snede<\/strong><b><span style=\"font-weight: 400;\"> in de <\/span><\/b>Biodynamizer\u00ae<\/a>\u200b<\/span><br \/>\n<span style=\"text-decoration: underline;\"><a href=\"https:\/\/biodynamizer.com\/nl\/water\/energie\/scalaire-golven-een-energie-die-uit-het-heelal-komt\/\"><b><span style=\"font-weight: 400;\"><strong>Scalaire golven<\/strong>, een energie die uit het heelal komt<\/span><\/b>\u200b<\/a><\/span><br \/>\n<a href=\"https:\/\/biodynamizer.com\/nl\/water\/energie\/de-mens-is-in-de-eerste-plaats-een-bewuste-trilling\/\"><b><strong><span style=\"text-decoration: underline;\">De mens is boven alles een bewuste vibratie!<\/span> <\/strong><\/b>\u200b<\/a><\/p>\n<\/div><\/div><\/div><\/div><\/div><\/div><\/div><\/section><section class=\"l-section wpb_row height_auto width_full\"><div class=\"l-section-h i-cf\"><div class=\"g-cols vc_row via_flex valign_middle type_default reversed stacking_default\"><div class=\"vc_col-sm-8 wpb_column vc_column_container tekstsideblock\"><div class=\"vc_column-inner\"><div class=\"wpb_wrapper\"><div class=\"wpb_text_column\"><div class=\"wpb_wrapper\"><h2><span class=\"EOP SCXP248501086 BCX0\">Conclusies over de energetisering van gebiodynamiseerd water\u200b<\/span><\/h2>\n<\/div><\/div><div class=\"wpb_text_column\"><div class=\"wpb_wrapper\"><p>Wij hebben dus gezien dat water een vitale energie bezit die afkomstig is van de bewegingen van zijn natuurlijke dynamiek en van de natuurlijke energie van de omgeving die het omringt om zich te verbinden met de levende biologische systemen die het drinken of erin baden! Water vangt, slaat op en geeft door:<\/p>\n<ol>\n<li>elektromagnetische energie van de zon (elektronen-fotonen-protonen).<\/li>\n<li>magnetische energie van de aarde (magnetische velden) &amp; gravitatie-energie.<\/li>\n<li>energie van het kwantum vacu\u00fcm dat zijn informatie via elektromagnetische energie overdraagt. Deze energie zou worden omgezet in elektrische energie die biochemische reacties in het menselijk organisme teweegbrengt.\u00a0Deze energie zal dus bijdragen tot de werking van ons celmetabolisme (cellulaire communicatie activeren). Water is een interface (ontvanger-zender) tussen de energetische straling die uit de natuur komt en de materie die de werking van biologische processen kan activeren.\u00a0Water is leven!<\/li>\n<\/ol>\n<p>De Biodynamizer\u00ae reproduceert deze omstandigheden om aan het gebiodynamiseerde water energetische kenmerken mee te delen die vergelijkbaar zijn met die van water dat ontspringt of stroomt in zijn natuurlijke omgeving. Deze energie zal worden doorgegeven aan het energielichaam (aura). Zie de <span style=\"text-decoration: underline;\"><a href=\"https:\/\/biodynamizer.com\/nl\/wetenschappelijke-analyses\/de-elektrofotonische-camera-van-coramp-solutions\/\"><strong>elektrofotonische analyses<\/strong><\/a><\/span> over dit onderwerp. Inderdaad, elke geleidende vloeistof (water met mineralen = stadswater) in beweging (vortex) in een metalen buis (koper) die wordt blootgesteld aan magnetische velden (permanente magneten) ziet de geboorte van elektrische stromen met een negatieve elektronlading die het water zal ioniseren (overdracht van elektronen die zijn elektrische lading zal wijzigen) en dit in verhouding tot de snelheid van de waterstroom (amplitude) en de kracht van de uitgestraalde magnetische velden. Deze energie voedt de zogenaamde <a href=\"https:\/\/biodynamizer.com\/nl\/water\/#voltage\"><span style=\"text-decoration: underline;\"><strong>membraanspanning<\/strong><\/span><\/a> van de cellen (elektronegatieve lading tussen &#8211; 50 mV &amp; &#8211; 90 mV) die gebruikt wordt om hun ionische kanalen te openen en te sluiten die spanningsafhankelijk zijn en die toelaten voedingsstoffen binnen te brengen en toxines-afval het organisme te verlaten (= activering van cellulaire uitwisseling -&gt; werking van het metabolisme)<\/p>\n<p data-ccp-props=\"{&quot;335551550&quot;:1,&quot;335551620&quot;:1,&quot;335559683&quot;:0,&quot;335559685&quot;:0,&quot;335559731&quot;:0,&quot;335559737&quot;:0,&quot;335562764&quot;:2,&quot;335562765&quot;:1,&quot;335562766&quot;:4,&quot;335562767&quot;:0,&quot;335562768&quot;:4,&quot;335562769&quot;:0}\">\u200b<\/p>\n<\/div><\/div><\/div><\/div><\/div><div class=\"vc_col-sm-4 wpb_column vc_column_container imagesideblock has_text_color\"><div class=\"vc_column-inner us_custom_522c9e9f\"><div class=\"wpb_wrapper\"><div class=\"w-image align_center\"><div class=\"w-image-h\"><img decoding=\"async\" width=\"339\" height=\"509\" src=\"https:\/\/biodynamizer.com\/wp-content\/uploads\/2020\/04\/biodynamizer_information-de-l-eau.jpg\" class=\"attachment-full size-full\" alt=\"\" loading=\"lazy\" srcset=\"https:\/\/biodynamizer.com\/wp-content\/uploads\/2020\/04\/biodynamizer_information-de-l-eau.jpg 339w, https:\/\/biodynamizer.com\/wp-content\/uploads\/2020\/04\/biodynamizer_information-de-l-eau-200x300.jpg 200w\" sizes=\"auto, (max-width: 339px) 100vw, 339px\" \/><\/div><\/div><\/div><\/div><\/div><\/div><\/div><\/section>\n","protected":false},"excerpt":{"rendered":"Home\/Pagina'sEnergetisatie \u2013 Informatie van het water Gebiodynamiseerd water is boordevol energie\u00a0 Gebiodynamiseerd water is water boordevol (in fotonische termen, zie in dit verband de elektrofotonische analyse) zoals berg- of watervalwater. Deze energie komt van de wervelende beweging die het volgt in de Biodynamizer\u00ae, evenals de magnetische velden die worden uitgezonden door de permanente magneten die...","protected":false},"author":3,"featured_media":0,"parent":11935,"menu_order":7,"comment_status":"closed","ping_status":"closed","template":"","meta":{"_monsterinsights_skip_tracking":false,"_monsterinsights_sitenote_active":false,"_monsterinsights_sitenote_note":"","_monsterinsights_sitenote_category":0,"footnotes":""},"class_list":["post-11888","page","type-page","status-publish","hentry"],"yoast_head":"<!-- This site is optimized with the Yoast SEO plugin v27.3 - https:\/\/yoast.com\/product\/yoast-seo-wordpress\/ -->\n<title>Energetisatie - Biodynamizer<\/title>\n<meta name=\"description\" content=\"Informer l\u2019eau c\u2019est lui transmettre une \u00e9nergie vibrante sous forme de fr\u00e9quences. Cette fr\u00e9quence est un code ou une information.\" \/>\n<meta name=\"robots\" content=\"index, follow, max-snippet:-1, max-image-preview:large, max-video-preview:-1\" \/>\n<link rel=\"canonical\" href=\"https:\/\/biodynamizer.com\/nl\/onze-oplossingen\/de-biodynamizer\/energetisatie\/\" \/>\n<meta property=\"og:locale\" content=\"nl_NL\" \/>\n<meta property=\"og:type\" content=\"article\" \/>\n<meta property=\"og:title\" content=\"Energetisatie - Biodynamizer\" \/>\n<meta property=\"og:description\" content=\"Informer l\u2019eau c\u2019est lui transmettre une \u00e9nergie vibrante sous forme de fr\u00e9quences. Cette fr\u00e9quence est un code ou une information.\" \/>\n<meta property=\"og:url\" content=\"https:\/\/biodynamizer.com\/nl\/onze-oplossingen\/de-biodynamizer\/energetisatie\/\" \/>\n<meta property=\"og:site_name\" content=\"Biodynamizer\" \/>\n<meta property=\"article:modified_time\" content=\"2025-07-09T08:01:57+00:00\" \/>\n<meta property=\"og:image\" content=\"https:\/\/biodynamizer.com\/wp-content\/uploads\/2019\/11\/Depositphotos_15742931_xl-2015.jpg\" \/>\n\t<meta property=\"og:image:width\" content=\"2000\" \/>\n\t<meta property=\"og:image:height\" content=\"1333\" \/>\n\t<meta property=\"og:image:type\" content=\"image\/jpeg\" \/>\n<meta name=\"twitter:card\" content=\"summary_large_image\" \/>\n<meta name=\"twitter:label1\" content=\"Geschatte leestijd\" \/>\n\t<meta name=\"twitter:data1\" content=\"4 minuten\" \/>\n<script type=\"application\/ld+json\" class=\"yoast-schema-graph\">{\"@context\":\"https:\\\/\\\/schema.org\",\"@graph\":[{\"@type\":\"WebPage\",\"@id\":\"https:\\\/\\\/biodynamizer.com\\\/nl\\\/onze-oplossingen\\\/de-biodynamizer\\\/energetisatie\\\/\",\"url\":\"https:\\\/\\\/biodynamizer.com\\\/nl\\\/onze-oplossingen\\\/de-biodynamizer\\\/energetisatie\\\/\",\"name\":\"Energetisatie - Biodynamizer\",\"isPartOf\":{\"@id\":\"https:\\\/\\\/biodynamizer.com\\\/nl\\\/#website\"},\"datePublished\":\"2020-01-20T07:48:03+00:00\",\"dateModified\":\"2025-07-09T08:01:57+00:00\",\"description\":\"Informer l\u2019eau c\u2019est lui transmettre une \u00e9nergie vibrante sous forme de fr\u00e9quences. Cette fr\u00e9quence est un code ou une information.\",\"breadcrumb\":{\"@id\":\"https:\\\/\\\/biodynamizer.com\\\/nl\\\/onze-oplossingen\\\/de-biodynamizer\\\/energetisatie\\\/#breadcrumb\"},\"inLanguage\":\"nl-NL\",\"potentialAction\":[{\"@type\":\"ReadAction\",\"target\":[\"https:\\\/\\\/biodynamizer.com\\\/nl\\\/onze-oplossingen\\\/de-biodynamizer\\\/energetisatie\\\/\"]}]},{\"@type\":\"BreadcrumbList\",\"@id\":\"https:\\\/\\\/biodynamizer.com\\\/nl\\\/onze-oplossingen\\\/de-biodynamizer\\\/energetisatie\\\/#breadcrumb\",\"itemListElement\":[{\"@type\":\"ListItem\",\"position\":1,\"name\":\"Home\",\"item\":\"https:\\\/\\\/biodynamizer.com\\\/nl\\\/\"},{\"@type\":\"ListItem\",\"position\":2,\"name\":\"Onze oplossingen\",\"item\":\"https:\\\/\\\/biodynamizer.com\\\/nl\\\/onze-oplossingen\\\/\"},{\"@type\":\"ListItem\",\"position\":3,\"name\":\"De Biodynamizer\",\"item\":\"https:\\\/\\\/biodynamizer.com\\\/nl\\\/onze-oplossingen\\\/de-biodynamizer\\\/\"},{\"@type\":\"ListItem\",\"position\":4,\"name\":\"Energetisatie\"}]},{\"@type\":\"WebSite\",\"@id\":\"https:\\\/\\\/biodynamizer.com\\\/nl\\\/#website\",\"url\":\"https:\\\/\\\/biodynamizer.com\\\/nl\\\/\",\"name\":\"Biodynamizer\",\"description\":\"Filtrez et dynamisez votre eau\",\"potentialAction\":[{\"@type\":\"SearchAction\",\"target\":{\"@type\":\"EntryPoint\",\"urlTemplate\":\"https:\\\/\\\/biodynamizer.com\\\/nl\\\/?s={search_term_string}\"},\"query-input\":{\"@type\":\"PropertyValueSpecification\",\"valueRequired\":true,\"valueName\":\"search_term_string\"}}],\"inLanguage\":\"nl-NL\"}]}<\/script>\n<!-- \/ Yoast SEO plugin. -->","yoast_head_json":{"title":"Energetisatie - Biodynamizer","description":"Informer l\u2019eau c\u2019est lui transmettre une \u00e9nergie vibrante sous forme de fr\u00e9quences. Cette fr\u00e9quence est un code ou une information.","robots":{"index":"index","follow":"follow","max-snippet":"max-snippet:-1","max-image-preview":"max-image-preview:large","max-video-preview":"max-video-preview:-1"},"canonical":"https:\/\/biodynamizer.com\/nl\/onze-oplossingen\/de-biodynamizer\/energetisatie\/","og_locale":"nl_NL","og_type":"article","og_title":"Energetisatie - Biodynamizer","og_description":"Informer l\u2019eau c\u2019est lui transmettre une \u00e9nergie vibrante sous forme de fr\u00e9quences. Cette fr\u00e9quence est un code ou une information.","og_url":"https:\/\/biodynamizer.com\/nl\/onze-oplossingen\/de-biodynamizer\/energetisatie\/","og_site_name":"Biodynamizer","article_modified_time":"2025-07-09T08:01:57+00:00","og_image":[{"width":2000,"height":1333,"url":"https:\/\/biodynamizer.com\/wp-content\/uploads\/2019\/11\/Depositphotos_15742931_xl-2015.jpg","type":"image\/jpeg"}],"twitter_card":"summary_large_image","twitter_misc":{"Geschatte leestijd":"4 minuten"},"schema":{"@context":"https:\/\/schema.org","@graph":[{"@type":"WebPage","@id":"https:\/\/biodynamizer.com\/nl\/onze-oplossingen\/de-biodynamizer\/energetisatie\/","url":"https:\/\/biodynamizer.com\/nl\/onze-oplossingen\/de-biodynamizer\/energetisatie\/","name":"Energetisatie - Biodynamizer","isPartOf":{"@id":"https:\/\/biodynamizer.com\/nl\/#website"},"datePublished":"2020-01-20T07:48:03+00:00","dateModified":"2025-07-09T08:01:57+00:00","description":"Informer l\u2019eau c\u2019est lui transmettre une \u00e9nergie vibrante sous forme de fr\u00e9quences. Cette fr\u00e9quence est un code ou une information.","breadcrumb":{"@id":"https:\/\/biodynamizer.com\/nl\/onze-oplossingen\/de-biodynamizer\/energetisatie\/#breadcrumb"},"inLanguage":"nl-NL","potentialAction":[{"@type":"ReadAction","target":["https:\/\/biodynamizer.com\/nl\/onze-oplossingen\/de-biodynamizer\/energetisatie\/"]}]},{"@type":"BreadcrumbList","@id":"https:\/\/biodynamizer.com\/nl\/onze-oplossingen\/de-biodynamizer\/energetisatie\/#breadcrumb","itemListElement":[{"@type":"ListItem","position":1,"name":"Home","item":"https:\/\/biodynamizer.com\/nl\/"},{"@type":"ListItem","position":2,"name":"Onze oplossingen","item":"https:\/\/biodynamizer.com\/nl\/onze-oplossingen\/"},{"@type":"ListItem","position":3,"name":"De Biodynamizer","item":"https:\/\/biodynamizer.com\/nl\/onze-oplossingen\/de-biodynamizer\/"},{"@type":"ListItem","position":4,"name":"Energetisatie"}]},{"@type":"WebSite","@id":"https:\/\/biodynamizer.com\/nl\/#website","url":"https:\/\/biodynamizer.com\/nl\/","name":"Biodynamizer","description":"Filtrez et dynamisez votre eau","potentialAction":[{"@type":"SearchAction","target":{"@type":"EntryPoint","urlTemplate":"https:\/\/biodynamizer.com\/nl\/?s={search_term_string}"},"query-input":{"@type":"PropertyValueSpecification","valueRequired":true,"valueName":"search_term_string"}}],"inLanguage":"nl-NL"}]}},"_links":{"self":[{"href":"https:\/\/biodynamizer.com\/nl\/wp-json\/wp\/v2\/pages\/11888","targetHints":{"allow":["GET"]}}],"collection":[{"href":"https:\/\/biodynamizer.com\/nl\/wp-json\/wp\/v2\/pages"}],"about":[{"href":"https:\/\/biodynamizer.com\/nl\/wp-json\/wp\/v2\/types\/page"}],"author":[{"embeddable":true,"href":"https:\/\/biodynamizer.com\/nl\/wp-json\/wp\/v2\/users\/3"}],"replies":[{"embeddable":true,"href":"https:\/\/biodynamizer.com\/nl\/wp-json\/wp\/v2\/comments?post=11888"}],"version-history":[{"count":14,"href":"https:\/\/biodynamizer.com\/nl\/wp-json\/wp\/v2\/pages\/11888\/revisions"}],"predecessor-version":[{"id":27469,"href":"https:\/\/biodynamizer.com\/nl\/wp-json\/wp\/v2\/pages\/11888\/revisions\/27469"}],"up":[{"embeddable":true,"href":"https:\/\/biodynamizer.com\/nl\/wp-json\/wp\/v2\/pages\/11935"}],"wp:attachment":[{"href":"https:\/\/biodynamizer.com\/nl\/wp-json\/wp\/v2\/media?parent=11888"}],"curies":[{"name":"wp","href":"https:\/\/api.w.org\/{rel}","templated":true}]}}