{"id":11931,"date":"2020-01-16T08:47:15","date_gmt":"2020-01-16T08:47:15","guid":{"rendered":"https:\/\/biodynamizer.spleen-creation.be\/le-magnetisme\/"},"modified":"2024-05-11T13:59:29","modified_gmt":"2024-05-11T13:59:29","slug":"het-magnetisme","status":"publish","type":"page","link":"https:\/\/biodynamizer.com\/nl\/onze-oplossingen\/de-biodynamizer\/het-magnetisme\/","title":{"rendered":"Het Magnetisme"},"content":{"rendered":"<section class=\"l-section wpb_row us_custom_916fdabd height_small\"><div class=\"l-section-h i-cf\"><div class=\"g-cols vc_row via_flex valign_top type_default stacking_default\"><div class=\"vc_col-sm-12 wpb_column vc_column_container\"><div class=\"vc_column-inner\"><div class=\"wpb_wrapper\"><nav class=\"g-breadcrumbs separator_custom align_none\" itemscope itemtype=\"http:\/\/schema.org\/BreadcrumbList\"><div class=\"g-breadcrumbs-item\" itemscope itemprop=\"itemListElement\" itemtype=\"http:\/\/schema.org\/ListItem\"><a itemprop=\"item\" href=\"https:\/\/biodynamizer.com\/nl\/\"><span itemprop=\"name\">Home<\/span><\/a><meta itemprop=\"position\" content=\"1\"\/><\/div><div class=\"g-breadcrumbs-separator\">\/<\/div><div class=\"g-breadcrumbs-item\">Pagina's<\/div><\/nav><\/div><\/div><\/div><\/div><\/div><\/section><section class=\"l-section wpb_row fullheader height_huge with_img\"><div class=\"l-section-img\" role=\"img\" aria-label=\"Afbeelding\" data-img-width=\"1029\" data-img-height=\"581\" style=\"background-image: url(https:\/\/biodynamizer.com\/wp-content\/uploads\/2020\/01\/spacewaves.png);background-repeat: no-repeat;\"><\/div><div class=\"l-section-h i-cf\"><div class=\"g-cols vc_row via_flex valign_top type_default stacking_default\"><div class=\"vc_col-sm-12 wpb_column vc_column_container has_text_color\"><div class=\"vc_column-inner us_custom_6df4bc3a\"><div class=\"wpb_wrapper\"><div class=\"wpb_text_column\"><div class=\"wpb_wrapper\"><h3><span class=\"TextRun BCX0 SCXP237744033\" lang=\"FR-BE\" xml:lang=\"FR-BE\" data-scheme-color=\"@FFFFFF,0,\" data-usefontface=\"true\" data-contrast=\"none\"><span class=\"NormalTextRun BCX0 SCXP237744033\"><b>Magnetisme in de Biodynamizer<\/b><\/span><\/span><\/h3>\n<\/div><\/div><\/div><\/div><\/div><\/div><\/div><\/section><section class=\"l-section wpb_row height_medium\"><div class=\"l-section-h i-cf\"><div class=\"g-cols vc_row via_flex valign_middle type_default stacking_default\"><div class=\"vc_col-sm-6 wpb_column vc_column_container has_text_color\"><div class=\"vc_column-inner us_custom_4dcae655\"><div class=\"wpb_wrapper\"><div class=\"w-image align_center\"><div class=\"w-image-h\"><img decoding=\"async\" width=\"685\" height=\"1024\" src=\"https:\/\/biodynamizer.com\/wp-content\/uploads\/2022\/10\/Magnetisme-magnetism-Biodynamizer-685x1024.png\" class=\"attachment-large size-large\" alt=\"Magn\u00e9tisme - magnetism - Biodynamizer\" loading=\"lazy\" srcset=\"https:\/\/biodynamizer.com\/wp-content\/uploads\/2022\/10\/Magnetisme-magnetism-Biodynamizer-685x1024.png 685w, https:\/\/biodynamizer.com\/wp-content\/uploads\/2022\/10\/Magnetisme-magnetism-Biodynamizer-201x300.png 201w, https:\/\/biodynamizer.com\/wp-content\/uploads\/2022\/10\/Magnetisme-magnetism-Biodynamizer.png 1210w\" sizes=\"auto, (max-width: 685px) 100vw, 685px\" \/><\/div><\/div><\/div><\/div><\/div><div class=\"vc_col-sm-6 wpb_column vc_column_container\"><div class=\"vc_column-inner\"><div class=\"wpb_wrapper\"><div class=\"wpb_text_column\"><div class=\"wpb_wrapper\"><h1>Magnetisme in de Biodynamizer: de ringmagneten<\/h1>\n<\/div><\/div><div class=\"wpb_text_column\"><div class=\"wpb_wrapper\"><p><span style=\"font-weight: 400;\">Emissie van <strong>magnetische velden<\/strong> uitgezonden door v<strong>erschillende natuurlijke ringmagneten<\/strong> in zeldzame aardmetalen, waarvan \u00e9\u00e9n verguld ;\u00a0<\/span><\/p>\n<p><span style=\"font-weight: 400;\">Er is een zeer sterke<strong> interactie en versterking van energie tussen het magnetische veld en de zuilvormige waterwerveling in de hyperbolische trechter!\u00a0<\/strong><\/span><\/p>\n<\/div><\/div><div class=\"w-btn-wrapper align_none\"><a class=\"w-btn us-btn-style_1\" title=\"Le magn\u00e9tisme dans le Biodynamizer\u00ae va\" target=\"_blank\" rel=\"nofollow\" href=\"https:\/\/biodynamizer.com\/nl\/water\/magnetisme-en-water\/\"><span class=\"w-btn-label\">MEER INFO over onze studies over de invloed van MAGNETISME op WATER<\/span><\/a><\/div><\/div><\/div><\/div><\/div><\/div><\/section><section class=\"l-section wpb_row height_medium\"><div class=\"l-section-h i-cf\"><div class=\"g-cols vc_row via_flex valign_middle type_default stacking_default\"><div class=\"vc_col-sm-6 wpb_column vc_column_container\"><div class=\"vc_column-inner us_custom_192de34e\"><div class=\"wpb_wrapper\"><div class=\"w-image align_center\"><div class=\"w-image-h\"><img decoding=\"async\" width=\"546\" height=\"400\" src=\"https:\/\/biodynamizer.com\/wp-content\/uploads\/2020\/03\/New-Project-11.jpg\" class=\"attachment-large size-large\" alt=\"une carte de la terre montrant l&#039;\u00e9nergie magn\u00e9tique\" loading=\"lazy\" srcset=\"https:\/\/biodynamizer.com\/wp-content\/uploads\/2020\/03\/New-Project-11.jpg 546w, https:\/\/biodynamizer.com\/wp-content\/uploads\/2020\/03\/New-Project-11-300x220.jpg 300w\" sizes=\"auto, (max-width: 546px) 100vw, 546px\" \/><\/div><\/div><div class=\"wpb_text_column\"><div class=\"wpb_wrapper\"><p>Image credit &#8211; ESA\/DTU Space<\/p>\n<\/div><\/div><\/div><\/div><\/div><div class=\"vc_col-sm-6 wpb_column vc_column_container\"><div class=\"vc_column-inner\"><div class=\"wpb_wrapper\"><div class=\"wpb_text_column\"><div class=\"wpb_wrapper\"><h1>Magnetische energie, een natuurlijke energie onder onze voeten die het water van energie voorziet<\/h1>\n<\/div><\/div><div class=\"wpb_text_column\"><div class=\"wpb_wrapper\"><p><span style=\"font-weight: 400;\">Het aardmagnetisch veld wordt geproduceerd door de rotatie van de aarde (tegen de klok in) die de metalen en gesmolten gesteente genereert en die zich op een diepte van 1500 meter in de aardkorst bevinden, elektrische stromen die worden opgevangen door anorganische mineralen. Het zijn deze mineralen die het water tijdens zijn cyclus zal meenemen. Het magnetisme van de aarde is ongeveer 0,5 Gauss (0,05 mT). Het magnetische veld staat altijd loodrecht op het elektromagnetische veld (en vice versa). Magnetisme is energie (in de vorm van fotonen) die door water wordt opgevangen in zijn structuur en via de mineralen die het meedraagt!<\/span><\/p>\n<\/div><\/div><\/div><\/div><\/div><\/div><\/div><\/section><section class=\"l-section wpb_row height_medium\"><div class=\"l-section-h i-cf\"><div class=\"g-cols vc_row via_flex valign_middle type_default stacking_default\"><div class=\"vc_col-sm-12 wpb_column vc_column_container\"><div class=\"vc_column-inner us_custom_192de34e\"><div class=\"wpb_wrapper\"><div class=\"wpb_text_column\"><div class=\"wpb_wrapper\"><h1>Magnetische velden en water<\/h1>\n<\/div><\/div><div class=\"wpb_text_column\"><div class=\"wpb_wrapper\"><ul>\n<li>Magnetische velden stromen van het magnetische noorden (geografische zuidpool) naar het magnetische zuiden<\/li>\n<li>Het magnetische veld is, samen met het elektrische veld, een van de 2 componenten van het elektromagnetische veld (dat wordt gekenmerkt door zijn golflengten\/frequenties en zijn energie = fotonen)<\/li>\n<li>De magnetische velden polariseren de watermoleculen (en neutraliseren daarmee de kunstmatige elektromagnetische pollutie die in het water aanwezig is) en transfereren haar energie (d.m.v\/d bewegingen van elektronen die virtuele fotonen uitwisselen)<\/li>\n<\/ul>\n<\/div><\/div><div class=\"w-image align_center\"><div class=\"w-image-h\"><img decoding=\"async\" width=\"1024\" height=\"335\" src=\"https:\/\/biodynamizer.com\/wp-content\/uploads\/2024\/05\/Magnetisation-polarisation-molecules-Eau-1024x335.png\" class=\"attachment-large size-large\" alt=\"Magn\u00e9tisation - polarisation mol\u00e9cules Eau\" loading=\"lazy\" srcset=\"https:\/\/biodynamizer.com\/wp-content\/uploads\/2024\/05\/Magnetisation-polarisation-molecules-Eau-1024x335.png 1024w, https:\/\/biodynamizer.com\/wp-content\/uploads\/2024\/05\/Magnetisation-polarisation-molecules-Eau-300x98.png 300w, https:\/\/biodynamizer.com\/wp-content\/uploads\/2024\/05\/Magnetisation-polarisation-molecules-Eau-600x196.png 600w, https:\/\/biodynamizer.com\/wp-content\/uploads\/2024\/05\/Magnetisation-polarisation-molecules-Eau.png 1453w\" sizes=\"auto, (max-width: 1024px) 100vw, 1024px\" \/><\/div><\/div><div class=\"wpb_text_column\"><div class=\"wpb_wrapper\"><p style=\"text-align: center;\">Permanente magneten herstructureren waterstofbruggen door H2O-dipolen te polariseren<\/p>\n<\/div><\/div><div class=\"wpb_text_column\"><div class=\"wpb_wrapper\"><ul>\n<li>Inderdaad, elke geleidende vloeistof (water met mineralen = stadswater) in beweging (vortex) in een metalen buis (koper) die wordt blootgesteld aan magnetische velden (permanente magneten) ziet de verwekking in zich van elektrische stromen met elektronegatieve lading die het water zullen ioniseren (overdracht van elektronen die de elektrische lading zullen wijzigen) en spanning op de celmembranen veroorzaken en dit in verhouding tot de snelheid van de waterstroom (amplitude) en het vermogen van de uitgezonden magnetische velden: &#8220;<em>wanneer een vloeistof met voldoende geleidend vermogen in beweging is , volgen de lijnen van magnetische krachten de lijnen van de waterstroom en het magnetische veld is evenredig met het uitrekken van deze lijnen en daarom, als de lijnen van magnetische krachten worden uitgerekt, zal het magnetische veld ook versterken<\/em>&#8221;\u00a0; Control over nanocrystalization in turbulent flow in the presence of magnetic fields, S. Kobe 2003.<\/li>\n<li>De permanente magneten van de Biodynamizer zijn gemaakt van natuurlijke zeldzame aardmetalen (zeer krachtige neodymiummagneten). Ze hebben een tetragonale kristalstructuur waardoor ze een zeer hoge magnetische anisotropie hebben. Dit geeft ze superieure magnetische eigenschappen (gradi\u00ebnten) die worden uitgezonden in de richting van het stromende water. Er is een zeer sterke interactie tussen de magnetische energie die wordt uitgezonden door de permanente magneten en de kinetische energie van de vortexbeweging die het water in de Biodynamizer volgt (hun kinetische en magnetische energie versterken elkaar.<\/li>\n<li>Bovendien is een van de ringmagneten van de Biodynamizer geplateerd in fijn 24-karaats goud om een \u200b\u200bspecifieke dynamisatiefrequenties naar het water over te brengen.<\/li>\n<\/ul>\n<\/div><\/div><\/div><\/div><\/div><\/div><\/div><\/section><section class=\"l-section wpb_row height_auto\"><div class=\"l-section-h i-cf\"><div class=\"g-cols vc_row via_flex valign_top type_default stacking_default\"><div class=\"vc_col-sm-12 wpb_column vc_column_container\"><div class=\"vc_column-inner\"><div class=\"wpb_wrapper\"><\/div><\/div><\/div><\/div><\/div><\/section>\n","protected":false},"excerpt":{"rendered":"Home\/Pagina'sMagnetisme in de Biodynamizer Magnetisme in de Biodynamizer: de ringmagneten Emissie van magnetische velden uitgezonden door verschillende natuurlijke ringmagneten in zeldzame aardmetalen, waarvan \u00e9\u00e9n verguld ;\u00a0 Er is een zeer sterke interactie en versterking van energie tussen het magnetische veld en de zuilvormige waterwerveling in de hyperbolische trechter!\u00a0 MEER INFO over onze studies over de...","protected":false},"author":3,"featured_media":0,"parent":11935,"menu_order":3,"comment_status":"closed","ping_status":"closed","template":"","meta":{"_monsterinsights_skip_tracking":false,"_monsterinsights_sitenote_active":false,"_monsterinsights_sitenote_note":"","_monsterinsights_sitenote_category":0,"footnotes":""},"class_list":["post-11931","page","type-page","status-publish","hentry"],"yoast_head":"<!-- This site is optimized with the Yoast SEO plugin v27.3 - https:\/\/yoast.com\/product\/yoast-seo-wordpress\/ -->\n<title>Het Magnetisme - Biodynamizer<\/title>\n<meta name=\"description\" content=\"Le champ magn\u00e9tique est toujours perpendiculaire au champ \u00e9lectromagn\u00e9tique (et vice versa). Le magn\u00e9tisme c\u2019est de l\u2019\u00e9nergie (sous forme de photons) qui est capt\u00e9e par l\u2019eau dans sa structure et via les min\u00e9raux qu\u2019elle transporte !\" \/>\n<meta name=\"robots\" content=\"index, follow, max-snippet:-1, max-image-preview:large, max-video-preview:-1\" \/>\n<link rel=\"canonical\" href=\"https:\/\/biodynamizer.com\/nl\/onze-oplossingen\/de-biodynamizer\/het-magnetisme\/\" \/>\n<meta property=\"og:locale\" content=\"nl_NL\" \/>\n<meta property=\"og:type\" content=\"article\" \/>\n<meta property=\"og:title\" content=\"Het Magnetisme - Biodynamizer\" \/>\n<meta property=\"og:description\" content=\"Le champ magn\u00e9tique est toujours perpendiculaire au champ \u00e9lectromagn\u00e9tique (et vice versa). Le magn\u00e9tisme c\u2019est de l\u2019\u00e9nergie (sous forme de photons) qui est capt\u00e9e par l\u2019eau dans sa structure et via les min\u00e9raux qu\u2019elle transporte !\" \/>\n<meta property=\"og:url\" content=\"https:\/\/biodynamizer.com\/nl\/onze-oplossingen\/de-biodynamizer\/het-magnetisme\/\" \/>\n<meta property=\"og:site_name\" content=\"Biodynamizer\" \/>\n<meta property=\"article:modified_time\" content=\"2024-05-11T13:59:29+00:00\" \/>\n<meta property=\"og:image\" content=\"https:\/\/biodynamizer.com\/wp-content\/uploads\/2019\/11\/Depositphotos_15742931_xl-2015.jpg\" \/>\n\t<meta property=\"og:image:width\" content=\"2000\" \/>\n\t<meta property=\"og:image:height\" content=\"1333\" \/>\n\t<meta property=\"og:image:type\" content=\"image\/jpeg\" \/>\n<meta name=\"twitter:card\" content=\"summary_large_image\" \/>\n<meta name=\"twitter:label1\" content=\"Geschatte leestijd\" \/>\n\t<meta name=\"twitter:data1\" content=\"3 minuten\" \/>\n<script type=\"application\/ld+json\" class=\"yoast-schema-graph\">{\"@context\":\"https:\\\/\\\/schema.org\",\"@graph\":[{\"@type\":\"WebPage\",\"@id\":\"https:\\\/\\\/biodynamizer.com\\\/nl\\\/onze-oplossingen\\\/de-biodynamizer\\\/het-magnetisme\\\/\",\"url\":\"https:\\\/\\\/biodynamizer.com\\\/nl\\\/onze-oplossingen\\\/de-biodynamizer\\\/het-magnetisme\\\/\",\"name\":\"Het Magnetisme - Biodynamizer\",\"isPartOf\":{\"@id\":\"https:\\\/\\\/biodynamizer.com\\\/nl\\\/#website\"},\"datePublished\":\"2020-01-16T08:47:15+00:00\",\"dateModified\":\"2024-05-11T13:59:29+00:00\",\"description\":\"Le champ magn\u00e9tique est toujours perpendiculaire au champ \u00e9lectromagn\u00e9tique (et vice versa). Le magn\u00e9tisme c\u2019est de l\u2019\u00e9nergie (sous forme de photons) qui est capt\u00e9e par l\u2019eau dans sa structure et via les min\u00e9raux qu\u2019elle transporte !\",\"breadcrumb\":{\"@id\":\"https:\\\/\\\/biodynamizer.com\\\/nl\\\/onze-oplossingen\\\/de-biodynamizer\\\/het-magnetisme\\\/#breadcrumb\"},\"inLanguage\":\"nl-NL\",\"potentialAction\":[{\"@type\":\"ReadAction\",\"target\":[\"https:\\\/\\\/biodynamizer.com\\\/nl\\\/onze-oplossingen\\\/de-biodynamizer\\\/het-magnetisme\\\/\"]}]},{\"@type\":\"BreadcrumbList\",\"@id\":\"https:\\\/\\\/biodynamizer.com\\\/nl\\\/onze-oplossingen\\\/de-biodynamizer\\\/het-magnetisme\\\/#breadcrumb\",\"itemListElement\":[{\"@type\":\"ListItem\",\"position\":1,\"name\":\"Home\",\"item\":\"https:\\\/\\\/biodynamizer.com\\\/nl\\\/\"},{\"@type\":\"ListItem\",\"position\":2,\"name\":\"Onze oplossingen\",\"item\":\"https:\\\/\\\/biodynamizer.com\\\/nl\\\/onze-oplossingen\\\/\"},{\"@type\":\"ListItem\",\"position\":3,\"name\":\"De Biodynamizer\",\"item\":\"https:\\\/\\\/biodynamizer.com\\\/nl\\\/onze-oplossingen\\\/de-biodynamizer\\\/\"},{\"@type\":\"ListItem\",\"position\":4,\"name\":\"Het Magnetisme\"}]},{\"@type\":\"WebSite\",\"@id\":\"https:\\\/\\\/biodynamizer.com\\\/nl\\\/#website\",\"url\":\"https:\\\/\\\/biodynamizer.com\\\/nl\\\/\",\"name\":\"Biodynamizer\",\"description\":\"Filtrez et dynamisez votre eau\",\"potentialAction\":[{\"@type\":\"SearchAction\",\"target\":{\"@type\":\"EntryPoint\",\"urlTemplate\":\"https:\\\/\\\/biodynamizer.com\\\/nl\\\/?s={search_term_string}\"},\"query-input\":{\"@type\":\"PropertyValueSpecification\",\"valueRequired\":true,\"valueName\":\"search_term_string\"}}],\"inLanguage\":\"nl-NL\"}]}<\/script>\n<!-- \/ Yoast SEO plugin. -->","yoast_head_json":{"title":"Het Magnetisme - Biodynamizer","description":"Le champ magn\u00e9tique est toujours perpendiculaire au champ \u00e9lectromagn\u00e9tique (et vice versa). Le magn\u00e9tisme c\u2019est de l\u2019\u00e9nergie (sous forme de photons) qui est capt\u00e9e par l\u2019eau dans sa structure et via les min\u00e9raux qu\u2019elle transporte !","robots":{"index":"index","follow":"follow","max-snippet":"max-snippet:-1","max-image-preview":"max-image-preview:large","max-video-preview":"max-video-preview:-1"},"canonical":"https:\/\/biodynamizer.com\/nl\/onze-oplossingen\/de-biodynamizer\/het-magnetisme\/","og_locale":"nl_NL","og_type":"article","og_title":"Het Magnetisme - Biodynamizer","og_description":"Le champ magn\u00e9tique est toujours perpendiculaire au champ \u00e9lectromagn\u00e9tique (et vice versa). Le magn\u00e9tisme c\u2019est de l\u2019\u00e9nergie (sous forme de photons) qui est capt\u00e9e par l\u2019eau dans sa structure et via les min\u00e9raux qu\u2019elle transporte !","og_url":"https:\/\/biodynamizer.com\/nl\/onze-oplossingen\/de-biodynamizer\/het-magnetisme\/","og_site_name":"Biodynamizer","article_modified_time":"2024-05-11T13:59:29+00:00","og_image":[{"width":2000,"height":1333,"url":"https:\/\/biodynamizer.com\/wp-content\/uploads\/2019\/11\/Depositphotos_15742931_xl-2015.jpg","type":"image\/jpeg"}],"twitter_card":"summary_large_image","twitter_misc":{"Geschatte leestijd":"3 minuten"},"schema":{"@context":"https:\/\/schema.org","@graph":[{"@type":"WebPage","@id":"https:\/\/biodynamizer.com\/nl\/onze-oplossingen\/de-biodynamizer\/het-magnetisme\/","url":"https:\/\/biodynamizer.com\/nl\/onze-oplossingen\/de-biodynamizer\/het-magnetisme\/","name":"Het Magnetisme - Biodynamizer","isPartOf":{"@id":"https:\/\/biodynamizer.com\/nl\/#website"},"datePublished":"2020-01-16T08:47:15+00:00","dateModified":"2024-05-11T13:59:29+00:00","description":"Le champ magn\u00e9tique est toujours perpendiculaire au champ \u00e9lectromagn\u00e9tique (et vice versa). Le magn\u00e9tisme c\u2019est de l\u2019\u00e9nergie (sous forme de photons) qui est capt\u00e9e par l\u2019eau dans sa structure et via les min\u00e9raux qu\u2019elle transporte !","breadcrumb":{"@id":"https:\/\/biodynamizer.com\/nl\/onze-oplossingen\/de-biodynamizer\/het-magnetisme\/#breadcrumb"},"inLanguage":"nl-NL","potentialAction":[{"@type":"ReadAction","target":["https:\/\/biodynamizer.com\/nl\/onze-oplossingen\/de-biodynamizer\/het-magnetisme\/"]}]},{"@type":"BreadcrumbList","@id":"https:\/\/biodynamizer.com\/nl\/onze-oplossingen\/de-biodynamizer\/het-magnetisme\/#breadcrumb","itemListElement":[{"@type":"ListItem","position":1,"name":"Home","item":"https:\/\/biodynamizer.com\/nl\/"},{"@type":"ListItem","position":2,"name":"Onze oplossingen","item":"https:\/\/biodynamizer.com\/nl\/onze-oplossingen\/"},{"@type":"ListItem","position":3,"name":"De Biodynamizer","item":"https:\/\/biodynamizer.com\/nl\/onze-oplossingen\/de-biodynamizer\/"},{"@type":"ListItem","position":4,"name":"Het Magnetisme"}]},{"@type":"WebSite","@id":"https:\/\/biodynamizer.com\/nl\/#website","url":"https:\/\/biodynamizer.com\/nl\/","name":"Biodynamizer","description":"Filtrez et dynamisez votre eau","potentialAction":[{"@type":"SearchAction","target":{"@type":"EntryPoint","urlTemplate":"https:\/\/biodynamizer.com\/nl\/?s={search_term_string}"},"query-input":{"@type":"PropertyValueSpecification","valueRequired":true,"valueName":"search_term_string"}}],"inLanguage":"nl-NL"}]}},"_links":{"self":[{"href":"https:\/\/biodynamizer.com\/nl\/wp-json\/wp\/v2\/pages\/11931","targetHints":{"allow":["GET"]}}],"collection":[{"href":"https:\/\/biodynamizer.com\/nl\/wp-json\/wp\/v2\/pages"}],"about":[{"href":"https:\/\/biodynamizer.com\/nl\/wp-json\/wp\/v2\/types\/page"}],"author":[{"embeddable":true,"href":"https:\/\/biodynamizer.com\/nl\/wp-json\/wp\/v2\/users\/3"}],"replies":[{"embeddable":true,"href":"https:\/\/biodynamizer.com\/nl\/wp-json\/wp\/v2\/comments?post=11931"}],"version-history":[{"count":16,"href":"https:\/\/biodynamizer.com\/nl\/wp-json\/wp\/v2\/pages\/11931\/revisions"}],"predecessor-version":[{"id":22755,"href":"https:\/\/biodynamizer.com\/nl\/wp-json\/wp\/v2\/pages\/11931\/revisions\/22755"}],"up":[{"embeddable":true,"href":"https:\/\/biodynamizer.com\/nl\/wp-json\/wp\/v2\/pages\/11935"}],"wp:attachment":[{"href":"https:\/\/biodynamizer.com\/nl\/wp-json\/wp\/v2\/media?parent=11931"}],"curies":[{"name":"wp","href":"https:\/\/api.w.org\/{rel}","templated":true}]}}