{"id":24706,"date":"2024-06-05T09:53:41","date_gmt":"2024-06-05T09:53:41","guid":{"rendered":"https:\/\/biodynamizer.spleen-creation.be\/?page_id=24706"},"modified":"2026-02-16T14:01:59","modified_gmt":"2026-02-16T14:01:59","slug":"company","status":"publish","type":"page","link":"https:\/\/biodynamizer.com\/nl\/company\/","title":{"rendered":"Bedrijf"},"content":{"rendered":"<section class=\"l-section wpb_row height_auto\"><div class=\"l-section-h i-cf\"><div class=\"g-cols vc_row via_flex valign_top type_default stacking_default\"><div class=\"vc_col-sm-12 wpb_column vc_column_container\"><div class=\"vc_column-inner\"><div class=\"wpb_wrapper\"><\/div><\/div><\/div><\/div><\/div><\/section><section class=\"l-section wpb_row height_medium\"><div class=\"l-section-h i-cf\"><div class=\"g-cols vc_row via_flex valign_top type_default stacking_default\"><div class=\"vc_col-sm-12 wpb_column vc_column_container\"><div class=\"vc_column-inner\"><div class=\"wpb_wrapper\"><div class=\"wpb_text_column us_custom_ba205bf8 titre-societe\"><div class=\"wpb_wrapper\"><h2 style=\"text-align: center;\"><b>Onze ADN<\/b><\/h2>\n<\/div><\/div><div class=\"w-image align_center\"><div class=\"w-image-h\"><img decoding=\"async\" width=\"1024\" height=\"493\" src=\"https:\/\/biodynamizer.com\/wp-content\/uploads\/2020\/03\/DNA-1024x493.jpg\" class=\"attachment-large size-large\" alt=\"\" loading=\"lazy\" srcset=\"https:\/\/biodynamizer.com\/wp-content\/uploads\/2020\/03\/DNA-1024x493.jpg 1024w, https:\/\/biodynamizer.com\/wp-content\/uploads\/2020\/03\/DNA-300x144.jpg 300w, https:\/\/biodynamizer.com\/wp-content\/uploads\/2020\/03\/DNA.jpg 1456w\" sizes=\"auto, (max-width: 1024px) 100vw, 1024px\" \/><\/div><\/div><\/div><\/div><\/div><\/div><\/div><\/section><section class=\"l-section wpb_row height_auto\"><div class=\"l-section-h i-cf\"><div class=\"g-cols vc_row via_flex valign_top type_default stacking_default\"><div class=\"vc_col-sm-12 wpb_column vc_column_container\"><div class=\"vc_column-inner\"><div class=\"wpb_wrapper\"><div class=\"wpb_text_column titre-societe\"><div class=\"wpb_wrapper\"><h2 style=\"text-align: center;\"><strong>Onze visie\u00a0<\/strong><\/h2>\n<\/div><\/div><div class=\"wpb_text_column\"><div class=\"wpb_wrapper\"><ul>\n<li><strong>BIOMIMETISME<\/strong>: als inspiratiebron om de natuur van water te herontdekken<\/li>\n<li><strong>OPLOSSINGEN<\/strong>: uitgebreide filtratie en dynamisering van water zodat het zijn oorspronkelijke kwaliteiten terugkrijgt!<\/li>\n<li><strong>TOEGANG<\/strong>: geven aan zoveel mogelijk mensen tot water van een kwaliteit die gelijkwaardig is aan bergwater.<\/li>\n<li><strong>DEELNEMEN<\/strong>: aan een duurzame, lokale en milieuvriendelijke economie.<\/li>\n<li><b>COMMUNICEREN<\/b>:\u00a0inzake wetenschappelijke ontdekkingen en analyses over waterfiltratie en dynamisering.<\/li>\n<li><strong>DE NATUUR<\/strong>: beschermen door de vervuiling en de CO2-voetafdruk van plastic waterflessen en zoutlozingen van waterontharders te voorkomen.<\/li>\n<\/ul>\n<\/div><\/div><div class=\"w-separator size_medium\"><\/div><\/div><\/div><\/div><\/div><\/div><\/section><section class=\"l-section wpb_row height_auto\"><div class=\"l-section-h i-cf\"><div class=\"g-cols vc_row via_flex valign_top type_default stacking_default\"><div class=\"vc_col-sm-12 wpb_column vc_column_container\"><div class=\"vc_column-inner\"><div class=\"wpb_wrapper\"><div class=\"wpb_text_column titre-societe\"><div class=\"wpb_wrapper\"><h2 style=\"text-align: center;\"><strong>Een complementair en ervaren team\u00a0<\/strong><\/h2>\n<\/div><\/div><div class=\"g-cols wpb_row via_flex valign_top type_default stacking_default\"><div class=\"vc_col-sm-2\/5 wpb_column vc_column_container\"><div class=\"vc_column-inner\"><div class=\"wpb_wrapper\"><div class=\"w-image align_center\"><div class=\"w-image-h\"><img decoding=\"async\" width=\"600\" height=\"600\" src=\"https:\/\/biodynamizer.com\/wp-content\/uploads\/2024\/10\/IMG_6865-600x600.jpeg\" class=\"attachment-us_600_600_crop size-us_600_600_crop\" alt=\"photo Christophe Carrette\" loading=\"lazy\" srcset=\"https:\/\/biodynamizer.com\/wp-content\/uploads\/2024\/10\/IMG_6865-600x600.jpeg 600w, https:\/\/biodynamizer.com\/wp-content\/uploads\/2024\/10\/IMG_6865-150x150.jpeg 150w, https:\/\/biodynamizer.com\/wp-content\/uploads\/2024\/10\/IMG_6865-350x350.jpeg 350w, https:\/\/biodynamizer.com\/wp-content\/uploads\/2024\/10\/IMG_6865-400x400.jpeg 400w, https:\/\/biodynamizer.com\/wp-content\/uploads\/2024\/10\/IMG_6865-200x200.jpeg 200w\" sizes=\"auto, (max-width: 600px) 100vw, 600px\" \/><\/div><\/div><\/div><\/div><\/div><div class=\"vc_col-sm-3\/5 wpb_column vc_column_container\"><div class=\"vc_column-inner\"><div class=\"wpb_wrapper\"><div class=\"wpb_text_column\"><div class=\"wpb_wrapper\"><h4><strong>CHRISTOPHE CARRETTE &#8211; Managing Partner &#8211; Oprichter &#8211; christophe.carrette@Biodynamizer.com<\/strong><\/h4>\n<p><i>Natuuronderzoeker, filosoof en onderzoeker. Met een juridische achtergrond was hij 25 jaar actief in de financi\u00eble, de bancaire en de verzekeringssector. In 2012 maakte hij een professionele wending van 180\u00b0 en verliet hij zijn \u201cklassieke carri\u00e8re\u201d om een \u200b\u200bfilosofisch boek te schrijven over de zin van het leven (\u201c<\/i><b><i>Ainsi<\/i><\/b><b><i> va la vie<\/i><\/b><i>\u201d). In 2014, na een conferentie over de dynamisatie van water, wat een revelatie was voor hem, werd dit onderwerp een passie om uiteindelijk een missie te worden, namelijk het objectiveren, structureren en delen van ontdekkingen over de dynamisatie van water. Hij neemt samen met Europese wetenschappers en onderzoekers actief deel aan het bestuderen en analyseren van gedynamiseerd water. Hij is de ontwerper van het water <\/i><i>dynamisatietoestel<\/i> <b><i>Biodynamizer<\/i><\/b><i> dat hij in 2014 begon te ontwikkelen en dat begin 2020 commercieel werd gelanceerd. Hij stopte er al zijn kennis, zijn overtuigingen, zijn intu\u00eftie en zijn hart om zoveel mogelijk mensen te voorzien van water dat qua kwaliteit vergelijkbaar is met water uit de bergen<span>.<\/span>\u00a0De Biodynamizer omvat 21 <\/i><i>dynamiseringsprincipes<\/i><i> en wordt tot nu toe beschouwd als het meest uitgebreide en meest geanalyseerde <\/i><i>waterdynamiseringsapparaat<\/i><i>. Hij vat zijn begrip van water samen met de volgende zin: \u201c<\/i><b><i>Energie codeert, water encodeert, de mens decodeert<\/i><\/b><i>.\u201d<\/i><\/p>\n<\/div><\/div><\/div><\/div><\/div><\/div><div class=\"w-separator size_medium\"><\/div><div class=\"g-cols wpb_row via_flex valign_top type_default stacking_default\"><div class=\"vc_col-sm-2\/5 wpb_column vc_column_container\"><div class=\"vc_column-inner\"><div class=\"wpb_wrapper\"><div class=\"w-image align_center\"><div class=\"w-image-h\"><img decoding=\"async\" width=\"600\" height=\"600\" src=\"https:\/\/biodynamizer.com\/wp-content\/uploads\/2025\/04\/4D374DF0-B3EA-4E2C-87B2-0B1333605881-600x600.jpeg\" class=\"attachment-us_600_600_crop size-us_600_600_crop\" alt=\"Arnaud Decrombrugghe\" loading=\"lazy\" srcset=\"https:\/\/biodynamizer.com\/wp-content\/uploads\/2025\/04\/4D374DF0-B3EA-4E2C-87B2-0B1333605881-600x600.jpeg 600w, https:\/\/biodynamizer.com\/wp-content\/uploads\/2025\/04\/4D374DF0-B3EA-4E2C-87B2-0B1333605881-150x150.jpeg 150w, https:\/\/biodynamizer.com\/wp-content\/uploads\/2025\/04\/4D374DF0-B3EA-4E2C-87B2-0B1333605881-350x350.jpeg 350w, https:\/\/biodynamizer.com\/wp-content\/uploads\/2025\/04\/4D374DF0-B3EA-4E2C-87B2-0B1333605881-400x400.jpeg 400w, https:\/\/biodynamizer.com\/wp-content\/uploads\/2025\/04\/4D374DF0-B3EA-4E2C-87B2-0B1333605881-200x200.jpeg 200w\" sizes=\"auto, (max-width: 600px) 100vw, 600px\" \/><\/div><\/div><\/div><\/div><\/div><div class=\"vc_col-sm-3\/5 wpb_column vc_column_container\"><div class=\"vc_column-inner\"><div class=\"wpb_wrapper\"><div class=\"wpb_text_column\"><div class=\"wpb_wrapper\"><h4><b>ARNAUD Decrombrugghe \u2013 Commercial Director &#8211;<\/b><b>\u00a0<\/b>arnaud@biodynamizer.com<\/h4>\n<p>Na mijn studie buitenlandse handel ontwikkelde ik mijn expertise in management en bedrijfsontwikkeling door middel van ondernemerschap, vastgoed en technologische innovatie. In 2021 leidde een behoefte aan herori\u00ebntatie ertoe dat ik ging reizen en betrokken raakte bij projecten op het gebied van ecologie en regeneratie. Water werd al snel de rode draad door deze zoektocht en onthulde de essenti\u00eble rol ervan voor de menselijke gezondheid en het milieu. De ontmoeting met Christophe in 2024 was een keerpunt. Werken bij Biodynamizer is een unieke kans om mijn vaardigheden ten dienste te stellen van een zinvol project. Door milieu, innovatie en welzijn te combineren, wil ik met overtuiging, doorzettingsvermogen en een menselijke benadering van de verkoop bijdragen aan een harmonieuzere toekomst.<\/p>\n<\/div><\/div><\/div><\/div><\/div><\/div><div class=\"w-separator size_medium\"><\/div><\/div><\/div><\/div><\/div><\/div><\/section><section class=\"l-section wpb_row height_auto\"><div class=\"l-section-h i-cf\"><div class=\"g-cols vc_row via_flex valign_top type_default stacking_default\"><div class=\"vc_col-sm-12 wpb_column vc_column_container\"><div class=\"vc_column-inner\"><div class=\"wpb_wrapper\"><div class=\"wpb_text_column titre-societe\"><div class=\"wpb_wrapper\"><h2 style=\"text-align: center;\"><b>Het bedrijf Dynamized Technologies<\/b><\/h2>\n<\/div><\/div><div class=\"wpb_text_column\"><div class=\"wpb_wrapper\"><p>Dynamized Technologies werd in <strong>2016<\/strong> opgericht door Christophe Carrette. In <strong>2020<\/strong>, na 6 jaar R&amp;D, werd het Biodynamizer-waterdynamisatieapparaat gelanceerd. Het bedrijf brengt een <strong>actiefkoolfilter (de Biofilter) en een waterdynamizer (de Biodynamizer)<\/strong> op de markt voor particuliere (<strong>BtoC<\/strong>) en professionele (<strong>BtoB<\/strong>) klanten.<\/p>\n<p>Daarnaast biedt het Gebiodynamiseerde waterfonteinen aan, bedoeld voor retailnetwerken, voor bedrijven, de horecasector (Hotels, Restaurants, Caf\u00e9s) of om te plaatsen tijdens sport- of andere evenementen.<\/p>\n<p>De oplossingen van Dynamized Technologies bevinden zich in het hart van een kostbare en beperkte bron: water. Deze innovatieve technologie voor waterdynamisatie werd in <strong>2014<\/strong> ge\u00efnitieerd door Christophe Carrette, die zijn inspiratie vond bij onderzoekers en denkers als Viktor Schauberger, Felix Hediger, Ernst Braun, Yann Olivaux, Pier Rubesa, maar ook laboratoria en wetenschappers zoals Marc Henry, Konstantin Korotkov, Bernard Berthet , Sylvie Henry R\u00e9ant, Georges Vieilledent en Raymond Herren, evenals empirische en geobiologische analyses die zijn onderzoek en reflecties over de juiste manier om water te dynamiseren hebben be\u00efnvloed.<\/p>\n<p>Dynamized Technologies is gespecialiseerd in de behandeling van stadswater dat eerst wordt gefilterd en vervolgens wordt gedynamiseerd. Filtratie gebeurt door het Biofilter om verontreinigende stoffen die eventueel nog in het stadswater aanwezig zijn te verwijderen en het nog zuiverder te maken. <strong>De waterbehandelingsapparaten (Biofilter en Biodynamizer) zijn eenvoudig door iedere loodgieter te installeren en bieden een globale oplossing voor het hele huis<\/strong>. Ze worden na de watermeter op het lokale stadswaternetwerk geplaatst, waardoor dit waterdistributiekanaal kan worden opgewaardeerd. Door het te zuiveren en te regenereren, kunt u genieten van dit kwaliteitswater uit alle kranen in huis (drankjes, baden, douches, enz.). De Biodynamizer heeft geen onderhoud nodig en heeft geen onderdelen die vervangen moeten worden. De biofilterpatroon moet \u00e9\u00e9n keer per jaar worden vervangen.<\/p>\n<p>Het in de Biodynamizer toegepaste dynamiseringsproces is ge\u00efnspireerd op de principes van <strong>biomimetisme<\/strong> (d.w.z. de principes gepromoot door Viktor Schauberger, \u201c<em>de natuur observeren, begrijpen en kopi\u00ebren<\/em>\u201d) om water te regenereren en de natuurlijke kracht ervan te herstellen. Deze oplossing is 100% natuurlijk (de Biodynamizer is een hydrodynamisch en magnetisch apparaat dat de watercyclus versneld reproduceert door de natuurlijke bewegingen van water te kopi\u00ebren dat vrijelijk in de natuur stroomt, hetzij door middel van vortexbewegingen). De Biodynamizer bevat 21 principes van waterdynamisatie, waardoor het het meest complete en effici\u00ebnte apparaat op de markt is. De Biodynamizer wordt in Belgi\u00eb geassembleerd. De stukken worden gemaakt in Belgi\u00eb en Frankrijk. De permanente magneten van zeldzame aardmetalen komen uit China.<\/p>\n<p>De dynamisatie van water maakt het mogelijk de oorspronkelijke eigenschappen van <em>levend<\/em> water te herontdekken en het gelijkwaardig te maken aan bergwater, d.w.z. water:<\/p>\n<ul>\n<li>Meer <strong>energie<\/strong> bevatten (fotonische energie),<\/li>\n<li>Wat meer <strong>hydraterend<\/strong> is (cellulaire hydratatie),<\/li>\n<li>Wat <strong>minder<\/strong> <strong>oxiderend<\/strong> is (redoxpotentiaal)<\/li>\n<\/ul>\n<p>De <strong>voordelen<\/strong> van het aldus gefilterde en gedynamiseerde water zijn het onderwerp geweest van verschillende <span style=\"text-decoration: underline;\"><a href=\"https:\/\/biodynamizer.com\/nl\/wetenschappelijke-analyses\/\"><strong>analyses<\/strong> <\/a><\/span>die beschikbaar zijn op de website. Het bedrijf Dynamized Technologies wil alle wetenschappelijke nauwkeurigheid, objectiviteit, verspreiding en structurering van informatie over gedynamiseerd water bieden. De resultaten die naar aanleiding van dit onderzoek worden verkregen, komen uit onderzoeken waaraan Dynamized Technologies deelneemt, of uit analyses die zij heeft laten uitvoeren door laboratoria. Deze analyses, hoewel partieel en niet altijd reproduceerbaar, verschaffen een geheel van consistente informatie die de voordelen van gedynamiseerd water voor de levende wereld, waarvan wij deel uitmaken, lijkt te bewijzen.<\/p>\n<p>Dynamized Technologies positioneert zichzelf in een <strong>duurzame en ecologische benadering<\/strong> om het onredelijke gebruik van plastic flessen te verminderen. Sterker nog, al het stadswater dat door alle kranen in een huis stroomt, wordt door de aangeboden apparaten gezuiverd en geregenereerd. Geen behoefte meer aan flessen of transport van flessen (wat een zware milieubelasting met zich meebrengt in termen van ecologische voetafdruk, d.w.z. 150 kg CO2\/jaar\/persoon), geen sortering en recycling van dit plastic afval meer. Bovendien zal de veralgemening van de plaatsing ervan in woningen de kwaliteit van het water dat door huishoudens in de riolen wordt geloosd verhogen en bijdragen aan het ontvuilen van de algehele kwaliteit van het aldus geloosde water. Elk huis wordt dan een mini-zuiveringsinstallatie ten behoeve van het milieu en iedereen.<\/p>\n<p>Dynamized Technologies biedt dankzij Biodynamizers ook <strong>ecologisch beheer van kalksteen<\/strong> in stadswater door de kristallijne structuur van kalksteen te transformeren van calciet naar aragoniet. Dit maakt het mogelijk om de installatie van een waterontharder te vermijden die schadelijke gevolgen heeft voor het milieu, d.w.z. de lozing van zout (pekel) in de riolering (150 Kg\/jaar\/huishouden!) en een groot waterverbruik bij elke regeneratie (100 L water per regeneratie die elke 5 dagen plaatsvindt!) maar omvat ook het gebruik van harsdesinfectieproducten die tijdens elk onderhoud in het milieu vrijkomen.<\/p>\n<\/div><\/div><\/div><\/div><\/div><\/div><\/div><\/section>\n","protected":false},"excerpt":{"rendered":"Onze ADN Onze visie\u00a0 BIOMIMETISME: als inspiratiebron om de natuur van water te herontdekken OPLOSSINGEN: uitgebreide filtratie en dynamisering van water zodat het zijn oorspronkelijke kwaliteiten terugkrijgt! TOEGANG: geven aan zoveel mogelijk mensen tot water van een kwaliteit die gelijkwaardig is aan bergwater. DEELNEMEN: aan een duurzame, lokale en milieuvriendelijke economie. COMMUNICEREN:\u00a0inzake wetenschappelijke ontdekkingen en...","protected":false},"author":3,"featured_media":0,"parent":0,"menu_order":9,"comment_status":"closed","ping_status":"closed","template":"","meta":{"_monsterinsights_skip_tracking":false,"_monsterinsights_sitenote_active":false,"_monsterinsights_sitenote_note":"","_monsterinsights_sitenote_category":0,"footnotes":""},"class_list":["post-24706","page","type-page","status-publish","hentry"],"yoast_head":"<!-- This site is optimized with the Yoast SEO plugin v27.3 - https:\/\/yoast.com\/product\/yoast-seo-wordpress\/ -->\n<title>Bedrijf - Biodynamizer<\/title>\n<meta name=\"description\" content=\"Biodynamizer - Bedrijf - En savoir plus sur le biodynamizer et le biofiltre\" \/>\n<meta name=\"robots\" content=\"index, follow, max-snippet:-1, max-image-preview:large, max-video-preview:-1\" \/>\n<link rel=\"canonical\" href=\"https:\/\/biodynamizer.com\/nl\/company\/\" \/>\n<meta property=\"og:locale\" content=\"nl_NL\" \/>\n<meta property=\"og:type\" content=\"article\" \/>\n<meta property=\"og:title\" content=\"Bedrijf - Biodynamizer\" \/>\n<meta property=\"og:description\" content=\"Biodynamizer - Bedrijf - En savoir plus sur le biodynamizer et le biofiltre\" \/>\n<meta property=\"og:url\" content=\"https:\/\/biodynamizer.com\/nl\/company\/\" \/>\n<meta property=\"og:site_name\" content=\"Biodynamizer\" \/>\n<meta property=\"article:modified_time\" content=\"2026-02-16T14:01:59+00:00\" \/>\n<meta property=\"og:image\" content=\"https:\/\/biodynamizer.com\/wp-content\/uploads\/2019\/11\/Depositphotos_15742931_xl-2015.jpg\" \/>\n\t<meta property=\"og:image:width\" content=\"2000\" \/>\n\t<meta property=\"og:image:height\" content=\"1333\" \/>\n\t<meta property=\"og:image:type\" content=\"image\/jpeg\" \/>\n<meta name=\"twitter:card\" content=\"summary_large_image\" \/>\n<meta name=\"twitter:label1\" content=\"Geschatte leestijd\" \/>\n\t<meta name=\"twitter:data1\" content=\"7 minuten\" \/>\n<script type=\"application\/ld+json\" class=\"yoast-schema-graph\">{\"@context\":\"https:\\\/\\\/schema.org\",\"@graph\":[{\"@type\":\"WebPage\",\"@id\":\"https:\\\/\\\/biodynamizer.com\\\/nl\\\/company\\\/\",\"url\":\"https:\\\/\\\/biodynamizer.com\\\/nl\\\/company\\\/\",\"name\":\"Bedrijf - Biodynamizer\",\"isPartOf\":{\"@id\":\"https:\\\/\\\/biodynamizer.com\\\/nl\\\/#website\"},\"datePublished\":\"2024-06-05T09:53:41+00:00\",\"dateModified\":\"2026-02-16T14:01:59+00:00\",\"description\":\"Biodynamizer - Bedrijf - En savoir plus sur le biodynamizer et le biofiltre\",\"breadcrumb\":{\"@id\":\"https:\\\/\\\/biodynamizer.com\\\/nl\\\/company\\\/#breadcrumb\"},\"inLanguage\":\"nl-NL\",\"potentialAction\":[{\"@type\":\"ReadAction\",\"target\":[\"https:\\\/\\\/biodynamizer.com\\\/nl\\\/company\\\/\"]}]},{\"@type\":\"BreadcrumbList\",\"@id\":\"https:\\\/\\\/biodynamizer.com\\\/nl\\\/company\\\/#breadcrumb\",\"itemListElement\":[{\"@type\":\"ListItem\",\"position\":1,\"name\":\"Home\",\"item\":\"https:\\\/\\\/biodynamizer.com\\\/nl\\\/\"},{\"@type\":\"ListItem\",\"position\":2,\"name\":\"Bedrijf\"}]},{\"@type\":\"WebSite\",\"@id\":\"https:\\\/\\\/biodynamizer.com\\\/nl\\\/#website\",\"url\":\"https:\\\/\\\/biodynamizer.com\\\/nl\\\/\",\"name\":\"Biodynamizer\",\"description\":\"Filtrez et dynamisez votre eau\",\"potentialAction\":[{\"@type\":\"SearchAction\",\"target\":{\"@type\":\"EntryPoint\",\"urlTemplate\":\"https:\\\/\\\/biodynamizer.com\\\/nl\\\/?s={search_term_string}\"},\"query-input\":{\"@type\":\"PropertyValueSpecification\",\"valueRequired\":true,\"valueName\":\"search_term_string\"}}],\"inLanguage\":\"nl-NL\"}]}<\/script>\n<!-- \/ Yoast SEO plugin. -->","yoast_head_json":{"title":"Bedrijf - Biodynamizer","description":"Biodynamizer - Bedrijf - En savoir plus sur le biodynamizer et le biofiltre","robots":{"index":"index","follow":"follow","max-snippet":"max-snippet:-1","max-image-preview":"max-image-preview:large","max-video-preview":"max-video-preview:-1"},"canonical":"https:\/\/biodynamizer.com\/nl\/company\/","og_locale":"nl_NL","og_type":"article","og_title":"Bedrijf - Biodynamizer","og_description":"Biodynamizer - Bedrijf - En savoir plus sur le biodynamizer et le biofiltre","og_url":"https:\/\/biodynamizer.com\/nl\/company\/","og_site_name":"Biodynamizer","article_modified_time":"2026-02-16T14:01:59+00:00","og_image":[{"width":2000,"height":1333,"url":"https:\/\/biodynamizer.com\/wp-content\/uploads\/2019\/11\/Depositphotos_15742931_xl-2015.jpg","type":"image\/jpeg"}],"twitter_card":"summary_large_image","twitter_misc":{"Geschatte leestijd":"7 minuten"},"schema":{"@context":"https:\/\/schema.org","@graph":[{"@type":"WebPage","@id":"https:\/\/biodynamizer.com\/nl\/company\/","url":"https:\/\/biodynamizer.com\/nl\/company\/","name":"Bedrijf - Biodynamizer","isPartOf":{"@id":"https:\/\/biodynamizer.com\/nl\/#website"},"datePublished":"2024-06-05T09:53:41+00:00","dateModified":"2026-02-16T14:01:59+00:00","description":"Biodynamizer - Bedrijf - En savoir plus sur le biodynamizer et le biofiltre","breadcrumb":{"@id":"https:\/\/biodynamizer.com\/nl\/company\/#breadcrumb"},"inLanguage":"nl-NL","potentialAction":[{"@type":"ReadAction","target":["https:\/\/biodynamizer.com\/nl\/company\/"]}]},{"@type":"BreadcrumbList","@id":"https:\/\/biodynamizer.com\/nl\/company\/#breadcrumb","itemListElement":[{"@type":"ListItem","position":1,"name":"Home","item":"https:\/\/biodynamizer.com\/nl\/"},{"@type":"ListItem","position":2,"name":"Bedrijf"}]},{"@type":"WebSite","@id":"https:\/\/biodynamizer.com\/nl\/#website","url":"https:\/\/biodynamizer.com\/nl\/","name":"Biodynamizer","description":"Filtrez et dynamisez votre eau","potentialAction":[{"@type":"SearchAction","target":{"@type":"EntryPoint","urlTemplate":"https:\/\/biodynamizer.com\/nl\/?s={search_term_string}"},"query-input":{"@type":"PropertyValueSpecification","valueRequired":true,"valueName":"search_term_string"}}],"inLanguage":"nl-NL"}]}},"_links":{"self":[{"href":"https:\/\/biodynamizer.com\/nl\/wp-json\/wp\/v2\/pages\/24706","targetHints":{"allow":["GET"]}}],"collection":[{"href":"https:\/\/biodynamizer.com\/nl\/wp-json\/wp\/v2\/pages"}],"about":[{"href":"https:\/\/biodynamizer.com\/nl\/wp-json\/wp\/v2\/types\/page"}],"author":[{"embeddable":true,"href":"https:\/\/biodynamizer.com\/nl\/wp-json\/wp\/v2\/users\/3"}],"replies":[{"embeddable":true,"href":"https:\/\/biodynamizer.com\/nl\/wp-json\/wp\/v2\/comments?post=24706"}],"version-history":[{"count":19,"href":"https:\/\/biodynamizer.com\/nl\/wp-json\/wp\/v2\/pages\/24706\/revisions"}],"predecessor-version":[{"id":31315,"href":"https:\/\/biodynamizer.com\/nl\/wp-json\/wp\/v2\/pages\/24706\/revisions\/31315"}],"wp:attachment":[{"href":"https:\/\/biodynamizer.com\/nl\/wp-json\/wp\/v2\/media?parent=24706"}],"curies":[{"name":"wp","href":"https:\/\/api.w.org\/{rel}","templated":true}]}}