{"id":28639,"date":"2025-09-03T16:53:03","date_gmt":"2025-09-03T16:53:03","guid":{"rendered":"https:\/\/biodynamizer.spleen-creation.be\/?page_id=28639"},"modified":"2025-09-09T16:21:36","modified_gmt":"2025-09-09T16:21:36","slug":"le-flacon-ohmere","status":"publish","type":"page","link":"https:\/\/biodynamizer.com\/nl\/onze-oplossingen\/de-biodynamizer\/le-flacon-ohmere\/","title":{"rendered":"De Ohm\u00e8re fles"},"content":{"rendered":"<section class=\"l-section wpb_row us_custom_916fdabd height_small\"><div class=\"l-section-h i-cf\"><div class=\"g-cols vc_row via_flex valign_top type_default stacking_default\"><div class=\"vc_col-sm-12 wpb_column vc_column_container\"><div class=\"vc_column-inner\"><div class=\"wpb_wrapper\"><nav class=\"g-breadcrumbs separator_custom align_none\" itemscope itemtype=\"http:\/\/schema.org\/BreadcrumbList\"><div class=\"g-breadcrumbs-item\" itemscope itemprop=\"itemListElement\" itemtype=\"http:\/\/schema.org\/ListItem\"><a itemprop=\"item\" href=\"https:\/\/biodynamizer.com\/nl\/\"><span itemprop=\"name\">Home<\/span><\/a><meta itemprop=\"position\" content=\"1\"\/><\/div><div class=\"g-breadcrumbs-separator\">\/<\/div><div class=\"g-breadcrumbs-item\">Pagina's<\/div><\/nav><\/div><\/div><\/div><\/div><\/div><\/section><section class=\"l-section wpb_row fullheader height_huge with_img\"><div class=\"l-section-img\" role=\"img\" aria-label=\"Onde Scalaire\" data-img-width=\"1563\" data-img-height=\"1563\" style=\"background-image: url(https:\/\/biodynamizer.com\/wp-content\/uploads\/2025\/09\/Onde-Scalaire-Ohmere.png);background-repeat: no-repeat;\"><\/div><div class=\"l-section-h i-cf\"><div class=\"g-cols vc_row via_flex valign_top type_default stacking_default\"><div class=\"vc_col-sm-12 wpb_column vc_column_container has_text_color\"><div class=\"vc_column-inner us_custom_6df4bc3a\"><div class=\"wpb_wrapper\"><div class=\"wpb_text_column us_custom_49627313\"><div class=\"wpb_wrapper\"><h3 style=\"text-align: center; text-shadow: 2px 2px 0 #000000;\">De Ohm\u00e8re-fles &#8211; een universele energie die water informeert<\/h3>\n<\/div><\/div><\/div><\/div><\/div><\/div><\/div><\/section><section class=\"l-section wpb_row height_medium\"><div class=\"l-section-h i-cf\"><div class=\"g-cols vc_row via_flex valign_top type_default stacking_default\"><div class=\"vc_col-sm-8 wpb_column vc_column_container\"><div class=\"vc_column-inner\"><div class=\"wpb_wrapper\"><div class=\"wpb_text_column us_custom_a574d586 imagesideblock has_text_color\"><div class=\"wpb_wrapper\"><h1 style=\"text-align: center;\"><b>Biodynamiseerd water ge\u00efnformeerd door de Ohm\u00e8re fles<\/b><\/h1>\n<\/div><\/div><div class=\"wpb_text_column us_custom_a574d586 has_text_color\"><div class=\"wpb_wrapper\"><p>De Ohm\u00e8re-fles, is het <b>21<\/b><b>e<\/b> <b>dynamisatieprincipe<\/b> van de Biodynamizer. Deze fles bevat <b>universele, stabiele en aanhoudende vitale energie<\/b>, die wordt overgedragen aan het biodynamiseerde water. De dynamisatie principes en mineralen van de Ohm\u00e8re-fles vangen alle energie\u00ebn in de fles op, \u201cprinten&#8221; deze in het gedynamiseerd water en dragen ze over aan dezen die het drinken of erin baden! We gaan van de energie van het water naar de geest van het water, <b>van een energetisch apparaat naar een kwantumapparaat<\/b>.<\/p>\n<p>Gemaakt van zeer zuiver <b>zeewater<\/b> (afkomstig van diepten &gt; 300 m, dat licht en plankton tegenkomt wanneer het naar de oppervlakte komt = <i>upwelling<\/i>), die <b>78 mariene mineralen <\/b>bevat.<\/p>\n<p>We hebben er een <i>potentieel<\/i> aan universele vitale energie\u00ebn aan overgedragen met behulp van een geheim maar natuurlijk proces, samen met een <b>Himalaya-bergkristal<\/b> en een <b>inheemse <\/b><b>goudnugget<\/b>. Ohm\u00e8re bevat dus de trilogie van Mineraal, Metaal en Kristal.<\/p>\n<p>Deze &#8220;universele energie&#8221; bevat een breed spectrum aan golflengten die gunstig zijn voor het Leven. De Ohm\u00e8re-fles is een zender van deze Levensfrequenties, die worden overgedragen naar het gedynamiseerd water wanneer het water door de Biodynamizer stroomt. Het bevat een <i>potentieel<\/i> aan energie\u00ebn, omdat deze beschikbaar zijn voor hen die er <b>vrij mee willen resoneren<\/b>!<\/p>\n<\/div><\/div><div class=\"w-image align_left\"><div class=\"w-image-h\"><img decoding=\"async\" width=\"300\" height=\"225\" src=\"https:\/\/biodynamizer.com\/wp-content\/uploads\/2025\/09\/Depositphotos_53733651_xl-2015-300x225.jpg\" class=\"attachment-medium size-medium\" alt=\"Illustration abstraite d\u2019une t\u00eate humaine en fil de fer m\u00eal\u00e9e \u00e0 des formes fractales, \u00e9voquant le cerveau, la pens\u00e9e, l\u2019intuition et la conscience mystique.\" loading=\"lazy\" srcset=\"https:\/\/biodynamizer.com\/wp-content\/uploads\/2025\/09\/Depositphotos_53733651_xl-2015-300x225.jpg 300w, https:\/\/biodynamizer.com\/wp-content\/uploads\/2025\/09\/Depositphotos_53733651_xl-2015-1024x768.jpg 1024w, https:\/\/biodynamizer.com\/wp-content\/uploads\/2025\/09\/Depositphotos_53733651_xl-2015-533x400.jpg 533w, https:\/\/biodynamizer.com\/wp-content\/uploads\/2025\/09\/Depositphotos_53733651_xl-2015-640x480.jpg 640w\" sizes=\"auto, (max-width: 300px) 100vw, 300px\" \/><\/div><\/div><div class=\"w-separator size_small\"><\/div><div class=\"wpb_text_column\"><div class=\"wpb_wrapper\"><p><strong><i>\u00ab\u00a0<\/i><i>Energie codeert, water encodeert, mens decodeert <\/i><i>\u00bb<\/i><\/strong><\/p>\n<p>Christophe Carrette<\/p>\n<\/div><\/div><\/div><\/div><\/div><div class=\"vc_col-sm-4 wpb_column vc_column_container\"><div class=\"vc_column-inner\"><div class=\"wpb_wrapper\"><div class=\"w-image align_center\"><div class=\"w-image-h\"><img decoding=\"async\" width=\"1024\" height=\"796\" src=\"https:\/\/biodynamizer.com\/wp-content\/uploads\/2025\/09\/Ohmere-BIG-1024x796.png\" class=\"attachment-large size-large\" alt=\"logo Ohm\u00e8re\" loading=\"lazy\" srcset=\"https:\/\/biodynamizer.com\/wp-content\/uploads\/2025\/09\/Ohmere-BIG-1024x796.png 1024w, https:\/\/biodynamizer.com\/wp-content\/uploads\/2025\/09\/Ohmere-BIG-300x233.png 300w, https:\/\/biodynamizer.com\/wp-content\/uploads\/2025\/09\/Ohmere-BIG-515x400.png 515w, https:\/\/biodynamizer.com\/wp-content\/uploads\/2025\/09\/Ohmere-BIG-640x497.png 640w, https:\/\/biodynamizer.com\/wp-content\/uploads\/2025\/09\/Ohmere-BIG.png 1887w\" sizes=\"auto, (max-width: 1024px) 100vw, 1024px\" \/><\/div><\/div><div class=\"w-separator size_small\"><\/div><div class=\"w-image us_custom_2d0e0edc has_height align_center\"><div class=\"w-image-h\"><img decoding=\"async\" width=\"428\" height=\"1024\" src=\"https:\/\/biodynamizer.com\/wp-content\/uploads\/2025\/09\/Biodynamizer-Ohmere-site-web-428x1024.png\" class=\"attachment-large size-large\" alt=\"\" loading=\"lazy\" srcset=\"https:\/\/biodynamizer.com\/wp-content\/uploads\/2025\/09\/Biodynamizer-Ohmere-site-web-428x1024.png 428w, https:\/\/biodynamizer.com\/wp-content\/uploads\/2025\/09\/Biodynamizer-Ohmere-site-web-125x300.png 125w, https:\/\/biodynamizer.com\/wp-content\/uploads\/2025\/09\/Biodynamizer-Ohmere-site-web-167x400.png 167w, https:\/\/biodynamizer.com\/wp-content\/uploads\/2025\/09\/Biodynamizer-Ohmere-site-web-640x1530.png 640w, https:\/\/biodynamizer.com\/wp-content\/uploads\/2025\/09\/Biodynamizer-Ohmere-site-web.png 1035w\" sizes=\"auto, (max-width: 428px) 100vw, 428px\" \/><\/div><\/div><\/div><\/div><\/div><\/div><\/div><\/section>\n","protected":false},"excerpt":{"rendered":"Home\/Pagina'sDe Ohm\u00e8re-fles &#8211; een universele energie die water informeert Biodynamiseerd water ge\u00efnformeerd door de Ohm\u00e8re fles De Ohm\u00e8re-fles, is het 21e dynamisatieprincipe van de Biodynamizer. Deze fles bevat universele, stabiele en aanhoudende vitale energie, die wordt overgedragen aan het biodynamiseerde water. De dynamisatie principes en mineralen van de Ohm\u00e8re-fles vangen alle energie\u00ebn in de fles...","protected":false},"author":9,"featured_media":0,"parent":11935,"menu_order":8,"comment_status":"closed","ping_status":"closed","template":"","meta":{"_monsterinsights_skip_tracking":false,"_monsterinsights_sitenote_active":false,"_monsterinsights_sitenote_note":"","_monsterinsights_sitenote_category":0,"footnotes":""},"class_list":["post-28639","page","type-page","status-publish","hentry"],"yoast_head":"<!-- This site is optimized with the Yoast SEO plugin v27.4 - https:\/\/yoast.com\/product\/yoast-seo-wordpress\/ -->\n<title>De Ohm\u00e8re fles - Biodynamizer<\/title>\n<meta name=\"description\" content=\"Biodynamizer - De Ohm\u00e8re fles - En savoir plus sur le biodynamizer et le biofiltre\" \/>\n<meta name=\"robots\" content=\"index, follow, max-snippet:-1, max-image-preview:large, max-video-preview:-1\" \/>\n<link rel=\"canonical\" href=\"https:\/\/biodynamizer.com\/nl\/onze-oplossingen\/de-biodynamizer\/le-flacon-ohmere\/\" \/>\n<meta property=\"og:locale\" content=\"nl_NL\" \/>\n<meta property=\"og:type\" content=\"article\" \/>\n<meta property=\"og:title\" content=\"De Ohm\u00e8re fles - Biodynamizer\" \/>\n<meta property=\"og:description\" content=\"Biodynamizer - De Ohm\u00e8re fles - En savoir plus sur le biodynamizer et le biofiltre\" \/>\n<meta property=\"og:url\" content=\"https:\/\/biodynamizer.com\/nl\/onze-oplossingen\/de-biodynamizer\/le-flacon-ohmere\/\" \/>\n<meta property=\"og:site_name\" content=\"Biodynamizer\" \/>\n<meta property=\"article:modified_time\" content=\"2025-09-09T16:21:36+00:00\" \/>\n<meta property=\"og:image\" content=\"https:\/\/biodynamizer.com\/wp-content\/uploads\/2019\/11\/Depositphotos_15742931_xl-2015.jpg\" \/>\n\t<meta property=\"og:image:width\" content=\"2000\" \/>\n\t<meta property=\"og:image:height\" content=\"1333\" \/>\n\t<meta property=\"og:image:type\" content=\"image\/jpeg\" \/>\n<meta name=\"twitter:card\" content=\"summary_large_image\" \/>\n<meta name=\"twitter:label1\" content=\"Geschatte leestijd\" \/>\n\t<meta name=\"twitter:data1\" content=\"2 minuten\" \/>\n<script type=\"application\/ld+json\" class=\"yoast-schema-graph\">{\"@context\":\"https:\\\/\\\/schema.org\",\"@graph\":[{\"@type\":\"WebPage\",\"@id\":\"https:\\\/\\\/biodynamizer.com\\\/nl\\\/onze-oplossingen\\\/de-biodynamizer\\\/le-flacon-ohmere\\\/\",\"url\":\"https:\\\/\\\/biodynamizer.com\\\/nl\\\/onze-oplossingen\\\/de-biodynamizer\\\/le-flacon-ohmere\\\/\",\"name\":\"De Ohm\u00e8re fles - Biodynamizer\",\"isPartOf\":{\"@id\":\"https:\\\/\\\/biodynamizer.com\\\/nl\\\/#website\"},\"datePublished\":\"2025-09-03T16:53:03+00:00\",\"dateModified\":\"2025-09-09T16:21:36+00:00\",\"description\":\"Biodynamizer - De Ohm\u00e8re fles - En savoir plus sur le biodynamizer et le biofiltre\",\"breadcrumb\":{\"@id\":\"https:\\\/\\\/biodynamizer.com\\\/nl\\\/onze-oplossingen\\\/de-biodynamizer\\\/le-flacon-ohmere\\\/#breadcrumb\"},\"inLanguage\":\"nl-NL\",\"potentialAction\":[{\"@type\":\"ReadAction\",\"target\":[\"https:\\\/\\\/biodynamizer.com\\\/nl\\\/onze-oplossingen\\\/de-biodynamizer\\\/le-flacon-ohmere\\\/\"]}]},{\"@type\":\"BreadcrumbList\",\"@id\":\"https:\\\/\\\/biodynamizer.com\\\/nl\\\/onze-oplossingen\\\/de-biodynamizer\\\/le-flacon-ohmere\\\/#breadcrumb\",\"itemListElement\":[{\"@type\":\"ListItem\",\"position\":1,\"name\":\"Home\",\"item\":\"https:\\\/\\\/biodynamizer.com\\\/nl\\\/\"},{\"@type\":\"ListItem\",\"position\":2,\"name\":\"Onze oplossingen\",\"item\":\"https:\\\/\\\/biodynamizer.com\\\/nl\\\/onze-oplossingen\\\/\"},{\"@type\":\"ListItem\",\"position\":3,\"name\":\"De Biodynamizer\",\"item\":\"https:\\\/\\\/biodynamizer.com\\\/nl\\\/onze-oplossingen\\\/de-biodynamizer\\\/\"},{\"@type\":\"ListItem\",\"position\":4,\"name\":\"De Ohm\u00e8re fles\"}]},{\"@type\":\"WebSite\",\"@id\":\"https:\\\/\\\/biodynamizer.com\\\/nl\\\/#website\",\"url\":\"https:\\\/\\\/biodynamizer.com\\\/nl\\\/\",\"name\":\"Biodynamizer\",\"description\":\"Filtrez et dynamisez votre eau\",\"potentialAction\":[{\"@type\":\"SearchAction\",\"target\":{\"@type\":\"EntryPoint\",\"urlTemplate\":\"https:\\\/\\\/biodynamizer.com\\\/nl\\\/?s={search_term_string}\"},\"query-input\":{\"@type\":\"PropertyValueSpecification\",\"valueRequired\":true,\"valueName\":\"search_term_string\"}}],\"inLanguage\":\"nl-NL\"}]}<\/script>\n<!-- \/ Yoast SEO plugin. -->","yoast_head_json":{"title":"De Ohm\u00e8re fles - Biodynamizer","description":"Biodynamizer - De Ohm\u00e8re fles - En savoir plus sur le biodynamizer et le biofiltre","robots":{"index":"index","follow":"follow","max-snippet":"max-snippet:-1","max-image-preview":"max-image-preview:large","max-video-preview":"max-video-preview:-1"},"canonical":"https:\/\/biodynamizer.com\/nl\/onze-oplossingen\/de-biodynamizer\/le-flacon-ohmere\/","og_locale":"nl_NL","og_type":"article","og_title":"De Ohm\u00e8re fles - Biodynamizer","og_description":"Biodynamizer - De Ohm\u00e8re fles - En savoir plus sur le biodynamizer et le biofiltre","og_url":"https:\/\/biodynamizer.com\/nl\/onze-oplossingen\/de-biodynamizer\/le-flacon-ohmere\/","og_site_name":"Biodynamizer","article_modified_time":"2025-09-09T16:21:36+00:00","og_image":[{"width":2000,"height":1333,"url":"https:\/\/biodynamizer.com\/wp-content\/uploads\/2019\/11\/Depositphotos_15742931_xl-2015.jpg","type":"image\/jpeg"}],"twitter_card":"summary_large_image","twitter_misc":{"Geschatte leestijd":"2 minuten"},"schema":{"@context":"https:\/\/schema.org","@graph":[{"@type":"WebPage","@id":"https:\/\/biodynamizer.com\/nl\/onze-oplossingen\/de-biodynamizer\/le-flacon-ohmere\/","url":"https:\/\/biodynamizer.com\/nl\/onze-oplossingen\/de-biodynamizer\/le-flacon-ohmere\/","name":"De Ohm\u00e8re fles - Biodynamizer","isPartOf":{"@id":"https:\/\/biodynamizer.com\/nl\/#website"},"datePublished":"2025-09-03T16:53:03+00:00","dateModified":"2025-09-09T16:21:36+00:00","description":"Biodynamizer - De Ohm\u00e8re fles - En savoir plus sur le biodynamizer et le biofiltre","breadcrumb":{"@id":"https:\/\/biodynamizer.com\/nl\/onze-oplossingen\/de-biodynamizer\/le-flacon-ohmere\/#breadcrumb"},"inLanguage":"nl-NL","potentialAction":[{"@type":"ReadAction","target":["https:\/\/biodynamizer.com\/nl\/onze-oplossingen\/de-biodynamizer\/le-flacon-ohmere\/"]}]},{"@type":"BreadcrumbList","@id":"https:\/\/biodynamizer.com\/nl\/onze-oplossingen\/de-biodynamizer\/le-flacon-ohmere\/#breadcrumb","itemListElement":[{"@type":"ListItem","position":1,"name":"Home","item":"https:\/\/biodynamizer.com\/nl\/"},{"@type":"ListItem","position":2,"name":"Onze oplossingen","item":"https:\/\/biodynamizer.com\/nl\/onze-oplossingen\/"},{"@type":"ListItem","position":3,"name":"De Biodynamizer","item":"https:\/\/biodynamizer.com\/nl\/onze-oplossingen\/de-biodynamizer\/"},{"@type":"ListItem","position":4,"name":"De Ohm\u00e8re fles"}]},{"@type":"WebSite","@id":"https:\/\/biodynamizer.com\/nl\/#website","url":"https:\/\/biodynamizer.com\/nl\/","name":"Biodynamizer","description":"Filtrez et dynamisez votre eau","potentialAction":[{"@type":"SearchAction","target":{"@type":"EntryPoint","urlTemplate":"https:\/\/biodynamizer.com\/nl\/?s={search_term_string}"},"query-input":{"@type":"PropertyValueSpecification","valueRequired":true,"valueName":"search_term_string"}}],"inLanguage":"nl-NL"}]}},"_links":{"self":[{"href":"https:\/\/biodynamizer.com\/nl\/wp-json\/wp\/v2\/pages\/28639","targetHints":{"allow":["GET"]}}],"collection":[{"href":"https:\/\/biodynamizer.com\/nl\/wp-json\/wp\/v2\/pages"}],"about":[{"href":"https:\/\/biodynamizer.com\/nl\/wp-json\/wp\/v2\/types\/page"}],"author":[{"embeddable":true,"href":"https:\/\/biodynamizer.com\/nl\/wp-json\/wp\/v2\/users\/9"}],"replies":[{"embeddable":true,"href":"https:\/\/biodynamizer.com\/nl\/wp-json\/wp\/v2\/comments?post=28639"}],"version-history":[{"count":13,"href":"https:\/\/biodynamizer.com\/nl\/wp-json\/wp\/v2\/pages\/28639\/revisions"}],"predecessor-version":[{"id":28906,"href":"https:\/\/biodynamizer.com\/nl\/wp-json\/wp\/v2\/pages\/28639\/revisions\/28906"}],"up":[{"embeddable":true,"href":"https:\/\/biodynamizer.com\/nl\/wp-json\/wp\/v2\/pages\/11935"}],"wp:attachment":[{"href":"https:\/\/biodynamizer.com\/nl\/wp-json\/wp\/v2\/media?parent=28639"}],"curies":[{"name":"wp","href":"https:\/\/api.w.org\/{rel}","templated":true}]}}